{"id":78,"date":"2026-01-31T13:18:22","date_gmt":"2026-01-31T13:18:22","guid":{"rendered":"https:\/\/fpgasourcing.com\/?page_id=78"},"modified":"2026-01-31T18:35:13","modified_gmt":"2026-01-31T18:35:13","slug":"alternatives","status":"publish","type":"page","link":"https:\/\/fpgasourcing.com\/tr\/alternatives\/","title":{"rendered":"Alternatifler"},"content":{"rendered":"<div data-elementor-type=\"wp-page\" data-elementor-id=\"78\" class=\"elementor elementor-78\" data-elementor-post-type=\"page\">\n\t\t\t\t<div class=\"elementor-element elementor-element-2472bf4 e-flex e-con-boxed e-con e-parent\" data-id=\"2472bf4\" data-element_type=\"container\" data-e-type=\"container\">\n\t\t\t\t\t<div class=\"e-con-inner\">\n\t\t\t\t<div class=\"elementor-element elementor-element-7e1284b elementor-widget elementor-widget-html\" data-id=\"7e1284b\" data-element_type=\"widget\" data-e-type=\"widget\" data-widget_type=\"html.default\">\n\t\t\t\t\t<section class=\"fpga-alternatives-page\">\r\n\r\n<style>\r\n:root{\r\n  --ink:#0a2540;\r\n  --blue:#0061ff;\r\n  --text:#425466;\r\n  --muted:#6b7c93;\r\n  --bg:#ffffff;\r\n  --soft:#f6f9fc;\r\n  --soft2:#f0f7ff;\r\n  --border:#e6ebf1;\r\n  --warn:#fff6ec;\r\n  --warn-border:#f3d7b6;\r\n}\r\n\r\n.fpga-alternatives-page{\r\n\r\n  margin:0 auto;\r\n  padding:48px 20px 88px;\r\n  font-family:\"Segoe UI\", Roboto, Helvetica, Arial, sans-serif;\r\n  line-height:1.7;\r\n  color:var(--text);\r\n  background:var(--bg);\r\n}\r\n\r\nh1{\r\n  font-size:2.5rem;\r\n  color:var(--ink);\r\n  letter-spacing:-0.02em;\r\n  margin-bottom:22px;\r\n}\r\n\r\nh2{\r\n  margin-top:56px;\r\n  margin-bottom:18px;\r\n  font-size:1.85rem;\r\n  color:var(--ink);\r\n  border-left:4px solid var(--blue);\r\n  padding-left:14px;\r\n}\r\n\r\nh3{\r\n  margin-top:26px;\r\n  font-size:1.25rem;\r\n  color:var(--ink);\r\n}\r\n\r\np{\r\n  font-size:1.08rem;\r\n  margin-bottom:16px;\r\n}\r\n\r\n.lead{\r\n  background:var(--soft);\r\n  border:1px solid var(--border);\r\n  border-radius:14px;\r\n  padding:24px;\r\n  margin-bottom:34px;\r\n}\r\n\r\n.grid{\r\n  display:grid;\r\n  grid-template-columns:1fr 1fr;\r\n  gap:20px;\r\n}\r\n\r\n.card{\r\n  background:#fff;\r\n  border:1px solid var(--border);\r\n  border-radius:14px;\r\n  padding:20px;\r\n}\r\n\r\n.card.soft{\r\n  background:var(--soft2);\r\n  border-color:#cce3ff;\r\n}\r\n\r\nul{\r\n  margin:12px 0 0 18px;\r\n}\r\n\r\nli{\r\n  margin-bottom:8px;\r\n}\r\n\r\ntable{\r\n  width:100%;\r\n  border-collapse:collapse;\r\n  margin-top:26px;\r\n  font-size:1rem;\r\n}\r\n\r\nth{\r\n  background:var(--ink);\r\n  color:#fff;\r\n  padding:14px;\r\n  text-align:left;\r\n}\r\n\r\ntd{\r\n  padding:14px;\r\n  border-bottom:1px solid var(--border);\r\n  vertical-align:top;\r\n}\r\n\r\ntr:nth-child(even){\r\n  background:#f9fbff;\r\n}\r\n\r\n.notice{\r\n  margin-top:34px;\r\n  background:var(--warn);\r\n  border:1px solid var(--warn-border);\r\n  border-radius:14px;\r\n  padding:18px;\r\n  color:#8a4b1c;\r\n}\r\n\r\n.cta{\r\n  margin-top:64px;\r\n  padding:34px;\r\n  background:linear-gradient(180deg,#f6f9fc,#ffffff);\r\n  border:1px solid var(--border);\r\n  border-radius:18px;\r\n  text-align:center;\r\n}\r\n\r\n.cta p{\r\n  max-width:860px;\r\n  margin:0 auto 16px;\r\n  color:var(--muted);\r\n}\r\n\r\n.cta a{\r\n  display:inline-block;\r\n  margin-top:12px;\r\n  padding:14px 30px;\r\n  background:var(--blue);\r\n  color:#fff;\r\n  text-decoration:none;\r\n  border-radius:10px;\r\n  font-weight:800;\r\n}\r\n\r\n.cta a.secondary{\r\n  background:#e9eef6;\r\n  color:var(--ink);\r\n  margin-left:10px;\r\n}\r\n\r\n.cta a.secondary:hover{\r\n  background:#dbe3ee;\r\n}\r\n\r\n@media(max-width:900px){\r\n  .grid{grid-template-columns:1fr}\r\n  h1{font-size:2.05rem}\r\n}\r\n<\/style>\r\n\r\n<h1>FPGA Alternatif Tedarik K\u0131lavuzu: Yerine Ge\u00e7irme De\u011ferlendirmesi ve Uyumluluk Riskleri<\/h1>\r\n\r\n<div class=\"lead\">\r\n  <p>\r\n    E\u011fer buraya bir cihaz sayfas\u0131ndan geldiyseniz <strong>\u201cAlternatifleri Sor\u201d<\/strong>,\r\n    bu k\u0131lavuz, FPGA alternatif de\u011ferlendirmesinin neyi i\u00e7erdi\u011fini a\u00e7\u0131kl\u0131\u011fa kavu\u015fturmak i\u00e7indir.\r\n  <\/p>\r\n  <p>\r\n    <strong>Alternatif de\u011ferlendirme, bir de\u011fi\u015ftirme teklifi de\u011fildir.<\/strong>\r\n    Bu, ikame olman\u0131n teknik, operasyonel ve ticari olarak uygulanabilir olup olmad\u0131\u011f\u0131n\u0131 belirleyen bir risk de\u011ferlendirme s\u00fcrecidir.\r\n  <\/p>\r\n<\/div>\r\n\r\n<h2>FPGA Yerine Ge\u00e7irmenin Beklenenden Daha Riskli Olmas\u0131n\u0131n Nedenleri<\/h2>\r\n\r\n<p>\r\n  Standart IC'lerden farkl\u0131 olarak, FPGAlar sistem mimarisine derinlemesine g\u00f6m\u00fclm\u00fc\u015ft\u00fcr.\r\n  Bir FPGA'n\u0131n de\u011fi\u015ftirilmesi, zamanlama davran\u0131\u015f\u0131n\u0131, yaz\u0131l\u0131m kararl\u0131l\u0131\u011f\u0131n\u0131,\r\n  do\u011frulama kapsam\u0131n\u0131 ve uzun vadeli bak\u0131m y\u00fck\u00fcml\u00fcl\u00fcklerini etkileyebilir.\r\n<\/p>\r\n\r\n<p>\r\n  Bir\u00e7ok end\u00fcstriyel ve t\u0131bbi sistemde, bu etkiler ancak ge\u00e7 do\u011frulama s\u0131ras\u0131nda veya kullan\u0131m sonras\u0131 g\u00f6r\u00fcn\u00fcr hale gelir \u2014 bu da maliyetli bir \u00f6nlem almaya neden olur.\r\n<\/p>\r\n\r\n<h2>FPGA Alternatifleri Ne Zaman Genellikle D\u00fc\u015f\u00fcn\u00fcl\u00fcr<\/h2>\r\n\r\n<ul>\r\n  <li>Orijinal cihaz\u0131n \u00d6m\u00fcr Sonuna (EOL) ula\u015fm\u0131\u015f olmas\u0131 veya iptal edilmesi<\/li>\r\n  <li>Yetkili da\u011f\u0131t\u0131m art\u0131k g\u00fcvenilir tahsis sa\u011flam\u0131yor<\/li>\r\n  <li>\u00d6ng\u00f6r\u00fclen teslim s\u00fcreleri kabul edilebilir \u00fcretim veya bak\u0131m s\u00fcrelerini a\u015f\u0131yor<\/li>\r\n  <li>Destek taahh\u00fctleri orijinal cihaz \u00f6mr\u00fcn\u00fc a\u015f\u0131yor<\/li>\r\n<\/ul>\r\n\r\n<p>\r\n  Ancak, <strong>bir alternatif d\u00fc\u015f\u00fcnmek, otomatik olarak de\u011fi\u015ftirmenin en g\u00fcvenli karar oldu\u011fu anlam\u0131na gelmez.<\/strong>.\r\n<\/p>\r\n\r\n<h2>FPGA Alternatif De\u011ferlendirmesinin Ana Boyutlar\u0131<\/h2>\r\n\r\n<table>\r\n  <thead>\r\n    <tr>\r\n      <th>De\u011ferlendirme Boyutu<\/th>\r\n      <th>Tipik Risk<\/th>\r\n      <th>Tedarik Etkisi<\/th>\r\n    <\/tr>\r\n  <\/thead>\r\n  <tbody>\r\n    <tr>\r\n      <td>Form-Uygunluk-Fonksiyon (FFF)<\/td>\r\n      <td>Zamanlama e\u015fde\u011ferlili\u011fi olmadan mekanik benzerlik<\/td>\r\n      <td>Yanl\u0131\u015f uyumluluk varsay\u0131mlar\u0131<\/td>\r\n    <\/tr>\r\n    <tr>\r\n      <td>Elektrik ve Zamanlama<\/td>\r\n      <td>Saatleme, G\/\u00c7 bankac\u0131l\u0131\u011f\u0131 ve marj farklar\u0131<\/td>\r\n      <td>Uzat\u0131lm\u0131\u015f do\u011frulama \u00e7abas\u0131<\/td>\r\n    <\/tr>\r\n    <tr>\r\n      <td>Yaz\u0131l\u0131m \/ HDL<\/td>\r\n      <td>Kod ta\u015f\u0131nabilirli\u011fi ve IP ba\u011f\u0131ml\u0131l\u0131klar\u0131<\/td>\r\n      <td>M\u00fchendislik kaynak etkisi<\/td>\r\n    <\/tr>\r\n    <tr>\r\n      <td>Ara\u00e7 zinciri ve IP<\/td>\r\n      <td>Tedarik\u00e7i \u00f6zel ara\u00e7lar ve lisanslama ya\u015fam d\u00f6ng\u00fcleri<\/td>\r\n      <td>Gizli uzun vadeli destek riski<\/td>\r\n    <\/tr>\r\n    <tr>\r\n      <td>Hayat D\u00f6ng\u00fcs\u00fc Ufku<\/td>\r\n      <td>Alternatif cihaz ya\u015fam d\u00f6ng\u00fcs\u00fc beklenenden daha k\u0131sa<\/td>\r\n      <td>Gelecekteki kullan\u0131lmazl\u0131k maruziyeti<\/td>\r\n    <\/tr>\r\n  <\/tbody>\r\n<\/table>\r\n\r\n<h2>Alternatif Tedarik ile Devam Eden Eskimi\u015f FPGA Tedariki<\/h2>\r\n\r\n<p>\r\n  Hayat d\u00f6ng\u00fcs\u00fc perspektifinden bak\u0131ld\u0131\u011f\u0131nda, bir FPGA'y\u0131 de\u011fi\u015ftirmek her zaman en d\u00fc\u015f\u00fck riskli se\u00e7enek de\u011fildir.\r\n  Bir\u00e7ok uzun \u00f6m\u00fcrl\u00fc sistemde, <strong>eskimi\u015f cihazlar\u0131n devam eden tedariki,\r\n  yap\u0131land\u0131r\u0131lm\u0131\u015f bir ya\u015fam d\u00f6ng\u00fcs\u00fc planlamas\u0131 ile desteklenir<\/strong>, platform ge\u00e7i\u015fine g\u00f6re daha b\u00fcy\u00fck bir istikrar sa\u011flar.\r\n<\/p>\r\n\r\n<p>\r\n  Hayat d\u00f6ng\u00fcs\u00fc stratejisi, de\u011fi\u015ftirme karar\u0131 vermeden \u00f6nce de\u011ferlendirilmelidir.\r\n  Buradan daha fazlas\u0131n\u0131 \u00f6\u011frenebilirsiniz:\r\n  <a href=\"https:\/\/fpgasourcing.com\/tr\/fpga-lifecycle-management\/\" target=\"_blank\">\r\n    FPGA Ya\u015fam D\u00f6ng\u00fcs\u00fc Y\u00f6netimi\r\n  <\/a>\r\n<\/p>\r\n\r\n<div class=\"notice\">\r\n  <strong>\u00d6nemli:<\/strong>\r\n  FPGA de\u011fi\u015ftirme kararlar\u0131 sadece mevcutl\u0131k ile y\u00f6nlendirilmemelidir.\r\n  Do\u011frulama maliyeti, sertifikasyon etkisi ve uzun vadeli destek riski birlikte de\u011ferlendirilmelidir.\r\n<\/div>\r\n\r\n<h2>De\u011fi\u015ftirmeden \u00d6nce De\u011ferlendirin<\/h2>\r\n\r\n<p>\r\n  FPGA de\u011fi\u015ftirmeye karar vermeden \u00f6nce, tedarik fizibilitesini,\r\n  ya\u015fam d\u00f6ng\u00fcs\u00fc maruziyetini ve BOM seviyesinde y\u00fcr\u00fctme riskini de\u011ferlendirmek \u00f6nerilir.\r\n<\/p>\r\n\r\n<div class=\"cta\">\r\n  <p>\r\n    Bu yap\u0131land\u0131r\u0131lm\u0131\u015f yakla\u015f\u0131m, de\u011fi\u015ftirmenin,\r\n    devam eden tedarik etmenin veya ya\u015fam d\u00f6ng\u00fcs\u00fcn\u00fc hafifletmenin en uygun yol olup olmad\u0131\u011f\u0131n\u0131 belirlemeye yard\u0131mc\u0131 olur.\r\n  <\/p>\r\n  <a href=\"https:\/\/fpgasourcing.com\/tr\/request-a-quote\/\">BOM Tedarik Fizibilite \u0130ncelemesi<\/a>\r\n  <a href=\"\/tr\/contact\/\" class=\"secondary\">Ekibimizle \u0130leti\u015fime Ge\u00e7in<\/a>\r\n<\/div>\r\n\r\n<\/section>\r\n\t\t\t\t<\/div>\n\t\t\t\t\t<\/div>\n\t\t\t\t<\/div>\n\t\t\t\t<\/div>","protected":false},"excerpt":{"rendered":"<p>FPGA Alternative Sourcing Guide: Replacement Evaluation &#038; Compatibility Risks If you arrived here from a device page after selecting \u201cAsk for Alternatives\u201d, this guide is intended to clarify what FPGA alternative evaluation actually involves. Alternative evaluation is not a replacement offer. It is a risk assessment process that determines whether substitution is technically, operationally, and [&hellip;]<\/p>\n","protected":false},"author":1,"featured_media":0,"parent":0,"menu_order":0,"comment_status":"closed","ping_status":"closed","template":"","meta":{"rank_math_title":"","rank_math_description":"","footnotes":""},"class_list":["post-78","page","type-page","status-publish","hentry"],"_links":{"self":[{"href":"https:\/\/fpgasourcing.com\/tr\/wp-json\/wp\/v2\/pages\/78","targetHints":{"allow":["GET"]}}],"collection":[{"href":"https:\/\/fpgasourcing.com\/tr\/wp-json\/wp\/v2\/pages"}],"about":[{"href":"https:\/\/fpgasourcing.com\/tr\/wp-json\/wp\/v2\/types\/page"}],"author":[{"embeddable":true,"href":"https:\/\/fpgasourcing.com\/tr\/wp-json\/wp\/v2\/users\/1"}],"replies":[{"embeddable":true,"href":"https:\/\/fpgasourcing.com\/tr\/wp-json\/wp\/v2\/comments?post=78"}],"version-history":[{"count":5,"href":"https:\/\/fpgasourcing.com\/tr\/wp-json\/wp\/v2\/pages\/78\/revisions"}],"predecessor-version":[{"id":158,"href":"https:\/\/fpgasourcing.com\/tr\/wp-json\/wp\/v2\/pages\/78\/revisions\/158"}],"wp:attachment":[{"href":"https:\/\/fpgasourcing.com\/tr\/wp-json\/wp\/v2\/media?parent=78"}],"curies":[{"name":"wp","href":"https:\/\/api.w.org\/{rel}","templated":true}]}}