{"id":478,"date":"2026-02-07T03:46:03","date_gmt":"2026-02-07T03:46:03","guid":{"rendered":"https:\/\/fpgasourcing.com\/?page_id=478"},"modified":"2026-02-07T03:46:33","modified_gmt":"2026-02-07T03:46:33","slug":"xc3s200-4ft256i","status":"publish","type":"page","link":"https:\/\/fpgasourcing.com\/tr\/part\/xc3s200-4ft256i\/","title":{"rendered":"AMD XC3S200-4FT256I"},"content":{"rendered":"<div data-elementor-type=\"wp-page\" data-elementor-id=\"478\" class=\"elementor elementor-478\" data-elementor-post-type=\"page\">\n\t\t\t\t<div class=\"elementor-element elementor-element-85f8ab3 e-flex e-con-boxed e-con e-parent\" data-id=\"85f8ab3\" data-element_type=\"container\" data-e-type=\"container\">\n\t\t\t\t\t<div class=\"e-con-inner\">\n\t\t\t\t<div class=\"elementor-element elementor-element-55e9fcc elementor-widget elementor-widget-html\" data-id=\"55e9fcc\" data-element_type=\"widget\" data-e-type=\"widget\" data-widget_type=\"html.default\">\n\t\t\t\t\t<!-- WP Block XC3S200-4FT256I | v1.5-static-template -->\r\n<script type=\"application\/ld+json\">{\n    \"@context\": \"https:\\\/\\\/schema.org\\\/\",\n    \"@type\": \"Product\",\n    \"name\": \"XC3S200-4FT256I\",\n    \"brand\": {\n        \"@type\": \"Brand\",\n        \"name\": \"AMD\"\n    },\n    \"sku\": \"XC3S200-4FT256I\",\n    \"offers\": {\n        \"@type\": \"Offer\",\n        \"availability\": \"https:\\\/\\\/schema.org\\\/LimitedAvailability\",\n        \"url\": \"https:\\\/\\\/fpgasourcing.com\\\/request-a-quote\\\/\",\n        \"priceCurrency\": \"USD\"\n    }\n}<\/script><div style=\"font-family: -apple-system, BlinkMacSystemFont, 'Segoe UI', Roboto, sans-serif; line-height: 1.6; color: #1f2937; max-width: 900px; margin: 0 auto; padding: 20px;\"><title>XC3S200-4FT256I Procurement & Sourcing | AMD | B2B<\/title><meta name=\"description\" content=\"The XC3S200-4FT256I has been deployed across mature system architectures that remain in active service within industrial and embedded environments. Given i...\"> <header style=\"margin-bottom: 24px; border-bottom: 2px solid #e5e7eb; padding-bottom: 20px;\"> <p style=\"color: #2563eb; font-size: 12px; font-weight: 600; text-transform: uppercase; letter-spacing: 0.05em; margin-bottom: 8px;\">AMD Spartan\u00ae-3 Tedarik Referans\u0131<\/p> <h1 style=\"font-size: 32px; margin: 0 0 8px 0; color: #111827;\">XC3S200-4FT256I<\/h1> <p style=\"font-size: 16px; color: #6b7280; margin: 0;\">K\u00fcresel B2B Bile\u015fen Tedarik ve Tedarik Zinciri Dok\u00fcmantasyonu<\/p> <\/header> <div style=\"display: flex; gap: 8px; margin-bottom: 24px; flex-wrap: wrap;\"> <span style=\"background: #f8fafc; color: #475569; padding: 4px 12px; border-radius: 4px; font-size: 11px; font-weight: 600; border: 1px solid #e2e8f0; text-transform: uppercase;\">Tedarik Onayl\u0131<\/span> <span style=\"background: #f8fafc; color: #475569; padding: 4px 12px; border-radius: 4px; font-size: 11px; font-weight: 600; border: 1px solid #e2e8f0; text-transform: uppercase;\">Kalite G\u00fcvencesi<\/span> <span style=\"background: #f8fafc; color: #475569; padding: 4px 12px; border-radius: 4px; font-size: 11px; font-weight: 600; border: 1px solid #e2e8f0; text-transform: uppercase;\">Uyumluluk Takibi<\/span> <\/div><div style=\"background: #fffbeb; border-left: 4px solid #f59e0b; padding: 16px; margin-bottom: 32px; border-radius: 0 8px 8px 0;\"><strong style=\"color: #92400e;\">Do\u011frulama Notu:<\/strong><p style=\"margin: 8px 0 0 0; color: #78350f; font-size: 14px;\">Belirtilen durum: <strong>Olgun\/Miras (do\u011frulama gerekli)<\/strong>. <a href=\"https:\/\/fpgasourcing.com\/tr\/request-a-quote\/\" style=\"color: #92400e; text-decoration: underline; font-weight: 600;\">RFQ ba\u015fvurusu<\/a> ger\u00e7ek zamanl\u0131 do\u011frulama i\u00e7in gereklidir.<\/p><\/div> <div style=\"margin-bottom: 24px;\"> <a href=\"https:\/\/cdn.fpgasourcing.com\/PDF\/ds099.pdf\" target=\"_blank\" rel=\"noopener\" style=\"display: inline-flex; align-items: center; background: #dc2626; color: white; padding: 10px 20px; text-decoration: none; border-radius: 6px; font-weight: 600; font-size: 14px;\"> <svg style=\"width: 16px; height: 16px; margin-right: 8px; fill: currentColor;\" viewbox=\"0 0 20 20\"><path d=\"M9 2a1 1 0 000 2h2a1 1 0 100-2H9z\"\/><path fill-rule=\"evenodd\" d=\"M4 5a2 2 0 012-2 1 1 0 000 2H6a2 2 0 00-2 2v6a2 2 0 002 2h2a1 1 0 100-2H6V7h5a1 1 0 011 1v5h2V8a3 3 0 00-3-3H6z\" clip-rule=\"evenodd\"\/><\/svg> Veri Sayfas\u0131n\u0131 G\u00f6r\u00fcnt\u00fcle (PDF) <\/a> <span style=\"color: #6b7280; font-size: 13px; margin-left: 12px;\">XC3S200-4FT256I i\u00e7in teknik belgeler<\/span> <\/div><main><section style=\"margin-bottom: 32px;\"><h2 style=\"color: #1f2937; font-size: 20px; margin-bottom: 16px; border-bottom: 2px solid #e5e7eb; padding-bottom: 8px;\">Uygulama Ba\u011flam\u0131<\/h2><div style=\"background: #f9fafb; border-left: 4px solid #6b7280; padding: 20px; border-radius: 0 8px 8px 0;\"><p style=\"color: #4b5563; line-height: 1.7; font-size: 15px; margin: 0;\">XC3S200-4FT256I, end\u00fcstriyel ve g\u00f6m\u00fcl\u00fc ortamlarda aktif hizmette kalan olgun sistem mimarileri boyunca kullan\u0131ma sunulmu\u015ftur. Ya\u015fam d\u00f6ng\u00fcs\u00fc a\u015famas\u0131 g\u00f6z \u00f6n\u00fcne al\u0131nd\u0131\u011f\u0131nda, bu FPGA g\u00fcn\u00fcm\u00fczde genellikle uzun vadeli bak\u0131m programlar\u0131n\u0131 desteklemek, yedek envanterin yeniden doldurulmas\u0131 ve sahada kullan\u0131lan birimlerin kontroll\u00fc de\u011fi\u015ftirilmesi i\u00e7in temin edilmektedir.\r\n\r\nBu cihaz i\u00e7in sat\u0131n alma kararlar\u0131 genellikle s\u00fcreklili\u011fi, izlenebilirli\u011fi ve parti seviyesinde do\u011frulamay\u0131 \u00f6ncelikli hale getirir ve mevcut donan\u0131m temel hatlar\u0131yla tutarl\u0131l\u0131k sa\u011flamak i\u00e7in gereklidir.<\/p><\/div><\/section>\r\n <section style=\"margin-bottom: 32px;\"> <h2 style=\"color: #1f2937; font-size: 20px; margin-bottom: 16px; border-bottom: 2px solid #e5e7eb; padding-bottom: 8px;\">Teknik \u00d6zellikler<\/h2> <div style=\"border: 1px solid #e5e7eb; border-radius: 8px; overflow: hidden;\"> <table style=\"width: 100%; border-collapse: collapse; font-size: 14px;\"><tbody> <tr style=\"border-bottom: 1px solid #f3f4f6;\"> <th style=\"padding: 12px 16px; text-align: left; width: 40%; color: #6b7280; font-weight: 500; background: #f9fafb; font-size: 14px;\">\u00dcretici<\/th> <td style=\"padding: 12px 16px; color: #1f2937; font-weight: 500; font-size: 14px;\">AMD<\/td> <\/tr> <tr style=\"border-bottom: 1px solid #f3f4f6;\"> <th style=\"padding: 12px 16px; text-align: left; width: 40%; color: #6b7280; font-weight: 500; background: #f9fafb; font-size: 14px;\">Par\u00e7a Numaras\u0131<\/th> <td style=\"padding: 12px 16px; color: #1f2937; font-weight: 500; font-size: 14px;\">XC3S200-4FT256I<\/td> <\/tr> <tr style=\"border-bottom: 1px solid #f3f4f6;\"> <th style=\"padding: 12px 16px; text-align: left; width: 40%; color: #6b7280; font-weight: 500; background: #f9fafb; font-size: 14px;\">Seri<\/th> <td style=\"padding: 12px 16px; color: #1f2937; font-weight: 500; font-size: 14px;\">Spartan\u00ae-3<\/td> <\/tr> <tr style=\"border-bottom: 1px solid #f3f4f6;\"> <th style=\"padding: 12px 16px; text-align: left; width: 40%; color: #6b7280; font-weight: 500; background: #f9fafb; font-size: 14px;\">Belirtilen Durum<\/th> <td style=\"padding: 12px 16px; color: #1f2937; font-weight: 500; font-size: 14px;\">Olgun\/Miras (do\u011frulama gerekli)<\/td> <\/tr> <tr style=\"border-bottom: 1px solid #f3f4f6;\"> <th style=\"padding: 12px 16px; text-align: left; width: 40%; color: #6b7280; font-weight: 500; background: #f9fafb; font-size: 14px;\">Paket \/ Kasa<\/th> <td style=\"padding: 12px 16px; color: #1f2937; font-weight: 500; font-size: 14px;\">256-LBGA<\/td> <\/tr> <tr style=\"border-bottom: 1px solid #f3f4f6;\"> <th style=\"padding: 12px 16px; text-align: left; width: 40%; color: #6b7280; font-weight: 500; background: #f9fafb; font-size: 14px;\">S\u0131cakl\u0131k Aral\u0131\u011f\u0131<\/th> <td style=\"padding: 12px 16px; color: #1f2937; font-weight: 500; font-size: 14px;\">-40\u00b0C ~ 100\u00b0C (TJ)<\/td> <\/tr> <tr style=\"border-bottom: 1px solid #f3f4f6;\"> <th style=\"padding: 12px 16px; text-align: left; width: 40%; color: #6b7280; font-weight: 500; background: #f9fafb; font-size: 14px;\">Mant\u0131k Elemanlar\u0131<\/th> <td style=\"padding: 12px 16px; color: #1f2937; font-weight: 500; font-size: 14px;\">4320<\/td> <\/tr> <tr style=\"border-bottom: 1px solid #f3f4f6;\"> <th style=\"padding: 12px 16px; text-align: left; width: 40%; color: #6b7280; font-weight: 500; background: #f9fafb; font-size: 14px;\">LAB'lar \/ CLB'ler<\/th> <td style=\"padding: 12px 16px; color: #1f2937; font-weight: 500; font-size: 14px;\">480<\/td> <\/tr> <tr style=\"border-bottom: 1px solid #f3f4f6;\"> <th style=\"padding: 12px 16px; text-align: left; width: 40%; color: #6b7280; font-weight: 500; background: #f9fafb; font-size: 14px;\">Toplam RAM Bitleri<\/th> <td style=\"padding: 12px 16px; color: #1f2937; font-weight: 500; font-size: 14px;\">221184<\/td> <\/tr> <tr style=\"border-bottom: 1px solid #f3f4f6;\"> <th style=\"padding: 12px 16px; text-align: left; width: 40%; color: #6b7280; font-weight: 500; background: #f9fafb; font-size: 14px;\">Giri\u015f\/\u00c7\u0131k\u0131\u015f Say\u0131s\u0131<\/th> <td style=\"padding: 12px 16px; color: #1f2937; font-weight: 500; font-size: 14px;\">173<\/td> <\/tr> <tr style=\"border-bottom: 1px solid #f3f4f6;\"> <th style=\"padding: 12px 16px; text-align: left; width: 40%; color: #6b7280; font-weight: 500; background: #f9fafb; font-size: 14px;\">Kap\u0131 Say\u0131s\u0131<\/th> <td style=\"padding: 12px 16px; color: #1f2937; font-weight: 500; font-size: 14px;\">200000<\/td> <\/tr> <tr style=\"border-bottom: 1px solid #f3f4f6;\"> <th style=\"padding: 12px 16px; text-align: left; width: 40%; color: #6b7280; font-weight: 500; background: #f9fafb; font-size: 14px;\">Besleme Voltaj\u0131<\/th> <td style=\"padding: 12px 16px; color: #1f2937; font-weight: 500; font-size: 14px;\">1.14V ~ 1.26V<\/td> <\/tr><\/tbody><\/table> <\/div> <\/section>\r\n <section style=\"margin-bottom: 32px;\"> <h2 style=\"color: #1f2937; font-size: 20px; margin-bottom: 16px; border-bottom: 2px solid #e5e7eb; padding-bottom: 8px;\">Uyumluluk &amp; Kalite<\/h2> <div style=\"display: grid; grid-template-columns: 1fr 1fr; gap: 16px; font-size: 13px; color: #4b5563;\"> <div style=\"padding: 16px; background: #f9fafb; border-radius: 6px; border: 1px solid #e5e7eb;\"> <strong style=\"color: #1f2937; display: block; margin-bottom: 6px; font-size: 14px;\">Temel Dok\u00fcmantasyon<\/strong>Uygunluk Sertifikas\u0131 ve izlenebilirlik kay\u0131tlar\u0131 sa\u011flanm\u0131\u015ft\u0131r. <\/div> <div style=\"padding: 16px; background: #f9fafb; border-radius: 6px; border: 1px solid #e5e7eb;\"> <strong style=\"color: #1f2937; display: block; margin-bottom: 6px; font-size: 14px;\">Sahtecili\u011fe Kar\u015f\u0131<\/strong>SAE AS6081 test protokolleri uyguland\u0131. G\u00f6rsel ve X-\u0131\u015f\u0131nlar\u0131 muayenesi mevcuttur. <\/div> <div style=\"padding: 16px; background: #f9fafb; border-radius: 6px; border: 1px solid #e5e7eb;\"> <strong style=\"color: #1f2937; display: block; margin-bottom: 6px; font-size: 14px;\">\u00c7evresel<\/strong>RoHS\/REACH uyum bilgileri talep \u00fczerine mevcuttur. <\/div> <div style=\"padding: 16px; background: #f9fafb; border-radius: 6px; border: 1px solid #e5e7eb;\"> <strong style=\"color: #1f2937; display: block; margin-bottom: 6px; font-size: 14px;\">Ek \u0130htiya\u00e7lar<\/strong>Sorgulama s\u0131ras\u0131nda \u00f6zel test veya dok\u00fcmantasyon g\u00f6r\u00fc\u015f\u00fcld\u00fc. <\/div> <\/div> <\/section>\r\n <section style=\"margin-bottom: 32px;\"> <h2 style=\"color: #1f2937; font-size: 20px; margin-bottom: 16px; border-bottom: 2px solid #e5e7eb; padding-bottom: 8px;\">Tedarik Zinciri Risk De\u011ferlendirmesi<\/h2> <div style=\"overflow-x: auto; border: 1px solid #e5e7eb; border-radius: 8px; margin-bottom: 16px;\"> <table style=\"width: 100%; border-collapse: collapse; font-size: 14px;\"> <thead style=\"background: #f9fafb;\"><tr><th style=\"padding: 12px; text-align: left;\">Kategori<\/th><th style=\"padding: 12px; text-align: left;\">Seviye<\/th><th style=\"padding: 12px; text-align: left;\">Risk Fakt\u00f6r\u00fc<\/th><th style=\"padding: 12px; text-align: left;\">Hafifletme<\/th><\/tr><\/thead> <tbody> <tr style=\"border-bottom: 1px solid #e5e7eb;\"> <td style=\"padding: 12px; font-weight: 500; font-size: 14px;\">Tedarik S\u00fcreklili\u011fi<\/td> <td style=\"padding: 12px;\"><span style=\"display: inline-block; padding: 2px 8px; border-radius: 12px; font-size: 11px; font-weight: 600; background: #fee2e2; color: #991b1b;\">De\u011ferlendirilecek<\/span><\/td> <td style=\"padding: 12px; color: #4b5563; font-size: 13px;\">Ya\u015fam d\u00f6ng\u00fcs\u00fc durumu do\u011frulama gerektirir<\/td> <td style=\"padding: 12px; color: #4b5563; font-size: 13px;\">LTB de\u011ferlendirmesi varsa<\/td> <\/tr> <tr style=\"border-bottom: 1px solid #e5e7eb;\"> <td style=\"padding: 12px; font-weight: 500; font-size: 14px;\">Montaj Do\u011frulama<\/td> <td style=\"padding: 12px;\"><span style=\"display: inline-block; padding: 2px 8px; border-radius: 12px; font-size: 11px; font-weight: 600; background: #dbeafe; color: #1e40af;\">Orta<\/span><\/td> <td style=\"padding: 12px; color: #4b5563; font-size: 13px;\">BGA paketi X-ray muayenesi gerektirebilir.<\/td> <td style=\"padding: 12px; color: #4b5563; font-size: 13px;\">Gelen denetim protokol\u00fc<\/td> <\/tr><\/tbody> <\/table> <\/div> <\/section>\r\n <section style=\"margin-bottom: 32px;\"> <div style=\"background: #f8fafc; border: 1px solid #e2e8f0; border-radius: 8px; padding: 20px;\"> <h3 style=\"margin-top: 0; color: #1e293b; font-size: 16px; display: flex; align-items: center;\"><span style=\"background: #3b82f6; color: white; padding: 4px 8px; border-radius: 4px; margin-right: 10px; font-size: 12px;\">RFQ<\/span>H\u0131zl\u0131 Sorgulama Rehberi<\/h3> <p style=\"margin: 0 0 12px 0; color: #475569; font-size: 14px; line-height: 1.6;\">\u015fu i\u00e7in fiyat teklifi talep etmek: <strong>XC3S200-4FT256I<\/strong>, basit\u00e7e sa\u011flay\u0131n:<\/p> <ul style=\"margin: 0 0 12px 0; padding-left: 20px; color: #475569; font-size: 14px; line-height: 1.8;\"> <li><strong>Gerekli miktar<\/strong> (herhangi bir miktar kabul edilir)<\/li> <li><strong>Hedef teslimat plan\u0131<\/strong> (esnek zamanlamalar ho\u015f kar\u015f\u0131lan\u0131r)<\/li> <\/ul> <p style=\"margin:0; font-size:13px; color:#334155;\">Mevcudiyet, fiyatland\u0131rma, CoC ve \u00f6zg\u00fcnl\u00fck belgeleri sa\u011flayaca\u011f\u0131z.<\/p> <\/div> <\/section>\r\n<section style=\"margin-bottom: 32px;\"><h2 style=\"color: #1f2937; font-size: 20px; margin-bottom: 16px; border-bottom: 2px solid #e5e7eb; padding-bottom: 8px;\">Tedarik SSS<\/h2><div>\r\n<div style=\"margin-bottom: 16px; border: 1px solid #e5e7eb; border-radius: 8px; overflow: hidden;\">\r\n<h3 style=\"margin: 0; padding: 16px; background: #f9fafb; font-size: 15px; color: #1f2937; font-weight: 600;\">XC3S200-4FT256I i\u00e7in mevcut tedarik durumu ve uygunluk do\u011frulama s\u00fcreci nedir?<\/h3>\r\n<div style=\"padding: 16px; background: white;\"><div style=\"color: #4b5563; font-size: 14px; line-height: 1.6;\">XC3S200-4FT256I \u015fu anda Olgun\/Eski olarak s\u0131n\u0131fland\u0131r\u0131lm\u0131\u015ft\u0131r, bu da stok seviyelerinin s\u0131n\u0131rl\u0131 ve teslim s\u00fcrelerinin istikrars\u0131z oldu\u011fu anlam\u0131na gelir. Kullan\u0131labilirlik, sorgulama an\u0131nda resmi bir envanter kontrol\u00fc ile onay gerektirir ve t\u00fcm tekliflerin mevcut depo rezervlerinin do\u011frulanmas\u0131na tabi oldu\u011funu belirtir.<\/div><\/div>\r\n<\/div>\r\n<div style=\"margin-bottom: 16px; border: 1px solid #e5e7eb; border-radius: 8px; overflow: hidden;\">\r\n<h3 style=\"margin: 0; padding: 16px; background: #f9fafb; font-size: 15px; color: #1f2937; font-weight: 600;\">Bu 256-LBGA paketi i\u00e7in \u00f6nerilen d\u00fcz metin alternatifleri veya \u00e7apraz referanslar var m\u0131?<\/h3>\r\n<div style=\"padding: 16px; background: white;\"><div style=\"color: #4b5563; font-size: 14px; line-height: 1.6;\">256-LBGA ayak izi standartla\u015ft\u0131r\u0131lm\u0131\u015f olsa da, \u00f6nerilen herhangi bir i\u015flevsel alternatif veya \u00e7apraz referans\u0131n zamanlama ve voltaj uyumlulu\u011funu sa\u011flamak i\u00e7in teknik onay gerektirdi\u011fini belirtmek gerekir. Yerine koyma uygunlu\u011fu, belirli kart d\u00fczeniniz ve bit ak\u0131\u015f\u0131 gereksinimlerinizle kar\u015f\u0131la\u015ft\u0131r\u0131larak do\u011frulama gerektirir.<\/div><\/div>\r\n<\/div>\r\n<div style=\"margin-bottom: 16px; border: 1px solid #e5e7eb; border-radius: 8px; overflow: hidden;\">\r\n<h3 style=\"margin: 0; padding: 16px; background: #f9fafb; font-size: 15px; color: #1f2937; font-weight: 600;\">Bu eski FPGA i\u00e7in Uyum Sertifikas\u0131 (CoC) B2B tedarik s\u00fcrecinde nas\u0131l i\u015flenmektedir?<\/h3>\r\n<div style=\"padding: 16px; background: white;\"><div style=\"color: #4b5563; font-size: 14px; line-height: 1.6;\">Bu eski par\u00e7a i\u00e7in bir \u00fcretici veya da\u011f\u0131t\u0131c\u0131 Uyum Sertifikas\u0131 (CoC) sa\u011flanmas\u0131, sipari\u015f kabul\u00fcnden \u00f6nce onay gerektirir. Mevcut izlenebilirlik belgeleri, belirli tarih kodu ve parti partisinin do\u011frulanmas\u0131na tabi olup, mevcut durumu gerektiren anl\u0131k onay gerektirir.<\/div><\/div>\r\n<\/div><\/div><\/section>\r\n        <section style=\"margin-bottom: 24px; padding: 16px; background: #f0fdf4; border-radius: 8px; border-left: 4px solid #16a34a;\">\r\n            <h3 style=\"margin-top: 0; color: #166534; font-size: 17px;\">Ayn\u0131 Mimari Varyantlar<\/h3>\r\n            <p>H\u0131z derecesi, paketleme veya I\/O say\u0131s\u0131nda farkl\u0131l\u0131klarla ayn\u0131 mant\u0131k kaynaklar\u0131:<\/p>\r\n            <p><a href=\"https:\/\/fpgasourcing.com\/tr\/part\/xc3s200-4ft256c\/\">XC3S200-4FT256C<\/a> | <a href=\"https:\/\/fpgasourcing.com\/tr\/part\/xc3s200-4ftg256c\/\">XC3S200-4FTG256C<\/a><\/p>\r\n            <p><em>Pin-pin uyumlulu\u011fu veri sayfas\u0131na g\u00f6re do\u011frulanmal\u0131d\u0131r.<\/em><\/p>\r\n        <\/section>\r\n        \r\n\r\n        <section style=\"margin-bottom: 24px; padding: 16px; background: #fffbeb; border-radius: 8px; border-left: 4px solid #ca8a04;\">\r\n            <h3 style=\"margin-top: 0; color: #92400e; font-size: 17px;\">Tasar\u0131m \u00d6l\u00e7eklendirme Dikkati<\/h3>\r\n            <p>Ayn\u0131 Spartan-3 ailesi i\u00e7inde ek mant\u0131k kaynaklar\u0131 gerektiren projeler i\u00e7in:<\/p>\r\n            <p><a href=\"https:\/\/fpgasourcing.com\/tr\/part\/xc3s400-5ftg256c\/\">XC3S400-5FTG256C<\/a><\/p>\r\n            <p><em>Mimari ge\u00e7i\u015f \u00f6ncesinde kaynak kapasitesi de\u011ferlendirmesi \u00f6nerilir.<\/em><\/p>\r\n        <\/section>\r\n        <\/main><div style=\"background: #1e3a8a; color: white; padding: 32px; border-radius: 8px; text-align: center; margin: 32px 0;\"><h2 style=\"margin:0 0 8px 0; font-size: 22px;\">Risk-Denedik Kaynak Se\u00e7eneklerinizi Al\u0131n<\/h2><p style=\"opacity: 0.9; margin-bottom: 20px; font-size: 15px;\">Feasibility de\u011ferlendirmesi ile XC3S200-4FT256I i\u00e7in teklif talep edin.<\/p><div style=\"margin-bottom: 16px;\"><a href=\"https:\/\/fpgasourcing.com\/tr\/request-a-quote\/\" style=\"display: inline-block; background: #f59e0b; color: #1f2937; padding: 14px 32px; text-decoration: none; border-radius: 6px; font-weight: 600; margin-right: 12px;\">Teklif Talep Et<\/a><a href=\"https:\/\/fpgasourcing.com\/tr\/contact\/\" style=\"display: inline-block; color: white; padding: 14px 32px; text-decoration: none; border-radius: 6px; border: 1px solid rgba(255,255,255,0.3);\">Soru Sor<\/a><\/div><\/div><\/div>\t\t\t\t<\/div>\n\t\t\t\t\t<\/div>\n\t\t\t\t<\/div>\n\t\t\t\t<\/div>","protected":false},"excerpt":{"rendered":"<p>XC3S200-4FT256I Procurement &#038; Sourcing | AMD | B2B AMD Spartan\u00ae-3 Procurement Reference XC3S200-4FT256I Global B2B Component Sourcing &#038; Supply Chain Documentation Sourcing Verified Quality Assured Compliance Tracked Verification Note:Indicated status: Mature\/Legacy (verification required). RFQ submission required for real-time verification. View Datasheet (PDF) Technical documentation for XC3S200-4FT256I Application ContextThe XC3S200-4FT256I has been deployed across mature system [&hellip;]<\/p>\n","protected":false},"author":1,"featured_media":0,"parent":13,"menu_order":0,"comment_status":"closed","ping_status":"closed","template":"","meta":{"rank_math_title":"XC3S200-4FT256I AMD FPGA | B2B Sourcing &amp; Quote Request","rank_math_description":"Source XC3S200-4FT256I FPGAs for industrial maintenance. 4320 LE, 256-LBGA package. Traceable units for long-term support and system continuity programs.","footnotes":""},"class_list":["post-478","page","type-page","status-publish","hentry"],"_links":{"self":[{"href":"https:\/\/fpgasourcing.com\/tr\/wp-json\/wp\/v2\/pages\/478","targetHints":{"allow":["GET"]}}],"collection":[{"href":"https:\/\/fpgasourcing.com\/tr\/wp-json\/wp\/v2\/pages"}],"about":[{"href":"https:\/\/fpgasourcing.com\/tr\/wp-json\/wp\/v2\/types\/page"}],"author":[{"embeddable":true,"href":"https:\/\/fpgasourcing.com\/tr\/wp-json\/wp\/v2\/users\/1"}],"replies":[{"embeddable":true,"href":"https:\/\/fpgasourcing.com\/tr\/wp-json\/wp\/v2\/comments?post=478"}],"version-history":[{"count":4,"href":"https:\/\/fpgasourcing.com\/tr\/wp-json\/wp\/v2\/pages\/478\/revisions"}],"predecessor-version":[{"id":482,"href":"https:\/\/fpgasourcing.com\/tr\/wp-json\/wp\/v2\/pages\/478\/revisions\/482"}],"up":[{"embeddable":true,"href":"https:\/\/fpgasourcing.com\/tr\/wp-json\/wp\/v2\/pages\/13"}],"wp:attachment":[{"href":"https:\/\/fpgasourcing.com\/tr\/wp-json\/wp\/v2\/media?parent=478"}],"curies":[{"name":"wp","href":"https:\/\/api.w.org\/{rel}","templated":true}]}}