{"id":246,"date":"2026-02-01T17:06:17","date_gmt":"2026-02-01T17:06:17","guid":{"rendered":"https:\/\/fpgasourcing.com\/?page_id=246"},"modified":"2026-02-01T17:22:30","modified_gmt":"2026-02-01T17:22:30","slug":"non-fpga-components-support","status":"publish","type":"page","link":"https:\/\/fpgasourcing.com\/tr\/non-fpga-components-support\/","title":{"rendered":"Extended BOM &amp; Non-FPGA Component Support"},"content":{"rendered":"<div data-elementor-type=\"wp-page\" data-elementor-id=\"246\" class=\"elementor elementor-246\" data-elementor-post-type=\"page\">\n\t\t\t\t<div class=\"elementor-element elementor-element-66bdd6c e-flex e-con-boxed e-con e-parent\" data-id=\"66bdd6c\" data-element_type=\"container\" data-e-type=\"container\">\n\t\t\t\t\t<div class=\"e-con-inner\">\n\t\t\t\t<div class=\"elementor-element elementor-element-319c73a elementor-widget elementor-widget-html\" data-id=\"319c73a\" data-element_type=\"widget\" data-e-type=\"widget\" data-widget_type=\"html.default\">\n\t\t\t\t\t<div style=\"margin:0 auto;font-family:Arial,Helvetica,sans-serif;line-height:1.7;color:#425466;\">\r\n\r\n  <!-- TITLE -->\r\n  <h1 style=\"font-size:38px;line-height:1.2;color:#0a2540;border-left:5px solid #0061ff;padding-left:14px;margin:26px 0 14px;\">\r\n    Geni\u015fletilmi\u015f BOM Deste\u011fi: \u00c7ok Markal\u0131 Bile\u015fenler &amp; Paket Varyantlar\u0131\r\n  <\/h1>\r\n\r\n  <p style=\"font-size:18px;margin:0 0 18px;\">\r\n    Birincil odak noktam\u0131z <strong>miras, \u00fcretimi durdurulmu\u015f ve tahsis duyarl\u0131 cihazlar i\u00e7in FPGA kaynaklamas\u0131<\/strong>.\r\n    Ger\u00e7ek tedarik ortamlar\u0131nda ise, FPGA tabanl\u0131 platformlar neredeyse her zaman\r\n    birden fazla \u00fcreticiden gelen daha geni\u015f bir bile\u015fen yelpazesine ve birden fazla paket format\u0131na dayan\u0131r.\r\n  <\/p>\r\n\r\n  <div style=\"background:#f6f9fc;border:1px solid #e6ebf1;border-radius:18px;padding:16px 18px;margin:18px 0 26px;\">\r\n    <p style=\"margin:0;color:#6b7c93;\">\r\n      <strong style=\"color:#0a2540;\">Kapsam a\u00e7\u0131kl\u0131\u011f\u0131:<\/strong>\r\n      Geni\u015fletilmi\u015f BOM deste\u011fi sa\u011flanmaktad\u0131r <strong>FPGA merkezli projelerin ba\u011flam\u0131nda<\/strong>.\r\n      Bu sayfa genel ama\u00e7l\u0131 bir bile\u015fen katalogunu veya \u00e7evrimi\u00e7i ma\u011fazay\u0131 temsil etmez.\r\n      Mevcudiyet her zaman onaya tabidir.\r\n    <\/p>\r\n  <\/div>\r\n\r\n  <!-- BRANDS -->\r\n  <h2 style=\"font-size:24px;line-height:1.3;color:#0a2540;border-left:4px solid #0061ff;padding-left:12px;margin:34px 0 10px;\">\r\n    B\u00fcy\u00fck \u00dcreticilerden Bile\u015fen Deste\u011fi\r\n  <\/h2>\r\n\r\n  <p style=\"margin:0 0 14px;color:#425466;\">\r\n    FPGA platformlar\u0131 s\u0131k s\u0131k k\u00f6kl\u00fc yar\u0131 iletken \u00fcreticilerden bile\u015fenleri entegre eder.\r\n    FPGA merkezli bir BOM de\u011ferlendirmesi kapsam\u0131nda,\r\n    <strong>\u00f6nc\u00fc k\u00fcresel markalardan<\/strong>, ayn\u0131 proje BOM'sinde yer ald\u0131klar\u0131nda bile\u015fen kaynaklama fizibilitesini destekleyebiliriz.\r\n  <\/p>\r\n\r\n  <ul style=\"margin:0 0 18px 18px;color:#425466;\">\r\n    <li style=\"margin:8px 0;\">\r\n      <strong>Texas Instruments (TI)<\/strong> \u2013 g\u00fc\u00e7 y\u00f6netimi, aray\u00fcz, analog ve karma sinyal cihazlar\u0131\r\n    <\/li>\r\n    <li style=\"margin:8px 0;\">\r\n      <strong>Microchip Technology<\/strong> \u2013 mikrodenetleyiciler, bellek, aray\u00fcz ve destekleyici entegre devreler\r\n    <\/li>\r\n    <li style=\"margin:8px 0;\">\r\n      <strong>Analog Devices (ADI)<\/strong> \u2013 veri d\u00f6n\u00fc\u015ft\u00fcr\u00fcc\u00fcler, amplifikat\u00f6rler, saat ve sinyal zinciri bile\u015fenleri\r\n    <\/li>\r\n    <li style=\"margin:8px 0;\">\r\n      Sanayi ve g\u00f6m\u00fcl\u00fc BOM'larda yayg\u0131n olarak belirtilen di\u011fer b\u00fcy\u00fck yar\u0131 iletken \u00fcreticileri\r\n    <\/li>\r\n  <\/ul>\r\n\r\n  <div style=\"background:#f6f9fc;border:1px solid #e6ebf1;border-radius:18px;padding:16px 18px;margin:16px 0 24px;\">\r\n    <p style=\"margin:0;color:#6b7c93;\">\r\n      <strong style=\"color:#0a2540;\">\u00d6nemli:<\/strong>\r\n      Birden fazla marka aras\u0131nda do\u011fru fizibilite de\u011ferlendirmesini sa\u011flamak i\u00e7in,\r\n      tamam\u0131 <strong>BOM'u<\/strong> izole sat\u0131r kalemleri yerine g\u00f6ndermeyi \u015fiddetle \u00f6neriyoruz.\r\n    <\/p>\r\n  <\/div>\r\n\r\n  <!-- PACKAGES -->\r\n  <h2 style=\"font-size:24px;line-height:1.3;color:#0a2540;border-left:4px solid #0061ff;padding-left:12px;margin:34px 0 10px;\">\r\n    Paket Varyantlar\u0131 &amp; Form-Fakt\u00f6r Deste\u011fi\r\n  <\/h2>\r\n\r\n  <p style=\"margin:0 0 14px;color:#425466;\">\r\n    Bir\u00e7ok kaynaklama zorlu\u011fu sadece par\u00e7a numaralar\u0131yla de\u011fil, ayn\u0131 zamanda\r\n    <strong>paket tipi, montaj y\u00f6ntemi ve form fakt\u00f6r\u00fc ile de ilgilidir<\/strong>.\r\n    FPGA platformlar\u0131 ile yayg\u0131n olarak kullan\u0131lan geni\u015f bir paket varyant\u0131 yelpazesini g\u00f6zden ge\u00e7irebiliriz.\r\n  <\/p>\r\n\r\n  <ul style=\"margin:0 0 22px 18px;color:#425466;\">\r\n    <li style=\"margin:8px 0;\">\r\n      <strong>Y\u00fczeye montajl\u0131 paketler (SMD\/SMT)<\/strong> modern ve miras tasar\u0131mlarda kullan\u0131lan\r\n    <\/li>\r\n    <li style=\"margin:8px 0;\">\r\n      <strong>SOP \/ SOIC \/ SSOP<\/strong> ve di\u011fer k\u00fc\u00e7\u00fck-outline paketler\r\n    <\/li>\r\n    <li style=\"margin:8px 0;\">\r\n      <strong>QFN \/ QFP \/ BGA<\/strong> proje \u00f6zel k\u0131s\u0131tlamalara sahip paketler\r\n    <\/li>\r\n    <li style=\"margin:8px 0;\">\r\n      Nitelik, yeniden do\u011frulama veya ya\u015fam d\u00f6ng\u00fcs\u00fc durumu taraf\u0131ndan etkilenen paket duyarl\u0131 par\u00e7alar\r\n    <\/li>\r\n  <\/ul>\r\n\r\n  <!-- WHEN -->\r\n  <h2 style=\"font-size:24px;line-height:1.3;color:#0a2540;border-left:4px solid #0061ff;padding-left:12px;margin:34px 0 10px;\">\r\n    Geni\u015fletilmi\u015f BOM Deste\u011finin En Faydal\u0131 Oldu\u011fu Zaman\r\n  <\/h2>\r\n\r\n  <div style=\"display:grid;grid-template-columns:1fr 1fr;gap:14px;margin:14px 0 24px;\">\r\n    <div style=\"border:1px solid #e6ebf1;border-radius:18px;background:#ffffff;padding:16px;box-shadow:0 8px 24px rgba(10,37,64,.06);\">\r\n      <strong style=\"color:#0a2540;\">Bak\u0131m &amp; Onar\u0131m Programlar\u0131<\/strong>\r\n      <p style=\"margin:8px 0 0;color:#6b7c93;\">\r\n        Kurulu sistemlerin yeniden tasar\u0131m veya yeniden niteliklendirme olmadan \u00e7al\u0131\u015f\u0131r durumda tutulmas\u0131.\r\n      <\/p>\r\n    <\/div>\r\n\r\n    <div style=\"border:1px solid #e6ebf1;border-radius:18px;background:#ffffff;padding:16px;box-shadow:0 8px 24px rgba(10,37,64,.06);\">\r\n      <strong style=\"color:#0a2540;\">EOL &amp; Tahsis Riski Y\u00f6netimi<\/strong>\r\n      <p style=\"margin:8px 0 0;color:#6b7c93;\">\r\n        Birden fazla marka ve paket aras\u0131nda k\u0131s\u0131tlar\u0131n erken tespit edilmesi.\r\n      <\/p>\r\n    <\/div>\r\n\r\n    <div style=\"border:1px solid #e6ebf1;border-radius:18px;background:#ffffff;padding:16px;box-shadow:0 8px 24px rgba(10,37,64,.06);\">\r\n      <strong style=\"color:#0a2540;\">Paket-\u00d6zel Tasar\u0131mlar<\/strong>\r\n      <p style=\"margin:8px 0 0;color:#6b7c93;\">\r\n        Tam SMD, SOP veya di\u011fer paket formatlar\u0131n\u0131 gerektiren tasar\u0131mlar\u0131 desteklemek.\r\n      <\/p>\r\n    <\/div>\r\n\r\n    <div style=\"border:1px solid #e6ebf1;border-radius:18px;background:#ffffff;padding:16px;box-shadow:0 8px 24px rgba(10,37,64,.06);\">\r\n      <strong style=\"color:#0a2540;\">Tam BOM Fizibilite De\u011ferlendirmeleri<\/strong>\r\n      <p style=\"margin:8px 0 0;color:#6b7c93;\">\r\n        Tam, \u00e7ok markal\u0131 BOM'lar aras\u0131nda kaynaklama fizibilitesini de\u011ferlendirmek.\r\n      <\/p>\r\n    <\/div>\r\n  <\/div>\r\n\r\n  <!-- HOW -->\r\n  <h2 style=\"font-size:24px;line-height:1.3;color:#0a2540;border-left:4px solid #0061ff;padding-left:12px;margin:34px 0 10px;\">\r\n    Geni\u015fletilmi\u015f BOM Deste\u011fi Talep Etmek i\u00e7in\r\n  <\/h2>\r\n\r\n  <ol style=\"margin:0 0 18px 18px;color:#425466;\">\r\n    <li style=\"margin:10px 0;\">\r\n      G\u00f6nderin <strong>BOM'u<\/strong>, FPGA cihazlar\u0131 ve t\u00fcm destekleyici bile\u015fenleri dahil olmak \u00fczere.\r\n    <\/li>\r\n    <li style=\"margin:10px 0;\">\r\n      Belirtin <strong>miktarlar\u0131<\/strong>, <strong>hedef teslimat pencereleri<\/strong>,\r\n      ve herhangi bir <strong>paket veya tarih\/parti k\u0131s\u0131tlamalar\u0131<\/strong>.\r\n    <\/li>\r\n    <li style=\"margin:10px 0;\">\r\n      Alternatiflere a\u00e7\u0131k olan hangi sat\u0131r kalemlerinin <strong>uygun oldu\u011funu belirtin<\/strong>, e\u011fer uygulanabilir ise.\r\n    <\/li>\r\n  <\/ol>\r\n\r\n  <div style=\"display:flex;gap:12px;flex-wrap:wrap;margin:18px 0;\">\r\n    <a href=\"https:\/\/fpgasourcing.com\/tr\/request-a-quote\/\"\r\n       style=\"display:inline-flex;align-items:center;justify-content:center;padding:13px 18px;border-radius:12px;background:#0061ff;color:#fff;font-weight:900;text-decoration:none;border:1px solid rgba(0,97,255,.35);box-shadow:0 8px 24px rgba(10,37,64,.06);\">\r\n      BOM\/rfq G\u00f6nder\r\n    <\/a>\r\n    <a href=\"https:\/\/fpgasourcing.com\/tr\/contact\/\"\r\n       style=\"display:inline-flex;align-items:center;justify-content:center;padding:13px 18px;border-radius:12px;background:#ffffff;color:#0a2540;font-weight:900;text-decoration:none;border:1px solid #e6ebf1;box-shadow:0 8px 24px rgba(10,37,64,.06);\">\r\n      \u0130leti\u015fim Kaynaklama Ekibi\r\n    <\/a>\r\n  <\/div>\r\n\r\n  <!-- COMPLIANCE -->\r\n  <h2 style=\"font-size:24px;line-height:1.3;color:#0a2540;border-left:4px solid #0061ff;padding-left:12px;margin:34px 0 10px;\">\r\n    Uygunluk &amp; Uygunluk Notlar\u0131\r\n  <\/h2>\r\n\r\n  <p style=\"margin:0 0 12px;color:#6b7c93;\">\r\n    Uygunluk onaya tabidir. Belirli bile\u015fenler, ya\u015fam d\u00f6ng\u00fcs\u00fc durumuna ba\u011fl\u0131 olarak ba\u011f\u0131ms\u0131z kaynak gerektirebilir. Bu web sitesi fiyat yay\u0131nlamaz veya \u00e7evrimi\u00e7i i\u015flemleri desteklemez. Do\u011frulama veya \u00fc\u00e7\u00fcnc\u00fc taraf test gereksinimleri talep an\u0131nda belirtilmelidir.\r\n  <\/p>\r\n\r\n<\/div>\r\n\t\t\t\t<\/div>\n\t\t\t\t\t<\/div>\n\t\t\t\t<\/div>\n\t\t\t\t<\/div>","protected":false},"excerpt":{"rendered":"<p>Extended BOM Support: Multi-Brand Components &#038; Package Variants Our primary focus is FPGA sourcing for legacy, discontinued, and allocation-sensitive devices. In real procurement environments, however, FPGA-based platforms almost always rely on a wider range of components from multiple manufacturers and in multiple package formats. Scope clarification: Extended BOM support is provided within the context of [&hellip;]<\/p>\n","protected":false},"author":1,"featured_media":0,"parent":0,"menu_order":0,"comment_status":"closed","ping_status":"closed","template":"","meta":{"rank_math_title":"","rank_math_description":"","footnotes":""},"class_list":["post-246","page","type-page","status-publish","hentry"],"_links":{"self":[{"href":"https:\/\/fpgasourcing.com\/tr\/wp-json\/wp\/v2\/pages\/246","targetHints":{"allow":["GET"]}}],"collection":[{"href":"https:\/\/fpgasourcing.com\/tr\/wp-json\/wp\/v2\/pages"}],"about":[{"href":"https:\/\/fpgasourcing.com\/tr\/wp-json\/wp\/v2\/types\/page"}],"author":[{"embeddable":true,"href":"https:\/\/fpgasourcing.com\/tr\/wp-json\/wp\/v2\/users\/1"}],"replies":[{"embeddable":true,"href":"https:\/\/fpgasourcing.com\/tr\/wp-json\/wp\/v2\/comments?post=246"}],"version-history":[{"count":5,"href":"https:\/\/fpgasourcing.com\/tr\/wp-json\/wp\/v2\/pages\/246\/revisions"}],"predecessor-version":[{"id":261,"href":"https:\/\/fpgasourcing.com\/tr\/wp-json\/wp\/v2\/pages\/246\/revisions\/261"}],"wp:attachment":[{"href":"https:\/\/fpgasourcing.com\/tr\/wp-json\/wp\/v2\/media?parent=246"}],"curies":[{"name":"wp","href":"https:\/\/api.w.org\/{rel}","templated":true}]}}