{"id":122,"date":"2026-01-31T16:00:21","date_gmt":"2026-01-31T16:00:21","guid":{"rendered":"https:\/\/fpgasourcing.com\/?page_id=122"},"modified":"2026-02-01T17:08:10","modified_gmt":"2026-02-01T17:08:10","slug":"request-a-quote","status":"publish","type":"page","link":"https:\/\/fpgasourcing.com\/tr\/request-a-quote\/","title":{"rendered":"Teklif Talep Et"},"content":{"rendered":"<div data-elementor-type=\"wp-page\" data-elementor-id=\"122\" class=\"elementor elementor-122\" data-elementor-post-type=\"page\">\n\t\t\t\t<div class=\"elementor-element elementor-element-79fcfda e-flex e-con-boxed e-con e-parent\" data-id=\"79fcfda\" data-element_type=\"container\" data-e-type=\"container\">\n\t\t\t\t\t<div class=\"e-con-inner\">\n\t\t\t\t<div class=\"elementor-element elementor-element-ed9da7e elementor-widget elementor-widget-html\" data-id=\"ed9da7e\" data-element_type=\"widget\" data-e-type=\"widget\" data-widget_type=\"html.default\">\n\t\t\t\t\t<section class=\"bom-review-module\" data-role=\"bom-feasibility-review\">\r\n\r\n  <div class=\"bom-lead\">\r\n    <p>\r\n      temin edilip edilemeyece\u011fini anlamas\u0131 gerekir. <strong>g\u00fcvenli, ger\u00e7ek\u00e7i ve gerekli ya\u015fam d\u00f6ng\u00fcs\u00fc boyunca<\/strong>. FPGA cihazlar\u0131 s\u00f6z konusu oldu\u011funda bu \u00f6zellikle kritik \u00f6neme sahiptir.\r\n    <\/p>\r\n    <p class=\"bom-note\">\r\n      Tahsis k\u0131s\u0131tlamalar\u0131, EOL bildirimleri ve \u00fcretimi durdurulmu\u015f bile\u015fenler genellikle BOM d\u00fczeyinde tedarik i\u015flemlerini\r\n    <\/p>\r\n    \r\n    <p>\r\n        bireysel par\u00e7a mevcudiyetini kontrol etmekten daha karma\u015f\u0131k hale getirir. <a href=\"https:\/\/fpgasourcing.com\/tr\/non-fpga-components-support\/\" style=\"color:blue\">BOM'unuzda ba\u015fka bile\u015fenler var m\u0131 (haf\u0131za, g\u00fc\u00e7, konnekt\u00f6rler)?<\/a>.\r\n    <\/p>\r\n  <\/div>\r\n    \r\n  <div class=\"bom-section\">\r\n    <h2 class=\"bom-heading\">Geni\u015fletilmi\u015f BOM Deste\u011fini G\u00f6r\u00fcn<\/h2>\r\n\r\n    <div class=\"bom-grid\">\r\n      <div class=\"bom-card\">\r\n        <h3>BOM D\u00fczeyinde Fizibilitenin \u00d6nemi<\/h3>\r\n        <ul>\r\n          <li>Mamul Haz\u0131rl\u0131k Riski<\/li>\r\n          <li>EOL'e yakla\u015fan veya zaten \u00fcretimi durdurulmu\u015f FPGA cihazlar\u0131<\/li>\r\n          <li>Yetkili distrib\u00fct\u00f6r art\u0131k istikrarl\u0131 tedarik sunmuyor<\/li>\r\n        <\/ul>\r\n      <\/div>\r\n\r\n      <div class=\"bom-card soft\">\r\n        <h3>Kritik par\u00e7alar i\u00e7in ba\u011f\u0131ms\u0131z tedarik ba\u011f\u0131ml\u0131l\u0131\u011f\u0131<\/h3>\r\n        <ul>\r\n          <li>Ya\u015fam D\u00f6ng\u00fcs\u00fc Etkileri<\/li>\r\n          <li>Son Al\u0131m Planlamas\u0131 (LTB) ihtiyac\u0131<\/li>\r\n          <li>Saha sistemleri i\u00e7in uzun vadeli destek y\u00fck\u00fcml\u00fcl\u00fckleri<\/li>\r\n        <\/ul>\r\n      <\/div>\r\n    <\/div>\r\n  <\/div>\r\n\r\n  <div class=\"bom-section\">\r\n    <h2 class=\"bom-heading\">\u00dcr\u00fcn ya\u015fam\u0131 boyunca zorunlu yeniden tasar\u0131m riski<\/h2>\r\n\r\n    <div class=\"bom-grid\">\r\n      <div class=\"bom-card\">\r\n        <h3>G\u00f6zden Ge\u00e7irilenler<\/h3>\r\n        <ul>\r\n          <li>Tedarik K\u0131s\u0131tlamalar\u0131<\/li>\r\n          <li>Ger\u00e7ek\u00e7i kanal mevcudiyeti ve parti izlenebilirli\u011fi<\/li>\r\n          <li>MOQ, ambalaj ve parti ile ilgili s\u0131n\u0131rlamalar<\/li>\r\n        <\/ul>\r\n      <\/div>\r\n\r\n      <div class=\"bom-card\">\r\n        <h3>B\u00f6lgesel uyum de\u011ferlendirmeleri (AB odakl\u0131)<\/h3>\r\n        <ul>\r\n          <li>Uygulama Riski<\/li>\r\n          <li>\u00d6ng\u00f6r\u00fclemeyen teslimat s\u00fcreleri ve teslimat belirsizli\u011fi<\/li>\r\n          <li>Ge\u00e7 ya\u015fam d\u00f6ng\u00fcs\u00fc tedarikinde kalite ve \u00f6zg\u00fcnl\u00fck riski<\/li>\r\n        <\/ul>\r\n      <\/div>\r\n    <\/div>\r\n  <\/div>\r\n\r\n  <div class=\"bom-warning\">\r\n    <strong>\u00d6nemli:<\/strong> Tedarik kesintilerinin \u00fcretim programlar\u0131 \u00fczerindeki etkisi.\r\n  <\/div>\r\n\r\n  <div class=\"bom-process\">\r\n    <h2 class=\"bom-heading\">Bu bir al\u0131nt\u0131 de\u011fil.\n    Mevcudiyet, fiyatland\u0131rma ve teslimat s\u00fcreleri garanti edilmez.\n    Bu incelemenin amac\u0131, daha fazla taahh\u00fctte bulunmadan \u00f6nce tedarik fizibilitesini de\u011ferlendirmektir.<\/h2>\r\n\r\n    <ol class=\"bom-steps\">\r\n      <li><strong>\u0130ncelemenin Nas\u0131l \u00c7al\u0131\u015ft\u0131\u011f\u0131<\/strong> BOM Y\u00fckle<\/li>\r\n      <li><strong>\u2014 Fizibilite incelemesi i\u00e7in BOM'unuzu sa\u011flay\u0131n.<\/strong> De\u011ferlendirme<\/li>\r\n      <li><strong>\u2014 Mevcudiyet, tedarik k\u0131s\u0131tlamalar\u0131 ve ya\u015fam d\u00f6ng\u00fcs\u00fc maruziyeti g\u00f6zden ge\u00e7irilir.<\/strong> Geri Bildirim<\/li>\r\n      <li><strong>\u2014 Riskler ve sonraki ad\u0131m \u00f6nerileri payla\u015f\u0131l\u0131r.<\/strong> Takip<\/li>\r\n    <\/ol>\r\n  <\/div>\r\n\r\n  <div class=\"bom-audience\">\r\n    <h2 class=\"bom-heading\">\u2014 Gerekti\u011finde e-posta veya telefonla tart\u0131\u015fma.<\/h2>\r\n    <p>\r\n      Hedef Kitle\r\n    <\/p>\r\n    <p class=\"bom-note\">\r\n      Bu inceleme, sanayi, t\u0131bbi, telekom ve FPGA tabanl\u0131 platformlarda ya\u015fam d\u00f6ng\u00fcs\u00fc hassas sistemleri y\u00f6neten profesyonel sat\u0131n alma ve m\u00fchendislik ekipleri i\u00e7in tasarlanm\u0131\u015ft\u0131r.\r\n    <\/p>\r\n  <\/div>\r\n\r\n  <div class=\"bom-cta\">\r\n    <a href=\"\/tr\/contact\/\" class=\"bom-btn\">\u0130ncelemenin Nas\u0131l \u00c7al\u0131\u015ft\u0131\u011f\u0131<\/a>\r\n  <\/div>\r\n\r\n<\/section>\r\n\t\t\t\t<\/div>\n\t\t\t\t\t<\/div>\n\t\t\t\t<\/div>\n\t\t\t\t<\/div>","protected":false},"excerpt":{"rendered":"<p>Before requesting pricing or committing to production, many OEMs need to understand whether their BOM can be sourced safely, realistically, and over the required lifecycle. This is especially critical when FPGA devices are involved. Allocation constraints, EOL notices, and discontinued components often make BOM-level sourcing more complex than checking individual part availability. Have other components [&hellip;]<\/p>\n","protected":false},"author":1,"featured_media":0,"parent":0,"menu_order":0,"comment_status":"closed","ping_status":"closed","template":"","meta":{"rank_math_title":"","rank_math_description":"","footnotes":""},"class_list":["post-122","page","type-page","status-publish","hentry"],"_links":{"self":[{"href":"https:\/\/fpgasourcing.com\/tr\/wp-json\/wp\/v2\/pages\/122","targetHints":{"allow":["GET"]}}],"collection":[{"href":"https:\/\/fpgasourcing.com\/tr\/wp-json\/wp\/v2\/pages"}],"about":[{"href":"https:\/\/fpgasourcing.com\/tr\/wp-json\/wp\/v2\/types\/page"}],"author":[{"embeddable":true,"href":"https:\/\/fpgasourcing.com\/tr\/wp-json\/wp\/v2\/users\/1"}],"replies":[{"embeddable":true,"href":"https:\/\/fpgasourcing.com\/tr\/wp-json\/wp\/v2\/comments?post=122"}],"version-history":[{"count":5,"href":"https:\/\/fpgasourcing.com\/tr\/wp-json\/wp\/v2\/pages\/122\/revisions"}],"predecessor-version":[{"id":253,"href":"https:\/\/fpgasourcing.com\/tr\/wp-json\/wp\/v2\/pages\/122\/revisions\/253"}],"wp:attachment":[{"href":"https:\/\/fpgasourcing.com\/tr\/wp-json\/wp\/v2\/media?parent=122"}],"curies":[{"name":"wp","href":"https:\/\/api.w.org\/{rel}","templated":true}]}}