{"id":119,"date":"2026-01-31T14:39:02","date_gmt":"2026-01-31T14:39:02","guid":{"rendered":"https:\/\/fpgasourcing.com\/?page_id=119"},"modified":"2026-01-31T16:25:03","modified_gmt":"2026-01-31T16:25:03","slug":"independent-sourcing-support-for-legacy-obsolete-fpga-components","status":"publish","type":"page","link":"https:\/\/fpgasourcing.com\/tr\/independent-sourcing-support-for-legacy-obsolete-fpga-components\/","title":{"rendered":"Eski ve Modas\u0131 Ge\u00e7mi\u015f FPGA Bile\u015fenleri i\u00e7in Ba\u011f\u0131ms\u0131z Kaynak Sa\u011flama Deste\u011fi"},"content":{"rendered":"<div data-elementor-type=\"wp-page\" data-elementor-id=\"119\" class=\"elementor elementor-119\" data-elementor-post-type=\"page\">\n\t\t\t\t<div class=\"elementor-element elementor-element-978f72c e-flex e-con-boxed e-con e-parent\" data-id=\"978f72c\" data-element_type=\"container\" data-e-type=\"container\">\n\t\t\t\t\t<div class=\"e-con-inner\">\n\t\t\t\t<div class=\"elementor-element elementor-element-f25f8a4 elementor-widget elementor-widget-html\" data-id=\"f25f8a4\" data-element_type=\"widget\" data-e-type=\"widget\" data-widget_type=\"html.default\">\n\t\t\t\t\t<div style=\"margin:0 auto;font-family:Arial,Helvetica,sans-serif;line-height:1.7;color:#444;font-size:16px;\">\r\n\r\n  <h1 style=\"font-size:34px;line-height:1.25;color:#2c3e50;border-left:5px solid #d93025;padding-left:14px;margin:32px 0 18px;\">\r\n    Eski ve Modas\u0131 Ge\u00e7mi\u015f FPGA Bile\u015fenleri i\u00e7in Ba\u011f\u0131ms\u0131z Kaynak Sa\u011flama Deste\u011fi\r\n  <\/h1>\r\n\r\n  <p style=\"margin:0 0 14px;\">\r\n    FPGA ayg\u0131tlar\u0131 \u00f6mr\u00fcn\u00fcn sonuna (EOL) ula\u015ft\u0131\u011f\u0131nda veya k\u0131s\u0131tl\u0131 tahsis a\u015famalar\u0131na girdi\u011finde, geleneksel yetkili da\u011f\u0131t\u0131m kanallar\u0131 tutarl\u0131 veya \u00f6ng\u00f6r\u00fclebilir bir tedarik sa\u011flayamayabilir. Bu gibi durumlarda, sat\u0131n alma ekipleri genellikle \u00fcretim s\u00fcreklili\u011fini, hizmet y\u00fck\u00fcml\u00fcl\u00fcklerini ve uzun vadeli program istikrar\u0131n\u0131 korumak i\u00e7in ba\u011f\u0131ms\u0131z kaynak sa\u011flama deste\u011fine ihtiya\u00e7 duyar.\r\n  <\/p>\r\n\r\n  <p style=\"margin:0 0 18px;\">\r\n    Ba\u011f\u0131ms\u0131z kaynak sa\u011flama i\u015flemsel sat\u0131n alma \u00fczerine odaklanmamaktad\u0131r. Bunun yerine, \u00f6zellikle tedarik ko\u015fullar\u0131n\u0131n par\u00e7aland\u0131\u011f\u0131 ve de\u011fi\u015fime tabi oldu\u011fu eski ve durdurulmu\u015f FPGA bile\u015fenleri i\u00e7in kullan\u0131labilirlik do\u011frulamas\u0131, tedarik\u00e7i risk de\u011ferlendirmesi ve ya\u015fam d\u00f6ng\u00fcs\u00fc uyumu vurgulanmaktad\u0131r.\r\n  <\/p>\r\n\r\n  <h2 style=\"font-size:22px;line-height:1.3;color:#2c3e50;border-left:5px solid #d93025;padding-left:12px;margin:26px 0 12px;\">\r\n    Kalite G\u00fcvencesi ve Sahtecilikle M\u00fccadele\r\n  <\/h2>\r\n\r\n  <p style=\"margin:0 0 14px;\">\r\n    Ba\u011f\u0131ms\u0131z kaynak sa\u011flama, \u00f6zellikle y\u00fcksek de\u011ferli veya modas\u0131 ge\u00e7mi\u015f FPGA cihazlar\u0131 i\u00e7in ek kalite ve g\u00fcvenilirlik riskleri getirir. Bu riskleri azaltmak i\u00e7in, kaynak sa\u011flama faaliyetleri genellikle genel garantiler yerine risk temelli do\u011frulama etraf\u0131nda yap\u0131land\u0131r\u0131lmaktad\u0131r.\r\n  <\/p>\r\n\r\n  <p style=\"margin:0 0 14px;\">\r\n    Standart do\u011frulama genellikle d\u0131\u015f g\u00f6rsel muayene, paketleme g\u00f6zden ge\u00e7irme ve mevcut belgelerin de\u011ferlendirilmesini i\u00e7erir. Tedarik\u00e7i taramas\u0131, i\u015flem ge\u00e7mi\u015fi, tedarik\u00e7i tan\u0131d\u0131\u011f\u0131 ve belge taml\u0131\u011f\u0131na dayanmaktad\u0131r. Yeniden yap\u0131lm\u0131\u015f veya yanl\u0131\u015f temsil g\u00f6stergelerini belirlemeye \u00f6zel \u00f6nem verilmektedir.\r\n  <\/p>\r\n\r\n  <p style=\"margin:0 0 18px;\">\r\n    Daha y\u00fcksek riskli uygulamalar veya m\u00fc\u015fteri talebi \u00fczerine, X-ray muayenesi, elektriksel veya i\u015flevsel testler ve MSD y\u00f6netimi gibi ek analizler yap\u0131labilir. Bu faaliyetler varsay\u0131lan olarak uygulanmaz ve uygulama gereksinimleri ve risk profiline g\u00f6re nitelikli \u00fc\u00e7\u00fcnc\u00fc taraf laboratuvarlar\u0131 arac\u0131l\u0131\u011f\u0131yla koordine edilir.\r\n  <\/p>\r\n\r\n  <h2 style=\"font-size:22px;line-height:1.3;color:#2c3e50;border-left:5px solid #d93025;padding-left:12px;margin:26px 0 12px;\">\r\n    Eski FPGA Ailelerinde Deneyim\r\n  <\/h2>\r\n\r\n  <p style=\"margin:0 0 14px;\">\r\n    Ba\u011f\u0131ms\u0131z kaynak sa\u011flama deste\u011fi genellikle uzun ya\u015fam d\u00f6ng\u00fcs\u00fcne sahip sistemlerde kullan\u0131lan eski ve NRND FPGA ailelerine uygulan\u0131r. Bu cihazlar, yeniden tasar\u0131m d\u00f6ng\u00fclerinin uzat\u0131ld\u0131\u011f\u0131 end\u00fcstriyel kontrol, ileti\u015fim altyap\u0131s\u0131, t\u0131bbi ekipman ve havac\u0131l\u0131k ile ilgili uygulamalarda s\u0131k\u00e7a kar\u015f\u0131la\u015f\u0131l\u0131r.\r\n  <\/p>\r\n\r\n  <p style=\"margin:0 0 18px;\">\r\n    S\u0131k\u00e7a kar\u015f\u0131la\u015f\u0131lan aileler aras\u0131nda daha eski Spartan ve Virtex serileri, erken Cyclone platformlar\u0131 ile uzun s\u00fcreli tasar\u0131mlarda kullan\u0131lan antif\u00fczyon veya fla\u015f tabanl\u0131 mimariler bulunmaktad\u0131r. Kaynak sa\u011flama g\u00f6z \u00f6n\u00fcnde bulundurulan aileye, paket t\u00fcr\u00fcne ve tarihsel depolama ko\u015fullar\u0131na g\u00f6re \u00f6nemli \u00f6l\u00e7\u00fcde farkl\u0131l\u0131k g\u00f6stermektedir ve vaka baz\u0131nda de\u011ferlendirilmelidir.\r\n  <\/p>\r\n\r\n  <h2 style=\"font-size:22px;line-height:1.3;color:#2c3e50;border-left:5px solid #d93025;padding-left:12px;margin:26px 0 12px;\">\r\n    Katma De\u011ferli \u0130\u015fleme ve Teknik Hususlar\r\n  <\/h2>\r\n\r\n  <p style=\"margin:0 0 14px;\">\r\n    Mevcutl\u0131k onay\u0131n\u0131n \u00f6tesinde, ba\u011f\u0131ms\u0131z kaynak sa\u011flama \u00fcretilebilirlik ve \u00fcretim serbestli\u011fi desteklemek i\u00e7in ek i\u015fleme gerektirebilir. Uzun s\u00fcre depolanan nem hassas cihazlar i\u00e7in, montaj riskini azaltmak amac\u0131yla f\u0131r\u0131nlama ve vakumlu yeniden paketleme uygulanabilir. Civa durumu endi\u015fesi olan ya\u015flanm\u0131\u015f bile\u015fenler i\u00e7in lehimleme testleri de dikkate al\u0131nabilir.\r\n  <\/p>\r\n\r\n  <p style=\"margin:0 0 18px;\">\r\n    Bu t\u00fcr \u00f6nlemler genellikle m\u00fc\u015fteri \u00fcretim ve kalite ekipleri ile koordinasyon i\u00e7inde de\u011ferlendirilmekte olup, standart uygulama olarak de\u011fil se\u00e7ici olarak uygulanmaktad\u0131r.\r\n  <\/p>\r\n\r\n  <h2 style=\"font-size:22px;line-height:1.3;color:#2c3e50;border-left:5px solid #d93025;padding-left:12px;margin:26px 0 12px;\">\r\n    Pazar \u0130stihbarat\u0131 ve Tedarik\u00e7i A\u011f\u0131\r\n  <\/h2>\r\n\r\n  <p style=\"margin:0 0 14px;\">\r\n    Modas\u0131 ge\u00e7mi\u015f FPGA bile\u015fenleri i\u00e7in mevcutluk, genellikle kamu envanter listeleri arac\u0131l\u0131\u011f\u0131yla g\u00f6r\u00fcn\u00fcr de\u011fildir. Ba\u011f\u0131ms\u0131z kaynak sa\u011flama, bunun yerine uygun pazar istihbarat\u0131 ve ara\u015ft\u0131r\u0131lm\u0131\u015f tedarik\u00e7i a\u011flar\u0131na dayan\u0131r; gerekti\u011finde OEM ve EMS kanallar\u0131ndan fazla envanter de\u011ferlendirmelerini i\u00e7erir.\r\n  <\/p>\r\n\r\n  <p style=\"margin:0 0 18px;\">\r\n    Tedarik\u00e7i eri\u015fimi, a\u00e7\u0131k pazar toplula\u015ft\u0131rma yerine i\u00e7 tarama kriterleri taraf\u0131ndan y\u00f6netilmektedir. Kaynak sa\u011flama kararlar\u0131, k\u0131sa vadeli mevcutl\u0131k yerine uygulanabilirlik, belge mevcutlu\u011fu ve risk uyumu ile y\u00f6nlendirilir.\r\n  <\/p>\r\n\r\n  <h2 style=\"font-size:22px;line-height:1.3;color:#2c3e50;border-left:5px solid #d93025;padding-left:12px;margin:26px 0 12px;\">\r\n    Ya\u015fam D\u00f6ng\u00fcs\u00fc ve Risk Y\u00f6netimi Perspektifi\r\n  <\/h2>\r\n\r\n  <p style=\"margin:0 0 14px;\">\r\n    Ba\u011f\u0131ms\u0131z kaynak sa\u011flama, daha geni\u015f bir ya\u015fam d\u00f6ng\u00fcs\u00fc ve modas\u0131 ge\u00e7me y\u00f6netimi stratejisinin bir unsuru olarak de\u011ferlendirilmelidir. K\u0131sa ve orta vadeli s\u00fcreklili\u011fi desteklese de, uzun vadeli planlama, son sat\u0131n alma senaryolar\u0131, form-fonksiyon alternatifleri veya yeniden tasar\u0131m yollar\u0131n\u0131n de\u011ferlendirilmesini gerektirebilir.\r\n  <\/p>\r\n\r\n  <p style=\"margin:0 0 18px;\">\r\n    Uzun vadeli mevcutluk ve risk azalt\u0131m\u0131 i\u00e7in yap\u0131land\u0131r\u0131lm\u0131\u015f yakla\u015f\u0131mlar i\u00e7in kaynaklar\u0131m\u0131za ba\u015fvurun.\r\n    <a href=\"https:\/\/fpgasourcing.com\/tr\/fpga-lifecycle-management\/\" style=\"color:#1a73e8;text-decoration:underline;\">\r\n      FPGA Ya\u015fam D\u00f6ng\u00fcs\u00fc Y\u00f6netimi\r\n    <\/a>\r\n    resources.\r\n  <\/p>\r\n\r\n  <h2 style=\"font-size:22px;line-height:1.3;color:#2c3e50;border-left:5px solid #d93025;padding-left:12px;margin:26px 0 12px;\">\r\n    Uyumluluk Hususlar\u0131\r\n  <\/h2>\r\n\r\n  <p style=\"margin:0 0 18px;\">\r\n    D\u00fczenlemelere tabi end\u00fcstriler i\u00e7in, uyumluluk incelemesi, uygulanabilir oldu\u011funda kaynak de\u011ferlendirmesinin bir par\u00e7as\u0131n\u0131 olu\u015fturur. RoHS ve REACH durumu, destekleyici belgeler mevcut oldu\u011funda, \u00f6zellikle end\u00fcstriyel ve altyap\u0131 uygulamalar\u0131 i\u00e7in g\u00f6zden ge\u00e7irilebilir. \u00c7at\u0131\u015fan mineraller fark\u0131ndal\u0131\u011f\u0131 ve tedarik\u00e7i titizli\u011fi de genel risk de\u011ferlendirme s\u00fcrecinin bir par\u00e7as\u0131 olarak dikkate al\u0131nmaktad\u0131r.\r\n  <\/p>\r\n\r\n  <h2 style=\"font-size:22px;line-height:1.3;color:#2c3e50;border-left:5px solid #d93025;padding-left:12px;margin:26px 0 12px;\">\r\n    Sonraki Ad\u0131mlar\r\n  <\/h2>\r\n\r\n  <p style=\"margin:0 0 14px;\">\r\n    Eski FPGA mevcutluk zorluklar\u0131n\u0131 y\u00f6netiyorsan\u0131z, ba\u011f\u0131ms\u0131z kaynak sa\u011flama uygunlu\u011fu belirli cihaz listeniz ve uygulama k\u0131s\u0131tlamalar\u0131n\u0131za g\u00f6re de\u011ferlendirilebilir.\r\n  <\/p>\r\n\r\n  <p style=\"margin:0 0 0;\">\r\n    <a href=\"https:\/\/fpgasourcing.com\/tr\/request-a-quote\/\" style=\"color:#1a73e8;text-decoration:underline;font-weight:600;\">\r\n      Kaynak sa\u011flama uygunlu\u011fu incelemesi i\u00e7in bir BOM g\u00f6nderin.\r\n    <\/a>\r\n    <span style=\"display:block;margin-top:8px;color:#666;font-size:14px;line-height:1.6;\">\r\n      Bu inceleme, i\u015flem fiyatland\u0131rmas\u0131ndan ziyade mevcutl\u0131k riski, kaynak k\u0131s\u0131tlamalar\u0131 ve ya\u015fam d\u00f6ng\u00fcs\u00fc etkilerine odaklanmaktad\u0131r.\r\n    <\/span>\r\n  <\/p>\r\n\r\n<\/div>\r\n\t\t\t\t<\/div>\n\t\t\t\t\t<\/div>\n\t\t\t\t<\/div>\n\t\t\t\t<\/div>","protected":false},"excerpt":{"rendered":"<p>Independent Sourcing Support for Legacy &amp; Obsolete FPGA Components As FPGA devices reach end-of-life (EOL) or enter restricted allocation phases, traditional authorized distribution channels may no longer provide consistent or predictable availability. In such cases, procurement teams often require independent sourcing support to maintain production continuity, service obligations, and long-term program stability. Independent sourcing is [&hellip;]<\/p>\n","protected":false},"author":1,"featured_media":0,"parent":0,"menu_order":0,"comment_status":"closed","ping_status":"closed","template":"","meta":{"rank_math_title":"","rank_math_description":"","footnotes":""},"class_list":["post-119","page","type-page","status-publish","hentry"],"_links":{"self":[{"href":"https:\/\/fpgasourcing.com\/tr\/wp-json\/wp\/v2\/pages\/119","targetHints":{"allow":["GET"]}}],"collection":[{"href":"https:\/\/fpgasourcing.com\/tr\/wp-json\/wp\/v2\/pages"}],"about":[{"href":"https:\/\/fpgasourcing.com\/tr\/wp-json\/wp\/v2\/types\/page"}],"author":[{"embeddable":true,"href":"https:\/\/fpgasourcing.com\/tr\/wp-json\/wp\/v2\/users\/1"}],"replies":[{"embeddable":true,"href":"https:\/\/fpgasourcing.com\/tr\/wp-json\/wp\/v2\/comments?post=119"}],"version-history":[{"count":4,"href":"https:\/\/fpgasourcing.com\/tr\/wp-json\/wp\/v2\/pages\/119\/revisions"}],"predecessor-version":[{"id":128,"href":"https:\/\/fpgasourcing.com\/tr\/wp-json\/wp\/v2\/pages\/119\/revisions\/128"}],"wp:attachment":[{"href":"https:\/\/fpgasourcing.com\/tr\/wp-json\/wp\/v2\/media?parent=119"}],"curies":[{"name":"wp","href":"https:\/\/api.w.org\/{rel}","templated":true}]}}