{"id":99,"date":"2026-01-31T13:40:52","date_gmt":"2026-01-31T13:40:52","guid":{"rendered":"https:\/\/fpgasourcing.com\/?page_id=99"},"modified":"2026-01-31T14:30:51","modified_gmt":"2026-01-31T14:30:51","slug":"fpga-lifecycle-management","status":"publish","type":"page","link":"https:\/\/fpgasourcing.com\/pl\/fpga-lifecycle-management\/","title":{"rendered":"FPGA Lifecycle Management: EOL Planning, Risk Mitigation &amp; Long-Term Supply"},"content":{"rendered":"<div data-elementor-type=\"wp-page\" data-elementor-id=\"99\" class=\"elementor elementor-99\" data-elementor-post-type=\"page\">\n\t\t\t\t<div class=\"elementor-element elementor-element-3765592 e-flex e-con-boxed e-con e-parent\" data-id=\"3765592\" data-element_type=\"container\" data-e-type=\"container\">\n\t\t\t\t\t<div class=\"e-con-inner\">\n\t\t\t\t<div class=\"elementor-element elementor-element-3c12484 elementor-widget elementor-widget-html\" data-id=\"3c12484\" data-element_type=\"widget\" data-e-type=\"widget\" data-widget_type=\"html.default\">\n\t\t\t\t\t<main class=\"fpga-lifecycle-page\">\r\n\r\n<style>\r\n  :root{\r\n    --ink:#0a2540;\r\n    --blue:#0061ff;\r\n    --text:#425466;\r\n    --muted:#6b7c93;\r\n    --bg:#ffffff;\r\n    --soft:#f6f9fc;\r\n    --soft2:#f0f7ff;\r\n    --border:#e6ebf1;\r\n    --warn:#b45309;\r\n    --bad:#b91c1c;\r\n    --shadow:0 10px 28px rgba(10,37,64,.08);\r\n  }\r\n\r\n  .fpga-lifecycle-page{\r\n    font-family: \"Segoe UI\", Roboto, Helvetica, Arial, sans-serif;\r\n    line-height:1.7;\r\n    color:var(--text);\r\n    background:var(--bg);\r\n    width: 100%;\r\n    margin:0 auto;\r\n    padding:40px 20px 80px;\r\n  }\r\n\r\n  h1{\r\n    font-size:2.5rem;\r\n    color:var(--ink);\r\n    letter-spacing:-0.02em;\r\n    margin-bottom:14px;\r\n  }\r\n\r\n  h2{\r\n    margin-top:56px;\r\n    margin-bottom:18px;\r\n    font-size:1.9rem;\r\n    color:var(--ink);\r\n    border-left:4px solid var(--blue);\r\n    padding-left:14px;\r\n  }\r\n\r\n  h3{\r\n    margin-top:28px;\r\n    font-size:1.25rem;\r\n    color:var(--ink);\r\n  }\r\n\r\n  p{\r\n    font-size:1.08rem;\r\n    margin-bottom:16px;\r\n  }\r\n\r\n  .lead{\r\n    background:var(--soft);\r\n    border:1px solid var(--border);\r\n    border-radius:16px;\r\n    padding:22px;\r\n    box-shadow:var(--shadow);\r\n  }\r\n\r\n  .lead strong{color:var(--ink)}\r\n\r\n  .two-col{\r\n    display:grid;\r\n    grid-template-columns:1fr 1fr;\r\n    gap:18px;\r\n  }\r\n\r\n  .card{\r\n    border:1px solid var(--border);\r\n    border-radius:14px;\r\n    padding:18px;\r\n    background:#fff;\r\n    box-shadow:0 8px 24px rgba(10,37,64,.06);\r\n  }\r\n\r\n  .card.soft{\r\n    background:var(--soft2);\r\n    border-color:#cce3ff;\r\n  }\r\n\r\n  .mini{\r\n    color:var(--muted);\r\n    font-size:.98rem;\r\n  }\r\n\r\n  .table-wrap{\r\n    margin-top:20px;\r\n    border:1px solid var(--border);\r\n    border-radius:14px;\r\n    overflow:hidden;\r\n  }\r\n\r\n  table{\r\n    width:100%;\r\n    border-collapse:collapse;\r\n  }\r\n\r\n  th{\r\n    background:var(--ink);\r\n    color:#fff;\r\n    text-align:left;\r\n    padding:14px;\r\n    font-size:1rem;\r\n  }\r\n\r\n  td{\r\n    padding:14px;\r\n    border-bottom:1px solid var(--border);\r\n    vertical-align:top;\r\n    background:#fff;\r\n  }\r\n\r\n  tr:nth-child(even) td{\r\n    background:#f9fbff;\r\n  }\r\n\r\n  .risk-high{color:var(--bad); font-weight:700;}\r\n  .risk-mid{color:var(--warn); font-weight:700;}\r\n\r\n  .steps{\r\n    display:grid;\r\n    grid-template-columns:repeat(auto-fit,minmax(240px,1fr));\r\n    gap:16px;\r\n  }\r\n\r\n  .step{\r\n    border:1px solid var(--border);\r\n    border-radius:14px;\r\n    padding:18px;\r\n    background:#fff;\r\n  }\r\n\r\n  .step-num{\r\n    width:36px;\r\n    height:36px;\r\n    border-radius:10px;\r\n    background:rgba(0,97,255,.12);\r\n    color:var(--blue);\r\n    font-weight:800;\r\n    display:flex;\r\n    align-items:center;\r\n    justify-content:center;\r\n    margin-bottom:10px;\r\n  }\r\n\r\n  .tags{\r\n    display:flex;\r\n    flex-wrap:wrap;\r\n    gap:10px;\r\n    margin-top:14px;\r\n  }\r\n\r\n  .tag{\r\n    background:#e9eef6;\r\n    border:1px solid var(--border);\r\n    padding:6px 12px;\r\n    border-radius:8px;\r\n    font-size:.95rem;\r\n    font-weight:700;\r\n    color:var(--ink);\r\n  }\r\n\r\n  .cta{\r\n    margin-top:64px;\r\n    padding:28px;\r\n    background:linear-gradient(180deg,#f6f9fc,#ffffff);\r\n    border:1px solid var(--border);\r\n    border-radius:18px;\r\n    text-align:center;\r\n    box-shadow:var(--shadow);\r\n  }\r\n\r\n  .cta h2{\r\n    border:none;\r\n    padding:0;\r\n    margin-top:0;\r\n    font-size:1.8rem;\r\n  }\r\n\r\n  .cta p{\r\n    max-width:900px;\r\n    margin:0 auto 18px;\r\n    color:var(--muted);\r\n  }\r\n\r\n  .btn{\r\n    display:inline-block;\r\n    padding:14px 26px;\r\n    background:var(--blue);\r\n    color:#fff;\r\n    border-radius:10px;\r\n    font-weight:800;\r\n    text-decoration:none;\r\n  }\r\n\r\n  .btn:hover{\r\n    background:#004ecc;\r\n  }\r\n\r\n  @media(max-width:900px){\r\n    .two-col{grid-template-columns:1fr}\r\n    h1{font-size:2.1rem}\r\n  }\r\n<\/style>\r\n\r\n<h1>Zarz\u0105dzanie cyklem \u017cycia FPGA: Planowanie EOL, \u0142agodzenie ryzyka i d\u0142ugoterminowe dostawy<\/h1>\r\n\r\n<div class=\"lead\">\r\n  <p>\r\n    W bran\u017cach o d\u0142ugim cyklu \u017cycia, takich jak automatyka przemys\u0142owa, elektronika medyczna i infrastruktura transportowa, dost\u0119pno\u015b\u0107 FPGA rzadko jest zgodna z czasem eksploatacji systemu. Podczas gdy wdro\u017cone platformy mog\u0105 wymaga\u0107 wsparcia przez\r\n    <strong>10\u201320 lat lub d\u0142u\u017cej<\/strong>, rodziny FPGA mog\u0105 osi\u0105gn\u0105\u0107 <strong>ko\u0144czenie \u017cycia (EOL)<\/strong> lub sta\u0107 si\u0119\r\n    <strong>przestarza\u0142e<\/strong> znacznie wcze\u015bniej.\r\n  <\/p>\r\n  <p class=\"mini\">\r\n    Bez proaktywnego planowania, dostawy przestarza\u0142ych FPGA staj\u0105 si\u0119 problemem reaktywnym \u2014 cz\u0119sto zmuszaj\u0105c producent\u00f3w OEM do nieplanowanych przer\u00f3bek projekt\u00f3w, powt\u00f3rnego walidowania lub nara\u017cenia na wysokie ryzyko na rynkach wt\u00f3rnych.\r\n  <\/p>\r\n<\/div>\r\n\r\n<h2>Planowanie EOL dla urz\u0105dze\u0144 FPGA przestarza\u0142ych i wycofanych<\/h2>\r\n\r\n<p>\r\n  Skuteczne zarz\u0105dzanie cyklem \u017cycia FPGA zaczyna si\u0119 znacznie przed oficjalnym powiadomieniem o zaprzestaniu produkcji produktu (PDN). W praktyce, <strong>pozyskiwanie przestarza\u0142ych FPGA<\/strong> wyzwania cz\u0119sto pojawiaj\u0105 si\u0119 stopniowo w wyniku presji alokacyjnej,\r\n<\/p>\r\n\r\n<div class=\"two-col\">\r\n  <div class=\"card\">\r\n    <h3>zmienno\u015bci czas\u00f3w realizacji i zmniejszonej dost\u0119pno\u015bci kana\u0142\u00f3w.<\/h3>\r\n    <ul>\r\n      <li>Wczesne sygna\u0142y ryzyka<\/li>\r\n      <li>Zwi\u0119kszona cz\u0119stotliwo\u015b\u0107 og\u0142osze\u0144 PCN<\/li>\r\n      <li>D\u0142u\u017csze lub niestabilne czasy realizacji z autoryzowanych kana\u0142\u00f3w<\/li>\r\n      <li>Zmiany w mapie drogowej producenta w kierunku innej rodziny urz\u0105dze\u0144<\/li>\r\n    <\/ul>\r\n  <\/div>\r\n\r\n  <div class=\"card soft\">\r\n    <h3>Rosn\u0105ce r\u00f3\u017cnice cenowe na rynku niezale\u017cnym<\/h3>\r\n    <ul>\r\n      <li>Dlaczego producenci OEM op\u00f3\u017aniaj\u0105 \u2014 i koszt<\/li>\r\n      <li>Koszty projekt\u00f3w NRE cz\u0119sto przekraczaj\u0105 wst\u0119pne oszcz\u0119dno\u015bci na komponentach<\/li>\r\n      <li>Weryfikacja oprogramowania i systemu musi by\u0107 powt\u00f3rzona<\/li>\r\n      <li>Dokumentacja regulacyjna mo\u017ce wymaga\u0107 aktualizacji lub przegl\u0105du<\/li>\r\n    <\/ul>\r\n  <\/div>\r\n<\/div>\r\n\r\n<h2>Ci\u0119\u017cko\u015b\u0107 kontynuacji produkcji staje si\u0119 niepewna<\/h2>\r\n\r\n<p>\r\n  Etapy cyklu \u017cycia i strategia zakupowa\r\n<\/p>\r\n\r\n<div class=\"table-wrap\">\r\n  <table>\r\n    <thead>\r\n      <tr>\r\n        <th>Priorytety zakupowe powinny ewoluowa\u0107 wraz z etapem cyklu \u017cycia. Poni\u017csza tabela przedstawia zalecane dzia\u0142ania, z szczeg\u00f3lnym uwzgl\u0119dnieniem urz\u0105dze\u0144 FPGA na ko\u0144cu \u017cycia i wycofanych.<\/th>\r\n        <th>Etap<\/th>\r\n        <th>Charakterystyka rynku<\/th>\r\n      <\/tr>\r\n    <\/thead>\r\n    <tbody>\r\n      <tr>\r\n        <td><strong>Skupienie na zakupach<\/strong><\/td>\r\n        <td>Aktywny<\/td>\r\n        <td>Stabilna produkcja, normalne czasy realizacji, pe\u0142ne wsparcie fabryki<\/td>\r\n      <\/tr>\r\n      <tr>\r\n        <td><strong>Dopasowanie prognozy, planowanie bufor\u00f3w, wczesna ocena alternatyw<\/strong><\/td>\r\n        <td>Dojrza\u0142y<\/td>\r\n        <td>Nowe projekty nie s\u0105 zalecane, wczesna aktywno\u015b\u0107 PCN<\/td>\r\n      <\/tr>\r\n      <tr>\r\n        <td><strong>Ocena ryzyka, monitorowanie mapy drogowej, przygotowanie scenariuszy EOL<\/strong><\/td>\r\n        <td>Spadkowy<\/td>\r\n        <td class=\"risk-mid\">Wydany PDN, napi\u0119cie alokacyjne<\/td>\r\n      <\/tr>\r\n      <tr>\r\n        <td><strong>Planowanie i realizacja ostatnich zakup\u00f3w (LTB)<\/strong><\/td>\r\n        <td>EOL \/ Przestarza\u0142e<\/td>\r\n        <td class=\"risk-high\">Brak produkcji fabrycznej, wyczerpanie kana\u0142\u00f3w<\/td>\r\n      <\/tr>\r\n    <\/tbody>\r\n  <\/table>\r\n<\/div>\r\n\r\n<h2>Pozyskiwanie przestarza\u0142ych FPGA za po\u015brednictwem \u015bcis\u0142ej niezale\u017cnej dostawy<\/h2>\r\n\r\n<p>\r\n  Realizacja zakup\u00f3w dla przestarza\u0142ego pozyskiwania FPGA\r\n<\/p>\r\n\r\n<div class=\"steps\">\r\n  <div class=\"step\">\r\n    <div class=\"step-num\">1<\/div>\r\n    <strong>Gdy urz\u0105dzenia osi\u0105gaj\u0105 EOL, realizacja zaopatrzenia \u2014 a nie teoria projektowania \u2014 decyduje o sukcesie. Na tym etapie wa\u017cniejsze s\u0105 dost\u0119pno\u015b\u0107, autentyczno\u015b\u0107 i dyscyplina dostaw ni\u017c nominalne ceny.<\/strong>\r\n    <p class=\"mini\">\r\n      R\u0119czne \u015bledzenie PCN \/ PDN\r\n    <\/p>\r\n  <\/div>\r\n\r\n  <div class=\"step\">\r\n    <div class=\"step-num\">2<\/div>\r\n    <strong>Monitorowanie og\u0142osze\u0144 producenta, publicznych powiadomie\u0144 i bezpo\u015bredniej komunikacji w celu wczesnego zidentyfikowania ryzyka zaprzestania produkcji.<\/strong>\r\n    <p class=\"mini\">\r\n      Planowanie i koordynacja LTB\r\n    <\/p>\r\n  <\/div>\r\n\r\n  <div class=\"step\">\r\n    <div class=\"step-num\">3<\/div>\r\n    <strong>Wsparcie w szacowaniu popytu na ca\u0142e \u017cycie i koordynowanie czasu zakupu przed zamkni\u0119ciem okien zam\u00f3wie\u0144.<\/strong>\r\n    <p class=\"mini\">\r\n      Pozyskiwanie przestarza\u0142ych FPGA\r\n    <\/p>\r\n  <\/div>\r\n\r\n  <div class=\"step\">\r\n    <div class=\"step-num\">4<\/div>\r\n    <strong>Testy antyfa\u0142szywe przez osoby trzecie<\/strong>\r\n    <p class=\"mini\">\r\n      Wsp\u00f3\u0142praca z kwalifikowanymi zewn\u0119trznymi laboratoriami w celu przeprowadzania inspekcji, test\u00f3w elektrycznych i weryfikacji w razie potrzeby.\r\n    <\/p>\r\n  <\/div>\r\n\r\n  <div class=\"step\">\r\n    <div class=\"step-num\">5<\/div>\r\n    <strong>Wsparcie w kr\u00f3tkoterminowym przechowywaniu i dostawie<\/strong>\r\n    <p class=\"mini\">\r\n      Koordynowanie dostaw etapowych i kr\u00f3tkoterminowego sk\u0142adowania w celu dostosowania dostaw do harmonogram\u00f3w produkcji.\r\n    <\/p>\r\n  <\/div>\r\n<\/div>\r\n\r\n<h2>Dostarczanie do przemys\u0142\u00f3w o d\u0142ugim cyklu \u017cycia z fokusowaniem na UE<\/h2>\r\n\r\n<p>\r\n  Te wyzwania s\u0105 najostrzejsze w bran\u017cach z rygorystycznymi wymaganiami dotycz\u0105cymi ci\u0105g\u0142o\u015bci i d\u0142ugoterminowymi obowi\u0105zkami wsparcia w terenie. Nasze us\u0142ugi s\u0105 g\u0142\u00f3wnie dopasowane do europejskich producent\u00f3w OEM, przy czym szersze wsparcie w zakresie zaopatrzenia podlega polityce firmy.\r\n<\/p>\r\n\r\n<div class=\"tags\">\r\n  <span class=\"tag\">Automatyzacja przemys\u0142owa<\/span>\r\n  <span class=\"tag\">Elektronika medyczna<\/span>\r\n  <span class=\"tag\">Systemy transportowe<\/span>\r\n  <span class=\"tag\">Energia i infrastruktura<\/span>\r\n<\/div>\r\n\r\n<p class=\"mini\">\r\n  W naszej roli nie jest zast\u0119powanie decyzji in\u017cynieryjnych, ale realizacja zdyscyplinowanych strategii zakupowych, kt\u00f3re zmniejszaj\u0105 ryzyko, gdy urz\u0105dzenia FPGA staj\u0105 si\u0119 przestarza\u0142e lub zostaj\u0105 wycofane. <strong>HK EQGOO LIMITED<\/strong>Zaplanuj zapotrzebowanie na przestarza\u0142e urz\u0105dzenia FPGA, zanim rynek wymusi na to decyzj\u0119\r\n<\/p>\r\n\r\n<div class=\"cta\">\r\n  <h2>Je\u015bli otrzymujesz powiadomienia o zako\u0144czeniu produkcji, naciski na alokacj\u0119 lub wyzwania zwi\u0105zane z wycofaniem urz\u0105dze\u0144 FPGA, mo\u017cemy pom\u00f3c oceni\u0107 ryzyko i koordynowa\u0107 niezawodne zaopatrzenie zgodne z Twoim planem produkcji.<\/h2>\r\n  <p>\r\n    If you are facing EOL notices, allocation pressure, or discontinued FPGA challenges,\r\n    we can help you assess risk and coordinate reliable sourcing aligned with your production roadmap.\r\n  <\/p>\r\n  <a class=\"btn\" href=\"https:\/\/fpgasourcing.com\/pl\/contact\/\">Skontaktuj si\u0119 z naszym zespo\u0142em<\/a>\r\n  <p class=\"mini\" style=\"margin-top:12px;\">\r\n    Wolisz e-mail? <a href=\"mailto:support@fpgasourcing.com\">support@fpgasourcing.com<\/a>\r\n  <\/p>\r\n<\/div>\r\n\r\n<\/main>\r\n\t\t\t\t<\/div>\n\t\t\t\t\t<\/div>\n\t\t\t\t<\/div>\n\t\t\t\t<\/div>","protected":false},"excerpt":{"rendered":"<p>FPGA Lifecycle Management: EOL Planning, Risk Mitigation &#038; Long-Term Supply In long-lifecycle industries such as industrial automation, medical electronics, and transportation infrastructure, FPGA availability rarely aligns with system service life. While deployed platforms may require support for 10\u201320 years or more, FPGA families can reach End-of-Life (EOL) or become obsolete much earlier. Without proactive planning, [&hellip;]<\/p>\n","protected":false},"author":1,"featured_media":0,"parent":0,"menu_order":0,"comment_status":"closed","ping_status":"closed","template":"","meta":{"rank_math_title":"FPGA Lifecycle Management: EOL Planning &amp; Obsolete FPGA Sourcing","rank_math_description":"Manage FPGA EOL risk and obsolete FPGA sourcing with disciplined procurement execution. We support European OEMs with EOL planning, discontinued FPGA supply and risk mitigation.\n","footnotes":""},"class_list":["post-99","page","type-page","status-publish","hentry"],"_links":{"self":[{"href":"https:\/\/fpgasourcing.com\/pl\/wp-json\/wp\/v2\/pages\/99","targetHints":{"allow":["GET"]}}],"collection":[{"href":"https:\/\/fpgasourcing.com\/pl\/wp-json\/wp\/v2\/pages"}],"about":[{"href":"https:\/\/fpgasourcing.com\/pl\/wp-json\/wp\/v2\/types\/page"}],"author":[{"embeddable":true,"href":"https:\/\/fpgasourcing.com\/pl\/wp-json\/wp\/v2\/users\/1"}],"replies":[{"embeddable":true,"href":"https:\/\/fpgasourcing.com\/pl\/wp-json\/wp\/v2\/comments?post=99"}],"version-history":[{"count":5,"href":"https:\/\/fpgasourcing.com\/pl\/wp-json\/wp\/v2\/pages\/99\/revisions"}],"predecessor-version":[{"id":115,"href":"https:\/\/fpgasourcing.com\/pl\/wp-json\/wp\/v2\/pages\/99\/revisions\/115"}],"wp:attachment":[{"href":"https:\/\/fpgasourcing.com\/pl\/wp-json\/wp\/v2\/media?parent=99"}],"curies":[{"name":"wp","href":"https:\/\/api.w.org\/{rel}","templated":true}]}}