{"id":508,"date":"2026-02-07T04:14:55","date_gmt":"2026-02-07T04:14:55","guid":{"rendered":"https:\/\/fpgasourcing.com\/?page_id=508"},"modified":"2026-02-07T04:15:10","modified_gmt":"2026-02-07T04:15:10","slug":"xc3s400-4fg320c","status":"publish","type":"page","link":"https:\/\/fpgasourcing.com\/pl\/part\/xc3s400-4fg320c\/","title":{"rendered":"AMD XC3S400-4FG320C"},"content":{"rendered":"<div data-elementor-type=\"wp-page\" data-elementor-id=\"508\" class=\"elementor elementor-508\" data-elementor-post-type=\"page\">\n\t\t\t\t<div class=\"elementor-element elementor-element-3676800 e-flex e-con-boxed e-con e-parent\" data-id=\"3676800\" data-element_type=\"container\" data-e-type=\"container\">\n\t\t\t\t\t<div class=\"e-con-inner\">\n\t\t\t\t<div class=\"elementor-element elementor-element-4bf5b69 elementor-widget elementor-widget-html\" data-id=\"4bf5b69\" data-element_type=\"widget\" data-e-type=\"widget\" data-widget_type=\"html.default\">\n\t\t\t\t\t<!-- WP Block XC3S400-4FG320C | v1.5-static-template -->\r\n<script type=\"application\/ld+json\">{\n    \"@context\": \"https:\\\/\\\/schema.org\\\/\",\n    \"@type\": \"Product\",\n    \"name\": \"XC3S400-4FG320C\",\n    \"brand\": {\n        \"@type\": \"Brand\",\n        \"name\": \"AMD\"\n    },\n    \"sku\": \"XC3S400-4FG320C\",\n    \"offers\": {\n        \"@type\": \"Offer\",\n        \"availability\": \"https:\\\/\\\/schema.org\\\/LimitedAvailability\",\n        \"url\": \"https:\\\/\\\/fpgasourcing.com\\\/request-a-quote\\\/\",\n        \"priceCurrency\": \"USD\"\n    }\n}<\/script><div style=\"font-family: -apple-system, BlinkMacSystemFont, 'Segoe UI', Roboto, sans-serif; line-height: 1.6; color: #1f2937; max-width: 900px; margin: 0 auto; padding: 20px;\"><title>XC3S400-4FG320C Procurement & Sourcing | AMD | B2B<\/title><meta name=\"description\" content=\"The XC3S400-4FG320C has been deployed across mature system architectures that remain in active service within industrial and embedded environments. Given i...\"> <header style=\"margin-bottom: 24px; border-bottom: 2px solid #e5e7eb; padding-bottom: 20px;\"> <p style=\"color: #2563eb; font-size: 12px; font-weight: 600; text-transform: uppercase; letter-spacing: 0.05em; margin-bottom: 8px;\">Referencja zakupu AMD Spartan\u00ae-3<\/p> <h1 style=\"font-size: 32px; margin: 0 0 8px 0; color: #111827;\">XC3S400-4FG320C<\/h1> <p style=\"font-size: 16px; color: #6b7280; margin: 0;\">Globalne \u017ar\u00f3d\u0142a komponent\u00f3w B2B i dokumentacja \u0142a\u0144cucha dostaw<\/p> <\/header> <div style=\"display: flex; gap: 8px; margin-bottom: 24px; flex-wrap: wrap;\"> <span style=\"background: #f8fafc; color: #475569; padding: 4px 12px; border-radius: 4px; font-size: 11px; font-weight: 600; border: 1px solid #e2e8f0; text-transform: uppercase;\">\u0179r\u00f3d\u0142a zweryfikowane<\/span> <span style=\"background: #f8fafc; color: #475569; padding: 4px 12px; border-radius: 4px; font-size: 11px; font-weight: 600; border: 1px solid #e2e8f0; text-transform: uppercase;\">Gwarantowana jako\u015b\u0107<\/span> <span style=\"background: #f8fafc; color: #475569; padding: 4px 12px; border-radius: 4px; font-size: 11px; font-weight: 600; border: 1px solid #e2e8f0; text-transform: uppercase;\">\u015aledzenie zgodno\u015bci<\/span> <\/div><div style=\"background: #fffbeb; border-left: 4px solid #f59e0b; padding: 16px; margin-bottom: 32px; border-radius: 0 8px 8px 0;\"><strong style=\"color: #92400e;\">Notatka weryfikacyjna:<\/strong><p style=\"margin: 8px 0 0 0; color: #78350f; font-size: 14px;\">Wskazany status: <strong>Dojrzale\/Stare (wymagana weryfikacja)<\/strong>. <a href=\"https:\/\/fpgasourcing.com\/pl\/request-a-quote\/\" style=\"color: #92400e; text-decoration: underline; font-weight: 600;\">Z\u0142o\u017cenie RFQ<\/a> wymagane do weryfikacji w czasie rzeczywistym.<\/p><\/div> <div style=\"margin-bottom: 24px;\"> <a href=\"https:\/\/cdn.fpgasourcing.com\/PDF\/ds099.pdf\" target=\"_blank\" rel=\"noopener\" style=\"display: inline-flex; align-items: center; background: #dc2626; color: white; padding: 10px 20px; text-decoration: none; border-radius: 6px; font-weight: 600; font-size: 14px;\"> <svg style=\"width: 16px; height: 16px; margin-right: 8px; fill: currentColor;\" viewbox=\"0 0 20 20\"><path d=\"M9 2a1 1 0 000 2h2a1 1 0 100-2H9z\"\/><path fill-rule=\"evenodd\" d=\"M4 5a2 2 0 012-2 1 1 0 000 2H6a2 2 0 00-2 2v6a2 2 0 002 2h2a1 1 0 100-2H6V7h5a1 1 0 011 1v5h2V8a3 3 0 00-3-3H6z\" clip-rule=\"evenodd\"\/><\/svg> Zobacz arkusz danych (PDF) <\/a> <span style=\"color: #6b7280; font-size: 13px; margin-left: 12px;\">Dokumentacja techniczna dla XC3S400-4FG320C<\/span> <\/div><main><section style=\"margin-bottom: 32px;\"><h2 style=\"color: #1f2937; font-size: 20px; margin-bottom: 16px; border-bottom: 2px solid #e5e7eb; padding-bottom: 8px;\">Kontekst aplikacji<\/h2><div style=\"background: #f9fafb; border-left: 4px solid #6b7280; padding: 20px; border-radius: 0 8px 8px 0;\"><p style=\"color: #4b5563; line-height: 1.7; font-size: 15px; margin: 0;\">XC3S400-4FG320C zosta\u0142 wdro\u017cony w dojrza\u0142ych architekturach systemowych, kt\u00f3re pozostaj\u0105 w aktywnej s\u0142u\u017cbie w \u015brodowiskach przemys\u0142owych i wbudowanych. Bior\u0105c pod uwag\u0119 jego stan cyklu \u017cycia, ten FPGA jest najcz\u0119\u015bciej pozyskiwany dzi\u015b w celu wsparcia program\u00f3w d\u0142ugoterminowego utrzymania, uzupe\u0142niania zapas\u00f3w oraz kontrolowanej wymiany jednostek wdro\u017conych w terenie.\r\n\r\nDecyzje dotycz\u0105ce zakupu tego urz\u0105dzenia zazwyczaj priorytetowo traktuj\u0105 ci\u0105g\u0142o\u015b\u0107, \u015bledliwo\u015b\u0107 i weryfikacj\u0119 na poziomie partii, aby zapewni\u0107 zgodno\u015b\u0107 z istniej\u0105cymi bazami sprz\u0119towymi.<\/p><\/div><\/section>\r\n <section style=\"margin-bottom: 32px;\"> <h2 style=\"color: #1f2937; font-size: 20px; margin-bottom: 16px; border-bottom: 2px solid #e5e7eb; padding-bottom: 8px;\">Specyfikacje techniczne<\/h2> <div style=\"border: 1px solid #e5e7eb; border-radius: 8px; overflow: hidden;\"> <table style=\"width: 100%; border-collapse: collapse; font-size: 14px;\"><tbody> <tr style=\"border-bottom: 1px solid #f3f4f6;\"> <th style=\"padding: 12px 16px; text-align: left; width: 40%; color: #6b7280; font-weight: 500; background: #f9fafb; font-size: 14px;\">Producent<\/th> <td style=\"padding: 12px 16px; color: #1f2937; font-weight: 500; font-size: 14px;\">AMD<\/td> <\/tr> <tr style=\"border-bottom: 1px solid #f3f4f6;\"> <th style=\"padding: 12px 16px; text-align: left; width: 40%; color: #6b7280; font-weight: 500; background: #f9fafb; font-size: 14px;\">Numer cz\u0119\u015bci<\/th> <td style=\"padding: 12px 16px; color: #1f2937; font-weight: 500; font-size: 14px;\">XC3S400-4FG320C<\/td> <\/tr> <tr style=\"border-bottom: 1px solid #f3f4f6;\"> <th style=\"padding: 12px 16px; text-align: left; width: 40%; color: #6b7280; font-weight: 500; background: #f9fafb; font-size: 14px;\">Seria<\/th> <td style=\"padding: 12px 16px; color: #1f2937; font-weight: 500; font-size: 14px;\">Spartan\u00ae-3<\/td> <\/tr> <tr style=\"border-bottom: 1px solid #f3f4f6;\"> <th style=\"padding: 12px 16px; text-align: left; width: 40%; color: #6b7280; font-weight: 500; background: #f9fafb; font-size: 14px;\">Wskazany status<\/th> <td style=\"padding: 12px 16px; color: #1f2937; font-weight: 500; font-size: 14px;\">Dojrzale\/Stare (wymagana weryfikacja)<\/td> <\/tr> <tr style=\"border-bottom: 1px solid #f3f4f6;\"> <th style=\"padding: 12px 16px; text-align: left; width: 40%; color: #6b7280; font-weight: 500; background: #f9fafb; font-size: 14px;\">Opakowanie \/ Obudowa<\/th> <td style=\"padding: 12px 16px; color: #1f2937; font-weight: 500; font-size: 14px;\">320-BGA<\/td> <\/tr> <tr style=\"border-bottom: 1px solid #f3f4f6;\"> <th style=\"padding: 12px 16px; text-align: left; width: 40%; color: #6b7280; font-weight: 500; background: #f9fafb; font-size: 14px;\">Zakres temperatur<\/th> <td style=\"padding: 12px 16px; color: #1f2937; font-weight: 500; font-size: 14px;\">0\u00b0C ~ 85\u00b0C (TJ)<\/td> <\/tr> <tr style=\"border-bottom: 1px solid #f3f4f6;\"> <th style=\"padding: 12px 16px; text-align: left; width: 40%; color: #6b7280; font-weight: 500; background: #f9fafb; font-size: 14px;\">Elementy logiczne<\/th> <td style=\"padding: 12px 16px; color: #1f2937; font-weight: 500; font-size: 14px;\">8064<\/td> <\/tr> <tr style=\"border-bottom: 1px solid #f3f4f6;\"> <th style=\"padding: 12px 16px; text-align: left; width: 40%; color: #6b7280; font-weight: 500; background: #f9fafb; font-size: 14px;\">LABy \/ CLBy<\/th> <td style=\"padding: 12px 16px; color: #1f2937; font-weight: 500; font-size: 14px;\">896<\/td> <\/tr> <tr style=\"border-bottom: 1px solid #f3f4f6;\"> <th style=\"padding: 12px 16px; text-align: left; width: 40%; color: #6b7280; font-weight: 500; background: #f9fafb; font-size: 14px;\">\u0141\u0105czna ilo\u015b\u0107 bit\u00f3w RAM<\/th> <td style=\"padding: 12px 16px; color: #1f2937; font-weight: 500; font-size: 14px;\">294912<\/td> <\/tr> <tr style=\"border-bottom: 1px solid #f3f4f6;\"> <th style=\"padding: 12px 16px; text-align: left; width: 40%; color: #6b7280; font-weight: 500; background: #f9fafb; font-size: 14px;\">Liczba I\/O<\/th> <td style=\"padding: 12px 16px; color: #1f2937; font-weight: 500; font-size: 14px;\">221<\/td> <\/tr> <tr style=\"border-bottom: 1px solid #f3f4f6;\"> <th style=\"padding: 12px 16px; text-align: left; width: 40%; color: #6b7280; font-weight: 500; background: #f9fafb; font-size: 14px;\">Liczba bramek<\/th> <td style=\"padding: 12px 16px; color: #1f2937; font-weight: 500; font-size: 14px;\">400000<\/td> <\/tr> <tr style=\"border-bottom: 1px solid #f3f4f6;\"> <th style=\"padding: 12px 16px; text-align: left; width: 40%; color: #6b7280; font-weight: 500; background: #f9fafb; font-size: 14px;\">Napi\u0119cie zasilania<\/th> <td style=\"padding: 12px 16px; color: #1f2937; font-weight: 500; font-size: 14px;\">1,14V ~ 1,26V<\/td> <\/tr><\/tbody><\/table> <\/div> <\/section>\r\n <section style=\"margin-bottom: 32px;\"> <h2 style=\"color: #1f2937; font-size: 20px; margin-bottom: 16px; border-bottom: 2px solid #e5e7eb; padding-bottom: 8px;\">Zgodno\u015b\u0107 i jako\u015b\u0107<\/h2> <div style=\"display: grid; grid-template-columns: 1fr 1fr; gap: 16px; font-size: 13px; color: #4b5563;\"> <div style=\"padding: 16px; background: #f9fafb; border-radius: 6px; border: 1px solid #e5e7eb;\"> <strong style=\"color: #1f2937; display: block; margin-bottom: 6px; font-size: 14px;\">Podstawowa dokumentacja<\/strong>Certyfikat zgodno\u015bci oraz dokumentacja \u015bledzenia dostarczona. <\/div> <div style=\"padding: 16px; background: #f9fafb; border-radius: 6px; border: 1px solid #e5e7eb;\"> <strong style=\"color: #1f2937; display: block; margin-bottom: 6px; font-size: 14px;\">Zapobieganie fa\u0142szerstwom<\/strong>Zastosowane protoko\u0142y testowe SAE AS6081. Inspekcja wizualna i rentgenowska dost\u0119pna. <\/div> <div style=\"padding: 16px; background: #f9fafb; border-radius: 6px; border: 1px solid #e5e7eb;\"> <strong style=\"color: #1f2937; display: block; margin-bottom: 6px; font-size: 14px;\">\u015arodowisko<\/strong>Informacje o zgodno\u015bci z RoHS\/REACH dost\u0119pne na \u017c\u0105danie. <\/div> <div style=\"padding: 16px; background: #f9fafb; border-radius: 6px; border: 1px solid #e5e7eb;\"> <strong style=\"color: #1f2937; display: block; margin-bottom: 6px; font-size: 14px;\">Dodatkowe potrzeby<\/strong>Specjalne testy lub dokumentacja om\u00f3wiona podczas zapytania. <\/div> <\/div> <\/section>\r\n <section style=\"margin-bottom: 32px;\"> <h2 style=\"color: #1f2937; font-size: 20px; margin-bottom: 16px; border-bottom: 2px solid #e5e7eb; padding-bottom: 8px;\">Ocena ryzyka w \u0142a\u0144cuchu dostaw<\/h2> <div style=\"overflow-x: auto; border: 1px solid #e5e7eb; border-radius: 8px; margin-bottom: 16px;\"> <table style=\"width: 100%; border-collapse: collapse; font-size: 14px;\"> <thead style=\"background: #f9fafb;\"><tr><th style=\"padding: 12px; text-align: left;\">Kategoria<\/th><th style=\"padding: 12px; text-align: left;\">Poziom<\/th><th style=\"padding: 12px; text-align: left;\">Czynnik ryzyka<\/th><th style=\"padding: 12px; text-align: left;\">Mitigacja<\/th><\/tr><\/thead> <tbody> <tr style=\"border-bottom: 1px solid #e5e7eb;\"> <td style=\"padding: 12px; font-weight: 500; font-size: 14px;\">Ci\u0105g\u0142o\u015b\u0107 dostaw<\/td> <td style=\"padding: 12px;\"><span style=\"display: inline-block; padding: 2px 8px; border-radius: 12px; font-size: 11px; font-weight: 600; background: #fee2e2; color: #991b1b;\">Do oceny<\/span><\/td> <td style=\"padding: 12px; color: #4b5563; font-size: 13px;\">Status cyklu \u017cycia wymaga weryfikacji<\/td> <td style=\"padding: 12px; color: #4b5563; font-size: 13px;\">Ocena LTB, je\u015bli dotyczy<\/td> <\/tr> <tr style=\"border-bottom: 1px solid #e5e7eb;\"> <td style=\"padding: 12px; font-weight: 500; font-size: 14px;\">Weryfikacja monta\u017cu<\/td> <td style=\"padding: 12px;\"><span style=\"display: inline-block; padding: 2px 8px; border-radius: 12px; font-size: 11px; font-weight: 600; background: #dbeafe; color: #1e40af;\">\u015aredni<\/span><\/td> <td style=\"padding: 12px; color: #4b5563; font-size: 13px;\">Pakiet BGA mo\u017ce wymaga\u0107 inspekcji rentgenowskiej<\/td> <td style=\"padding: 12px; color: #4b5563; font-size: 13px;\">Protok\u00f3\u0142 inspekcji przychodz\u0105cej<\/td> <\/tr><\/tbody> <\/table> <\/div> <\/section>\r\n <section style=\"margin-bottom: 32px;\"> <div style=\"background: #f8fafc; border: 1px solid #e2e8f0; border-radius: 8px; padding: 20px;\"> <h3 style=\"margin-top: 0; color: #1e293b; font-size: 16px; display: flex; align-items: center;\"><span style=\"background: #3b82f6; color: white; padding: 4px 8px; border-radius: 4px; margin-right: 10px; font-size: 12px;\">RFQ<\/span>Szybki przewodnik po zapytaniach<\/h3> <p style=\"margin: 0 0 12px 0; color: #475569; font-size: 14px; line-height: 1.6;\">Aby poprosi\u0107 o wycen\u0119 na <strong>XC3S400-4FG320C<\/strong>, wystarczy poda\u0107:<\/p> <ul style=\"margin: 0 0 12px 0; padding-left: 20px; color: #475569; font-size: 14px; line-height: 1.8;\"> <li><strong>Wymagana ilo\u015b\u0107<\/strong> (akceptowana ka\u017cda ilo\u015b\u0107)<\/li> <li><strong>Docelowy harmonogram dostaw<\/strong> (elastyczne terminy mile widziane)<\/li> <\/ul> <p style=\"margin:0; font-size:13px; color:#334155;\">Dostarczymy dost\u0119pno\u015b\u0107, ceny, CoC i dokumentacj\u0119 autentyczno\u015bci.<\/p> <\/div> <\/section>\r\n<section style=\"margin-bottom: 32px;\"><h2 style=\"color: #1f2937; font-size: 20px; margin-bottom: 16px; border-bottom: 2px solid #e5e7eb; padding-bottom: 8px;\">Cz\u0119sto zadawane pytania dotycz\u0105ce zakup\u00f3w<\/h2><div>\r\n<div style=\"margin-bottom: 16px; border: 1px solid #e5e7eb; border-radius: 8px; overflow: hidden;\">\r\n<h3 style=\"margin: 0; padding: 16px; background: #f9fafb; font-size: 15px; color: #1f2937; font-weight: 600;\">Jak mo\u017cemy zweryfikowa\u0107 aktualn\u0105 dost\u0119pno\u015b\u0107 zapas\u00f3w dla XC3S400-4FG320C bior\u0105c pod uwag\u0119 jego status dziedziczny?<\/h3>\r\n<div style=\"padding: 16px; background: white;\"><div style=\"color: #4b5563; font-size: 14px; line-height: 1.6;\">Z powodu statusu cyklu \u017cycia 'Dojrza\u0142y\/Dziedziczny' dla XC3S400-4FG320C, aktualny poziom zapas\u00f3w i czasy realizacji s\u0105 przedmiotem weryfikacji. Zakupy wymagaj\u0105 potwierdzenia aktualnych zapas\u00f3w z autoryzowanych kana\u0142\u00f3w lub wyspecjalizowanych dystrybutor\u00f3w dziedzicznych, aby zapewni\u0107, \u017ce opakowanie 320-BGA jest fizycznie dost\u0119pne dla nowych zam\u00f3wie\u0144.<\/div><\/div>\r\n<\/div>\r\n<div style=\"margin-bottom: 16px; border: 1px solid #e5e7eb; border-radius: 8px; overflow: hidden;\">\r\n<h3 style=\"margin: 0; padding: 16px; background: #f9fafb; font-size: 15px; color: #1f2937; font-weight: 600;\">Czy s\u0105 zalecane alternatywy lub odniesienia krzy\u017cowe dla tego konkretnego FPGA, je\u015bli oryginalna cz\u0119\u015b\u0107 jest niedost\u0119pna?<\/h3>\r\n<div style=\"padding: 16px; background: white;\"><div style=\"color: #4b5563; font-size: 14px; line-height: 1.6;\">Identyfikacja funkcjonalnych alternatyw lub odniesie\u0144 krzy\u017cowych w pinach dla XC3S400-4FG320C wymaga potwierdzenia od naszego zespo\u0142u in\u017cynieryjnego. Ka\u017cdy proponowany substytut musi przej\u015b\u0107 rygorystyczn\u0105 weryfikacj\u0119, aby zapewni\u0107, \u017ce spe\u0142nia specyficzne parametry czasowe i elektryczne oryginalnej architektury Spartan-3.<\/div><\/div>\r\n<\/div>\r\n<div style=\"margin-bottom: 16px; border: 1px solid #e5e7eb; border-radius: 8px; overflow: hidden;\">\r\n<h3 style=\"margin: 0; padding: 16px; background: #f9fafb; font-size: 15px; color: #1f2937; font-weight: 600;\">Jaki jest proces uzyskania Certyfikatu Zgodno\u015bci (CoC) dla tego komponentu dziedzictwa?<\/h3>\r\n<div style=\"padding: 16px; background: white;\"><div style=\"color: #4b5563; font-size: 14px; line-height: 1.6;\">Dost\u0119pno\u015b\u0107 Certyfikatu Zgodno\u015bci (CoC) dla XC3S400-4FG320C jest przedmiotem weryfikacji w oparciu o konkretny kod daty i \u015bledliwo\u015b\u0107 partii pozosta\u0142ych zapas\u00f3w. Formalna dokumentacja potwierdzaj\u0105ca autentyczno\u015b\u0107 i zgodno\u015b\u0107 ze specyfikacjami oryginalnego producenta wymaga potwierdzenia w momencie formalnego zapytania o ofert\u0119.<\/div><\/div>\r\n<\/div><\/div><\/section>\r\n        <section style=\"margin-bottom: 24px; padding: 16px; background: #f0fdf4; border-radius: 8px; border-left: 4px solid #16a34a;\">\r\n            <h3 style=\"margin-top: 0; color: #166534; font-size: 17px;\">Te same warianty architektury<\/h3>\r\n            <p>Identyczne zasoby logiczne z r\u00f3\u017cnicami w klasie pr\u0119dko\u015bci, pakowaniu lub liczbie I\/O:<\/p>\r\n            <p><a href=\"https:\/\/fpgasourcing.com\/pl\/part\/xc3s400-4fg320i\/\">XC3S400-4FG320I<\/a> | <a href=\"https:\/\/fpgasourcing.com\/pl\/part\/xc3s400-4fg456c\/\">XC3S400-4FG456C<\/a><\/p>\r\n            <p><em>Kompatybilno\u015b\u0107 pin\u00f3w musi by\u0107 weryfikowana zgodnie z kart\u0105 danych.<\/em><\/p>\r\n        <\/section>\r\n        \r\n\r\n        <section style=\"margin-bottom: 24px; padding: 16px; background: #fffbeb; border-radius: 8px; border-left: 4px solid #ca8a04;\">\r\n            <h3 style=\"margin-top: 0; color: #92400e; font-size: 17px;\">Rozwa\u017cania dotycz\u0105ce skalowania projekt\u00f3w<\/h3>\r\n            <p>Dla projekt\u00f3w wymagaj\u0105cych dodatkowych zasob\u00f3w logicznych w tej samej rodzinie Spartan-3:<\/p>\r\n            <p><a href=\"https:\/\/fpgasourcing.com\/pl\/part\/xc3s200-5ftg256c\/\">XC3S200-5FTG256C<\/a><\/p>\r\n            <p><em>Zalecana ocena marginesu zasob\u00f3w przed migracj\u0105 architektur.<\/em><\/p>\r\n        <\/section>\r\n        <\/main><div style=\"background: #1e3a8a; color: white; padding: 32px; border-radius: 8px; text-align: center; margin: 32px 0;\"><h2 style=\"margin:0 0 8px 0; font-size: 22px;\">Uzyskaj opcje zakupu zgodne z ryzykiem<\/h2><p style=\"opacity: 0.9; margin-bottom: 20px; font-size: 15px;\">Prosz\u0119 o wycen\u0119 dla XC3S400-4FG320C z ocen\u0105 wykonalno\u015bci.<\/p><div style=\"margin-bottom: 16px;\"><a href=\"https:\/\/fpgasourcing.com\/pl\/request-a-quote\/\" style=\"display: inline-block; background: #f59e0b; color: #1f2937; padding: 14px 32px; text-decoration: none; border-radius: 6px; font-weight: 600; margin-right: 12px;\">Zapytanie ofertowe<\/a><a href=\"https:\/\/fpgasourcing.com\/pl\/contact\/\" style=\"display: inline-block; color: white; padding: 14px 32px; text-decoration: none; border-radius: 6px; border: 1px solid rgba(255,255,255,0.3);\">Zadaj pytanie<\/a><\/div><\/div><\/div>\t\t\t\t<\/div>\n\t\t\t\t\t<\/div>\n\t\t\t\t<\/div>\n\t\t\t\t<\/div>","protected":false},"excerpt":{"rendered":"<p>XC3S400-4FG320C Procurement &#038; Sourcing | AMD | B2B AMD Spartan\u00ae-3 Procurement Reference XC3S400-4FG320C Global B2B Component Sourcing &#038; Supply Chain Documentation Sourcing Verified Quality Assured Compliance Tracked Verification Note:Indicated status: Mature\/Legacy (verification required). RFQ submission required for real-time verification. View Datasheet (PDF) Technical documentation for XC3S400-4FG320C Application ContextThe XC3S400-4FG320C has been deployed across mature system [&hellip;]<\/p>\n","protected":false},"author":1,"featured_media":0,"parent":13,"menu_order":0,"comment_status":"closed","ping_status":"closed","template":"","meta":{"rank_math_title":"XC3S400-4FG320C B2B Sourcing | Request Quote | AMD FPGA","rank_math_description":"Source XC3S400-4FG320C FPGAs for industrial maintenance. 8064 LE, 320-BGA. Verified lot traceability for legacy system continuity and spare replenishment.","footnotes":""},"class_list":["post-508","page","type-page","status-publish","hentry"],"_links":{"self":[{"href":"https:\/\/fpgasourcing.com\/pl\/wp-json\/wp\/v2\/pages\/508","targetHints":{"allow":["GET"]}}],"collection":[{"href":"https:\/\/fpgasourcing.com\/pl\/wp-json\/wp\/v2\/pages"}],"about":[{"href":"https:\/\/fpgasourcing.com\/pl\/wp-json\/wp\/v2\/types\/page"}],"author":[{"embeddable":true,"href":"https:\/\/fpgasourcing.com\/pl\/wp-json\/wp\/v2\/users\/1"}],"replies":[{"embeddable":true,"href":"https:\/\/fpgasourcing.com\/pl\/wp-json\/wp\/v2\/comments?post=508"}],"version-history":[{"count":4,"href":"https:\/\/fpgasourcing.com\/pl\/wp-json\/wp\/v2\/pages\/508\/revisions"}],"predecessor-version":[{"id":512,"href":"https:\/\/fpgasourcing.com\/pl\/wp-json\/wp\/v2\/pages\/508\/revisions\/512"}],"up":[{"embeddable":true,"href":"https:\/\/fpgasourcing.com\/pl\/wp-json\/wp\/v2\/pages\/13"}],"wp:attachment":[{"href":"https:\/\/fpgasourcing.com\/pl\/wp-json\/wp\/v2\/media?parent=508"}],"curies":[{"name":"wp","href":"https:\/\/api.w.org\/{rel}","templated":true}]}}