{"id":462,"date":"2026-02-07T03:36:02","date_gmt":"2026-02-07T03:36:02","guid":{"rendered":"https:\/\/fpgasourcing.com\/?page_id=462"},"modified":"2026-02-07T03:37:38","modified_gmt":"2026-02-07T03:37:38","slug":"xc3s200-4ft256c","status":"publish","type":"page","link":"https:\/\/fpgasourcing.com\/pl\/part\/xc3s200-4ft256c\/","title":{"rendered":"AMD XC3S200-4FT256C"},"content":{"rendered":"<div data-elementor-type=\"wp-page\" data-elementor-id=\"462\" class=\"elementor elementor-462\" data-elementor-post-type=\"page\">\n\t\t\t\t<div class=\"elementor-element elementor-element-ddbf360 e-flex e-con-boxed e-con e-parent\" data-id=\"ddbf360\" data-element_type=\"container\" data-e-type=\"container\">\n\t\t\t\t\t<div class=\"e-con-inner\">\n\t\t\t\t<div class=\"elementor-element elementor-element-383cd14 elementor-widget elementor-widget-html\" data-id=\"383cd14\" data-element_type=\"widget\" data-e-type=\"widget\" data-widget_type=\"html.default\">\n\t\t\t\t\t<!-- WP Block XC3S200-4FT256C | v1.5-static-template -->\r\n<script type=\"application\/ld+json\">{\n    \"@context\": \"https:\\\/\\\/schema.org\\\/\",\n    \"@type\": \"Product\",\n    \"name\": \"XC3S200-4FT256C\",\n    \"brand\": {\n        \"@type\": \"Brand\",\n        \"name\": \"AMD\"\n    },\n    \"sku\": \"XC3S200-4FT256C\",\n    \"offers\": {\n        \"@type\": \"Offer\",\n        \"availability\": \"https:\\\/\\\/schema.org\\\/LimitedAvailability\",\n        \"url\": \"https:\\\/\\\/fpgasourcing.com\\\/request-a-quote\\\/\",\n        \"priceCurrency\": \"USD\"\n    }\n}<\/script><div style=\"font-family: -apple-system, BlinkMacSystemFont, 'Segoe UI', Roboto, sans-serif; line-height: 1.6; color: #1f2937; max-width: 900px; margin: 0 auto; padding: 20px;\"><title>XC3S200-4FT256C Procurement & Sourcing | AMD | B2B<\/title><meta name=\"description\" content=\"The XC3S200-4FT256C has been deployed across mature system architectures that remain in active service within industrial and embedded environments. Given i...\"> <header style=\"margin-bottom: 24px; border-bottom: 2px solid #e5e7eb; padding-bottom: 20px;\"> <p style=\"color: #2563eb; font-size: 12px; font-weight: 600; text-transform: uppercase; letter-spacing: 0.05em; margin-bottom: 8px;\">Referencja zakupu AMD Spartan\u00ae-3<\/p> <h1 style=\"font-size: 32px; margin: 0 0 8px 0; color: #111827;\">XC3S200-4FT256C<\/h1> <p style=\"font-size: 16px; color: #6b7280; margin: 0;\">Globalne \u017ar\u00f3d\u0142a komponent\u00f3w B2B i dokumentacja \u0142a\u0144cucha dostaw<\/p> <\/header> <div style=\"display: flex; gap: 8px; margin-bottom: 24px; flex-wrap: wrap;\"> <span style=\"background: #f8fafc; color: #475569; padding: 4px 12px; border-radius: 4px; font-size: 11px; font-weight: 600; border: 1px solid #e2e8f0; text-transform: uppercase;\">\u0179r\u00f3d\u0142a zweryfikowane<\/span> <span style=\"background: #f8fafc; color: #475569; padding: 4px 12px; border-radius: 4px; font-size: 11px; font-weight: 600; border: 1px solid #e2e8f0; text-transform: uppercase;\">Gwarantowana jako\u015b\u0107<\/span> <span style=\"background: #f8fafc; color: #475569; padding: 4px 12px; border-radius: 4px; font-size: 11px; font-weight: 600; border: 1px solid #e2e8f0; text-transform: uppercase;\">\u015aledzenie zgodno\u015bci<\/span> <\/div><div style=\"background: #fffbeb; border-left: 4px solid #f59e0b; padding: 16px; margin-bottom: 32px; border-radius: 0 8px 8px 0;\"><strong style=\"color: #92400e;\">Notatka weryfikacyjna:<\/strong><p style=\"margin: 8px 0 0 0; color: #78350f; font-size: 14px;\">Wskazany status: <strong>Dojrzale\/Stare (wymagana weryfikacja)<\/strong>. <a href=\"https:\/\/fpgasourcing.com\/pl\/request-a-quote\/\" style=\"color: #92400e; text-decoration: underline; font-weight: 600;\">Z\u0142o\u017cenie RFQ<\/a> wymagane do weryfikacji w czasie rzeczywistym.<\/p><\/div> <div style=\"margin-bottom: 24px;\"> <a href=\"https:\/\/cdn.fpgasourcing.com\/PDF\/ds099.pdf\" target=\"_blank\" rel=\"noopener\" style=\"display: inline-flex; align-items: center; background: #dc2626; color: white; padding: 10px 20px; text-decoration: none; border-radius: 6px; font-weight: 600; font-size: 14px;\"> <svg style=\"width: 16px; height: 16px; margin-right: 8px; fill: currentColor;\" viewbox=\"0 0 20 20\"><path d=\"M9 2a1 1 0 000 2h2a1 1 0 100-2H9z\"\/><path fill-rule=\"evenodd\" d=\"M4 5a2 2 0 012-2 1 1 0 000 2H6a2 2 0 00-2 2v6a2 2 0 002 2h2a1 1 0 100-2H6V7h5a1 1 0 011 1v5h2V8a3 3 0 00-3-3H6z\" clip-rule=\"evenodd\"\/><\/svg> Zobacz arkusz danych (PDF) <\/a> <span style=\"color: #6b7280; font-size: 13px; margin-left: 12px;\">Dokumentacja techniczna dla XC3S200-4FT256C<\/span> <\/div><main><section style=\"margin-bottom: 32px;\"><h2 style=\"color: #1f2937; font-size: 20px; margin-bottom: 16px; border-bottom: 2px solid #e5e7eb; padding-bottom: 8px;\">Kontekst aplikacji<\/h2><div style=\"background: #f9fafb; border-left: 4px solid #6b7280; padding: 20px; border-radius: 0 8px 8px 0;\"><p style=\"color: #4b5563; line-height: 1.7; font-size: 15px; margin: 0;\">XC3S200-4FT256C zosta\u0142o wdro\u017cone w dojrza\u0142ych architekturach systemowych, kt\u00f3re nadal s\u0105 w aktywnym u\u017cytkowaniu w \u015brodowiskach przemys\u0142owych i wbudowanych. Bior\u0105c pod uwag\u0119 jego etap cyklu \u017cycia, ten FPGA najcz\u0119\u015bciej jest pozyskiwany dzisiaj, aby wspiera\u0107 d\u0142ugoterminowe programy utrzymania, uzupe\u0142nienie zapas\u00f3w oraz kontrolowan\u0105 wymian\u0119 jednostek wdro\u017conych w terenie.\r\n\r\nDecyzje dotycz\u0105ce zakupu tego urz\u0105dzenia zazwyczaj stawiaj\u0105 na ci\u0105g\u0142o\u015b\u0107, \u015bledzenie i weryfikacj\u0119 na poziomie partii, aby zapewni\u0107 sp\u00f3jno\u015b\u0107 z istniej\u0105cymi bazami sprz\u0119towymi.<\/p><\/div><\/section>\r\n <section style=\"margin-bottom: 32px;\"> <h2 style=\"color: #1f2937; font-size: 20px; margin-bottom: 16px; border-bottom: 2px solid #e5e7eb; padding-bottom: 8px;\">Specyfikacje techniczne<\/h2> <div style=\"border: 1px solid #e5e7eb; border-radius: 8px; overflow: hidden;\"> <table style=\"width: 100%; border-collapse: collapse; font-size: 14px;\"><tbody> <tr style=\"border-bottom: 1px solid #f3f4f6;\"> <th style=\"padding: 12px 16px; text-align: left; width: 40%; color: #6b7280; font-weight: 500; background: #f9fafb; font-size: 14px;\">Producent<\/th> <td style=\"padding: 12px 16px; color: #1f2937; font-weight: 500; font-size: 14px;\">AMD<\/td> <\/tr> <tr style=\"border-bottom: 1px solid #f3f4f6;\"> <th style=\"padding: 12px 16px; text-align: left; width: 40%; color: #6b7280; font-weight: 500; background: #f9fafb; font-size: 14px;\">Numer cz\u0119\u015bci<\/th> <td style=\"padding: 12px 16px; color: #1f2937; font-weight: 500; font-size: 14px;\">XC3S200-4FT256C<\/td> <\/tr> <tr style=\"border-bottom: 1px solid #f3f4f6;\"> <th style=\"padding: 12px 16px; text-align: left; width: 40%; color: #6b7280; font-weight: 500; background: #f9fafb; font-size: 14px;\">Seria<\/th> <td style=\"padding: 12px 16px; color: #1f2937; font-weight: 500; font-size: 14px;\">Spartan\u00ae-3<\/td> <\/tr> <tr style=\"border-bottom: 1px solid #f3f4f6;\"> <th style=\"padding: 12px 16px; text-align: left; width: 40%; color: #6b7280; font-weight: 500; background: #f9fafb; font-size: 14px;\">Wskazany status<\/th> <td style=\"padding: 12px 16px; color: #1f2937; font-weight: 500; font-size: 14px;\">Dojrzale\/Stare (wymagana weryfikacja)<\/td> <\/tr> <tr style=\"border-bottom: 1px solid #f3f4f6;\"> <th style=\"padding: 12px 16px; text-align: left; width: 40%; color: #6b7280; font-weight: 500; background: #f9fafb; font-size: 14px;\">Opakowanie \/ Obudowa<\/th> <td style=\"padding: 12px 16px; color: #1f2937; font-weight: 500; font-size: 14px;\">256-LBGA<\/td> <\/tr> <tr style=\"border-bottom: 1px solid #f3f4f6;\"> <th style=\"padding: 12px 16px; text-align: left; width: 40%; color: #6b7280; font-weight: 500; background: #f9fafb; font-size: 14px;\">Zakres temperatur<\/th> <td style=\"padding: 12px 16px; color: #1f2937; font-weight: 500; font-size: 14px;\">0\u00b0C ~ 85\u00b0C (TJ)<\/td> <\/tr> <tr style=\"border-bottom: 1px solid #f3f4f6;\"> <th style=\"padding: 12px 16px; text-align: left; width: 40%; color: #6b7280; font-weight: 500; background: #f9fafb; font-size: 14px;\">Elementy logiczne<\/th> <td style=\"padding: 12px 16px; color: #1f2937; font-weight: 500; font-size: 14px;\">4320<\/td> <\/tr> <tr style=\"border-bottom: 1px solid #f3f4f6;\"> <th style=\"padding: 12px 16px; text-align: left; width: 40%; color: #6b7280; font-weight: 500; background: #f9fafb; font-size: 14px;\">LABy \/ CLBy<\/th> <td style=\"padding: 12px 16px; color: #1f2937; font-weight: 500; font-size: 14px;\">480<\/td> <\/tr> <tr style=\"border-bottom: 1px solid #f3f4f6;\"> <th style=\"padding: 12px 16px; text-align: left; width: 40%; color: #6b7280; font-weight: 500; background: #f9fafb; font-size: 14px;\">\u0141\u0105czna ilo\u015b\u0107 bit\u00f3w RAM<\/th> <td style=\"padding: 12px 16px; color: #1f2937; font-weight: 500; font-size: 14px;\">221184<\/td> <\/tr> <tr style=\"border-bottom: 1px solid #f3f4f6;\"> <th style=\"padding: 12px 16px; text-align: left; width: 40%; color: #6b7280; font-weight: 500; background: #f9fafb; font-size: 14px;\">Liczba I\/O<\/th> <td style=\"padding: 12px 16px; color: #1f2937; font-weight: 500; font-size: 14px;\">173<\/td> <\/tr> <tr style=\"border-bottom: 1px solid #f3f4f6;\"> <th style=\"padding: 12px 16px; text-align: left; width: 40%; color: #6b7280; font-weight: 500; background: #f9fafb; font-size: 14px;\">Liczba bramek<\/th> <td style=\"padding: 12px 16px; color: #1f2937; font-weight: 500; font-size: 14px;\">200000<\/td> <\/tr> <tr style=\"border-bottom: 1px solid #f3f4f6;\"> <th style=\"padding: 12px 16px; text-align: left; width: 40%; color: #6b7280; font-weight: 500; background: #f9fafb; font-size: 14px;\">Napi\u0119cie zasilania<\/th> <td style=\"padding: 12px 16px; color: #1f2937; font-weight: 500; font-size: 14px;\">1,14V ~ 1,26V<\/td> <\/tr><\/tbody><\/table> <\/div> <\/section>\r\n <section style=\"margin-bottom: 32px;\"> <div style=\"background: #f8fafc; border: 1px solid #e2e8f0; border-radius: 8px; padding: 20px;\"> <h3 style=\"margin-top: 0; color: #1e293b; font-size: 16px; display: flex; align-items: center;\"><span style=\"background: #3b82f6; color: white; padding: 4px 8px; border-radius: 4px; margin-right: 10px; font-size: 12px;\">RFQ<\/span>Szybki przewodnik po zapytaniach<\/h3> <p style=\"margin: 0 0 12px 0; color: #475569; font-size: 14px; line-height: 1.6;\">Aby poprosi\u0107 o wycen\u0119 na <strong>XC3S200-4FT256C<\/strong>, wystarczy poda\u0107:<\/p> <ul style=\"margin: 0 0 12px 0; padding-left: 20px; color: #475569; font-size: 14px; line-height: 1.8;\"> <li><strong>Wymagana ilo\u015b\u0107<\/strong> (akceptowana ka\u017cda ilo\u015b\u0107)<\/li> <li><strong>Docelowy harmonogram dostaw<\/strong> (elastyczne terminy mile widziane)<\/li> <\/ul> <p style=\"margin:0; font-size:13px; color:#334155;\">Dostarczymy dost\u0119pno\u015b\u0107, ceny, CoC i dokumentacj\u0119 autentyczno\u015bci.<\/p> <\/div> <\/section>\r\n <section style=\"margin-bottom: 32px;\"> <h2 style=\"color: #1f2937; font-size: 20px; margin-bottom: 16px; border-bottom: 2px solid #e5e7eb; padding-bottom: 8px;\">Zgodno\u015b\u0107 i jako\u015b\u0107<\/h2> <div style=\"display: grid; grid-template-columns: 1fr 1fr; gap: 16px; font-size: 13px; color: #4b5563;\"> <div style=\"padding: 16px; background: #f9fafb; border-radius: 6px; border: 1px solid #e5e7eb;\"> <strong style=\"color: #1f2937; display: block; margin-bottom: 6px; font-size: 14px;\">Podstawowa dokumentacja<\/strong>Certyfikat zgodno\u015bci oraz dokumentacja \u015bledzenia dostarczona. <\/div> <div style=\"padding: 16px; background: #f9fafb; border-radius: 6px; border: 1px solid #e5e7eb;\"> <strong style=\"color: #1f2937; display: block; margin-bottom: 6px; font-size: 14px;\">Zapobieganie fa\u0142szerstwom<\/strong>Zastosowane protoko\u0142y testowe SAE AS6081. Inspekcja wizualna i rentgenowska dost\u0119pna. <\/div> <div style=\"padding: 16px; background: #f9fafb; border-radius: 6px; border: 1px solid #e5e7eb;\"> <strong style=\"color: #1f2937; display: block; margin-bottom: 6px; font-size: 14px;\">\u015arodowisko<\/strong>Informacje o zgodno\u015bci z RoHS\/REACH dost\u0119pne na \u017c\u0105danie. <\/div> <div style=\"padding: 16px; background: #f9fafb; border-radius: 6px; border: 1px solid #e5e7eb;\"> <strong style=\"color: #1f2937; display: block; margin-bottom: 6px; font-size: 14px;\">Dodatkowe potrzeby<\/strong>Specjalne testy lub dokumentacja om\u00f3wiona podczas zapytania. <\/div> <\/div> <\/section>\r\n <section style=\"margin-bottom: 32px;\"> <h2 style=\"color: #1f2937; font-size: 20px; margin-bottom: 16px; border-bottom: 2px solid #e5e7eb; padding-bottom: 8px;\">Ocena ryzyka w \u0142a\u0144cuchu dostaw<\/h2> <div style=\"overflow-x: auto; border: 1px solid #e5e7eb; border-radius: 8px; margin-bottom: 16px;\"> <table style=\"width: 100%; border-collapse: collapse; font-size: 14px;\"> <thead style=\"background: #f9fafb;\"><tr><th style=\"padding: 12px; text-align: left;\">Kategoria<\/th><th style=\"padding: 12px; text-align: left;\">Poziom<\/th><th style=\"padding: 12px; text-align: left;\">Czynnik ryzyka<\/th><th style=\"padding: 12px; text-align: left;\">Mitigacja<\/th><\/tr><\/thead> <tbody> <tr style=\"border-bottom: 1px solid #e5e7eb;\"> <td style=\"padding: 12px; font-weight: 500; font-size: 14px;\">Ci\u0105g\u0142o\u015b\u0107 dostaw<\/td> <td style=\"padding: 12px;\"><span style=\"display: inline-block; padding: 2px 8px; border-radius: 12px; font-size: 11px; font-weight: 600; background: #fee2e2; color: #991b1b;\">Do oceny<\/span><\/td> <td style=\"padding: 12px; color: #4b5563; font-size: 13px;\">Status cyklu \u017cycia wymaga weryfikacji<\/td> <td style=\"padding: 12px; color: #4b5563; font-size: 13px;\">Ocena LTB, je\u015bli dotyczy<\/td> <\/tr> <tr style=\"border-bottom: 1px solid #e5e7eb;\"> <td style=\"padding: 12px; font-weight: 500; font-size: 14px;\">Weryfikacja monta\u017cu<\/td> <td style=\"padding: 12px;\"><span style=\"display: inline-block; padding: 2px 8px; border-radius: 12px; font-size: 11px; font-weight: 600; background: #dbeafe; color: #1e40af;\">\u015aredni<\/span><\/td> <td style=\"padding: 12px; color: #4b5563; font-size: 13px;\">Pakiet BGA mo\u017ce wymaga\u0107 inspekcji rentgenowskiej<\/td> <td style=\"padding: 12px; color: #4b5563; font-size: 13px;\">Protok\u00f3\u0142 inspekcji przychodz\u0105cej<\/td> <\/tr><\/tbody> <\/table> <\/div> <\/section>\r\n<section style=\"margin-bottom: 32px;\"><h2 style=\"color: #1f2937; font-size: 20px; margin-bottom: 16px; border-bottom: 2px solid #e5e7eb; padding-bottom: 8px;\">Cz\u0119sto zadawane pytania dotycz\u0105ce zakup\u00f3w<\/h2><div>\r\n<div style=\"margin-bottom: 16px; border: 1px solid #e5e7eb; border-radius: 8px; overflow: hidden;\">\r\n<h3 style=\"margin: 0; padding: 16px; background: #f9fafb; font-size: 15px; color: #1f2937; font-weight: 600;\">Jaki jest aktualny protok\u00f3\u0142 zakupu do weryfikacji dost\u0119pno\u015bci XC3S200-4FT256C bior\u0105c pod uwag\u0119 jego dojrza\u0142y status?<\/h3>\r\n<div style=\"padding: 16px; background: white;\"><div style=\"color: #4b5563; font-size: 14px; line-height: 1.6;\">Z powodu statusu 'Dojrza\u0142y \/ Legacy' XC3S200-4FT256C, poziomy zapas\u00f3w w czasie rzeczywistym nie s\u0105 monitorowane. Zakup wymaga potwierdzenia aktualnych czas\u00f3w realizacji z fabryki lub istniej\u0105cego zapasu buforowego poprzez formalne \u017b\u0105danie Wyceny (RFQ), poniewa\u017c dost\u0119pno\u015b\u0107 jest uzale\u017cniona od weryfikacji w stosunku do pozosta\u0142ych globalnych zapas\u00f3w.<\/div><\/div>\r\n<\/div>\r\n<div style=\"margin-bottom: 16px; border: 1px solid #e5e7eb; border-radius: 8px; overflow: hidden;\">\r\n<h3 style=\"margin: 0; padding: 16px; background: #f9fafb; font-size: 15px; color: #1f2937; font-weight: 600;\">Czy istniej\u0105 zalecane alternatywy w postaci prostego tekstu lub odniesienia dla opakowania 256-LBGA, je\u015bli g\u0142\u00f3wny element jest niedost\u0119pny?<\/h3>\r\n<div style=\"padding: 16px; background: white;\"><div style=\"color: #4b5563; font-size: 14px; line-height: 1.6;\">Chocia\u017c mog\u0105 istnie\u0107 potencjalne odniesienia krzy\u017cowe w rodzinie Spartan-3 lub nowszych seriach Spartan-6 \/ 7, ka\u017cda funkcjonalna alternatywa wymaga potwierdzenia przez in\u017cynieri\u0119, aby zapewni\u0107 kompatybilno\u015b\u0107 elektryczn\u0105 i wyj\u015bcia pin\u00f3w z odniesieniem 256-LBGA. Wszystkie sugerowane zamienniki podlegaj\u0105 weryfikacji specyfikacji czasowych i wymaga\u0144 napi\u0119ciowych.<\/div><\/div>\r\n<\/div>\r\n<div style=\"margin-bottom: 16px; border: 1px solid #e5e7eb; border-radius: 8px; overflow: hidden;\">\r\n<h3 style=\"margin: 0; padding: 16px; background: #f9fafb; font-size: 15px; color: #1f2937; font-weight: 600;\">Jaki jest proces uzyskania Certyfikatu Zgodno\u015bci (CoC) dla komponent\u00f3w FPGA z minionych lat?<\/h3>\r\n<div style=\"padding: 16px; background: white;\"><div style=\"color: #4b5563; font-size: 14px; line-height: 1.6;\">Dostarczenie Certyfikatu Zgodno\u015bci (CoC) dla XC3S200-4FT256C podlega weryfikacji konkretnego kodu partii oraz dokumentacji \u015bledzenia dostawcy. Potwierdzenie dost\u0119pno\u015bci CoC nale\u017cy za\u017c\u0105da\u0107 w momencie zapytania, aby upewni\u0107 si\u0119, \u017ce komponent spe\u0142nia standardy pierwotnego producenta dla sprz\u0119tu z minionych lat.<\/div><\/div>\r\n<\/div><\/div><\/section>\r\n        <section style=\"margin-bottom: 24px; padding: 16px; background: #f0fdf4; border-radius: 8px; border-left: 4px solid #16a34a;\">\r\n            <h3 style=\"margin-top: 0; color: #166534; font-size: 17px;\">Te same warianty architektury<\/h3>\r\n            <p>Identyczne zasoby logiczne z r\u00f3\u017cnicami w klasie pr\u0119dko\u015bci, pakowaniu lub liczbie I\/O:<\/p>\r\n            <p><a href=\"https:\/\/fpgasourcing.com\/pl\/part\/xc3s200-4ft256i\/\">XC3S200-4FT256I<\/a> | <a href=\"https:\/\/fpgasourcing.com\/pl\/part\/xc3s200-4ftg256c\/\">XC3S200-4FTG256C<\/a><\/p>\r\n            <p><em>Kompatybilno\u015b\u0107 pin\u00f3w musi by\u0107 weryfikowana zgodnie z kart\u0105 danych.<\/em><\/p>\r\n        <\/section>\r\n        \r\n\r\n        <section style=\"margin-bottom: 24px; padding: 16px; background: #fffbeb; border-radius: 8px; border-left: 4px solid #ca8a04;\">\r\n            <h3 style=\"margin-top: 0; color: #92400e; font-size: 17px;\">Rozwa\u017cania dotycz\u0105ce skalowania projekt\u00f3w<\/h3>\r\n            <p>Dla projekt\u00f3w wymagaj\u0105cych dodatkowych zasob\u00f3w logicznych w tej samej rodzinie Spartan-3:<\/p>\r\n            <p><a href=\"https:\/\/fpgasourcing.com\/pl\/part\/xc3s400-5ftg256c\/\">XC3S400-5FTG256C<\/a><\/p>\r\n            <p><em>Zalecana ocena marginesu zasob\u00f3w przed migracj\u0105 architektur.<\/em><\/p>\r\n        <\/section>\r\n        <\/main><div style=\"background: #1e3a8a; color: white; padding: 32px; border-radius: 8px; text-align: center; margin: 32px 0;\"><h2 style=\"margin:0 0 8px 0; font-size: 22px;\">Uzyskaj opcje zakupu zgodne z ryzykiem<\/h2><p style=\"opacity: 0.9; margin-bottom: 20px; font-size: 15px;\">Popro\u015b o wycen\u0119 XC3S200-4FT256C z ocen\u0105 wykonalno\u015bci.<\/p><div style=\"margin-bottom: 16px;\"><a href=\"https:\/\/fpgasourcing.com\/pl\/request-a-quote\/\" style=\"display: inline-block; background: #f59e0b; color: #1f2937; padding: 14px 32px; text-decoration: none; border-radius: 6px; font-weight: 600; margin-right: 12px;\">Zapytanie ofertowe<\/a><a href=\"https:\/\/fpgasourcing.com\/pl\/contact\/\" style=\"display: inline-block; color: white; padding: 14px 32px; text-decoration: none; border-radius: 6px; border: 1px solid rgba(255,255,255,0.3);\">Zadaj pytanie<\/a><\/div><\/div><\/div>\t\t\t\t<\/div>\n\t\t\t\t\t<\/div>\n\t\t\t\t<\/div>\n\t\t\t\t<\/div>","protected":false},"excerpt":{"rendered":"<p>XC3S200-4FT256C Procurement &#038; Sourcing | AMD | B2B AMD Spartan\u00ae-3 Procurement Reference XC3S200-4FT256C Global B2B Component Sourcing &#038; Supply Chain Documentation Sourcing Verified Quality Assured Compliance Tracked Verification Note:Indicated status: Mature\/Legacy (verification required). RFQ submission required for real-time verification. View Datasheet (PDF) Technical documentation for XC3S200-4FT256C Application ContextThe XC3S200-4FT256C has been deployed across mature system [&hellip;]<\/p>\n","protected":false},"author":1,"featured_media":0,"parent":13,"menu_order":0,"comment_status":"closed","ping_status":"closed","template":"","meta":{"rank_math_title":"XC3S200-4FT256C AMD FPGA | B2B Sourcing &amp; RFQ","rank_math_description":"Source XC3S200-4FT256C 256-LBGA FPGAs for industrial maintenance. Traceable units for legacy system support and spare inventory. Request a B2B quote today.","footnotes":""},"class_list":["post-462","page","type-page","status-publish","hentry"],"_links":{"self":[{"href":"https:\/\/fpgasourcing.com\/pl\/wp-json\/wp\/v2\/pages\/462","targetHints":{"allow":["GET"]}}],"collection":[{"href":"https:\/\/fpgasourcing.com\/pl\/wp-json\/wp\/v2\/pages"}],"about":[{"href":"https:\/\/fpgasourcing.com\/pl\/wp-json\/wp\/v2\/types\/page"}],"author":[{"embeddable":true,"href":"https:\/\/fpgasourcing.com\/pl\/wp-json\/wp\/v2\/users\/1"}],"replies":[{"embeddable":true,"href":"https:\/\/fpgasourcing.com\/pl\/wp-json\/wp\/v2\/comments?post=462"}],"version-history":[{"count":4,"href":"https:\/\/fpgasourcing.com\/pl\/wp-json\/wp\/v2\/pages\/462\/revisions"}],"predecessor-version":[{"id":466,"href":"https:\/\/fpgasourcing.com\/pl\/wp-json\/wp\/v2\/pages\/462\/revisions\/466"}],"up":[{"embeddable":true,"href":"https:\/\/fpgasourcing.com\/pl\/wp-json\/wp\/v2\/pages\/13"}],"wp:attachment":[{"href":"https:\/\/fpgasourcing.com\/pl\/wp-json\/wp\/v2\/media?parent=462"}],"curies":[{"name":"wp","href":"https:\/\/api.w.org\/{rel}","templated":true}]}}