{"id":3,"date":"2026-01-28T07:33:55","date_gmt":"2026-01-28T07:33:55","guid":{"rendered":"https:\/\/fpgasourcing.com\/?page_id=3"},"modified":"2026-02-01T17:20:09","modified_gmt":"2026-02-01T17:20:09","slug":"privacy-policy","status":"publish","type":"page","link":"https:\/\/fpgasourcing.com\/pl\/privacy-policy\/","title":{"rendered":"Polityka prywatno\u015bci"},"content":{"rendered":"<div data-elementor-type=\"wp-page\" data-elementor-id=\"3\" class=\"elementor elementor-3\" data-elementor-post-type=\"page\">\n\t\t\t\t<div class=\"elementor-element elementor-element-36b07d3d e-flex e-con-boxed e-con e-parent\" data-id=\"36b07d3d\" data-element_type=\"container\" data-e-type=\"container\">\n\t\t\t\t\t<div class=\"e-con-inner\">\n\t\t\t\t<div class=\"elementor-element elementor-element-52224556 elementor-widget elementor-widget-text-editor\" data-id=\"52224556\" data-element_type=\"widget\" data-e-type=\"widget\" data-widget_type=\"text-editor.default\">\n\t\t\t\t\t\t\t\t\t<main class=\"fpga-legal-page\" data-page=\"privacy-policy\">\n  <style>\n    :root{\n      --ink:#0a2540;\n      --blue:#0061ff;\n      --text:#425466;\n      --muted:#6b7c93;\n      --bg:#ffffff;\n      --soft:#f6f9fc;\n      --soft2:#f0f7ff;\n      --border:#e6ebf1;\n      --shadow:0 10px 28px rgba(10,37,64,.08);\n      --shadow2:0 18px 50px rgba(2,6,23,.10);\n      --warnbg:#fff8f0;\n      --warnbd:#f1d6b8;\n      --warntext:#8a4b1c;\n      --okbg:#effaf3;\n      --okbd:#c7eed5;\n      --oktext:#1f7a3a;\n    }\n\n    .fpga-legal-page{\n      font-family: \"Segoe UI\", Roboto, Helvetica, Arial, sans-serif;\n      line-height:1.72;\n      color:var(--text);\n      background:var(--bg);\n      margin:0 auto;\n      padding:40px 20px 80px;\n    }\n\n    .fpga-legal-wrap{\n      max-width:1100px;\n      margin:0 auto;\n    }\n\n    .hero{\n      background:\n        radial-gradient(900px 420px at 10% 10%, rgba(0,97,255,.16), transparent 60%),\n        radial-gradient(900px 420px at 90% 0%, rgba(124,58,237,.12), transparent 55%),\n        linear-gradient(180deg, #f6f9fc, #ffffff);\n      border:1px solid var(--border);\n      border-radius:18px;\n      padding:26px;\n      box-shadow:var(--shadow2);\n    }\n\n    h1{\n      font-size:2.4rem;\n      color:var(--ink);\n      letter-spacing:-0.02em;\n      margin:0 0 10px 0;\n    }\n\n    .subline{\n      display:flex;\n      flex-wrap:wrap;\n      gap:10px 14px;\n      align-items:center;\n      margin-top:10px;\n      color:var(--muted);\n      font-size:1rem;\n    }\n\n    .pill{\n      display:inline-flex;\n      align-items:center;\n      gap:8px;\n      padding:7px 12px;\n      border-radius:999px;\n      border:1px solid var(--border);\n      background:#fff;\n      box-shadow:0 6px 18px rgba(10,37,64,.06);\n      font-weight:650;\n      color:var(--ink);\n      font-size:.95rem;\n      white-space:nowrap;\n    }\n\n    .pill b{ color:var(--blue); }\n\n    .hero p{\n      margin:12px 0 0 0;\n      font-size:1.08rem;\n      color:var(--text);\n      max-width:980px;\n    }\n\n    .toc{\n      margin-top:18px;\n      display:grid;\n      grid-template-columns:1.2fr .8fr;\n      gap:18px;\n      align-items:start;\n    }\n\n    .card{\n      border:1px solid var(--border);\n      border-radius:14px;\n      padding:18px;\n      background:#fff;\n      box-shadow:0 8px 24px rgba(10,37,64,.06);\n    }\n\n    .card.soft{\n      background:var(--soft2);\n      border-color:#cce3ff;\n    }\n\n    .card h3{\n      margin:0 0 10px 0;\n      font-size:1.15rem;\n      color:var(--ink);\n    }\n\n    .toc a{\n      color:var(--blue);\n      text-decoration:none;\n      font-weight:700;\n    }\n    .toc a:hover{ text-decoration:underline; }\n\n    .toc ul{\n      margin:0;\n      padding-left:18px;\n    }\n    .toc li{ margin:8px 0; }\n\n    .notice{\n      margin-top:18px;\n      padding:14px 16px;\n      border-radius:12px;\n      background:var(--warnbg);\n      border:1px solid var(--warnbd);\n      color:var(--warntext);\n      font-size:1rem;\n    }\n\n    h2{\n      margin-top:52px;\n      margin-bottom:16px;\n      font-size:1.85rem;\n      color:var(--ink);\n      border-left:4px solid var(--blue);\n      padding-left:14px;\n    }\n\n    p{\n      font-size:1.08rem;\n      margin:0 0 16px 0;\n    }\n\n    ul, ol{\n      margin:0 0 16px 0;\n      padding-left:22px;\n    }\n\n    li{ margin:8px 0; }\n\n    .two-col{\n      display:grid;\n      grid-template-columns:1fr 1fr;\n      gap:16px;\n      margin-top:10px;\n    }\n\n    .kv{\n      display:grid;\n      grid-template-columns:220px 1fr;\n      gap:10px;\n      padding:10px 0;\n      border-bottom:1px solid var(--border);\n    }\n    .kv:last-child{ border-bottom:none; }\n    .k{ color:var(--muted); font-weight:700; }\n    .v{ color:var(--ink); font-weight:650; }\n\n    .badge-ok{\n      margin-top:14px;\n      padding:14px 16px;\n      border-radius:12px;\n      background:var(--okbg);\n      border:1px solid var(--okbd);\n      color:var(--oktext);\n      font-weight:700;\n    }\n\n    .cta{\n      margin-top:64px;\n      padding:28px;\n      background:linear-gradient(180deg,#f6f9fc,#ffffff);\n      border:1px solid var(--border);\n      border-radius:18px;\n      text-align:center;\n      box-shadow:var(--shadow);\n    }\n\n    .cta h2{\n      border:none;\n      padding:0;\n      margin:0 0 10px 0;\n      font-size:1.8rem;\n    }\n\n    .cta p{\n      max-width:900px;\n      margin:0 auto 18px;\n      color:var(--muted);\n    }\n\n    .btn{\n      display:inline-block;\n      padding:14px 28px;\n      background:var(--blue);\n      color:#fff;\n      border-radius:10px;\n      font-weight:800;\n      text-decoration:none;\n    }\n\n    .btn:hover{ background:#004ecc; }\n\n    .mini{\n      font-size:.98rem;\n      color:var(--muted);\n    }\n\n    @media(max-width:980px){\n      .toc{ grid-template-columns:1fr; }\n      .two-col{ grid-template-columns:1fr; }\n      h1{ font-size:2.05rem; }\n      .kv{ grid-template-columns:1fr; }\n    }\n  <\/style>\n\n  <div class=\"fpga-legal-wrap\">\n\n    <!-- HERO -->\n    <section class=\"hero\">\n      <h1>Polityka prywatno\u015bci<\/h1>\n\n      <div class=\"subline\">\n        <span class=\"pill\">Ostatnia aktualizacja: <b>2026<\/b><\/span>\n        <span class=\"pill\">Strona internetowa: <b>fpgasourcing.com<\/b><\/span>\n        <span class=\"pill\">Kontakt: <b>support@fpgasourcing.com<\/b><\/span>\n      <\/div>\n\n      <p>\n        Niniejsza Polityka prywatno\u015bci wyja\u015bnia, jak <strong>HK EQGOO LIMITED<\/strong> (\u201emy\u201d, \u201enas\u201d, \u201enasze\u201d) zbiera, wykorzystuje,\n        przechowuje i chroni dane osobowe, gdy odwiedzasz lub wchodzisz w interakcj\u0119 z t\u0105 stron\u0105 internetow\u0105.\n        Dzia\u0142amy jako <strong>platforma zakupowa i dostawcza FPGA zorientowana na B2B<\/strong>.\n      <\/p>\n\n      <div class=\"toc\">\n        <div class=\"card\">\n          <h3>Zawarto\u015b\u0107<\/h3>\n          <ul>\n            <li><a href=\"#controller\">Administrator danych<\/a><\/li>\n            <li><a href=\"#scope\">Zakres<\/a><\/li>\n            <li><a href=\"#data\">Dane osobowe, kt\u00f3re zbieramy<\/a><\/li>\n            <li><a href=\"#purpose\">Cel przetwarzania<\/a><\/li>\n            <li><a href=\"#basis\">Podstawa prawna (RODO)<\/a><\/li>\n            <li><a href=\"#cookies\">Pliki cookies i \u015bledzenie<\/a><\/li>\n            <li><a href=\"#retention\">Przechowywanie i retencja<\/a><\/li>\n            <li><a href=\"#transfers\">Przekazy mi\u0119dzynarodowe<\/a><\/li>\n            <li><a href=\"#security\">Bezpiecze\u0144stwo<\/a><\/li>\n            <li><a href=\"#rights\">Twoje prawa<\/a><\/li>\n            <li><a href=\"#complaints\">Skargi<\/a><\/li>\n            <li><a href=\"#children\">Dane dzieci<\/a><\/li>\n            <li><a href=\"#changes\">Zmiany w tej polityce<\/a><\/li>\n            <li><a href=\"#contact\">Kontakt<\/a><\/li>\n          <\/ul>\n        <\/div>\n\n        <div class=\"card soft\">\n          <h3>Szybka informacja<\/h3>\n          <p class=\"mini\" style=\"margin-bottom:10px;\">\n            Ta strona internetowa u\u017cywa plik\u00f3w cookie i podobnych technologii. Narz\u0119dzia analityczne (GA4) i reklamowe (Meta Pixel)\n            mog\u0105 dzia\u0142a\u0107 <strong>tylko tam, gdzie wyra\u017cono zgod\u0119<\/strong> poprzez baner cookie.\n          <\/p>\n          <div class=\"notice\" style=\"margin:0;\">\n            <strong>Wa\u017cne:<\/strong> Zapytania dotycz\u0105ce zakup\u00f3w przesy\u0142ane za pomoc\u0105 formularzy mog\u0105 by\u0107 przechowywane w WordPressie oraz r\u00f3wnie\u017c przesy\u0142ane do naszego zespo\u0142u poczt\u0105 elektroniczn\u0105 w celu dalszego kontaktu.\n          <\/div>\n        <\/div>\n      <\/div>\n    <\/section>\n\n    <!-- CONTROLLER -->\n    <h2 id=\"controller\">1. Administrator danych<\/h2>\n    <div class=\"card\">\n      <div class=\"kv\">\n        <div class=\"k\">Firma (nazwa prawna)<\/div>\n        <div class=\"v\">HK EQGOO LIMITED<\/div>\n      <\/div>\n      <div class=\"kv\">\n        <div class=\"k\">Adres rejestrowy<\/div>\n        <div class=\"v\">Hongkong<\/div>\n      <\/div>\n      <div class=\"kv\">\n        <div class=\"k\">E-mail kontaktowy dotycz\u0105cy prywatno\u015bci<\/div>\n        <div class=\"v\">support@fpgasourcing.com<\/div>\n      <\/div>\n    <\/div>\n\n    <!-- SCOPE -->\n    <h2 id=\"scope\">2. Zakres tej polityki<\/h2>\n    <p>\n      Niniejsza polityka dotyczy wizyt na naszej stronie internetowej oraz interakcji, takich jak formularze kontaktowe, zapytania RFQ,\n      oraz komunikacja zwi\u0105zana z zakupami. Strona internetowa jest przeznaczona do <strong>u\u017cytku biznesowego i profesjonalnego<\/strong>.\n    <\/p>\n\n    <!-- DATA -->\n    <h2 id=\"data\">3. Dane osobowe, kt\u00f3re zbieramy<\/h2>\n\n    <div class=\"two-col\">\n      <div class=\"card\">\n        <h3>3.1 Dane, kt\u00f3re podajesz dobrowolnie<\/h3>\n        <p class=\"mini\">\n          Kiedy przesy\u0142asz formularz lub kontaktujesz si\u0119 z nami, mo\u017cemy zbiera\u0107:\n        <\/p>\n        <ul>\n          <li>Nazwa firmy<\/li>\n          <li>Imi\u0119 i nazwisko osoby kontaktowej<\/li>\n          <li>Adres e-mail s\u0142u\u017cbowy<\/li>\n          <li>Numer telefonu \/ WhatsApp (je\u015bli podany)<\/li>\n          <li>Kraj \/ region<\/li>\n          <li>Numery cz\u0119\u015bci, ilo\u015bci, harmonogram dostawy<\/li>\n          <li>Tre\u015b\u0107 wiadomo\u015bci i wymagania dotycz\u0105ce zakupu<\/li>\n        <\/ul>\n      <\/div>\n\n      <div class=\"card soft\">\n        <h3>3.2 Dane zbierane automatycznie<\/h3>\n        <p class=\"mini\">\n          Gdy odwiedzasz stron\u0119 internetow\u0105, niekt\u00f3re informacje mog\u0105 by\u0107 zbierane automatycznie:\n        <\/p>\n        <ul>\n          <li>Adres IP (lub zanonimizowana forma, je\u015bli dost\u0119pna)<\/li>\n          <li>Informacje o urz\u0105dzeniu i przegl\u0105darce<\/li>\n          <li>Odwiedzone strony i wzorce interakcji<\/li>\n          <li>Informacje o \u017ar\u00f3dle\/odsy\u0142aczu<\/li>\n          <li>Sygna\u0142y zwi\u0105zane z bezpiecze\u0144stwem (np. podejrzane wzorce ruchu)<\/li>\n        <\/ul>\n      <\/div>\n    <\/div>\n\n    <!-- PURPOSE -->\n    <h2 id=\"purpose\">4. Cel przetwarzania<\/h2>\n    <p>Przetwarzamy dane osobowe w nast\u0119puj\u0105cych celach:<\/p>\n    <ul>\n      <li>Odpowiadanie na zapytania o zam\u00f3wienia i pro\u015bby o ofert\u0119<\/li>\n      <li>Ocena wykonalno\u015bci \u017ar\u00f3d\u0142a, ogranicze\u0144 dost\u0119pno\u015bci i ekspozycji cyklu \u017cycia<\/li>\n      <li>Komunikowanie w sprawie strategii zaopatrzenia, opcji weryfikacji i logistyki<\/li>\n      <li>Poprawa wydajno\u015bci, u\u017cyteczno\u015bci i jako\u015bci tre\u015bci Witryny<\/li>\n      <li>Zapobieganie nadu\u017cyciom i utrzymywanie bezpiecze\u0144stwa Witryny<\/li>\n      <li>Przestrzeganie obowi\u0105zk\u00f3w prawnych, tam gdzie to mo\u017cliwe<\/li>\n    <\/ul>\n\n    <div class=\"badge-ok\">\n      My robimy <strong>nie<\/strong> sprzeda\u017c danych osobowych. My robimy <strong>nie<\/strong> u\u017cycie twoich danych do podejmowania decyzji automatycznych, kt\u00f3re produkuj\u0105 skutki prawne lub podobnie znacz\u0105ce efekty.\n    <\/div>\n\n    <!-- BASIS -->\n    <h2 id=\"basis\">5. Podstawa prawna przetwarzania (RODO)<\/h2>\n    <p>Zgodnie z RODO opieramy si\u0119 na nast\u0119puj\u0105cych podstawach prawnych:<\/p>\n    <ul>\n      <li><strong>Uzasadnione interesy<\/strong> \u2014 komunikacja B2B, ocena zam\u00f3wie\u0144 i bezpiecze\u0144stwo Witryny<\/li>\n      <li><strong>Zgoda<\/strong> \u2014 na pliki cookie, analityk\u0119 i technologie marketingowe, gdzie jest to wymagane<\/li>\n      <li><strong>Konieczno\u015b\u0107 umowna<\/strong> \u2014 aby odpowiedzie\u0107 na zapytania o zaopatrzenie i dzia\u0142ania operacyjne<\/li>\n      <li><strong>Obowi\u0105zki prawne<\/strong> \u2014 tam, gdzie obowi\u0105zuje zatrzymanie lub ujawnienie zgodnie z prawem<\/li>\n    <\/ul>\n\n    <!-- COOKIES -->\n    <h2 id=\"cookies\">6. Pliki cookie i technologie \u015bledzenia<\/h2>\n    <p>\n      U\u017cywamy plik\u00f3w cookie i podobnych technologii do dzia\u0142ania Witryny, zrozumienia u\u017cytkowania oraz pomiaru wydajno\u015bci marketingowej.\n Gdzie to wymagane, wykorzystujemy baner cookie\/narz\u0119dzie zgody, aby mo\u017cna by\u0142o zarz\u0105dza\u0107 preferencjami.\n    <\/p>\n\n    <div class=\"two-col\">\n      <div class=\"card\">\n        <h3>6.1 Analityka (GA4)<\/h3>\n        <p class=\"mini\">\n          U\u017cywamy <strong>Google Analytics (GA4)<\/strong> aby zrozumie\u0107 u\u017cytkowanie Witryny i poprawi\u0107 tre\u015b\u0107 oraz wydajno\u015b\u0107.\n Gdzie dost\u0119pne, stosujemy minimalizacj\u0119 danych oraz ustawienia przyjazne prywatno\u015bci.\n        <\/p>\n      <\/div>\n\n      <div class=\"card\">\n        <h3>6.2 Marketing (Meta Pixel) i remarketing<\/h3>\n        <p class=\"mini\">\n          U\u017cywamy <strong>Meta \/ Facebook Pixel<\/strong> do pomiaru reklam i remarketingu\/retargetingu.\n Te technologie dzia\u0142aj\u0105 <strong>tylko tam, gdzie uzyskano zgod\u0119<\/strong> poprzez baner cookie, tam gdzie jest to wymagane przez prawo.\n        <\/p>\n      <\/div>\n    <\/div>\n\n    <div class=\"two-col\" style=\"margin-top:16px;\">\n      <div class=\"card soft\">\n        <h3>6.3 Cloudflare (CDN)<\/h3>\n        <p class=\"mini\">\n          U\u017cywamy <strong>Cloudflare<\/strong> jako CDN, aby poprawi\u0107 wydajno\u015b\u0107 i pom\u00f3c w ochronie Witryny przed z\u0142o\u015bliwym ruchem i nadu\u017cyciami.\n Cloudflare mo\u017ce przetwarza\u0107 adresy IP i sygna\u0142y zwi\u0105zane z bezpiecze\u0144stwem do tych cel\u00f3w.\n        <\/p>\n      <\/div>\n\n      <div class=\"card soft\">\n        <h3>6.4 Zarz\u0105dzanie zgod\u0105<\/h3>\n        <p class=\"mini\">\n          Mo\u017cesz dostosowa\u0107 lub cofn\u0105\u0107 zgod\u0119 w dowolnym momencie, u\u017cywaj\u0105c ustawie\u0144 banera cookie. Je\u015bli wy\u0142\u0105czysz niekt\u00f3re pliki cookie,\n niekt\u00f3re funkcje mog\u0105 nie dzia\u0142a\u0107 zgodnie z zamierzeniem.\n        <\/p>\n      <\/div>\n    <\/div>\n\n    <!-- RETENTION -->\n    <h2 id=\"retention\">7. Przechowywanie i zatrzymywanie<\/h2>\n    <p>\n      Formularze s\u0105 przechowywane w <strong>bazie danych WordPress<\/strong> i mog\u0105 by\u0107 r\u00f3wnie\u017c przesy\u0142ane drog\u0105 <strong>email<\/strong>\n      do naszego zespo\u0142u w celu dalszego dzia\u0142ania. Przechowujemy dane osobowe tylko tak d\u0142ugo, jak jest to konieczne, aby:\n    <\/p>\n    <ul>\n      <li>Odpowiedzie\u0107 na twoje zapytanie i wspiera\u0107 komunikacj\u0119 w zakresie zam\u00f3wie\u0144<\/li>\n      <li>Utrzymywa\u0107 rozs\u0105dne zapisy dotycz\u0105ce bie\u017c\u0105cych dyskusji biznesowych<\/li>\n      <li>Przestrzega\u0107 obowi\u0105zk\u00f3w prawnych, tam gdzie jest to mo\u017cliwe<\/li>\n    <\/ul>\n\n    <!-- TRANSFERS -->\n    <h2 id=\"transfers\">8. Mi\u0119dzynarodowe transfery danych<\/h2>\n    <p>\n      HK EQGOO LIMITED jest zarejestrowana w Hongkongu. W zwi\u0105zku z tym dane osobowe mog\u0105 by\u0107 przetwarzane lub uzyskiwane poza UE\/EEA.\n      Tam, gdzie to mo\u017cliwe, stosujemy odpowiednie \u015brodki ochrony i techniczne kontrole, aby chroni\u0107 dane osobowe podczas transferu i przetwarzania.\n    <\/p>\n\n    <!-- SECURITY -->\n    <h2 id=\"security\">9. Bezpiecze\u0144stwo<\/h2>\n    <p>\n      Stosujemy odpowiednie \u015brodki techniczne i organizacyjne w celu ochrony danych osobowych, w tym kontrole dost\u0119pu, bezpieczne hosting, szyfrowane komunikacje (HTTPS) oraz monitorowanie bezpiecze\u0144stwa. Chocia\u017c \u017caden system nie mo\u017ce zapewni\u0107 ca\u0142kowitego bezpiecze\u0144stwa, nieprzerwanie doskonalimy \u015brodki ochrony w celu zmniejszenia ryzyka.\n    <\/p>\n\n    <!-- RIGHTS -->\n    <h2 id=\"rights\">10. Twoje prawa na mocy RODO<\/h2>\n    <p>Je\u015bli znajdujesz si\u0119 w UE\/EEA, mo\u017cesz mie\u0107 prawo do:<\/p>\n    <ul>\n      <li>\u017b\u0105dania dost\u0119pu do swoich danych osobowych<\/li>\n      <li>\u017b\u0105dania poprawy niedok\u0142adnych danych<\/li>\n      <li>\u017b\u0105dania usuni\u0119cia swoich danych (gdzie to mo\u017cliwe)<\/li>\n      <li>Ograniczenia lub sprzeciwu wobec przetwarzania (gdzie to mo\u017cliwe)<\/li>\n      <li>\u017b\u0105dania przeniesienia danych (gdzie to mo\u017cliwe)<\/li>\n      <li>Wycofania zgody w dowolnym momencie (gdzie przetwarzanie opiera si\u0119 na zgodzie)<\/li>\n    <\/ul>\n    <p class=\"mini\">\n      Aby skorzysta\u0107 ze swoich praw, skontaktuj si\u0119: <strong>support@fpgasourcing.com<\/strong>\n    <\/p>\n\n    <!-- COMPLAINTS -->\n    <h2 id=\"complaints\">11. Prawo do z\u0142o\u017cenia skargi<\/h2>\n    <p>\n      Mo\u017cesz z\u0142o\u017cy\u0107 skarg\u0119 do lokalnego organu ochrony danych osobowych (DPA), je\u015bli uwa\u017casz, \u017ce Twoje dane osobowe zosta\u0142y przetworzone niezgodnie z prawem.\n    <\/p>\n\n    <!-- CHILDREN -->\n    <h2 id=\"children\">12. Dane dzieci<\/h2>\n    <p>\n      Ta strona internetowa jest przeznaczona tylko dla u\u017cytkownik\u00f3w profesjonalnych. Nie zbieramy \u015bwiadomie danych osobowych od os\u00f3b poni\u017cej 16. roku \u017cycia.\n    <\/p>\n\n    <!-- CHANGES -->\n    <h2 id=\"changes\">13. Zmiany w tej polityce prywatno\u015bci<\/h2>\n    <p>\n      Mo\u017cemy zaktualizowa\u0107 t\u0119 polityk\u0119, aby odzwierciedli\u0107 zmiany prawne, techniczne lub operacyjne. Zaktualizowana wersja zostanie opublikowana na tej stronie z zaktualizowan\u0105 dat\u0105 \"Ostatnia aktualizacja\".\n    <\/p>\n\n    <!-- CONTACT -->\n    <h2 id=\"contact\">14. Kontakt<\/h2>\n    <div class=\"card soft\">\n      <p style=\"margin-bottom:10px;\">\n        W przypadku pyta\u0144 lub pr\u00f3\u015bb zwi\u0105zanych z prywatno\u015bci\u0105 skontaktuj si\u0119:\n      <\/p>\n      <p style=\"margin:0;font-weight:750;color:var(--ink);\">\n        support@fpgasourcing.com\n      <\/p>\n      <p class=\"mini\" style=\"margin-top:8px;\">\n        W przypadku og\u00f3lnych zapyta\u0144 dotycz\u0105cych zaopatrzenia, prosimy o skorzystanie z naszej strony kontaktowej:\n        <a href=\"https:\/\/fpgasourcing.com\/pl\/contact\/\" style=\"color:var(--blue);font-weight:800;text-decoration:none;\">Kontakt<\/a>\n      <\/p>\n    <\/div>\n\n    <!-- CTA -->\n    <section class=\"cta\">\n      <h2>Potrzebujesz wsparcia w zakresie zaopatrzenia?<\/h2>\n      <p>\n        Je\u015bli kontaktujesz si\u0119 z nami w sprawie zakupu FPGA, cyklu \u017cycia dostaw lub przegl\u0105du wykonalno\u015bci,\n        prosimy o skorzystanie z naszej strony kontaktowej, aby skontaktowa\u0107 si\u0119 z naszym zespo\u0142em ds. zaopatrzenia.\n      <\/p>\n      <a class=\"btn\" href=\"https:\/\/fpgasourcing.com\/pl\/contact\/\">Przejd\u017a do kontaktu<\/a>\n    <\/section>\n\n  <\/div>\n<\/main>\n\t\t\t\t\t\t\t\t<\/div>\n\t\t\t\t\t<\/div>\n\t\t\t\t<\/div>\n\t\t\t\t<\/div>","protected":false},"excerpt":{"rendered":"<p>Privacy Policy Last updated: 2026 Website: fpgasourcing.com Contact: support@fpgasourcing.com This Privacy Policy explains how HK EQGOO LIMITED (\u201cwe\u201d, \u201cus\u201d, \u201cour\u201d) collects, uses, stores, and protects personal data when you visit or interact with this Website. We operate as a B2B-oriented FPGA sourcing and procurement platform. Contents Data Controller Scope Personal Data We Collect Purpose of [&hellip;]<\/p>\n","protected":false},"author":1,"featured_media":0,"parent":0,"menu_order":0,"comment_status":"closed","ping_status":"open","template":"","meta":{"rank_math_title":"","rank_math_description":"","footnotes":""},"class_list":["post-3","page","type-page","status-publish","hentry"],"_links":{"self":[{"href":"https:\/\/fpgasourcing.com\/pl\/wp-json\/wp\/v2\/pages\/3","targetHints":{"allow":["GET"]}}],"collection":[{"href":"https:\/\/fpgasourcing.com\/pl\/wp-json\/wp\/v2\/pages"}],"about":[{"href":"https:\/\/fpgasourcing.com\/pl\/wp-json\/wp\/v2\/types\/page"}],"author":[{"embeddable":true,"href":"https:\/\/fpgasourcing.com\/pl\/wp-json\/wp\/v2\/users\/1"}],"replies":[{"embeddable":true,"href":"https:\/\/fpgasourcing.com\/pl\/wp-json\/wp\/v2\/comments?post=3"}],"version-history":[{"count":3,"href":"https:\/\/fpgasourcing.com\/pl\/wp-json\/wp\/v2\/pages\/3\/revisions"}],"predecessor-version":[{"id":257,"href":"https:\/\/fpgasourcing.com\/pl\/wp-json\/wp\/v2\/pages\/3\/revisions\/257"}],"wp:attachment":[{"href":"https:\/\/fpgasourcing.com\/pl\/wp-json\/wp\/v2\/media?parent=3"}],"curies":[{"name":"wp","href":"https:\/\/api.w.org\/{rel}","templated":true}]}}