{"id":738,"date":"2026-02-08T16:07:34","date_gmt":"2026-02-08T16:07:34","guid":{"rendered":"https:\/\/fpgasourcing.com\/?page_id=738"},"modified":"2026-02-08T16:07:58","modified_gmt":"2026-02-08T16:07:58","slug":"xc3s4000-5fgg900c","status":"publish","type":"page","link":"https:\/\/fpgasourcing.com\/it\/part\/xc3s4000-5fgg900c\/","title":{"rendered":"AMD XC3S4000-5FGG900C"},"content":{"rendered":"<div data-elementor-type=\"wp-page\" data-elementor-id=\"738\" class=\"elementor elementor-738\" data-elementor-post-type=\"page\">\n\t\t\t\t<div class=\"elementor-element elementor-element-b083e2f e-flex e-con-boxed e-con e-parent\" data-id=\"b083e2f\" data-element_type=\"container\" data-e-type=\"container\">\n\t\t\t\t\t<div class=\"e-con-inner\">\n\t\t\t\t<div class=\"elementor-element elementor-element-5e2746d elementor-widget elementor-widget-html\" data-id=\"5e2746d\" data-element_type=\"widget\" data-e-type=\"widget\" data-widget_type=\"html.default\">\n\t\t\t\t\t<!-- WP Block XC3S4000-5FGG900C | v1.5-static-template -->\r\n<script type=\"application\/ld+json\">{\n    \"@context\": \"https:\\\/\\\/schema.org\\\/\",\n    \"@type\": \"Product\",\n    \"name\": \"XC3S4000-5FGG900C\",\n    \"brand\": {\n        \"@type\": \"Brand\",\n        \"name\": \"AMD\"\n    },\n    \"sku\": \"XC3S4000-5FGG900C\",\n    \"offers\": {\n        \"@type\": \"Offer\",\n        \"availability\": \"https:\\\/\\\/schema.org\\\/LimitedAvailability\",\n        \"url\": \"https:\\\/\\\/fpgasourcing.com\\\/request-a-quote\\\/\",\n        \"priceCurrency\": \"USD\"\n    }\n}<\/script><div style=\"font-family: -apple-system, BlinkMacSystemFont, 'Segoe UI', Roboto, sans-serif; line-height: 1.6; color: #1f2937; max-width: 900px; margin: 0 auto; padding: 20px;\"><title>XC3S4000-5FGG900C Procurement & Sourcing | AMD | B2B<\/title><meta name=\"description\" content=\"The XC3S4000-5FGG900C has been deployed across mature system architectures that remain in active service within industrial and embedded environments. Given...\"> <header style=\"margin-bottom: 24px; border-bottom: 2px solid #e5e7eb; padding-bottom: 20px;\"> <p style=\"color: #2563eb; font-size: 12px; font-weight: 600; text-transform: uppercase; letter-spacing: 0.05em; margin-bottom: 8px;\">Riferimento per l'acquisto di AMD Spartan\u00ae-3<\/p> <h1 style=\"font-size: 32px; margin: 0 0 8px 0; color: #111827;\">XC3S4000-5FGG900C<\/h1> <p style=\"font-size: 16px; color: #6b7280; margin: 0;\">Documentazione globale di approvvigionamento e catena di fornitura B2B<\/p> <\/header> <div style=\"display: flex; gap: 8px; margin-bottom: 24px; flex-wrap: wrap;\"> <span style=\"background: #f8fafc; color: #475569; padding: 4px 12px; border-radius: 4px; font-size: 11px; font-weight: 600; border: 1px solid #e2e8f0; text-transform: uppercase;\">Approvisionnement Verificato<\/span> <span style=\"background: #f8fafc; color: #475569; padding: 4px 12px; border-radius: 4px; font-size: 11px; font-weight: 600; border: 1px solid #e2e8f0; text-transform: uppercase;\">Qualit\u00e0 Assicurata<\/span> <span style=\"background: #f8fafc; color: #475569; padding: 4px 12px; border-radius: 4px; font-size: 11px; font-weight: 600; border: 1px solid #e2e8f0; text-transform: uppercase;\">Conformit\u00e0 Monitorata<\/span> <\/div><div style=\"background: #fffbeb; border-left: 4px solid #f59e0b; padding: 16px; margin-bottom: 32px; border-radius: 0 8px 8px 0;\"><strong style=\"color: #92400e;\">Nota di Verifica:<\/strong><p style=\"margin: 8px 0 0 0; color: #78350f; font-size: 14px;\">Stato indicato: <strong>Maturo\/Eredit\u00e0 (verifica richiesta)<\/strong>. <a href=\"https:\/\/fpgasourcing.com\/it\/request-a-quote\/\" style=\"color: #92400e; text-decoration: underline; font-weight: 600;\">Invio RFQ<\/a> richiesto per la verifica in tempo reale.<\/p><\/div> <div style=\"margin-bottom: 24px;\"> <a href=\"https:\/\/cdn.fpgasourcing.com\/PDF\/ds099.pdf\" target=\"_blank\" rel=\"noopener\" style=\"display: inline-flex; align-items: center; background: #dc2626; color: white; padding: 10px 20px; text-decoration: none; border-radius: 6px; font-weight: 600; font-size: 14px;\"> <svg style=\"width: 16px; height: 16px; margin-right: 8px; fill: currentColor;\" viewbox=\"0 0 20 20\"><path d=\"M9 2a1 1 0 000 2h2a1 1 0 100-2H9z\"\/><path fill-rule=\"evenodd\" d=\"M4 5a2 2 0 012-2 1 1 0 000 2H6a2 2 0 00-2 2v6a2 2 0 002 2h2a1 1 0 100-2H6V7h5a1 1 0 011 1v5h2V8a3 3 0 00-3-3H6z\" clip-rule=\"evenodd\"\/><\/svg> Visualizza Scheda Dati (PDF) <\/a> <span style=\"color: #6b7280; font-size: 13px; margin-left: 12px;\">Documentazione tecnica per XC3S4000-5FGG900C<\/span> <\/div><main> <section style=\"margin-bottom: 32px;\"> <h2 style=\"color: #1f2937; font-size: 20px; margin-bottom: 16px; border-bottom: 2px solid #e5e7eb; padding-bottom: 8px;\">Specifiche tecniche<\/h2> <div style=\"border: 1px solid #e5e7eb; border-radius: 8px; overflow: hidden;\"> <table style=\"width: 100%; border-collapse: collapse; font-size: 14px;\"><tbody> <tr style=\"border-bottom: 1px solid #f3f4f6;\"> <th style=\"padding: 12px 16px; text-align: left; width: 40%; color: #6b7280; font-weight: 500; background: #f9fafb; font-size: 14px;\">Produttore<\/th> <td style=\"padding: 12px 16px; color: #1f2937; font-weight: 500; font-size: 14px;\">AMD<\/td> <\/tr> <tr style=\"border-bottom: 1px solid #f3f4f6;\"> <th style=\"padding: 12px 16px; text-align: left; width: 40%; color: #6b7280; font-weight: 500; background: #f9fafb; font-size: 14px;\">Numero di parte<\/th> <td style=\"padding: 12px 16px; color: #1f2937; font-weight: 500; font-size: 14px;\">XC3S4000-5FGG900C<\/td> <\/tr> <tr style=\"border-bottom: 1px solid #f3f4f6;\"> <th style=\"padding: 12px 16px; text-align: left; width: 40%; color: #6b7280; font-weight: 500; background: #f9fafb; font-size: 14px;\">Serie<\/th> <td style=\"padding: 12px 16px; color: #1f2937; font-weight: 500; font-size: 14px;\">Spartan\u00ae-3<\/td> <\/tr> <tr style=\"border-bottom: 1px solid #f3f4f6;\"> <th style=\"padding: 12px 16px; text-align: left; width: 40%; color: #6b7280; font-weight: 500; background: #f9fafb; font-size: 14px;\">Stato Indicato<\/th> <td style=\"padding: 12px 16px; color: #1f2937; font-weight: 500; font-size: 14px;\">Maturo\/Eredit\u00e0 (verifica richiesta)<\/td> <\/tr> <tr style=\"border-bottom: 1px solid #f3f4f6;\"> <th style=\"padding: 12px 16px; text-align: left; width: 40%; color: #6b7280; font-weight: 500; background: #f9fafb; font-size: 14px;\">Pacchetto \/ Scatola<\/th> <td style=\"padding: 12px 16px; color: #1f2937; font-weight: 500; font-size: 14px;\">900-BBGA<\/td> <\/tr> <tr style=\"border-bottom: 1px solid #f3f4f6;\"> <th style=\"padding: 12px 16px; text-align: left; width: 40%; color: #6b7280; font-weight: 500; background: #f9fafb; font-size: 14px;\">Intervallo di Temperatura<\/th> <td style=\"padding: 12px 16px; color: #1f2937; font-weight: 500; font-size: 14px;\">0\u00b0C ~ 85\u00b0C (TJ)<\/td> <\/tr> <tr style=\"border-bottom: 1px solid #f3f4f6;\"> <th style=\"padding: 12px 16px; text-align: left; width: 40%; color: #6b7280; font-weight: 500; background: #f9fafb; font-size: 14px;\">Elementi logici<\/th> <td style=\"padding: 12px 16px; color: #1f2937; font-weight: 500; font-size: 14px;\">62208<\/td> <\/tr> <tr style=\"border-bottom: 1px solid #f3f4f6;\"> <th style=\"padding: 12px 16px; text-align: left; width: 40%; color: #6b7280; font-weight: 500; background: #f9fafb; font-size: 14px;\">LABs \/ CLBs<\/th> <td style=\"padding: 12px 16px; color: #1f2937; font-weight: 500; font-size: 14px;\">6912<\/td> <\/tr> <tr style=\"border-bottom: 1px solid #f3f4f6;\"> <th style=\"padding: 12px 16px; text-align: left; width: 40%; color: #6b7280; font-weight: 500; background: #f9fafb; font-size: 14px;\">Bit RAM Totali<\/th> <td style=\"padding: 12px 16px; color: #1f2937; font-weight: 500; font-size: 14px;\">1769472<\/td> <\/tr> <tr style=\"border-bottom: 1px solid #f3f4f6;\"> <th style=\"padding: 12px 16px; text-align: left; width: 40%; color: #6b7280; font-weight: 500; background: #f9fafb; font-size: 14px;\">Numero di I\/O<\/th> <td style=\"padding: 12px 16px; color: #1f2937; font-weight: 500; font-size: 14px;\">633<\/td> <\/tr> <tr style=\"border-bottom: 1px solid #f3f4f6;\"> <th style=\"padding: 12px 16px; text-align: left; width: 40%; color: #6b7280; font-weight: 500; background: #f9fafb; font-size: 14px;\">Numero di Porte<\/th> <td style=\"padding: 12px 16px; color: #1f2937; font-weight: 500; font-size: 14px;\">4000000<\/td> <\/tr> <tr style=\"border-bottom: 1px solid #f3f4f6;\"> <th style=\"padding: 12px 16px; text-align: left; width: 40%; color: #6b7280; font-weight: 500; background: #f9fafb; font-size: 14px;\">Tensione di Alimentazione<\/th> <td style=\"padding: 12px 16px; color: #1f2937; font-weight: 500; font-size: 14px;\">1.14V ~ 1.26V<\/td> <\/tr><\/tbody><\/table> <\/div> <\/section>\r\n<section style=\"margin-bottom: 32px;\"><h2 style=\"color: #1f2937; font-size: 20px; margin-bottom: 16px; border-bottom: 2px solid #e5e7eb; padding-bottom: 8px;\">Contesto dell'App<\/h2><div style=\"background: #f9fafb; border-left: 4px solid #6b7280; padding: 20px; border-radius: 0 8px 8px 0;\"><p style=\"color: #4b5563; line-height: 1.7; font-size: 15px; margin: 0;\">L'XC3S4000-5FGG900C \u00e8 stato implementato in architetture di sistema mature che rimangono attive in ambienti industriali ed embedded. Data la sua fase di ciclo di vita, questo FPGA \u00e8 pi\u00f9 comunemente acquistato oggi per supportare programmi di manutenzione a lungo termine, ripristino dell'inventario di ricambi e sostituzione controllata delle unit\u00e0 distribuite sul campo.\r\n\r\nLe decisioni di approvvigionamento per questo dispositivo di solito danno priorit\u00e0 alla continuit\u00e0, alla tracciabilit\u00e0 e alla verifica a livello di lotto per garantire coerenza con le basi hardware esistenti.<\/p><\/div><\/section>\r\n <section style=\"margin-bottom: 32px;\"> <h2 style=\"color: #1f2937; font-size: 20px; margin-bottom: 16px; border-bottom: 2px solid #e5e7eb; padding-bottom: 8px;\">Conformit\u00e0 &amp; Qualit\u00e0<\/h2> <div style=\"display: grid; grid-template-columns: 1fr 1fr; gap: 16px; font-size: 13px; color: #4b5563;\"> <div style=\"padding: 16px; background: #f9fafb; border-radius: 6px; border: 1px solid #e5e7eb;\"> <strong style=\"color: #1f2937; display: block; margin-bottom: 6px; font-size: 14px;\">Documentazione di Base<\/strong>Certificato di Conformit\u00e0 e registrazioni di tracciabilit\u00e0 forniti. <\/div> <div style=\"padding: 16px; background: #f9fafb; border-radius: 6px; border: 1px solid #e5e7eb;\"> <strong style=\"color: #1f2937; display: block; margin-bottom: 6px; font-size: 14px;\">Anti-Falsificazione<\/strong>Protocolli di test SAE AS6081 applicati. Ispezione visiva e radiografica disponibile. <\/div> <div style=\"padding: 16px; background: #f9fafb; border-radius: 6px; border: 1px solid #e5e7eb;\"> <strong style=\"color: #1f2937; display: block; margin-bottom: 6px; font-size: 14px;\">Ambientale<\/strong>Informazioni sulla conformit\u00e0 RoHS\/REACH disponibili su richiesta. <\/div> <div style=\"padding: 16px; background: #f9fafb; border-radius: 6px; border: 1px solid #e5e7eb;\"> <strong style=\"color: #1f2937; display: block; margin-bottom: 6px; font-size: 14px;\">Ulteriori Necessit\u00e0<\/strong>Test o documentazione speciale discussi durante l'inchiesta. <\/div> <\/div> <\/section>\r\n <section style=\"margin-bottom: 32px;\"> <h2 style=\"color: #1f2937; font-size: 20px; margin-bottom: 16px; border-bottom: 2px solid #e5e7eb; padding-bottom: 8px;\">Valutazione del Rischio della Catena di Fornitura<\/h2> <div style=\"overflow-x: auto; border: 1px solid #e5e7eb; border-radius: 8px; margin-bottom: 16px;\"> <table style=\"width: 100%; border-collapse: collapse; font-size: 14px;\"> <thead style=\"background: #f9fafb;\"><tr><th style=\"padding: 12px; text-align: left;\">Categoria<\/th><th style=\"padding: 12px; text-align: left;\">Livello<\/th><th style=\"padding: 12px; text-align: left;\">Fattore di Rischio<\/th><th style=\"padding: 12px; text-align: left;\">Mitigazione<\/th><\/tr><\/thead> <tbody> <tr style=\"border-bottom: 1px solid #e5e7eb;\"> <td style=\"padding: 12px; font-weight: 500; font-size: 14px;\">Continuit\u00e0 dell'Approvvigionamento<\/td> <td style=\"padding: 12px;\"><span style=\"display: inline-block; padding: 2px 8px; border-radius: 12px; font-size: 11px; font-weight: 600; background: #fee2e2; color: #991b1b;\">Da valutare<\/span><\/td> <td style=\"padding: 12px; color: #4b5563; font-size: 13px;\">Lo stato del ciclo di vita richiede verifica<\/td> <td style=\"padding: 12px; color: #4b5563; font-size: 13px;\">Valutazione LTB se applicabile<\/td> <\/tr> <tr style=\"border-bottom: 1px solid #e5e7eb;\"> <td style=\"padding: 12px; font-weight: 500; font-size: 14px;\">Verifica dell'assemblaggio<\/td> <td style=\"padding: 12px;\"><span style=\"display: inline-block; padding: 2px 8px; border-radius: 12px; font-size: 11px; font-weight: 600; background: #dbeafe; color: #1e40af;\">Media<\/span><\/td> <td style=\"padding: 12px; color: #4b5563; font-size: 13px;\">Il pacchetto BGA potrebbe richiedere ispezione a raggi X<\/td> <td style=\"padding: 12px; color: #4b5563; font-size: 13px;\">Protocollo di ispezione in entrata<\/td> <\/tr><\/tbody> <\/table> <\/div> <\/section>\r\n <section style=\"margin-bottom: 32px;\"> <div style=\"background: #f8fafc; border: 1px solid #e2e8f0; border-radius: 8px; padding: 20px;\"> <h3 style=\"margin-top: 0; color: #1e293b; font-size: 16px; display: flex; align-items: center;\"><span style=\"background: #3b82f6; color: white; padding: 4px 8px; border-radius: 4px; margin-right: 10px; font-size: 12px;\">RFQ<\/span>Guida Rapida per Richiesta<\/h3> <p style=\"margin: 0 0 12px 0; color: #475569; font-size: 14px; line-height: 1.6;\">Per richiedere un preventivo per <strong>XC3S4000-5FGG900C<\/strong>, fornire semplicemente:<\/p> <ul style=\"margin: 0 0 12px 0; padding-left: 20px; color: #475569; font-size: 14px; line-height: 1.8;\"> <li><strong>Quantit\u00e0 richiesta<\/strong> (ogni quantit\u00e0 accettata)<\/li> <li><strong>Piano di consegna target<\/strong> (tempistiche flessibili benvenute)<\/li> <\/ul> <p style=\"margin:0; font-size:13px; color:#334155;\">Forniremo disponibilit\u00e0, prezzi, CoC e documentazione di autenticit\u00e0.<\/p> <\/div> <\/section>\r\n<section style=\"margin-bottom: 32px;\"><h2 style=\"color: #1f2937; font-size: 20px; margin-bottom: 16px; border-bottom: 2px solid #e5e7eb; padding-bottom: 8px;\">FAQ per l'Approvvigionamento<\/h2><div>\r\n<div style=\"margin-bottom: 16px; border: 1px solid #e5e7eb; border-radius: 8px; overflow: hidden;\">\r\n<h3 style=\"margin: 0; padding: 16px; background: #f9fafb; font-size: 15px; color: #1f2937; font-weight: 600;\">Qual \u00e8 il protocollo di approvvigionamento attuale per verificare la disponibilit\u00e0 dell'XC3S4000-5FGG900C data la sua condizione matura?<\/h3>\r\n<div style=\"padding: 16px; background: white;\"><div style=\"color: #4b5563; font-size: 14px; line-height: 1.6;\">A causa dello stato 'Mature\/Legacy' dell'XC3S4000-5FGG900C, i livelli di stock sono altamente volatili e richiedono una verifica formale tramite un audit dell'inventario attuale. La disponibilit\u00e0 \u00e8 soggetta a verifica al momento della richiesta di preventivo e i tempi di consegna devono essere confermati tramite un preventivo formale poich\u00e9 i componenti legacy potrebbero non essere pi\u00f9 disponibili in stock standard.<\/div><\/div>\r\n<\/div>\r\n<div style=\"margin-bottom: 16px; border: 1px solid #e5e7eb; border-radius: 8px; overflow: hidden;\">\r\n<h3 style=\"margin: 0; padding: 16px; background: #f9fafb; font-size: 15px; color: #1f2937; font-weight: 600;\">Esistono alternative o riferimenti incrociati validati in formato testo semplice per la configurazione del pacchetto 900-BBGA?<\/h3>\r\n<div style=\"padding: 16px; background: white;\"><div style=\"color: #4b5563; font-size: 14px; line-height: 1.6;\">Sebbene possano esistere equivalenti funzionali, qualsiasi riferimento incrociato proposto o alternativa per il footprint 900-BBGA richiede conferma tecnica e convalida ingegneristica. La compatibilit\u00e0 con i layout PCB esistenti \u00e8 soggetta a verifica rispetto al grado di velocit\u00e0 specifico '5FGG900C' e alle specifiche termiche per garantire l'affidabilit\u00e0 nel montaggio.<\/div><\/div>\r\n<\/div>\r\n<div style=\"margin-bottom: 16px; border: 1px solid #e5e7eb; border-radius: 8px; overflow: hidden;\">\r\n<h3 style=\"margin: 0; padding: 16px; background: #f9fafb; font-size: 15px; color: #1f2937; font-weight: 600;\">Qual \u00e8 il processo per ottenere un Certificato di Conformit\u00e0 (CoC) per questo FPGA legacy?<\/h3>\r\n<div style=\"padding: 16px; background: white;\"><div style=\"color: #4b5563; font-size: 14px; line-height: 1.6;\">La fornitura di un Certificato di Conformit\u00e0 (CoC) per l'XC3S4000-5FGG900C \u00e8 soggetta a verifica del codice lotto specifico e della storia di tracciabilit\u00e0. La disponibilit\u00e0 della documentazione richiede conferma dal punto di origine o dal canale di distribuzione autorizzato per garantire la conformit\u00e0 agli standard di gestione della qualit\u00e0 B2B per i semiconduttori legacy.<\/div><\/div>\r\n<\/div><\/div><\/section>\r\n        <section style=\"margin-bottom: 24px; padding: 16px; background: #f0fdf4; border-radius: 8px; border-left: 4px solid #16a34a;\">\r\n            <h3 style=\"margin-top: 0; color: #166534; font-size: 17px;\">Stesse varianti architettoniche<\/h3>\r\n            <p>Risorse logiche identiche con differenze nel grado di velocit\u00e0, imballaggio o numero di I\/O:<\/p>\r\n            <p><a href=\"https:\/\/fpgasourcing.com\/it\/part\/xc3s4000-4fg676c\/\">XC3S4000-4FG676C<\/a> | <a href=\"https:\/\/fpgasourcing.com\/it\/part\/xc3s4000-4fg676i\/\">XC3S4000-4FG676I<\/a><\/p>\r\n            <p><em>La compatibilit\u00e0 pin-to-pin deve essere verificata secondo il datasheet.<\/em><\/p>\r\n        <\/section>\r\n        \r\n\r\n        <section style=\"margin-bottom: 24px; padding: 16px; background: #fffbeb; border-radius: 8px; border-left: 4px solid #ca8a04;\">\r\n            <h3 style=\"margin-top: 0; color: #92400e; font-size: 17px;\">Considerazione per il dimensionamento del design<\/h3>\r\n            <p>Per progetti che richiedono risorse logiche aggiuntive all'interno della stessa famiglia Spartan-3:<\/p>\r\n            <p><a href=\"https:\/\/fpgasourcing.com\/it\/part\/xc3s5000-5fgg900c\/\">XC3S5000-5FGG900C<\/a><\/p>\r\n            <p><em>\u00c8 raccomandata la valutazione del margine delle risorse prima della migrazione architettonica.<\/em><\/p>\r\n        <\/section>\r\n        <\/main><div style=\"background: #1e3a8a; color: white; padding: 32px; border-radius: 8px; text-align: center; margin: 32px 0;\"><h2 style=\"margin:0 0 8px 0; font-size: 22px;\">Ottieni le tue opzioni di approvvigionamento allineate al rischio<\/h2><p style=\"opacity: 0.9; margin-bottom: 20px; font-size: 15px;\">Richiesta di quotazione per XC3S4000-5FGG900C con valutazione di fattibilit\u00e0.<\/p><div style=\"margin-bottom: 16px;\"><a href=\"https:\/\/fpgasourcing.com\/it\/request-a-quote\/\" style=\"display: inline-block; background: #f59e0b; color: #1f2937; padding: 14px 32px; text-decoration: none; border-radius: 6px; font-weight: 600; margin-right: 12px;\">Richiedi preventivo<\/a><a href=\"https:\/\/fpgasourcing.com\/it\/contact\/\" style=\"display: inline-block; color: white; padding: 14px 32px; text-decoration: none; border-radius: 6px; border: 1px solid rgba(255,255,255,0.3);\">Fai una domanda<\/a><\/div><\/div><\/div>\t\t\t\t<\/div>\n\t\t\t\t\t<\/div>\n\t\t\t\t<\/div>\n\t\t\t\t<\/div>","protected":false},"excerpt":{"rendered":"<p>XC3S4000-5FGG900C Procurement &#038; Sourcing | AMD | B2B AMD Spartan\u00ae-3 Procurement Reference XC3S4000-5FGG900C Global B2B Component Sourcing &#038; Supply Chain Documentation Sourcing Verified Quality Assured Compliance Tracked Verification Note:Indicated status: Mature\/Legacy (verification required). RFQ submission required for real-time verification. View Datasheet (PDF) Technical documentation for XC3S4000-5FGG900C Technical Specifications Manufacturer AMD Part Number XC3S4000-5FGG900C Series Spartan\u00ae-3 [&hellip;]<\/p>\n","protected":false},"author":1,"featured_media":0,"parent":13,"menu_order":0,"comment_status":"closed","ping_status":"closed","template":"","meta":{"rank_math_title":"XC3S4000-5FGG900C B2B Sourcing | Request Quote","rank_math_description":"Source XC3S4000-5FGG900C FPGAs for industrial maintenance. 62208 LE, 900-BBGA package. Verified traceability for legacy system support and spare replenishment.","footnotes":""},"class_list":["post-738","page","type-page","status-publish","hentry"],"_links":{"self":[{"href":"https:\/\/fpgasourcing.com\/it\/wp-json\/wp\/v2\/pages\/738","targetHints":{"allow":["GET"]}}],"collection":[{"href":"https:\/\/fpgasourcing.com\/it\/wp-json\/wp\/v2\/pages"}],"about":[{"href":"https:\/\/fpgasourcing.com\/it\/wp-json\/wp\/v2\/types\/page"}],"author":[{"embeddable":true,"href":"https:\/\/fpgasourcing.com\/it\/wp-json\/wp\/v2\/users\/1"}],"replies":[{"embeddable":true,"href":"https:\/\/fpgasourcing.com\/it\/wp-json\/wp\/v2\/comments?post=738"}],"version-history":[{"count":4,"href":"https:\/\/fpgasourcing.com\/it\/wp-json\/wp\/v2\/pages\/738\/revisions"}],"predecessor-version":[{"id":742,"href":"https:\/\/fpgasourcing.com\/it\/wp-json\/wp\/v2\/pages\/738\/revisions\/742"}],"up":[{"embeddable":true,"href":"https:\/\/fpgasourcing.com\/it\/wp-json\/wp\/v2\/pages\/13"}],"wp:attachment":[{"href":"https:\/\/fpgasourcing.com\/it\/wp-json\/wp\/v2\/media?parent=738"}],"curies":[{"name":"wp","href":"https:\/\/api.w.org\/{rel}","templated":true}]}}