{"id":472,"date":"2026-02-07T03:40:43","date_gmt":"2026-02-07T03:40:43","guid":{"rendered":"https:\/\/fpgasourcing.com\/?page_id=472"},"modified":"2026-02-07T03:42:03","modified_gmt":"2026-02-07T03:42:03","slug":"xc3s200-5ftg256c","status":"publish","type":"page","link":"https:\/\/fpgasourcing.com\/it\/part\/xc3s200-5ftg256c\/","title":{"rendered":"AMD XC3S200-5FTG256C"},"content":{"rendered":"<div data-elementor-type=\"wp-page\" data-elementor-id=\"472\" class=\"elementor elementor-472\" data-elementor-post-type=\"page\">\n\t\t\t\t<div class=\"elementor-element elementor-element-a3030e5 e-flex e-con-boxed e-con e-parent\" data-id=\"a3030e5\" data-element_type=\"container\" data-e-type=\"container\">\n\t\t\t\t\t<div class=\"e-con-inner\">\n\t\t\t\t<div class=\"elementor-element elementor-element-d119b00 elementor-widget elementor-widget-html\" data-id=\"d119b00\" data-element_type=\"widget\" data-e-type=\"widget\" data-widget_type=\"html.default\">\n\t\t\t\t\t<!-- WP Block XC3S200-5FTG256C | v1.5-static-template -->\r\n<script type=\"application\/ld+json\">{\n    \"@context\": \"https:\\\/\\\/schema.org\\\/\",\n    \"@type\": \"Product\",\n    \"name\": \"XC3S200-5FTG256C\",\n    \"brand\": {\n        \"@type\": \"Brand\",\n        \"name\": \"AMD\"\n    },\n    \"sku\": \"XC3S200-5FTG256C\",\n    \"offers\": {\n        \"@type\": \"Offer\",\n        \"availability\": \"https:\\\/\\\/schema.org\\\/LimitedAvailability\",\n        \"url\": \"https:\\\/\\\/fpgasourcing.com\\\/request-a-quote\\\/\",\n        \"priceCurrency\": \"USD\"\n    }\n}<\/script><div style=\"font-family: -apple-system, BlinkMacSystemFont, 'Segoe UI', Roboto, sans-serif; line-height: 1.6; color: #1f2937; max-width: 900px; margin: 0 auto; padding: 20px;\"><title>XC3S200-5FTG256C Procurement & Sourcing | AMD | B2B<\/title><meta name=\"description\" content=\"The XC3S200-5FTG256C has been deployed across mature system architectures that remain in active service within industrial and embedded environments. Given...\"> <header style=\"margin-bottom: 24px; border-bottom: 2px solid #e5e7eb; padding-bottom: 20px;\"> <p style=\"color: #2563eb; font-size: 12px; font-weight: 600; text-transform: uppercase; letter-spacing: 0.05em; margin-bottom: 8px;\">Riferimento per l'acquisto di AMD Spartan\u00ae-3<\/p> <h1 style=\"font-size: 32px; margin: 0 0 8px 0; color: #111827;\">XC3S200-5FTG256C<\/h1> <p style=\"font-size: 16px; color: #6b7280; margin: 0;\">Documentazione globale di approvvigionamento e catena di fornitura B2B<\/p> <\/header> <div style=\"display: flex; gap: 8px; margin-bottom: 24px; flex-wrap: wrap;\"> <span style=\"background: #f8fafc; color: #475569; padding: 4px 12px; border-radius: 4px; font-size: 11px; font-weight: 600; border: 1px solid #e2e8f0; text-transform: uppercase;\">Approvisionnement Verificato<\/span> <span style=\"background: #f8fafc; color: #475569; padding: 4px 12px; border-radius: 4px; font-size: 11px; font-weight: 600; border: 1px solid #e2e8f0; text-transform: uppercase;\">Qualit\u00e0 Assicurata<\/span> <span style=\"background: #f8fafc; color: #475569; padding: 4px 12px; border-radius: 4px; font-size: 11px; font-weight: 600; border: 1px solid #e2e8f0; text-transform: uppercase;\">Conformit\u00e0 Monitorata<\/span> <\/div><div style=\"background: #fffbeb; border-left: 4px solid #f59e0b; padding: 16px; margin-bottom: 32px; border-radius: 0 8px 8px 0;\"><strong style=\"color: #92400e;\">Nota di Verifica:<\/strong><p style=\"margin: 8px 0 0 0; color: #78350f; font-size: 14px;\">Stato indicato: <strong>Maturo\/Eredit\u00e0 (verifica richiesta)<\/strong>. <a href=\"https:\/\/fpgasourcing.com\/it\/request-a-quote\/\" style=\"color: #92400e; text-decoration: underline; font-weight: 600;\">Invio RFQ<\/a> richiesto per la verifica in tempo reale.<\/p><\/div> <div style=\"margin-bottom: 24px;\"> <a href=\"https:\/\/cdn.fpgasourcing.com\/PDF\/ds099.pdf\" target=\"_blank\" rel=\"noopener\" style=\"display: inline-flex; align-items: center; background: #dc2626; color: white; padding: 10px 20px; text-decoration: none; border-radius: 6px; font-weight: 600; font-size: 14px;\"> <svg style=\"width: 16px; height: 16px; margin-right: 8px; fill: currentColor;\" viewbox=\"0 0 20 20\"><path d=\"M9 2a1 1 0 000 2h2a1 1 0 100-2H9z\"\/><path fill-rule=\"evenodd\" d=\"M4 5a2 2 0 012-2 1 1 0 000 2H6a2 2 0 00-2 2v6a2 2 0 002 2h2a1 1 0 100-2H6V7h5a1 1 0 011 1v5h2V8a3 3 0 00-3-3H6z\" clip-rule=\"evenodd\"\/><\/svg> Visualizza Scheda Dati (PDF) <\/a> <span style=\"color: #6b7280; font-size: 13px; margin-left: 12px;\">Documentazione tecnica per XC3S200-5FTG256C<\/span> <\/div><main> <section style=\"margin-bottom: 32px;\"> <h2 style=\"color: #1f2937; font-size: 20px; margin-bottom: 16px; border-bottom: 2px solid #e5e7eb; padding-bottom: 8px;\">Specifiche tecniche<\/h2> <div style=\"border: 1px solid #e5e7eb; border-radius: 8px; overflow: hidden;\"> <table style=\"width: 100%; border-collapse: collapse; font-size: 14px;\"><tbody> <tr style=\"border-bottom: 1px solid #f3f4f6;\"> <th style=\"padding: 12px 16px; text-align: left; width: 40%; color: #6b7280; font-weight: 500; background: #f9fafb; font-size: 14px;\">Produttore<\/th> <td style=\"padding: 12px 16px; color: #1f2937; font-weight: 500; font-size: 14px;\">AMD<\/td> <\/tr> <tr style=\"border-bottom: 1px solid #f3f4f6;\"> <th style=\"padding: 12px 16px; text-align: left; width: 40%; color: #6b7280; font-weight: 500; background: #f9fafb; font-size: 14px;\">Numero di parte<\/th> <td style=\"padding: 12px 16px; color: #1f2937; font-weight: 500; font-size: 14px;\">XC3S200-5FTG256C<\/td> <\/tr> <tr style=\"border-bottom: 1px solid #f3f4f6;\"> <th style=\"padding: 12px 16px; text-align: left; width: 40%; color: #6b7280; font-weight: 500; background: #f9fafb; font-size: 14px;\">Serie<\/th> <td style=\"padding: 12px 16px; color: #1f2937; font-weight: 500; font-size: 14px;\">Spartan\u00ae-3<\/td> <\/tr> <tr style=\"border-bottom: 1px solid #f3f4f6;\"> <th style=\"padding: 12px 16px; text-align: left; width: 40%; color: #6b7280; font-weight: 500; background: #f9fafb; font-size: 14px;\">Stato Indicato<\/th> <td style=\"padding: 12px 16px; color: #1f2937; font-weight: 500; font-size: 14px;\">Maturo\/Eredit\u00e0 (verifica richiesta)<\/td> <\/tr> <tr style=\"border-bottom: 1px solid #f3f4f6;\"> <th style=\"padding: 12px 16px; text-align: left; width: 40%; color: #6b7280; font-weight: 500; background: #f9fafb; font-size: 14px;\">Pacchetto \/ Scatola<\/th> <td style=\"padding: 12px 16px; color: #1f2937; font-weight: 500; font-size: 14px;\">256-LBGA<\/td> <\/tr> <tr style=\"border-bottom: 1px solid #f3f4f6;\"> <th style=\"padding: 12px 16px; text-align: left; width: 40%; color: #6b7280; font-weight: 500; background: #f9fafb; font-size: 14px;\">Intervallo di Temperatura<\/th> <td style=\"padding: 12px 16px; color: #1f2937; font-weight: 500; font-size: 14px;\">0\u00b0C ~ 85\u00b0C (TJ)<\/td> <\/tr> <tr style=\"border-bottom: 1px solid #f3f4f6;\"> <th style=\"padding: 12px 16px; text-align: left; width: 40%; color: #6b7280; font-weight: 500; background: #f9fafb; font-size: 14px;\">Elementi logici<\/th> <td style=\"padding: 12px 16px; color: #1f2937; font-weight: 500; font-size: 14px;\">4320<\/td> <\/tr> <tr style=\"border-bottom: 1px solid #f3f4f6;\"> <th style=\"padding: 12px 16px; text-align: left; width: 40%; color: #6b7280; font-weight: 500; background: #f9fafb; font-size: 14px;\">LABs \/ CLBs<\/th> <td style=\"padding: 12px 16px; color: #1f2937; font-weight: 500; font-size: 14px;\">480<\/td> <\/tr> <tr style=\"border-bottom: 1px solid #f3f4f6;\"> <th style=\"padding: 12px 16px; text-align: left; width: 40%; color: #6b7280; font-weight: 500; background: #f9fafb; font-size: 14px;\">Bit RAM Totali<\/th> <td style=\"padding: 12px 16px; color: #1f2937; font-weight: 500; font-size: 14px;\">221184<\/td> <\/tr> <tr style=\"border-bottom: 1px solid #f3f4f6;\"> <th style=\"padding: 12px 16px; text-align: left; width: 40%; color: #6b7280; font-weight: 500; background: #f9fafb; font-size: 14px;\">Numero di I\/O<\/th> <td style=\"padding: 12px 16px; color: #1f2937; font-weight: 500; font-size: 14px;\">173<\/td> <\/tr> <tr style=\"border-bottom: 1px solid #f3f4f6;\"> <th style=\"padding: 12px 16px; text-align: left; width: 40%; color: #6b7280; font-weight: 500; background: #f9fafb; font-size: 14px;\">Numero di Porte<\/th> <td style=\"padding: 12px 16px; color: #1f2937; font-weight: 500; font-size: 14px;\">200000<\/td> <\/tr> <tr style=\"border-bottom: 1px solid #f3f4f6;\"> <th style=\"padding: 12px 16px; text-align: left; width: 40%; color: #6b7280; font-weight: 500; background: #f9fafb; font-size: 14px;\">Tensione di Alimentazione<\/th> <td style=\"padding: 12px 16px; color: #1f2937; font-weight: 500; font-size: 14px;\">1.14V ~ 1.26V<\/td> <\/tr><\/tbody><\/table> <\/div> <\/section>\r\n<section style=\"margin-bottom: 32px;\"><h2 style=\"color: #1f2937; font-size: 20px; margin-bottom: 16px; border-bottom: 2px solid #e5e7eb; padding-bottom: 8px;\">Contesto dell'App<\/h2><div style=\"background: #f9fafb; border-left: 4px solid #6b7280; padding: 20px; border-radius: 0 8px 8px 0;\"><p style=\"color: #4b5563; line-height: 1.7; font-size: 15px; margin: 0;\">L'XC3S200-5FTG256C \u00e8 stato implementato in architetture di sistema mature che rimangono in servizio attivo all'interno di ambienti industriali ed embedded. Data la sua fase di ciclo di vita, questo FPGA \u00e8 comunemente approvvigionato oggi per supportare programmi di manutenzione a lungo termine, il ripristino dell'inventario di ricambi e la sostituzione controllata delle unit\u00e0 distribuite sul campo.\r\n\r\nLe decisioni di approvvigionamento per questo dispositivo tipicamente danno priorit\u00e0 a continuit\u00e0, tracciabilit\u00e0 e verifica a livello di lotto per garantire coerenza con le linee di base hardware esistenti.<\/p><\/div><\/section>\r\n <section style=\"margin-bottom: 32px;\"> <h2 style=\"color: #1f2937; font-size: 20px; margin-bottom: 16px; border-bottom: 2px solid #e5e7eb; padding-bottom: 8px;\">Conformit\u00e0 &amp; Qualit\u00e0<\/h2> <div style=\"display: grid; grid-template-columns: 1fr 1fr; gap: 16px; font-size: 13px; color: #4b5563;\"> <div style=\"padding: 16px; background: #f9fafb; border-radius: 6px; border: 1px solid #e5e7eb;\"> <strong style=\"color: #1f2937; display: block; margin-bottom: 6px; font-size: 14px;\">Documentazione di Base<\/strong>Certificato di Conformit\u00e0 e registrazioni di tracciabilit\u00e0 forniti. <\/div> <div style=\"padding: 16px; background: #f9fafb; border-radius: 6px; border: 1px solid #e5e7eb;\"> <strong style=\"color: #1f2937; display: block; margin-bottom: 6px; font-size: 14px;\">Anti-Falsificazione<\/strong>Protocolli di test SAE AS6081 applicati. Ispezione visiva e radiografica disponibile. <\/div> <div style=\"padding: 16px; background: #f9fafb; border-radius: 6px; border: 1px solid #e5e7eb;\"> <strong style=\"color: #1f2937; display: block; margin-bottom: 6px; font-size: 14px;\">Ambientale<\/strong>Informazioni sulla conformit\u00e0 RoHS\/REACH disponibili su richiesta. <\/div> <div style=\"padding: 16px; background: #f9fafb; border-radius: 6px; border: 1px solid #e5e7eb;\"> <strong style=\"color: #1f2937; display: block; margin-bottom: 6px; font-size: 14px;\">Ulteriori Necessit\u00e0<\/strong>Test o documentazione speciale discussi durante l'inchiesta. <\/div> <\/div> <\/section>\r\n <section style=\"margin-bottom: 32px;\"> <h2 style=\"color: #1f2937; font-size: 20px; margin-bottom: 16px; border-bottom: 2px solid #e5e7eb; padding-bottom: 8px;\">Valutazione del Rischio della Catena di Fornitura<\/h2> <div style=\"overflow-x: auto; border: 1px solid #e5e7eb; border-radius: 8px; margin-bottom: 16px;\"> <table style=\"width: 100%; border-collapse: collapse; font-size: 14px;\"> <thead style=\"background: #f9fafb;\"><tr><th style=\"padding: 12px; text-align: left;\">Categoria<\/th><th style=\"padding: 12px; text-align: left;\">Livello<\/th><th style=\"padding: 12px; text-align: left;\">Fattore di Rischio<\/th><th style=\"padding: 12px; text-align: left;\">Mitigazione<\/th><\/tr><\/thead> <tbody> <tr style=\"border-bottom: 1px solid #e5e7eb;\"> <td style=\"padding: 12px; font-weight: 500; font-size: 14px;\">Continuit\u00e0 dell'Approvvigionamento<\/td> <td style=\"padding: 12px;\"><span style=\"display: inline-block; padding: 2px 8px; border-radius: 12px; font-size: 11px; font-weight: 600; background: #fee2e2; color: #991b1b;\">Da valutare<\/span><\/td> <td style=\"padding: 12px; color: #4b5563; font-size: 13px;\">Lo stato del ciclo di vita richiede verifica<\/td> <td style=\"padding: 12px; color: #4b5563; font-size: 13px;\">Valutazione LTB se applicabile<\/td> <\/tr> <tr style=\"border-bottom: 1px solid #e5e7eb;\"> <td style=\"padding: 12px; font-weight: 500; font-size: 14px;\">Verifica dell'assemblaggio<\/td> <td style=\"padding: 12px;\"><span style=\"display: inline-block; padding: 2px 8px; border-radius: 12px; font-size: 11px; font-weight: 600; background: #dbeafe; color: #1e40af;\">Media<\/span><\/td> <td style=\"padding: 12px; color: #4b5563; font-size: 13px;\">Il pacchetto BGA potrebbe richiedere ispezione a raggi X<\/td> <td style=\"padding: 12px; color: #4b5563; font-size: 13px;\">Protocollo di ispezione in entrata<\/td> <\/tr><\/tbody> <\/table> <\/div> <\/section>\r\n <section style=\"margin-bottom: 32px;\"> <div style=\"background: #f8fafc; border: 1px solid #e2e8f0; border-radius: 8px; padding: 20px;\"> <h3 style=\"margin-top: 0; color: #1e293b; font-size: 16px; display: flex; align-items: center;\"><span style=\"background: #3b82f6; color: white; padding: 4px 8px; border-radius: 4px; margin-right: 10px; font-size: 12px;\">RFQ<\/span>Guida Rapida per Richiesta<\/h3> <p style=\"margin: 0 0 12px 0; color: #475569; font-size: 14px; line-height: 1.6;\">Per richiedere un preventivo per <strong>XC3S200-5FTG256C<\/strong>, fornire semplicemente:<\/p> <ul style=\"margin: 0 0 12px 0; padding-left: 20px; color: #475569; font-size: 14px; line-height: 1.8;\"> <li><strong>Quantit\u00e0 richiesta<\/strong> (ogni quantit\u00e0 accettata)<\/li> <li><strong>Piano di consegna target<\/strong> (tempistiche flessibili benvenute)<\/li> <\/ul> <p style=\"margin:0; font-size:13px; color:#334155;\">Forniremo disponibilit\u00e0, prezzi, CoC e documentazione di autenticit\u00e0.<\/p> <\/div> <\/section>\r\n<section style=\"margin-bottom: 32px;\"><h2 style=\"color: #1f2937; font-size: 20px; margin-bottom: 16px; border-bottom: 2px solid #e5e7eb; padding-bottom: 8px;\">FAQ per l'Approvvigionamento<\/h2><div>\r\n<div style=\"margin-bottom: 16px; border: 1px solid #e5e7eb; border-radius: 8px; overflow: hidden;\">\r\n<h3 style=\"margin: 0; padding: 16px; background: #f9fafb; font-size: 15px; color: #1f2937; font-weight: 600;\">Qual \u00e8 lo stato attuale dell'approvvigionamento e la disponibilit\u00e0 per l'FPGA XC3S200-5FTG256C?<\/h3>\r\n<div style=\"padding: 16px; background: white;\"><div style=\"color: #4b5563; font-size: 14px; line-height: 1.6;\">L'XC3S200-5FTG256C \u00e8 attualmente classificato come componente Maturo\/Legacy. La disponibilit\u00e0 di stock \u00e8 limitata e richiede conferma da parte del produttore o dei distributori autorizzati per garantire che il pezzo non abbia raggiunto lo stato di Fine Vita (EOL). I tempi di consegna e i prezzi sono soggetti a verifica al momento dell'inchiesta.<\/div><\/div>\r\n<\/div>\r\n<div style=\"margin-bottom: 16px; border: 1px solid #e5e7eb; border-radius: 8px; overflow: hidden;\">\r\n<h3 style=\"margin: 0; padding: 16px; background: #f9fafb; font-size: 15px; color: #1f2937; font-weight: 600;\">Esistono alternative raccomandate o riferimenti incrociati per il pacchetto 256-LBGA se lo stock non \u00e8 disponibile?<\/h3>\r\n<div style=\"padding: 16px; background: white;\"><div style=\"color: #4b5563; font-size: 14px; line-height: 1.6;\">Sebbene possano esistere potenziali sostituti diretti o generazioni Spartan pi\u00f9 recenti, qualsiasi riferimento incrociato proposto per la misura 256-LBGA richiede conferma tecnica. La compatibilit\u00e0 riguardo ai livelli di tensione, agli standard I\/O e ai tempi del bitstream \u00e8 soggetta a verifica da parte dei team di ingegneria prima che l'approvvigionamento possa procedere.<\/div><\/div>\r\n<\/div>\r\n<div style=\"margin-bottom: 16px; border: 1px solid #e5e7eb; border-radius: 8px; overflow: hidden;\">\r\n<h3 style=\"margin: 0; padding: 16px; background: #f9fafb; font-size: 15px; color: #1f2937; font-weight: 600;\">Qual \u00e8 il processo per ottenere un Certificato di Conformit\u00e0 (CoC) per questo dispositivo legacy?<\/h3>\r\n<div style=\"padding: 16px; background: white;\"><div style=\"color: #4b5563; font-size: 14px; line-height: 1.6;\">La fornitura di un Certificato di Conformit\u00e0 (CoC) per l'XC3S200-5FTG256C \u00e8 soggetta a verifica in base al codice lotto specifico e alla sorgente di origine. A causa del suo stato legacy, la capacit\u00e0 di fornire una tracciabilit\u00e0 completa del produttore e documentazione formale richiede conferma prima dell'accettazione dell'ordine di acquisto.<\/div><\/div>\r\n<\/div><\/div><\/section>\r\n        <section style=\"margin-bottom: 24px; padding: 16px; background: #f0fdf4; border-radius: 8px; border-left: 4px solid #16a34a;\">\r\n            <h3 style=\"margin-top: 0; color: #166534; font-size: 17px;\">Stesse varianti architettoniche<\/h3>\r\n            <p>Risorse logiche identiche con differenze nel grado di velocit\u00e0, imballaggio o numero di I\/O:<\/p>\r\n            <p><a href=\"https:\/\/fpgasourcing.com\/it\/part\/xc3s200-4ft256c\/\">XC3S200-4FT256C<\/a> | <a href=\"https:\/\/fpgasourcing.com\/it\/part\/xc3s200-4ft256i\/\">XC3S200-4FT256I<\/a><\/p>\r\n            <p><em>La compatibilit\u00e0 pin-to-pin deve essere verificata secondo il datasheet.<\/em><\/p>\r\n        <\/section>\r\n        \r\n\r\n        <section style=\"margin-bottom: 24px; padding: 16px; background: #fffbeb; border-radius: 8px; border-left: 4px solid #ca8a04;\">\r\n            <h3 style=\"margin-top: 0; color: #92400e; font-size: 17px;\">Considerazione per il dimensionamento del design<\/h3>\r\n            <p>Per progetti che richiedono risorse logiche aggiuntive all'interno della stessa famiglia Spartan-3:<\/p>\r\n            <p><a href=\"https:\/\/fpgasourcing.com\/it\/part\/xc3s400-5ftg256c\/\">XC3S400-5FTG256C<\/a><\/p>\r\n            <p><em>\u00c8 raccomandata la valutazione del margine delle risorse prima della migrazione architettonica.<\/em><\/p>\r\n        <\/section>\r\n        <\/main><div style=\"background: #1e3a8a; color: white; padding: 32px; border-radius: 8px; text-align: center; margin: 32px 0;\"><h2 style=\"margin:0 0 8px 0; font-size: 22px;\">Ottieni le tue opzioni di approvvigionamento allineate al rischio<\/h2><p style=\"opacity: 0.9; margin-bottom: 20px; font-size: 15px;\">Richiedi un preventivo per XC3S200-5FTG256C con valutazione di fattibilit\u00e0.<\/p><div style=\"margin-bottom: 16px;\"><a href=\"https:\/\/fpgasourcing.com\/it\/request-a-quote\/\" style=\"display: inline-block; background: #f59e0b; color: #1f2937; padding: 14px 32px; text-decoration: none; border-radius: 6px; font-weight: 600; margin-right: 12px;\">Richiedi preventivo<\/a><a href=\"https:\/\/fpgasourcing.com\/it\/contact\/\" style=\"display: inline-block; color: white; padding: 14px 32px; text-decoration: none; border-radius: 6px; border: 1px solid rgba(255,255,255,0.3);\">Fai una domanda<\/a><\/div><\/div><\/div>\t\t\t\t<\/div>\n\t\t\t\t\t<\/div>\n\t\t\t\t<\/div>\n\t\t\t\t<\/div>","protected":false},"excerpt":{"rendered":"<p>XC3S200-5FTG256C Procurement &#038; Sourcing | AMD | B2B AMD Spartan\u00ae-3 Procurement Reference XC3S200-5FTG256C Global B2B Component Sourcing &#038; Supply Chain Documentation Sourcing Verified Quality Assured Compliance Tracked Verification Note:Indicated status: Mature\/Legacy (verification required). RFQ submission required for real-time verification. View Datasheet (PDF) Technical documentation for XC3S200-5FTG256C Technical Specifications Manufacturer AMD Part Number XC3S200-5FTG256C Series Spartan\u00ae-3 [&hellip;]<\/p>\n","protected":false},"author":1,"featured_media":0,"parent":13,"menu_order":0,"comment_status":"closed","ping_status":"closed","template":"","meta":{"rank_math_title":"XC3S200-5FTG256C AMD FPGA | B2B Sourcing &amp; Quotes","rank_math_description":"Source XC3S200-5FTG256C FPGAs for industrial maintenance. 4320 LE, 256-LBGA package. Verified lot traceability for legacy system continuity and spare inventory.","footnotes":""},"class_list":["post-472","page","type-page","status-publish","hentry"],"_links":{"self":[{"href":"https:\/\/fpgasourcing.com\/it\/wp-json\/wp\/v2\/pages\/472","targetHints":{"allow":["GET"]}}],"collection":[{"href":"https:\/\/fpgasourcing.com\/it\/wp-json\/wp\/v2\/pages"}],"about":[{"href":"https:\/\/fpgasourcing.com\/it\/wp-json\/wp\/v2\/types\/page"}],"author":[{"embeddable":true,"href":"https:\/\/fpgasourcing.com\/it\/wp-json\/wp\/v2\/users\/1"}],"replies":[{"embeddable":true,"href":"https:\/\/fpgasourcing.com\/it\/wp-json\/wp\/v2\/comments?post=472"}],"version-history":[{"count":5,"href":"https:\/\/fpgasourcing.com\/it\/wp-json\/wp\/v2\/pages\/472\/revisions"}],"predecessor-version":[{"id":477,"href":"https:\/\/fpgasourcing.com\/it\/wp-json\/wp\/v2\/pages\/472\/revisions\/477"}],"up":[{"embeddable":true,"href":"https:\/\/fpgasourcing.com\/it\/wp-json\/wp\/v2\/pages\/13"}],"wp:attachment":[{"href":"https:\/\/fpgasourcing.com\/it\/wp-json\/wp\/v2\/media?parent=472"}],"curies":[{"name":"wp","href":"https:\/\/api.w.org\/{rel}","templated":true}]}}