{"id":119,"date":"2026-01-31T14:39:02","date_gmt":"2026-01-31T14:39:02","guid":{"rendered":"https:\/\/fpgasourcing.com\/?page_id=119"},"modified":"2026-01-31T16:25:03","modified_gmt":"2026-01-31T16:25:03","slug":"independent-sourcing-support-for-legacy-obsolete-fpga-components","status":"publish","type":"page","link":"https:\/\/fpgasourcing.com\/it\/independent-sourcing-support-for-legacy-obsolete-fpga-components\/","title":{"rendered":"Supporto all'approvvigionamento indipendente per componenti FPGA legacy e obsoleti"},"content":{"rendered":"<div data-elementor-type=\"wp-page\" data-elementor-id=\"119\" class=\"elementor elementor-119\" data-elementor-post-type=\"page\">\n\t\t\t\t<div class=\"elementor-element elementor-element-978f72c e-flex e-con-boxed e-con e-parent\" data-id=\"978f72c\" data-element_type=\"container\" data-e-type=\"container\">\n\t\t\t\t\t<div class=\"e-con-inner\">\n\t\t\t\t<div class=\"elementor-element elementor-element-f25f8a4 elementor-widget elementor-widget-html\" data-id=\"f25f8a4\" data-element_type=\"widget\" data-e-type=\"widget\" data-widget_type=\"html.default\">\n\t\t\t\t\t<div style=\"margin:0 auto;font-family:Arial,Helvetica,sans-serif;line-height:1.7;color:#444;font-size:16px;\">\r\n\r\n  <h1 style=\"font-size:34px;line-height:1.25;color:#2c3e50;border-left:5px solid #d93025;padding-left:14px;margin:32px 0 18px;\">\r\n    Supporto all'approvvigionamento indipendente per componenti FPGA legacy e obsoleti\r\n  <\/h1>\r\n\r\n  <p style=\"margin:0 0 14px;\">\r\n    Quando i dispositivi FPGA raggiungono la fine della vita (EOL) o entrano in fasi di allocazione restrittive, i tradizionali canali di distribuzione autorizzati potrebbero non fornire pi\u00f9 disponibilit\u00e0 coerente o prevedibile. In tali casi, i team di approvvigionamento richiedono spesso supporto all'approvvigionamento indipendente per mantenere la continuit\u00e0 della produzione, le obbligazioni di servizio e la stabilit\u00e0 a lungo termine del programma.\r\n  <\/p>\r\n\r\n  <p style=\"margin:0 0 18px;\">\r\n    L'approvvigionamento indipendente non si concentra sull'acquisto transazionale. Invece, enfatizza la convalida della disponibilit\u00e0, la valutazione del rischio del fornitore e l'allineamento del ciclo di vita, in particolare per i componenti FPGA legacy e discontinui, dove le condizioni di fornitura sono frammentate e soggette a cambiamento.\r\n  <\/p>\r\n\r\n  <h2 style=\"font-size:22px;line-height:1.3;color:#2c3e50;border-left:5px solid #d93025;padding-left:12px;margin:26px 0 12px;\">\r\n    Assicurazione della qualit\u00e0 e mitigazione della contraffazione\r\n  <\/h2>\r\n\r\n  <p style=\"margin:0 0 14px;\">\r\n    L'approvvigionamento indipendente introduce ulteriori rischi di qualit\u00e0 e autenticit\u00e0, specialmente per i dispositivi FPGA obsoleti o di alto valore. Per mitigare questi rischi, le attivit\u00e0 di approvvigionamento sono strutturate attorno alla verifica basata sul rischio piuttosto che a garanzie generiche.\r\n  <\/p>\r\n\r\n  <p style=\"margin:0 0 14px;\">\r\n    La verifica standard include tipicamente ispezione visiva esterna, revisione dell'imballaggio e valutazione della documentazione disponibile. La selezione dei fornitori si basa sulla storia delle transazioni, sulla familiarit\u00e0 con i fornitori e sulla completezza della documentazione, prestando particolare attenzione all'identificazione di indicatori di ripristino o falsa rappresentazione.\r\n  <\/p>\r\n\r\n  <p style=\"margin:0 0 18px;\">\r\n    Per applicazioni ad alto rischio o su richiesta del cliente, possono essere eseguite analisi aggiuntive come ispezione a raggi X, test elettrici o funzionali e gestione dei dispositivi MSD. Queste attivit\u00e0 non sono applicate per impostazione predefinita e sono coordinate tramite laboratori terzi qualificati in base ai requisiti dell'applicazione e al profilo di rischio.\r\n  <\/p>\r\n\r\n  <h2 style=\"font-size:22px;line-height:1.3;color:#2c3e50;border-left:5px solid #d93025;padding-left:12px;margin:26px 0 12px;\">\r\n    Esperienza in diverse famiglie FPGA legacy\r\n  <\/h2>\r\n\r\n  <p style=\"margin:0 0 14px;\">\r\n    Il supporto all'approvvigionamento indipendente si applica comunemente a famiglie di FPGA legacy e NRND che rimangono impiegate in sistemi a lungo ciclo di vita. Questi dispositivi sono frequentemente riscontrati in applicazioni di controllo industriale, infrastrutture di comunicazione, apparecchiature medicali e applicazioni adiacenti all'industria aerospaziale, dove i cicli di redesign sono prolungati.\r\n  <\/p>\r\n\r\n  <p style=\"margin:0 0 18px;\">\r\n    Le famiglie comunemente riscontrate includono le serie Spartan e Virtex pi\u00f9 vecchie, le prime piattaforme Cyclone e architetture basate su antifuse o flash utilizzate in design a lungo servizio. Le considerazioni di approvvigionamento variano significativamente per famiglia di dispositivi, tipo di imballaggio e condizioni di stoccaggio storiche e devono essere valutate caso per caso.\r\n  <\/p>\r\n\r\n  <h2 style=\"font-size:22px;line-height:1.3;color:#2c3e50;border-left:5px solid #d93025;padding-left:12px;margin:26px 0 12px;\">\r\n    Manipolazione a valore aggiunto e considerazioni tecniche\r\n  <\/h2>\r\n\r\n  <p style=\"margin:0 0 14px;\">\r\n    Oltre alla conferma della disponibilit\u00e0, l'approvvigionamento indipendente pu\u00f2 richiedere ulteriori manipolazioni per supportare la producibilit\u00e0 e il rilascio della produzione. Per i dispositivi sensibili all'umidit\u00e0 a lungo immagazzinati, possono essere applicati forni e riconfezionamento sottovuoto per ridurre il rischio di assemblaggio. Il testing di saldabilit\u00e0 pu\u00f2 anche essere considerato per componenti invecchiati in cui la condizione dei terminali \u00e8 una preoccupazione.\r\n  <\/p>\r\n\r\n  <p style=\"margin:0 0 18px;\">\r\n    Tali misure vengono tipicamente valutate in coordinamento con i team di produzione e qualit\u00e0 del cliente e vengono applicate selettivamente piuttosto che come pratica standard.\r\n  <\/p>\r\n\r\n  <h2 style=\"font-size:22px;line-height:1.3;color:#2c3e50;border-left:5px solid #d93025;padding-left:12px;margin:26px 0 12px;\">\r\n    Intelligence di mercato e rete di fornitori\r\n  <\/h2>\r\n\r\n  <p style=\"margin:0 0 14px;\">\r\n    La disponibilit\u00e0 dei componenti FPGA obsoleti \u00e8 raramente visibile attraverso elenchi di inventario pubblici. L'approvvigionamento indipendente si basa invece su intelligence di mercato e reti di fornitori verificate, inclusa la valutazione dell'inventario in eccesso dai canali OEM ed EMS quando appropriato.\r\n  <\/p>\r\n\r\n  <p style=\"margin:0 0 18px;\">\r\n    L'accesso ai fornitori \u00e8 governato da criteri di screening interni piuttosto che da aggregazione di mercato aperto, con decisioni di approvvigionamento guidate da fattibilit\u00e0, disponibilit\u00e0 della documentazione e allineamento del rischio piuttosto che solo dalla disponibilit\u00e0 a breve termine.\r\n  <\/p>\r\n\r\n  <h2 style=\"font-size:22px;line-height:1.3;color:#2c3e50;border-left:5px solid #d93025;padding-left:12px;margin:26px 0 12px;\">\r\n    Prospettiva della gestione del ciclo di vita e del rischio\r\n  <\/h2>\r\n\r\n  <p style=\"margin:0 0 14px;\">\r\n    L'approvvigionamento indipendente dovrebbe essere considerato come un elemento all'interno di una strategia pi\u00f9 ampia di gestione del ciclo di vita e obsolescenza. Sebbene possa supportare la continuit\u00e0 a breve e medio termine, la pianificazione a lungo termine pu\u00f2 richiedere la valutazione di scenari di ultimo acquisto, alternative di forma-funzione o percorsi di redesign.\r\n  <\/p>\r\n\r\n  <p style=\"margin:0 0 18px;\">\r\n    Per approcci strutturati alla disponibilit\u00e0 a lungo termine e alla mitigazione del rischio, fare riferimento alle nostre\r\n    <a href=\"https:\/\/fpgasourcing.com\/it\/fpga-lifecycle-management\/\" style=\"color:#1a73e8;text-decoration:underline;\">\r\n      Gestione del ciclo di vita FPGA\r\n    <\/a>\r\n    risorse.\r\n  <\/p>\r\n\r\n  <h2 style=\"font-size:22px;line-height:1.3;color:#2c3e50;border-left:5px solid #d93025;padding-left:12px;margin:26px 0 12px;\">\r\n    Considerazioni di conformit\u00e0\r\n  <\/h2>\r\n\r\n  <p style=\"margin:0 0 18px;\">\r\n    Per le industrie regolamentate, la revisione della conformit\u00e0 fa parte della valutazione dell'approvvigionamento quando applicabile. Lo stato RoHS e REACH pu\u00f2 essere esaminato quando \u00e8 disponibile documentazione di supporto, in particolare per applicazioni industriali e infrastrutturali. La consapevolezza dei minerali in conflitto e la dovuta diligenza del fornitore sono anche considerate parte del processo complessivo di valutazione del rischio.\r\n  <\/p>\r\n\r\n  <h2 style=\"font-size:22px;line-height:1.3;color:#2c3e50;border-left:5px solid #d93025;padding-left:12px;margin:26px 0 12px;\">\r\n    Prossimi passi\r\n  <\/h2>\r\n\r\n  <p style=\"margin:0 0 14px;\">\r\n    Se stai gestendo sfide di disponibilit\u00e0 di FPGA legacy, la fattibilit\u00e0 dell'approvvigionamento indipendente pu\u00f2 essere valutata in base alla tua specifica lista di dispositivi e ai vincoli applicativi.\r\n  <\/p>\r\n\r\n  <p style=\"margin:0 0 0;\">\r\n    <a href=\"https:\/\/fpgasourcing.com\/it\/request-a-quote\/\" style=\"color:#1a73e8;text-decoration:underline;font-weight:600;\">\r\n      Invia un BOM per la revisione della fattibilit\u00e0 dell'approvvigionamento\r\n    <\/a>\r\n    <span style=\"display:block;margin-top:8px;color:#666;font-size:14px;line-height:1.6;\">\r\n      Questa revisione si concentra sul rischio di disponibilit\u00e0, sui vincoli di approvvigionamento e sulle implicazioni del ciclo di vita piuttosto che sui prezzi transazionali.\r\n    <\/span>\r\n  <\/p>\r\n\r\n<\/div>\r\n\t\t\t\t<\/div>\n\t\t\t\t\t<\/div>\n\t\t\t\t<\/div>\n\t\t\t\t<\/div>","protected":false},"excerpt":{"rendered":"<p>Independent Sourcing Support for Legacy &amp; Obsolete FPGA Components As FPGA devices reach end-of-life (EOL) or enter restricted allocation phases, traditional authorized distribution channels may no longer provide consistent or predictable availability. In such cases, procurement teams often require independent sourcing support to maintain production continuity, service obligations, and long-term program stability. Independent sourcing is [&hellip;]<\/p>\n","protected":false},"author":1,"featured_media":0,"parent":0,"menu_order":0,"comment_status":"closed","ping_status":"closed","template":"","meta":{"rank_math_title":"","rank_math_description":"","footnotes":""},"class_list":["post-119","page","type-page","status-publish","hentry"],"_links":{"self":[{"href":"https:\/\/fpgasourcing.com\/it\/wp-json\/wp\/v2\/pages\/119","targetHints":{"allow":["GET"]}}],"collection":[{"href":"https:\/\/fpgasourcing.com\/it\/wp-json\/wp\/v2\/pages"}],"about":[{"href":"https:\/\/fpgasourcing.com\/it\/wp-json\/wp\/v2\/types\/page"}],"author":[{"embeddable":true,"href":"https:\/\/fpgasourcing.com\/it\/wp-json\/wp\/v2\/users\/1"}],"replies":[{"embeddable":true,"href":"https:\/\/fpgasourcing.com\/it\/wp-json\/wp\/v2\/comments?post=119"}],"version-history":[{"count":4,"href":"https:\/\/fpgasourcing.com\/it\/wp-json\/wp\/v2\/pages\/119\/revisions"}],"predecessor-version":[{"id":128,"href":"https:\/\/fpgasourcing.com\/it\/wp-json\/wp\/v2\/pages\/119\/revisions\/128"}],"wp:attachment":[{"href":"https:\/\/fpgasourcing.com\/it\/wp-json\/wp\/v2\/media?parent=119"}],"curies":[{"name":"wp","href":"https:\/\/api.w.org\/{rel}","templated":true}]}}