{"id":618,"date":"2026-02-08T14:03:12","date_gmt":"2026-02-08T14:03:12","guid":{"rendered":"https:\/\/fpgasourcing.com\/?page_id=618"},"modified":"2026-02-08T14:03:32","modified_gmt":"2026-02-08T14:03:32","slug":"xc3s400-5tqg144c","status":"publish","type":"page","link":"https:\/\/fpgasourcing.com\/hu\/part\/xc3s400-5tqg144c\/","title":{"rendered":"AMD XC3S400-5TQG144C"},"content":{"rendered":"<div data-elementor-type=\"wp-page\" data-elementor-id=\"618\" class=\"elementor elementor-618\" data-elementor-post-type=\"page\">\n\t\t\t\t<div class=\"elementor-element elementor-element-c057ecf e-flex e-con-boxed e-con e-parent\" data-id=\"c057ecf\" data-element_type=\"container\" data-e-type=\"container\">\n\t\t\t\t\t<div class=\"e-con-inner\">\n\t\t\t\t<div class=\"elementor-element elementor-element-962efc7 elementor-widget elementor-widget-html\" data-id=\"962efc7\" data-element_type=\"widget\" data-e-type=\"widget\" data-widget_type=\"html.default\">\n\t\t\t\t\t<!-- WP Block XC3S400-5TQG144C | v1.5-static-template -->\r\n<script type=\"application\/ld+json\">{\n    \"@context\": \"https:\\\/\\\/schema.org\\\/\",\n    \"@type\": \"Product\",\n    \"name\": \"XC3S400-5TQG144C\",\n    \"brand\": {\n        \"@type\": \"Brand\",\n        \"name\": \"AMD\"\n    },\n    \"sku\": \"XC3S400-5TQG144C\",\n    \"offers\": {\n        \"@type\": \"Offer\",\n        \"availability\": \"https:\\\/\\\/schema.org\\\/LimitedAvailability\",\n        \"url\": \"https:\\\/\\\/fpgasourcing.com\\\/request-a-quote\\\/\",\n        \"priceCurrency\": \"USD\"\n    }\n}<\/script><div style=\"font-family: -apple-system, BlinkMacSystemFont, 'Segoe UI', Roboto, sans-serif; line-height: 1.6; color: #1f2937; max-width: 900px; margin: 0 auto; padding: 20px;\"><title>XC3S400-5TQG144C Procurement & Sourcing | AMD | B2B<\/title><meta name=\"description\" content=\"The XC3S400-5TQG144C has been deployed across mature system architectures that remain in active service within industrial and embedded environments. Given...\"> <header style=\"margin-bottom: 24px; border-bottom: 2px solid #e5e7eb; padding-bottom: 20px;\"> <p style=\"color: #2563eb; font-size: 12px; font-weight: 600; text-transform: uppercase; letter-spacing: 0.05em; margin-bottom: 8px;\">AMD Spartan\u00ae-3 Beszerz\u00e9si Hivatkoz\u00e1s<\/p> <h1 style=\"font-size: 32px; margin: 0 0 8px 0; color: #111827;\">XC3S400-5TQG144C<\/h1> <p style=\"font-size: 16px; color: #6b7280; margin: 0;\">Glob\u00e1lis B2B Komponens Beszerz\u00e9s \u00e9s Ell\u00e1t\u00e1si L\u00e1nc Dokument\u00e1ci\u00f3<\/p> <\/header> <div style=\"display: flex; gap: 8px; margin-bottom: 24px; flex-wrap: wrap;\"> <span style=\"background: #f8fafc; color: #475569; padding: 4px 12px; border-radius: 4px; font-size: 11px; font-weight: 600; border: 1px solid #e2e8f0; text-transform: uppercase;\">Beszerz\u00e9s Ellen\u0151rizve<\/span> <span style=\"background: #f8fafc; color: #475569; padding: 4px 12px; border-radius: 4px; font-size: 11px; font-weight: 600; border: 1px solid #e2e8f0; text-transform: uppercase;\">Min\u0151s\u00e9g Garant\u00e1lva<\/span> <span style=\"background: #f8fafc; color: #475569; padding: 4px 12px; border-radius: 4px; font-size: 11px; font-weight: 600; border: 1px solid #e2e8f0; text-transform: uppercase;\">Megfelel\u0151s\u00e9g K\u00f6vetve<\/span> <\/div><div style=\"background: #fffbeb; border-left: 4px solid #f59e0b; padding: 16px; margin-bottom: 32px; border-radius: 0 8px 8px 0;\"><strong style=\"color: #92400e;\">Ellen\u0151rz\u00e9si Megjegyz\u00e9s:<\/strong><p style=\"margin: 8px 0 0 0; color: #78350f; font-size: 14px;\">Jelzett \u00e1llapot: <strong>\u00c9rett\/\u00d6r\u00f6k\u00f6lt (ellen\u0151rz\u00e9s sz\u00fcks\u00e9ges)<\/strong>. <a href=\"https:\/\/fpgasourcing.com\/hu\/request-a-quote\/\" style=\"color: #92400e; text-decoration: underline; font-weight: 600;\">RFQ beny\u00fajt\u00e1s<\/a> val\u00f3s idej\u0171 ellen\u0151rz\u00e9shez k\u00f6telez\u0151.<\/p><\/div> <div style=\"margin-bottom: 24px;\"> <a href=\"https:\/\/cdn.fpgasourcing.com\/PDF\/ds099.pdf\" target=\"_blank\" rel=\"noopener\" style=\"display: inline-flex; align-items: center; background: #dc2626; color: white; padding: 10px 20px; text-decoration: none; border-radius: 6px; font-weight: 600; font-size: 14px;\"> <svg style=\"width: 16px; height: 16px; margin-right: 8px; fill: currentColor;\" viewbox=\"0 0 20 20\"><path d=\"M9 2a1 1 0 000 2h2a1 1 0 100-2H9z\"\/><path fill-rule=\"evenodd\" d=\"M4 5a2 2 0 012-2 1 1 0 000 2H6a2 2 0 00-2 2v6a2 2 0 002 2h2a1 1 0 100-2H6V7h5a1 1 0 011 1v5h2V8a3 3 0 00-3-3H6z\" clip-rule=\"evenodd\"\/><\/svg> Adatlap megtekint\u00e9se (PDF) <\/a> <span style=\"color: #6b7280; font-size: 13px; margin-left: 12px;\">M\u0171szaki dokument\u00e1ci\u00f3 az XC3S400-5TQG144C-hez<\/span> <\/div><main> <section style=\"margin-bottom: 32px;\"> <h2 style=\"color: #1f2937; font-size: 20px; margin-bottom: 16px; border-bottom: 2px solid #e5e7eb; padding-bottom: 8px;\">M\u0171szaki specifik\u00e1ci\u00f3k<\/h2> <div style=\"border: 1px solid #e5e7eb; border-radius: 8px; overflow: hidden;\"> <table style=\"width: 100%; border-collapse: collapse; font-size: 14px;\"><tbody> <tr style=\"border-bottom: 1px solid #f3f4f6;\"> <th style=\"padding: 12px 16px; text-align: left; width: 40%; color: #6b7280; font-weight: 500; background: #f9fafb; font-size: 14px;\">Gy\u00e1rt\u00f3<\/th> <td style=\"padding: 12px 16px; color: #1f2937; font-weight: 500; font-size: 14px;\">AMD<\/td> <\/tr> <tr style=\"border-bottom: 1px solid #f3f4f6;\"> <th style=\"padding: 12px 16px; text-align: left; width: 40%; color: #6b7280; font-weight: 500; background: #f9fafb; font-size: 14px;\">R\u00e9sz sz\u00e1m<\/th> <td style=\"padding: 12px 16px; color: #1f2937; font-weight: 500; font-size: 14px;\">XC3S400-5TQG144C<\/td> <\/tr> <tr style=\"border-bottom: 1px solid #f3f4f6;\"> <th style=\"padding: 12px 16px; text-align: left; width: 40%; color: #6b7280; font-weight: 500; background: #f9fafb; font-size: 14px;\">Sorozat<\/th> <td style=\"padding: 12px 16px; color: #1f2937; font-weight: 500; font-size: 14px;\">Spartan\u00ae-3<\/td> <\/tr> <tr style=\"border-bottom: 1px solid #f3f4f6;\"> <th style=\"padding: 12px 16px; text-align: left; width: 40%; color: #6b7280; font-weight: 500; background: #f9fafb; font-size: 14px;\">Jelzett \u00c1llapot<\/th> <td style=\"padding: 12px 16px; color: #1f2937; font-weight: 500; font-size: 14px;\">\u00c9rett\/\u00d6r\u00f6k\u00f6lt (ellen\u0151rz\u00e9s sz\u00fcks\u00e9ges)<\/td> <\/tr> <tr style=\"border-bottom: 1px solid #f3f4f6;\"> <th style=\"padding: 12px 16px; text-align: left; width: 40%; color: #6b7280; font-weight: 500; background: #f9fafb; font-size: 14px;\">Csomag \/ Eset<\/th> <td style=\"padding: 12px 16px; color: #1f2937; font-weight: 500; font-size: 14px;\">144-LQFP<\/td> <\/tr> <tr style=\"border-bottom: 1px solid #f3f4f6;\"> <th style=\"padding: 12px 16px; text-align: left; width: 40%; color: #6b7280; font-weight: 500; background: #f9fafb; font-size: 14px;\">H\u0151m\u00e9rs\u00e9kleti Tartom\u00e1ny<\/th> <td style=\"padding: 12px 16px; color: #1f2937; font-weight: 500; font-size: 14px;\">0 \u00b0C ~ 85 \u00b0C (TJ)<\/td> <\/tr> <tr style=\"border-bottom: 1px solid #f3f4f6;\"> <th style=\"padding: 12px 16px; text-align: left; width: 40%; color: #6b7280; font-weight: 500; background: #f9fafb; font-size: 14px;\">Logikai elemek<\/th> <td style=\"padding: 12px 16px; color: #1f2937; font-weight: 500; font-size: 14px;\">8064<\/td> <\/tr> <tr style=\"border-bottom: 1px solid #f3f4f6;\"> <th style=\"padding: 12px 16px; text-align: left; width: 40%; color: #6b7280; font-weight: 500; background: #f9fafb; font-size: 14px;\">LAB-ok \/ CLB-k<\/th> <td style=\"padding: 12px 16px; color: #1f2937; font-weight: 500; font-size: 14px;\">896<\/td> <\/tr> <tr style=\"border-bottom: 1px solid #f3f4f6;\"> <th style=\"padding: 12px 16px; text-align: left; width: 40%; color: #6b7280; font-weight: 500; background: #f9fafb; font-size: 14px;\">\u00d6sszes RAM Bit<\/th> <td style=\"padding: 12px 16px; color: #1f2937; font-weight: 500; font-size: 14px;\">294912<\/td> <\/tr> <tr style=\"border-bottom: 1px solid #f3f4f6;\"> <th style=\"padding: 12px 16px; text-align: left; width: 40%; color: #6b7280; font-weight: 500; background: #f9fafb; font-size: 14px;\">I\/O Sz\u00e1m<\/th> <td style=\"padding: 12px 16px; color: #1f2937; font-weight: 500; font-size: 14px;\">97<\/td> <\/tr> <tr style=\"border-bottom: 1px solid #f3f4f6;\"> <th style=\"padding: 12px 16px; text-align: left; width: 40%; color: #6b7280; font-weight: 500; background: #f9fafb; font-size: 14px;\">Kapuk Sz\u00e1ma<\/th> <td style=\"padding: 12px 16px; color: #1f2937; font-weight: 500; font-size: 14px;\">400000<\/td> <\/tr> <tr style=\"border-bottom: 1px solid #f3f4f6;\"> <th style=\"padding: 12px 16px; text-align: left; width: 40%; color: #6b7280; font-weight: 500; background: #f9fafb; font-size: 14px;\">T\u00e1pfesz\u00fclts\u00e9g<\/th> <td style=\"padding: 12px 16px; color: #1f2937; font-weight: 500; font-size: 14px;\">1,14V ~ 1,26V<\/td> <\/tr><\/tbody><\/table> <\/div> <\/section>\r\n<section style=\"margin-bottom: 32px;\"><h2 style=\"color: #1f2937; font-size: 20px; margin-bottom: 16px; border-bottom: 2px solid #e5e7eb; padding-bottom: 8px;\">Alkalmaz\u00e1si Kontextus<\/h2><div style=\"background: #f9fafb; border-left: 4px solid #6b7280; padding: 20px; border-radius: 0 8px 8px 0;\"><p style=\"color: #4b5563; line-height: 1.7; font-size: 15px; margin: 0;\">Az XC3S400-5TQG144C \u00e9rett rendszerarchitekt\u00far\u00e1kon van telep\u00edtve, amelyek akt\u00edv szolg\u00e1ltat\u00e1sban \u00e1llnak ipari \u00e9s be\u00e1gyazott k\u00f6rnyezetekben. \u00c9lettartama szakasz\u00e1t figyelembe v\u00e9ve ezt az FPGA-t ma leggyakrabban hossz\u00fa t\u00e1v\u00fa karbantart\u00e1si programok, tartal\u00e9k k\u00e9szletp\u00f3tl\u00e1s \u00e9s a terepen telep\u00edtett egys\u00e9gek kontroll\u00e1lt cser\u00e9j\u00e9nek t\u00e1mogat\u00e1s\u00e1ra forr\u00e1sk\u00e9nt haszn\u00e1lj\u00e1k.\n\nEnnek az eszk\u00f6znek a beszerz\u00e9si d\u00f6nt\u00e9sei jellemz\u0151en a folytonoss\u00e1gra, a nyomozhat\u00f3s\u00e1gra \u00e9s a t\u00e9telszint\u0171 ellen\u0151rz\u00e9sre helyezik a hangs\u00falyt, hogy biztos\u00edts\u00e1k a megl\u00e9v\u0151 hardver alapokkon val\u00f3 k\u00f6vetkezetess\u00e9get.<\/p><\/div><\/section>\r\n <section style=\"margin-bottom: 32px;\"> <h2 style=\"color: #1f2937; font-size: 20px; margin-bottom: 16px; border-bottom: 2px solid #e5e7eb; padding-bottom: 8px;\">Megfelel\u0151s\u00e9g \u00e9s Min\u0151s\u00e9g<\/h2> <div style=\"display: grid; grid-template-columns: 1fr 1fr; gap: 16px; font-size: 13px; color: #4b5563;\"> <div style=\"padding: 16px; background: #f9fafb; border-radius: 6px; border: 1px solid #e5e7eb;\"> <strong style=\"color: #1f2937; display: block; margin-bottom: 6px; font-size: 14px;\">Alap Dokument\u00e1ci\u00f3<\/strong>Megfelel\u0151s\u00e9gi Tan\u00fas\u00edtv\u00e1ny \u00e9s nyomon k\u00f6vet\u00e9si nyilv\u00e1ntart\u00e1sok biztos\u00edtva. <\/div> <div style=\"padding: 16px; background: #f9fafb; border-radius: 6px; border: 1px solid #e5e7eb;\"> <strong style=\"color: #1f2937; display: block; margin-bottom: 6px; font-size: 14px;\">Ham\u00eds\u00edt\u00e1s Elleni<\/strong>SAE AS6081 tesztel\u00e9si protokollok alkalmazva. Vizu\u00e1lis \u00e9s r\u00f6ntgenellen\u0151rz\u00e9s el\u00e9rhet\u0151. <\/div> <div style=\"padding: 16px; background: #f9fafb; border-radius: 6px; border: 1px solid #e5e7eb;\"> <strong style=\"color: #1f2937; display: block; margin-bottom: 6px; font-size: 14px;\">K\u00f6rnyezeti<\/strong>RoHS\/REACH megfelel\u0151s\u00e9gi inform\u00e1ci\u00f3k k\u00e9r\u00e9sre rendelkez\u00e9sre \u00e1llnak. <\/div> <div style=\"padding: 16px; background: #f9fafb; border-radius: 6px; border: 1px solid #e5e7eb;\"> <strong style=\"color: #1f2937; display: block; margin-bottom: 6px; font-size: 14px;\">Tov\u00e1bbi Ig\u00e9nyek<\/strong>K\u00fcl\u00f6nleges tesztel\u00e9s vagy dokument\u00e1ci\u00f3 megbesz\u00e9lve a megkeres\u00e9s sor\u00e1n. <\/div> <\/div> <\/section>\r\n <section style=\"margin-bottom: 32px;\"> <h2 style=\"color: #1f2937; font-size: 20px; margin-bottom: 16px; border-bottom: 2px solid #e5e7eb; padding-bottom: 8px;\">Ell\u00e1t\u00e1si L\u00e1nc Kock\u00e1zat\u00e9rt\u00e9kel\u00e9s<\/h2> <div style=\"overflow-x: auto; border: 1px solid #e5e7eb; border-radius: 8px; margin-bottom: 16px;\"> <table style=\"width: 100%; border-collapse: collapse; font-size: 14px;\"> <thead style=\"background: #f9fafb;\"><tr><th style=\"padding: 12px; text-align: left;\">Kateg\u00f3ria<\/th><th style=\"padding: 12px; text-align: left;\">Szint<\/th><th style=\"padding: 12px; text-align: left;\">Kock\u00e1zati T\u00e9nyez\u0151<\/th><th style=\"padding: 12px; text-align: left;\">M\u00e9rs\u00e9kl\u00e9s<\/th><\/tr><\/thead> <tbody> <tr style=\"border-bottom: 1px solid #e5e7eb;\"> <td style=\"padding: 12px; font-weight: 500; font-size: 14px;\">Ell\u00e1t\u00e1s Folytonoss\u00e1g<\/td> <td style=\"padding: 12px;\"><span style=\"display: inline-block; padding: 2px 8px; border-radius: 12px; font-size: 11px; font-weight: 600; background: #fee2e2; color: #991b1b;\">Ki kell \u00e9rt\u00e9kelni<\/span><\/td> <td style=\"padding: 12px; color: #4b5563; font-size: 13px;\">Az \u00e9letciklus \u00e1llapota ellen\u0151rz\u00e9st ig\u00e9nyel<\/td> <td style=\"padding: 12px; color: #4b5563; font-size: 13px;\">LTB \u00e9rt\u00e9kel\u00e9s, ha alkalmazhat\u00f3<\/td> <\/tr><\/tbody> <\/table> <\/div> <\/section>\r\n <section style=\"margin-bottom: 32px;\"> <div style=\"background: #f8fafc; border: 1px solid #e2e8f0; border-radius: 8px; padding: 20px;\"> <h3 style=\"margin-top: 0; color: #1e293b; font-size: 16px; display: flex; align-items: center;\"><span style=\"background: #3b82f6; color: white; padding: 4px 8px; border-radius: 4px; margin-right: 10px; font-size: 12px;\">RFQ<\/span>Gyors Megkeres\u00e9si \u00datmutat\u00f3<\/h3> <p style=\"margin: 0 0 12px 0; color: #475569; font-size: 14px; line-height: 1.6;\">\u00c1raj\u00e1nlat k\u00e9r\u00e9s\u00e9hez <strong>XC3S400-5TQG144C<\/strong>, egyszer\u0171en adja meg:<\/p> <ul style=\"margin: 0 0 12px 0; padding-left: 20px; color: #475569; font-size: 14px; line-height: 1.8;\"> <li><strong>Sz\u00fcks\u00e9ges mennyis\u00e9g<\/strong> (b\u00e1rmilyen mennyis\u00e9g elfogadott)<\/li> <li><strong>C\u00e9l sz\u00e1ll\u00edt\u00e1si \u00fctemterv<\/strong> (rugalmas menetrendek \u00fcdv\u00f6z\u00f6lve)<\/li> <\/ul> <p style=\"margin:0; font-size:13px; color:#334155;\">Biztos\u00edtunk el\u00e9rhet\u0151s\u00e9get, \u00e1raz\u00e1st, CoC-t \u00e9s hiteless\u00e9gi dokument\u00e1ci\u00f3t.<\/p> <\/div> <\/section>\r\n<section style=\"margin-bottom: 32px;\"><h2 style=\"color: #1f2937; font-size: 20px; margin-bottom: 16px; border-bottom: 2px solid #e5e7eb; padding-bottom: 8px;\">Beszerz\u00e9si GYIK<\/h2><div>\r\n<div style=\"margin-bottom: 16px; border: 1px solid #e5e7eb; border-radius: 8px; overflow: hidden;\">\r\n<h3 style=\"margin: 0; padding: 16px; background: #f9fafb; font-size: 15px; color: #1f2937; font-weight: 600;\">Hogyan ellen\u0151rizhetj\u00fck az XC3S400-5TQG144C aktu\u00e1lis k\u00e9szletel\u00e9rhet\u0151s\u00e9g\u00e9t, figyelembe v\u00e9ve \u00e9rett \u00e9lettartam st\u00e1tusz\u00e1t?<\/h3>\r\n<div style=\"padding: 16px; background: white;\"><div style=\"color: #4b5563; font-size: 14px; line-height: 1.6;\">A Spartan-3 sorozat '\u00c9rett\/\u00d6r\u00f6k\u00f6lt' st\u00e1tusz\u00e1nak k\u00f6sz\u00f6nhet\u0151en a val\u00f3s idej\u0171 el\u00e9rhet\u0151s\u00e9g meger\u0151s\u00edt\u00e9st ig\u00e9nyel beszerz\u00e9si csapatunkt\u00f3l. A k\u00e9szlet szintek ellen\u0151rz\u00e9sre ker\u00fclnek a megl\u00e9v\u0151 gy\u00e1ri pufferek \u00e9s a hivatalos forgalmaz\u00f3i k\u00e9szletek alapj\u00e1n, hogy biztos\u00edts\u00e1k a 144-LQFP csomag el\u00e9rhet\u0151s\u00e9g\u00e9t \u00faj megrendel\u00e9sekhez.<\/div><\/div>\r\n<\/div>\r\n<div style=\"margin-bottom: 16px; border: 1px solid #e5e7eb; border-radius: 8px; overflow: hidden;\">\r\n<h3 style=\"margin: 0; padding: 16px; background: #f9fafb; font-size: 15px; color: #1f2937; font-weight: 600;\">Vannak k\u00f6zvetlen sima sz\u00f6veges alternat\u00edv\u00e1k vagy kereszt-ellen\u0151rz\u00e9si alkatr\u00e9szek el\u00e9rhet\u0151k ehhez a specifikus FPGA-hoz?<\/h3>\r\n<div style=\"padding: 16px; background: white;\"><div style=\"color: #4b5563; font-size: 14px; line-height: 1.6;\">Az XC3S400-5TQG144C cser\u00e9j\u00e9nek azonos\u00edt\u00e1s\u00e1hoz meg kell er\u0151s\u00edteni a konkr\u00e9t id\u0151z\u00edt\u00e9si \u00e9s fesz\u00fclts\u00e9gi k\u00f6vetelm\u00e9nyeket. B\u00e1rmilyen potenci\u00e1lis kereszt-ellen\u0151rz\u00e9si vagy t\u0171-kompatibilis alternat\u00edva ellen\u0151rz\u00e9sre ker\u00fcl m\u0171szaki m\u00e9rn\u00f6ki csapatunk \u00e1ltal, hogy biztos\u00edtsuk a teljes funkcion\u00e1lis parit\u00e1st az eredeti 144 t\u0171s LQFP specifik\u00e1ci\u00f3val.<\/div><\/div>\r\n<\/div>\r\n<div style=\"margin-bottom: 16px; border: 1px solid #e5e7eb; border-radius: 8px; overflow: hidden;\">\r\n<h3 style=\"margin: 0; padding: 16px; background: #f9fafb; font-size: 15px; color: #1f2937; font-weight: 600;\">Mi a folyamata a megfelel\u0151s\u00e9gi tan\u00fas\u00edtv\u00e1ny (CoC) megszerz\u00e9s\u00e9nek az \u00f6r\u00f6k\u00f6lt alkatr\u00e9szek, p\u00e9ld\u00e1ul az XC3S400-5TQG144C eset\u00e9ben?<\/h3>\r\n<div style=\"padding: 16px; background: white;\"><div style=\"color: #4b5563; font-size: 14px; line-height: 1.6;\">A megfelel\u0151s\u00e9gi tan\u00fas\u00edtv\u00e1ny (CoC) biztos\u00edt\u00e1sa ehhez az \u00f6r\u00f6k\u00f6lt eszk\u00f6zh\u00f6z a RFQ idej\u00e9n t\u00f6rt\u00e9n\u0151 meger\u0151s\u00edt\u00e9st ig\u00e9nyel. A nyomozhat\u00f3s\u00e1gi dokument\u00e1ci\u00f3 \u00e9s a hivatalos CoC kiad\u00e1s\u00e1ra val\u00f3 k\u00e9pess\u00e9g a konkr\u00e9t d\u00e1tumk\u00f3d \u00e9s a 144-LQFP csomaghoz haszn\u00e1lt beszerz\u00e9si csatorna alapj\u00e1n ker\u00fcl ellen\u0151rz\u00e9sre.<\/div><\/div>\r\n<\/div><\/div><\/section>\r\n        <section style=\"margin-bottom: 24px; padding: 16px; background: #f0fdf4; border-radius: 8px; border-left: 4px solid #16a34a;\">\r\n            <h3 style=\"margin-top: 0; color: #166534; font-size: 17px;\">Ugyanaz az architekt\u00fara vari\u00e1nsok<\/h3>\r\n            <p>Azonos logikai er\u0151forr\u00e1sok sebess\u00e9gmin\u0151s\u00e9g, csomagol\u00e1s vagy I\/O sz\u00e1m elt\u00e9r\u00e9seivel:<\/p>\r\n            <p><a href=\"https:\/\/fpgasourcing.com\/hu\/part\/xc3s400-4fg320c\/\">XC3S400-4FG320C<\/a> | <a href=\"https:\/\/fpgasourcing.com\/hu\/part\/xc3s400-4fg320i\/\">XC3S400-4FG320I<\/a><\/p>\r\n            <p><em>A t\u0171t\u0171 t\u0171s kompatibilit\u00e1st az adatlap szerint kell ellen\u0151rizni.<\/em><\/p>\r\n        <\/section>\r\n        \r\n\r\n        <section style=\"margin-bottom: 24px; padding: 16px; background: #fffbeb; border-radius: 8px; border-left: 4px solid #ca8a04;\">\r\n            <h3 style=\"margin-top: 0; color: #92400e; font-size: 17px;\">A tervez\u00e9s sk\u00e1l\u00e1z\u00e1si szempontja<\/h3>\r\n            <p>A projektek sz\u00e1m\u00e1ra, amelyek tov\u00e1bbi logikai er\u0151forr\u00e1sokat ig\u00e9nyelnek ugyanabban a Spartan-3 csal\u00e1dban:<\/p>\r\n            <p><a href=\"https:\/\/fpgasourcing.com\/hu\/part\/xc3s200-5vqg100c\/\">XC3S200-5VQG100C<\/a><\/p>\r\n            <p><em>Er\u0151forr\u00e1s-tartanak \u00e9rt\u00e9kel\u00e9se aj\u00e1nlott az architektur\u00e1lis migr\u00e1ci\u00f3 el\u0151tt.<\/em><\/p>\r\n        <\/section>\r\n        <\/main><div style=\"background: #1e3a8a; color: white; padding: 32px; border-radius: 8px; text-align: center; margin: 32px 0;\"><h2 style=\"margin:0 0 8px 0; font-size: 22px;\">Kapja meg a kock\u00e1zattal \u00f6sszehangolt beszerz\u00e9si lehet\u0151s\u00e9geket<\/h2><p style=\"opacity: 0.9; margin-bottom: 20px; font-size: 15px;\">K\u00e9rj\u00fck, k\u00e9rjen \u00e1raj\u00e1nlatot az XC3S400-5TQG144C-ra, a megval\u00f3s\u00edthat\u00f3s\u00e1gi \u00e9rt\u00e9kel\u00e9ssel egy\u00fctt.<\/p><div style=\"margin-bottom: 16px;\"><a href=\"https:\/\/fpgasourcing.com\/hu\/request-a-quote\/\" style=\"display: inline-block; background: #f59e0b; color: #1f2937; padding: 14px 32px; text-decoration: none; border-radius: 6px; font-weight: 600; margin-right: 12px;\">Aj\u00e1nlatk\u00e9r\u00e9s<\/a><a href=\"https:\/\/fpgasourcing.com\/hu\/contact\/\" style=\"display: inline-block; color: white; padding: 14px 32px; text-decoration: none; border-radius: 6px; border: 1px solid rgba(255,255,255,0.3);\">K\u00e9rd\u00e9s feltev\u00e9se<\/a><\/div><\/div><\/div>\t\t\t\t<\/div>\n\t\t\t\t\t<\/div>\n\t\t\t\t<\/div>\n\t\t\t\t<\/div>","protected":false},"excerpt":{"rendered":"<p>XC3S400-5TQG144C Procurement &#038; Sourcing | AMD | B2B AMD Spartan\u00ae-3 Procurement Reference XC3S400-5TQG144C Global B2B Component Sourcing &#038; Supply Chain Documentation Sourcing Verified Quality Assured Compliance Tracked Verification Note:Indicated status: Mature\/Legacy (verification required). RFQ submission required for real-time verification. View Datasheet (PDF) Technical documentation for XC3S400-5TQG144C Technical Specifications Manufacturer AMD Part Number XC3S400-5TQG144C Series Spartan\u00ae-3 [&hellip;]<\/p>\n","protected":false},"author":1,"featured_media":0,"parent":13,"menu_order":0,"comment_status":"closed","ping_status":"closed","template":"","meta":{"rank_math_title":"XC3S400-5TQG144C FPGA | B2B Sourcing &amp; Quote Requests","rank_math_description":"Source XC3S400-5TQG144C AMD FPGAs for industrial maintenance. 8064 LEs, 144-LQFP package. Traceable units for long-term system continuity and spare replenishmen","footnotes":""},"class_list":["post-618","page","type-page","status-publish","hentry"],"_links":{"self":[{"href":"https:\/\/fpgasourcing.com\/hu\/wp-json\/wp\/v2\/pages\/618","targetHints":{"allow":["GET"]}}],"collection":[{"href":"https:\/\/fpgasourcing.com\/hu\/wp-json\/wp\/v2\/pages"}],"about":[{"href":"https:\/\/fpgasourcing.com\/hu\/wp-json\/wp\/v2\/types\/page"}],"author":[{"embeddable":true,"href":"https:\/\/fpgasourcing.com\/hu\/wp-json\/wp\/v2\/users\/1"}],"replies":[{"embeddable":true,"href":"https:\/\/fpgasourcing.com\/hu\/wp-json\/wp\/v2\/comments?post=618"}],"version-history":[{"count":4,"href":"https:\/\/fpgasourcing.com\/hu\/wp-json\/wp\/v2\/pages\/618\/revisions"}],"predecessor-version":[{"id":622,"href":"https:\/\/fpgasourcing.com\/hu\/wp-json\/wp\/v2\/pages\/618\/revisions\/622"}],"up":[{"embeddable":true,"href":"https:\/\/fpgasourcing.com\/hu\/wp-json\/wp\/v2\/pages\/13"}],"wp:attachment":[{"href":"https:\/\/fpgasourcing.com\/hu\/wp-json\/wp\/v2\/media?parent=618"}],"curies":[{"name":"wp","href":"https:\/\/api.w.org\/{rel}","templated":true}]}}