{"id":271,"date":"2026-02-03T04:46:59","date_gmt":"2026-02-03T04:46:59","guid":{"rendered":"https:\/\/fpgasourcing.com\/?page_id=271"},"modified":"2026-02-03T04:48:27","modified_gmt":"2026-02-03T04:48:27","slug":"about-us","status":"publish","type":"page","link":"https:\/\/fpgasourcing.com\/hu\/about-us\/","title":{"rendered":"R\u00f3lunk"},"content":{"rendered":"<div data-elementor-type=\"wp-page\" data-elementor-id=\"271\" class=\"elementor elementor-271\" data-elementor-post-type=\"page\">\n\t\t\t\t<div class=\"elementor-element elementor-element-5a333a7 e-flex e-con-boxed e-con e-parent\" data-id=\"5a333a7\" data-element_type=\"container\" data-e-type=\"container\">\n\t\t\t\t\t<div class=\"e-con-inner\">\n\t\t\t\t<div class=\"elementor-element elementor-element-54860e4 elementor-widget elementor-widget-html\" data-id=\"54860e4\" data-element_type=\"widget\" data-e-type=\"widget\" data-widget_type=\"html.default\">\n\t\t\t\t\t<main class=\"about-us\" data-page=\"about\">\r\n\r\n  <style>\r\n    :root{\r\n      --ink:#0a2540;\r\n      --blue:#0061ff;\r\n      --text:#425466;\r\n      --muted:#6b7c93;\r\n      --bg:#ffffff;\r\n      --soft:#f6f9fc;\r\n      --soft2:#f0f7ff;\r\n      --border:#e6ebf1;\r\n      --shadow:0 10px 28px rgba(10,37,64,.08);\r\n      --shadow2:0 8px 24px rgba(10,37,64,.06);\r\n      --radius:18px;\r\n    }\r\n\r\n    .about-us{\r\n      width:100%;\r\n      font-family:\"Segoe UI\", Roboto, Helvetica, Arial, sans-serif;\r\n      line-height:1.7;\r\n      color:var(--text);\r\n      background:var(--bg);\r\n      margin:0 auto;\r\n      padding:34px 18px 84px;\r\n    }\r\n\r\n    .about-us a{ color:var(--blue); text-decoration:none; }\r\n    .about-us a:hover{ text-decoration:underline; }\r\n\r\n    .hero{\r\n      border:1px solid var(--border);\r\n      border-radius:22px;\r\n      background: linear-gradient(180deg, var(--soft), #fff);\r\n      box-shadow:var(--shadow);\r\n      padding:28px 26px;\r\n      margin-bottom:48px;\r\n    }\r\n\r\n    h1{\r\n      margin:0 0 12px 0;\r\n      font-size:2.2rem;\r\n      line-height:1.25;\r\n      color:var(--ink);\r\n      letter-spacing:-0.02em;\r\n    }\r\n\r\n    .lead{\r\n      font-size:1.12rem;\r\n      max-width:80ch;\r\n      color:var(--text);\r\n    }\r\n\r\n    .section{\r\n      margin-top:56px;\r\n    }\r\n\r\n    .section h2{\r\n      margin:0 0 14px 0;\r\n      font-size:1.8rem;\r\n      color:var(--ink);\r\n      border-left:4px solid var(--blue);\r\n      padding-left:12px;\r\n    }\r\n\r\n    .muted{ color:var(--muted); }\r\n\r\n    .card{\r\n      border:1px solid var(--border);\r\n      border-radius:var(--radius);\r\n      background:#fff;\r\n      box-shadow:var(--shadow2);\r\n      padding:20px;\r\n      margin-top:16px;\r\n    }\r\n\r\n    .grid-2{\r\n      display:grid;\r\n      grid-template-columns:1fr 1fr;\r\n      gap:16px;\r\n    }\r\n\r\n    .grid-3{\r\n      display:grid;\r\n      grid-template-columns:repeat(3,1fr);\r\n      gap:16px;\r\n    }\r\n\r\n    .mini{\r\n      font-size:1rem;\r\n      color:var(--muted);\r\n    }\r\n\r\n    .principles ul{\r\n      margin:0;\r\n      padding-left:18px;\r\n      color:var(--muted);\r\n    }\r\n\r\n    .principles li{\r\n      margin:8px 0;\r\n    }\r\n\r\n    .good{\r\n      color:var(--ink);\r\n      font-weight:700;\r\n    }\r\n\r\n    .steps{\r\n      display:grid;\r\n      grid-template-columns:repeat(4,1fr);\r\n      gap:14px;\r\n      margin-top:20px;\r\n    }\r\n\r\n    .step{\r\n      border:1px solid var(--border);\r\n      border-radius:16px;\r\n      padding:16px;\r\n      background:#fff;\r\n    }\r\n\r\n    .num{\r\n      width:32px;\r\n      height:32px;\r\n      border-radius:8px;\r\n      background:rgba(0,97,255,.12);\r\n      color:var(--blue);\r\n      font-weight:800;\r\n      display:flex;\r\n      align-items:center;\r\n      justify-content:center;\r\n      margin-bottom:10px;\r\n    }\r\n\r\n    .case{\r\n      background: linear-gradient(180deg, var(--soft2), #fff);\r\n      border-color:#cce3ff;\r\n    }\r\n\r\n    .cta{\r\n      margin-top:60px;\r\n      border:1px solid var(--border);\r\n      border-radius:22px;\r\n      background: linear-gradient(180deg, var(--soft), #fff);\r\n      padding:26px 22px;\r\n      box-shadow:var(--shadow);\r\n    }\r\n\r\n    @media (max-width: 900px){\r\n      .grid-2, .grid-3, .steps{\r\n        grid-template-columns:1fr;\r\n      }\r\n      h1{ font-size:1.9rem; }\r\n    }\r\n  <\/style>\r\n\r\n  <!-- HERO -->\r\n  <section class=\"hero\">\r\n    <h1>R\u00f3lunk<\/h1>\r\n    <p class=\"lead\">\r\n      mint egy <strong>\u00f6n\u00e1ll\u00f3 beszerz\u00e9si partner<\/strong> -\u00e9rt\r\n      <strong>\u00c9letciklus-\u00e9rz\u00e9keny elektronikai alkatr\u00e9szek<\/strong>, a platform hossz\u00fa t\u00e1v\u00fa folytonoss\u00e1g\u00e1\u00e9rt felel\u0151s beszerz\u00e9si csapatok t\u00e1mogat\u00e1sa.\r\n      <br><br>\r\n      Munk\u00e1nkat a tervez\u00e9s FPGA-val vezeti, \u00e9s a program \u00e1ltal el\u0151\u00edrt rendszerhez ugyanazon a rendszer BOM-on bel\u00fcl a kapcsol\u00f3d\u00f3 komponensekre is kiterjed.\r\n    <\/p>\r\n  <\/section>\r\n\r\n  <!-- WHO WE ARE -->\r\n  <section class=\"section\">\r\n    <h2>Kik vagyunk<\/h2>\r\n    <div class=\"card\">\r\n      <p class=\"mini\">\r\n        Nem vagyunk katal\u00f3gusforgalmaz\u00f3k, \u00e9s nem ny\u00edltpiaci keresked\u00e9si platformk\u00e9nt m\u0171k\u00f6d\u00fcnk. A mi szerep\u00fcnk az, hogy t\u00e1mogassuk a beszerz\u00e9si csapatokat, akik szembes\u00fclnek a rendelkez\u00e9sre \u00e1ll\u00e1si korl\u00e1tokkal, az \u00e9letciklus-megszak\u00edt\u00e1ssal vagy a hossz\u00fa t\u00e1v\u00fa karbantart\u00e1si k\u00f6telezetts\u00e9gekkel.\r\n      <\/p>\r\n      <p class=\"mini\">\r\n        A meghat\u00e1rozott k\u00f6vetelm\u00e9nyekb\u0151l \u2013 cikksz\u00e1mb\u00f3l, mennyis\u00e9gb\u0151l, sz\u00e1ll\u00edt\u00e1si ablakb\u00f3l \u00e9s programkorl\u00e1tokb\u00f3l \u2013 seg\u00edt\u00fcnk a csapatoknak olyan beszerz\u00e9si d\u00f6nt\u00e9sek meghozatal\u00e1ban, amelyek tov\u00e1bbra is ellen\u0151rizhet\u0151ek \u00e9s \u00f6sszhangban vannak a bels\u0151 fel\u00fclvizsg\u00e1lati elv\u00e1r\u00e1sokkal.\r\n      <\/p>\r\n    <\/div>\r\n  <\/section>\r\n\r\n  <!-- WHAT WE DO -->\r\n  <section class=\"section\">\r\n    <h2>Amit tesz\u00fcnk<\/h2>\r\n    <div class=\"grid-3\">\r\n      <div class=\"card\">\r\n        <h3>FPGA \u00e1ltal vez\u00e9relt beszerz\u00e9s<\/h3>\r\n        <p class=\"mini\">\r\n          A hossz\u00fa \u00e9lettartam\u00fa rendszerekben haszn\u00e1lt \u00f6r\u00f6k\u00f6lt, megsz\u0171nt \u00e9s \u00e9letciklus-\u00e9rz\u00e9keny FPGA-eszk\u00f6z\u00f6k t\u00e1mogat\u00e1sa.\r\n        <\/p>\r\n      <\/div>\r\n      <div class=\"card\">\r\n        <h3>BOM-szint\u0171 t\u00e1mogat\u00e1s<\/h3>\r\n        <p class=\"mini\">\r\n          A beszerz\u00e9s kiterjeszt\u00e9se a kapcsol\u00f3d\u00f3 alkatr\u00e9szekre ugyanazon az anyagjegyz\u00e9ken bel\u00fcl, ha a megl\u00e9v\u0151 platformok fenntart\u00e1s\u00e1hoz vagy jav\u00edt\u00e1s\u00e1hoz sz\u00fcks\u00e9ges.\r\n        <\/p>\r\n      <\/div>\r\n      <div class=\"card\">\r\n        <h3>Megval\u00f3s\u00edthat\u00f3s\u00e1g-els\u0151 fel\u00fclvizsg\u00e1lat<\/h3>\r\n        <p class=\"mini\">\r\n          A rendelkez\u00e9sre \u00e1ll\u00e1si jelek, megszor\u00edt\u00e1sok \u00e9s v\u00e9grehajt\u00e1si \u00fatvonalak \u00e9rt\u00e9kel\u00e9se a beszerz\u00e9s megkezd\u00e9se el\u0151tt.\r\n        <\/p>\r\n      <\/div>\r\n    <\/div>\r\n  <\/section>\r\n\r\n  <!-- HOW WE WORK -->\r\n  <section class=\"section\">\r\n    <h2>Hogyan dolgozunk a beszerz\u00e9si csapatokkal<\/h2>\r\n    <p class=\"muted\">\r\n      Egy\u00fcttm\u0171k\u00f6d\u00e9si modell\u00fcnket \u00fagy alak\u00edtottuk ki, hogy igazodjon a beszerz\u00e9si, ell\u00e1t\u00e1si l\u00e1nc \u00e9s bels\u0151 fel\u00fclvizsg\u00e1lati folyamatokhoz.\r\n    <\/p>\r\n\r\n    <div class=\"steps\">\r\n      <div class=\"step\">\r\n        <div class=\"num\">1<\/div>\r\n        <strong>k\u00f6vetelm\u00e9ny-meghat\u00e1roz\u00e1s<\/strong>\r\n        <p class=\"mini\">\r\n          cikksz\u00e1mok, mennyis\u00e9gek, sz\u00e1ll\u00edt\u00e1si ablak \u00e9s b\u00e1rmilyen programspecifikus megk\u00f6t\u00e9s.\r\n        <\/p>\r\n      <\/div>\r\n\r\n      <div class=\"step\">\r\n        <div class=\"num\">2<\/div>\r\n        <strong>megval\u00f3s\u00edthat\u00f3s\u00e1gi fel\u00fclvizsg\u00e1lat<\/strong>\r\n        <p class=\"mini\">\r\n          Felm\u00e9rik a rendelkez\u00e9sre \u00e1ll\u00e1si jeleket, a beszerz\u00e9si \u00fatvonalakat \u00e9s a v\u00e9grehajt\u00e1si realizmust.\r\n        <\/p>\r\n      <\/div>\r\n\r\n      <div class=\"step\">\r\n        <div class=\"num\">3<\/div>\r\n        <strong>Ellen\u0151rz\u00e9sek (k\u00e9r\u00e9s eset\u00e9n)<\/strong>\r\n        <p class=\"mini\">\r\n          D\u00e1tumk\u00f3d-igaz\u00edt\u00e1s, t\u00e9tel elfogad\u00e1sa vagy harmadik f\u00e9lt\u0151l sz\u00e1rmaz\u00f3 tesztel\u00e9s, ha kifejezetten sz\u00fcks\u00e9ges.\r\n        <\/p>\r\n      <\/div>\r\n\r\n      <div class=\"step\">\r\n        <div class=\"num\">4<\/div>\r\n        <strong>V\u00e9grehajt\u00e1s \u00e9s sz\u00e1ll\u00edt\u00e1s<\/strong>\r\n        <p class=\"mini\">\r\n          beszerz\u00e9si koordin\u00e1ci\u00f3 \u00e9s szakaszos sz\u00e1ll\u00edt\u00e1s a karbantart\u00e1si vagy szolg\u00e1ltat\u00e1si tervekhez igazodva.\r\n        <\/p>\r\n      <\/div>\r\n    <\/div>\r\n  <\/section>\r\n\r\n  <!-- OPERATING PRINCIPLES -->\r\n  <section class=\"section\">\r\n    <h2>\u00fczemeltet\u00e9si alapelvek<\/h2>\r\n    <div class=\"card principles\">\r\n      <ul>\r\n        <li><span class=\"good\">Nincs ny\u00edlt piaci helysz\u00edni v\u00e1s\u00e1rl\u00e1s.<\/span> Minden munka k\u00f6vetelm\u00e9nyvez\u00e9relt.<\/li>\r\n        <li><span class=\"good\">Nincsenek ismeretlen eredet\u0171 t\u00e9telek.<\/span> A kock\u00e1zatot a v\u00e9grehajt\u00e1s el\u0151tt \u00e9rt\u00e9kelik.<\/li>\r\n        <li><span class=\"good\">Nincsenek nem j\u00f3v\u00e1hagyott helyettes\u00edt\u0151k.<\/span> Az alternat\u00edv\u00e1kat csak j\u00f3v\u00e1hagy\u00e1ssal haszn\u00e1lj\u00e1k.<\/li>\r\n        <li><span class=\"good\">Nincsenek hallgat\u00f3lagos ellen\u0151rz\u00e9sek.<\/span> Az ellen\u0151rz\u00e9st csak k\u00e9r\u00e9sre koordin\u00e1lj\u00e1k.<\/li>\r\n        <li><span class=\"good\">audit-tudatos v\u00e9grehajt\u00e1s.<\/span> A d\u00f6nt\u00e9sek magyar\u00e1zhat\u00f3ak \u00e9s fel\u00fclvizsg\u00e1latra k\u00e9szek.<\/li>\r\n      <\/ul>\r\n    <\/div>\r\n  <\/section>\r\n\r\n  <!-- TEAM -->\r\n  <section class=\"section\">\r\n    <h2>Csapatunk fel\u00e9p\u00edt\u00e9se<\/h2>\r\n    <div class=\"grid-2\">\r\n      <div class=\"card\">\r\n        <h3>beszerz\u00e9s \u00e9s megval\u00f3s\u00edthat\u00f3s\u00e1g<\/h3>\r\n        <p class=\"mini\">\r\n          Felel\u0151s a rendelkez\u00e9sre \u00e1ll\u00e1s felm\u00e9r\u00e9s\u00e9\u00e9rt, a csatornat\u00e9rk\u00e9pez\u00e9s\u00e9rt \u00e9s a megval\u00f3s\u00edthat\u00f3s\u00e1gi fel\u00fclvizsg\u00e1lat\u00e9rt.\r\n        <\/p>\r\n      <\/div>\r\n      <div class=\"card\">\r\n        <h3>programkoordin\u00e1ci\u00f3<\/h3>\r\n        <p class=\"mini\">\r\n          A v\u00e9grehajt\u00e1si \u00f6sszehangol\u00e1s, a sz\u00e1ll\u00edt\u00e1s tervez\u00e9se \u00e9s a beszerz\u00e9si csapatokkal val\u00f3 kommunik\u00e1ci\u00f3 kezel\u00e9se.\r\n        <\/p>\r\n      <\/div>\r\n    <\/div>\r\n  <\/section>\r\n\r\n  <!-- ANON CASE -->\r\n  <section class=\"section\">\r\n    <h2>Reprezentat\u00edv beszerz\u00e9si forgat\u00f3k\u00f6nyv (anonimiz\u00e1lt)<\/h2>\r\n    <div class=\"card case\">\r\n      <p class=\"mini\">\r\n        A r\u00e9g\u00f3ta telep\u00edtett ipari platformot t\u00e1mogat\u00f3 beszerz\u00e9si csapat folytonoss\u00e1gi ell\u00e1t\u00e1st ig\u00e9nyelt egy \u00f6r\u00f6k\u00f6lt FPGA csal\u00e1d sz\u00e1m\u00e1ra.\r\n        <br><br>\r\n        A program meghat\u00e1rozott d\u00e1tumk\u00f3d-k\u00f6vetelm\u00e9nyeket, a karbantart\u00e1si ablakokhoz igaz\u00edtott szakaszos sz\u00e1ll\u00edt\u00e1st \u00e9s a helyettes\u00edt\u00e9si d\u00f6nt\u00e9sek szigor\u00fa ellen\u0151rz\u00e9s\u00e9t foglalta mag\u00e1ban.\r\n        <br><br>\r\n        A megval\u00f3s\u00edthat\u00f3s\u00e1g els\u0151 \u00e1ttekint\u00e9se lehet\u0151v\u00e9 tette az ellen\u0151rz\u00f6tt v\u00e9grehajt\u00e1st an\u00e9lk\u00fcl, hogy \u00fajratervez\u00e9st vagy \u00fajraellen\u0151rz\u00e9st v\u00e1ltana ki.\r\n      <\/p>\r\n    <\/div>\r\n  <\/section>\r\n\r\n  <!-- CTA -->\r\n  <section class=\"cta\">\r\n    <h2>Hogyan kezdj\u00fck<\/h2>\r\n    <p class=\"mini\">\r\n      Ha meghat\u00e1rozott k\u00f6vetelm\u00e9nye van \u2013 FPGA vagy FPGA \u00e1ltal vezetett BOM \u2013, ny\u00fajtson be RFQ-t vagy BOM-ot megval\u00f3s\u00edthat\u00f3s\u00e1gi fel\u00fclvizsg\u00e1latra.\r\n    <\/p>\r\n    <p class=\"mini\">\r\n      <a href=\"https:\/\/fpgasourcing.com\/hu\/request-a-quote\/\">K\u00fcldj\u00f6n be RFQ \/ BOM-ot<\/a> \u00b7\r\n      <a href=\"https:\/\/fpgasourcing.com\/hu\/contact\/\">L\u00e9pjen kapcsolatba a beszerz\u00e9si csapattal<\/a>\r\n    <\/p>\r\n  <\/section>\r\n\r\n<\/main>\r\n\t\t\t\t<\/div>\n\t\t\t\t\t<\/div>\n\t\t\t\t<\/div>\n\t\t\t\t<\/div>","protected":false},"excerpt":{"rendered":"<p>About Us We operate as an independent sourcing partner for lifecycle-sensitive electronic components, supporting procurement teams responsible for long-term platform continuity. Our work is FPGA-led by design, and extends to related components within the same system BOM when required by the program. Who We Are We are not a catalog distributor and do not operate [&hellip;]<\/p>\n","protected":false},"author":1,"featured_media":0,"parent":0,"menu_order":0,"comment_status":"closed","ping_status":"closed","template":"","meta":{"rank_math_title":"","rank_math_description":"","footnotes":""},"class_list":["post-271","page","type-page","status-publish","hentry"],"_links":{"self":[{"href":"https:\/\/fpgasourcing.com\/hu\/wp-json\/wp\/v2\/pages\/271","targetHints":{"allow":["GET"]}}],"collection":[{"href":"https:\/\/fpgasourcing.com\/hu\/wp-json\/wp\/v2\/pages"}],"about":[{"href":"https:\/\/fpgasourcing.com\/hu\/wp-json\/wp\/v2\/types\/page"}],"author":[{"embeddable":true,"href":"https:\/\/fpgasourcing.com\/hu\/wp-json\/wp\/v2\/users\/1"}],"replies":[{"embeddable":true,"href":"https:\/\/fpgasourcing.com\/hu\/wp-json\/wp\/v2\/comments?post=271"}],"version-history":[{"count":4,"href":"https:\/\/fpgasourcing.com\/hu\/wp-json\/wp\/v2\/pages\/271\/revisions"}],"predecessor-version":[{"id":275,"href":"https:\/\/fpgasourcing.com\/hu\/wp-json\/wp\/v2\/pages\/271\/revisions\/275"}],"wp:attachment":[{"href":"https:\/\/fpgasourcing.com\/hu\/wp-json\/wp\/v2\/media?parent=271"}],"curies":[{"name":"wp","href":"https:\/\/api.w.org\/{rel}","templated":true}]}}