{"id":122,"date":"2026-01-31T16:00:21","date_gmt":"2026-01-31T16:00:21","guid":{"rendered":"https:\/\/fpgasourcing.com\/?page_id=122"},"modified":"2026-02-01T17:08:10","modified_gmt":"2026-02-01T17:08:10","slug":"request-a-quote","status":"publish","type":"page","link":"https:\/\/fpgasourcing.com\/hu\/request-a-quote\/","title":{"rendered":"\u00c1raj\u00e1nlat K\u00e9r\u00e9s"},"content":{"rendered":"<div data-elementor-type=\"wp-page\" data-elementor-id=\"122\" class=\"elementor elementor-122\" data-elementor-post-type=\"page\">\n\t\t\t\t<div class=\"elementor-element elementor-element-79fcfda e-flex e-con-boxed e-con e-parent\" data-id=\"79fcfda\" data-element_type=\"container\" data-e-type=\"container\">\n\t\t\t\t\t<div class=\"e-con-inner\">\n\t\t\t\t<div class=\"elementor-element elementor-element-ed9da7e elementor-widget elementor-widget-html\" data-id=\"ed9da7e\" data-element_type=\"widget\" data-e-type=\"widget\" data-widget_type=\"html.default\">\n\t\t\t\t\t<section class=\"bom-review-module\" data-role=\"bom-feasibility-review\">\r\n\r\n  <div class=\"bom-lead\">\r\n    <p>\r\n      Az \u00e1rak k\u00e9r\u00e9s\u00e9t vagy a gy\u00e1rt\u00e1sra val\u00f3 elk\u00f6telez\u0151d\u00e9st megel\u0151z\u0151en sok OEM-nek meg kell \u00e9rtenie, hogy a BOM-juk <strong>biztons\u00e1gosan, re\u00e1lisan \u00e9s a sz\u00fcks\u00e9ges \u00e9letciklus sor\u00e1n beszerezhet\u0151-e<\/strong>. Ez k\u00fcl\u00f6n\u00f6sen kritikus, amikor FPGA eszk\u00f6z\u00f6kr\u0151l van sz\u00f3.\r\n    <\/p>\r\n    <p class=\"bom-note\">\r\n      A kv\u00f3takorl\u00e1toz\u00e1sok, EOL \u00e9rtes\u00edt\u00e9sek \u00e9s megsz\u00fcntetett alkatr\u00e9szek gyakran bonyolultabb\u00e1 teszik a BOM szint\u0171 beszerz\u00e9st, mint az egyes alkatr\u00e9szek el\u00e9rhet\u0151s\u00e9g\u00e9nek ellen\u0151rz\u00e9se.\r\n    <\/p>\r\n    \r\n    <p>\r\n        Vannak m\u00e1s alkatr\u00e9szek a BOM-j\u00e1n (mem\u00f3ria, \u00e1ram, csatlakoz\u00f3k)? <a href=\"https:\/\/fpgasourcing.com\/hu\/non-fpga-components-support\/\" style=\"color:blue\">N\u00e9zze meg a Kib\u0151v\u00edtett BOM T\u00e1mogat\u00e1st<\/a>.\r\n    <\/p>\r\n  <\/div>\r\n    \r\n  <div class=\"bom-section\">\r\n    <h2 class=\"bom-heading\">Mi\u00e9rt Fontos a BOM-Szint\u0171 Megval\u00f3s\u00edthat\u00f3s\u00e1g<\/h2>\r\n\r\n    <div class=\"bom-grid\">\r\n      <div class=\"bom-card\">\r\n        <h3>El\u00e9rhet\u0151s\u00e9gi Kock\u00e1zat<\/h3>\r\n        <ul>\r\n          <li>EOL-hoz k\u00f6zel\u00edt\u0151 vagy m\u00e1r megsz\u00fcntetett FPGA eszk\u00f6z\u00f6k<\/li>\r\n          <li>M\u00e1rkakereskedelmi forgalmaz\u00f3k, akik m\u00e1r nem k\u00edn\u00e1lnak stabil ell\u00e1t\u00e1st<\/li>\r\n          <li>F\u00fcgg\u00e9s a f\u00fcggetlen beszerz\u00e9st\u0151l kritikus alkatr\u00e9szek eset\u00e9n<\/li>\r\n        <\/ul>\r\n      <\/div>\r\n\r\n      <div class=\"bom-card soft\">\r\n        <h3>\u00c9letciklus Kihat\u00e1sok<\/h3>\r\n        <ul>\r\n          <li>Sz\u00fcks\u00e9g van az Utols\u00f3 V\u00e1s\u00e1rl\u00e1s (LTB) tervez\u00e9s\u00e9re<\/li>\r\n          <li>Hossz\u00fa t\u00e1v\u00fa t\u00e1mogat\u00e1si k\u00f6telezetts\u00e9gek a terepen l\u00e9v\u0151 rendszerek\u00e9rt<\/li>\r\n          <li>A k\u00e9nyszer\u0171 \u00fajratervez\u00e9s kock\u00e1zata a term\u00e9k \u00e9letciklusa alatt<\/li>\r\n        <\/ul>\r\n      <\/div>\r\n    <\/div>\r\n  <\/div>\r\n\r\n  <div class=\"bom-section\">\r\n    <h2 class=\"bom-heading\">Mi Van Fel\u00fclvizsg\u00e1lva<\/h2>\r\n\r\n    <div class=\"bom-grid\">\r\n      <div class=\"bom-card\">\r\n        <h3>Beszerz\u00e9si Korl\u00e1toz\u00e1sok<\/h3>\r\n        <ul>\r\n          <li>Re\u00e1lis csatorna el\u00e9rhet\u0151s\u00e9g \u00e9s t\u00e9tel nyomonk\u00f6vethet\u0151s\u00e9g<\/li>\r\n          <li>MOQ, csomagol\u00e1s \u00e9s t\u00e9telhez kapcsol\u00f3d\u00f3 korl\u00e1toz\u00e1sok<\/li>\r\n          <li>Region\u00e1lis megfelel\u0151s\u00e9gi szempontok (EU-k\u00f6z\u00e9ppont\u00fa)<\/li>\r\n        <\/ul>\r\n      <\/div>\r\n\r\n      <div class=\"bom-card\">\r\n        <h3>Kivitelez\u00e9si Kock\u00e1zat<\/h3>\r\n        <ul>\r\n          <li>Sz\u00e1ll\u00edt\u00e1si id\u0151 bizonytalans\u00e1g \u00e9s sz\u00e1ll\u00edt\u00e1si volatilit\u00e1s<\/li>\r\n          <li>Min\u0151s\u00e9g \u00e9s eredetis\u00e9g kock\u00e1zata k\u00e9s\u0151i \u00e9letciklus\u00fa ell\u00e1t\u00e1sn\u00e1l<\/li>\r\n          <li>A sz\u00e1ll\u00edt\u00e1si megszak\u00edt\u00e1sok hat\u00e1sa a gy\u00e1rt\u00e1si \u00fctemtervekre<\/li>\r\n        <\/ul>\r\n      <\/div>\r\n    <\/div>\r\n  <\/div>\r\n\r\n  <div class=\"bom-warning\">\r\n    <strong>Fontos:<\/strong> Ez nem \u00e1raj\u00e1nlat. Az el\u00e9rhet\u0151s\u00e9g, az \u00e1r \u00e9s a sz\u00e1ll\u00edt\u00e1si hat\u00e1rid\u0151k nem garant\u00e1ltak. Ennek a fel\u00fclvizsg\u00e1latnak a c\u00e9lja a beszerz\u00e9si megval\u00f3s\u00edthat\u00f3s\u00e1g \u00e9rt\u00e9kel\u00e9se a tov\u00e1bbi elk\u00f6telez\u0151d\u00e9s el\u0151tt.\r\n  <\/div>\r\n\r\n  <div class=\"bom-process\">\r\n    <h2 class=\"bom-heading\">Hogyan M\u0171k\u00f6dik a Fel\u00fclvizsg\u00e1lat<\/h2>\r\n\r\n    <ol class=\"bom-steps\">\r\n      <li><strong>T\u00f6ltse fel a BOM-ot<\/strong> \u2014 Adja meg a BOM-j\u00e1t a megval\u00f3s\u00edthat\u00f3s\u00e1gi fel\u00fclvizsg\u00e1lathoz.<\/li>\r\n      <li><strong>\u00c9rt\u00e9kel\u00e9s<\/strong> \u2014 Az el\u00e9rhet\u0151s\u00e9get, a beszerz\u00e9si korl\u00e1toz\u00e1sokat \u00e9s az \u00e9letciklus kitetts\u00e9get fel\u00fclvizsg\u00e1lj\u00e1k.<\/li>\r\n      <li><strong>V\u00e9lem\u00e9ny<\/strong> \u2014 A kock\u00e1zatok \u00e9s a k\u00f6vetkez\u0151 l\u00e9p\u00e9sekkel kapcsolatos megfontol\u00e1sok megoszt\u00e1sra ker\u00fclnek.<\/li>\r\n      <li><strong>K\u00f6vet\u00e9s<\/strong> \u2014 Megbesz\u00e9l\u00e9s e-mailben vagy telefonon, ha sz\u00fcks\u00e9ges.<\/li>\r\n    <\/ol>\r\n  <\/div>\r\n\r\n  <div class=\"bom-audience\">\r\n    <h2 class=\"bom-heading\">C\u00e9lzott K\u00f6z\u00f6ns\u00e9g<\/h2>\r\n    <p>\r\n      Ez a fel\u00fclvizsg\u00e1lat professzion\u00e1lis beszerz\u00e9si \u00e9s m\u00e9rn\u00f6ki csapatok sz\u00e1m\u00e1ra k\u00e9sz\u00fclt, akik \u00e9letciklus-\u00e9rz\u00e9keny rendszereket kezelnek ipari, orvosi, telekom \u00e9s FPGA-alap\u00fa platformokon.\r\n    <\/p>\r\n    <p class=\"bom-note\">\r\n      Ez a szolg\u00e1ltat\u00e1s nem kis mennyis\u00e9g\u0171 hobbiprojektekhez vagy szem\u00e9lyes v\u00e1s\u00e1rl\u00e1sokhoz k\u00e9sz\u00fclt.\r\n    <\/p>\r\n  <\/div>\r\n\r\n  <div class=\"bom-cta\">\r\n    <a href=\"\/hu\/contact\/\" class=\"bom-btn\">T\u00f6ltse fel a BOM-ot<\/a>\r\n  <\/div>\r\n\r\n<\/section>\r\n\t\t\t\t<\/div>\n\t\t\t\t\t<\/div>\n\t\t\t\t<\/div>\n\t\t\t\t<\/div>","protected":false},"excerpt":{"rendered":"<p>Before requesting pricing or committing to production, many OEMs need to understand whether their BOM can be sourced safely, realistically, and over the required lifecycle. This is especially critical when FPGA devices are involved. Allocation constraints, EOL notices, and discontinued components often make BOM-level sourcing more complex than checking individual part availability. Have other components [&hellip;]<\/p>\n","protected":false},"author":1,"featured_media":0,"parent":0,"menu_order":0,"comment_status":"closed","ping_status":"closed","template":"","meta":{"rank_math_title":"","rank_math_description":"","footnotes":""},"class_list":["post-122","page","type-page","status-publish","hentry"],"_links":{"self":[{"href":"https:\/\/fpgasourcing.com\/hu\/wp-json\/wp\/v2\/pages\/122","targetHints":{"allow":["GET"]}}],"collection":[{"href":"https:\/\/fpgasourcing.com\/hu\/wp-json\/wp\/v2\/pages"}],"about":[{"href":"https:\/\/fpgasourcing.com\/hu\/wp-json\/wp\/v2\/types\/page"}],"author":[{"embeddable":true,"href":"https:\/\/fpgasourcing.com\/hu\/wp-json\/wp\/v2\/users\/1"}],"replies":[{"embeddable":true,"href":"https:\/\/fpgasourcing.com\/hu\/wp-json\/wp\/v2\/comments?post=122"}],"version-history":[{"count":5,"href":"https:\/\/fpgasourcing.com\/hu\/wp-json\/wp\/v2\/pages\/122\/revisions"}],"predecessor-version":[{"id":253,"href":"https:\/\/fpgasourcing.com\/hu\/wp-json\/wp\/v2\/pages\/122\/revisions\/253"}],"wp:attachment":[{"href":"https:\/\/fpgasourcing.com\/hu\/wp-json\/wp\/v2\/media?parent=122"}],"curies":[{"name":"wp","href":"https:\/\/api.w.org\/{rel}","templated":true}]}}