{"id":99,"date":"2026-01-31T13:40:52","date_gmt":"2026-01-31T13:40:52","guid":{"rendered":"https:\/\/fpgasourcing.com\/?page_id=99"},"modified":"2026-01-31T14:30:51","modified_gmt":"2026-01-31T14:30:51","slug":"fpga-lifecycle-management","status":"publish","type":"page","link":"https:\/\/fpgasourcing.com\/fi\/fpga-lifecycle-management\/","title":{"rendered":"FPGA Lifecycle Management: EOL Planning, Risk Mitigation &amp; Long-Term Supply"},"content":{"rendered":"<div data-elementor-type=\"wp-page\" data-elementor-id=\"99\" class=\"elementor elementor-99\" data-elementor-post-type=\"page\">\n\t\t\t\t<div class=\"elementor-element elementor-element-3765592 e-flex e-con-boxed e-con e-parent\" data-id=\"3765592\" data-element_type=\"container\" data-e-type=\"container\">\n\t\t\t\t\t<div class=\"e-con-inner\">\n\t\t\t\t<div class=\"elementor-element elementor-element-3c12484 elementor-widget elementor-widget-html\" data-id=\"3c12484\" data-element_type=\"widget\" data-e-type=\"widget\" data-widget_type=\"html.default\">\n\t\t\t\t\t<main class=\"fpga-lifecycle-page\">\r\n\r\n<style>\r\n  :root{\r\n    --ink:#0a2540;\r\n    --blue:#0061ff;\r\n    --text:#425466;\r\n    --muted:#6b7c93;\r\n    --bg:#ffffff;\r\n    --soft:#f6f9fc;\r\n    --soft2:#f0f7ff;\r\n    --border:#e6ebf1;\r\n    --warn:#b45309;\r\n    --bad:#b91c1c;\r\n    --shadow:0 10px 28px rgba(10,37,64,.08);\r\n  }\r\n\r\n  .fpga-lifecycle-page{\r\n    font-family: \"Segoe UI\", Roboto, Helvetica, Arial, sans-serif;\r\n    line-height:1.7;\r\n    color:var(--text);\r\n    background:var(--bg);\r\n    width: 100%;\r\n    margin:0 auto;\r\n    padding:40px 20px 80px;\r\n  }\r\n\r\n  h1{\r\n    font-size:2.5rem;\r\n    color:var(--ink);\r\n    letter-spacing:-0.02em;\r\n    margin-bottom:14px;\r\n  }\r\n\r\n  h2{\r\n    margin-top:56px;\r\n    margin-bottom:18px;\r\n    font-size:1.9rem;\r\n    color:var(--ink);\r\n    border-left:4px solid var(--blue);\r\n    padding-left:14px;\r\n  }\r\n\r\n  h3{\r\n    margin-top:28px;\r\n    font-size:1.25rem;\r\n    color:var(--ink);\r\n  }\r\n\r\n  p{\r\n    font-size:1.08rem;\r\n    margin-bottom:16px;\r\n  }\r\n\r\n  .lead{\r\n    background:var(--soft);\r\n    border:1px solid var(--border);\r\n    border-radius:16px;\r\n    padding:22px;\r\n    box-shadow:var(--shadow);\r\n  }\r\n\r\n  .lead strong{color:var(--ink)}\r\n\r\n  .two-col{\r\n    display:grid;\r\n    grid-template-columns:1fr 1fr;\r\n    gap:18px;\r\n  }\r\n\r\n  .card{\r\n    border:1px solid var(--border);\r\n    border-radius:14px;\r\n    padding:18px;\r\n    background:#fff;\r\n    box-shadow:0 8px 24px rgba(10,37,64,.06);\r\n  }\r\n\r\n  .card.soft{\r\n    background:var(--soft2);\r\n    border-color:#cce3ff;\r\n  }\r\n\r\n  .mini{\r\n    color:var(--muted);\r\n    font-size:.98rem;\r\n  }\r\n\r\n  .table-wrap{\r\n    margin-top:20px;\r\n    border:1px solid var(--border);\r\n    border-radius:14px;\r\n    overflow:hidden;\r\n  }\r\n\r\n  table{\r\n    width:100%;\r\n    border-collapse:collapse;\r\n  }\r\n\r\n  th{\r\n    background:var(--ink);\r\n    color:#fff;\r\n    text-align:left;\r\n    padding:14px;\r\n    font-size:1rem;\r\n  }\r\n\r\n  td{\r\n    padding:14px;\r\n    border-bottom:1px solid var(--border);\r\n    vertical-align:top;\r\n    background:#fff;\r\n  }\r\n\r\n  tr:nth-child(even) td{\r\n    background:#f9fbff;\r\n  }\r\n\r\n  .risk-high{color:var(--bad); font-weight:700;}\r\n  .risk-mid{color:var(--warn); font-weight:700;}\r\n\r\n  .steps{\r\n    display:grid;\r\n    grid-template-columns:repeat(auto-fit,minmax(240px,1fr));\r\n    gap:16px;\r\n  }\r\n\r\n  .step{\r\n    border:1px solid var(--border);\r\n    border-radius:14px;\r\n    padding:18px;\r\n    background:#fff;\r\n  }\r\n\r\n  .step-num{\r\n    width:36px;\r\n    height:36px;\r\n    border-radius:10px;\r\n    background:rgba(0,97,255,.12);\r\n    color:var(--blue);\r\n    font-weight:800;\r\n    display:flex;\r\n    align-items:center;\r\n    justify-content:center;\r\n    margin-bottom:10px;\r\n  }\r\n\r\n  .tags{\r\n    display:flex;\r\n    flex-wrap:wrap;\r\n    gap:10px;\r\n    margin-top:14px;\r\n  }\r\n\r\n  .tag{\r\n    background:#e9eef6;\r\n    border:1px solid var(--border);\r\n    padding:6px 12px;\r\n    border-radius:8px;\r\n    font-size:.95rem;\r\n    font-weight:700;\r\n    color:var(--ink);\r\n  }\r\n\r\n  .cta{\r\n    margin-top:64px;\r\n    padding:28px;\r\n    background:linear-gradient(180deg,#f6f9fc,#ffffff);\r\n    border:1px solid var(--border);\r\n    border-radius:18px;\r\n    text-align:center;\r\n    box-shadow:var(--shadow);\r\n  }\r\n\r\n  .cta h2{\r\n    border:none;\r\n    padding:0;\r\n    margin-top:0;\r\n    font-size:1.8rem;\r\n  }\r\n\r\n  .cta p{\r\n    max-width:900px;\r\n    margin:0 auto 18px;\r\n    color:var(--muted);\r\n  }\r\n\r\n  .btn{\r\n    display:inline-block;\r\n    padding:14px 26px;\r\n    background:var(--blue);\r\n    color:#fff;\r\n    border-radius:10px;\r\n    font-weight:800;\r\n    text-decoration:none;\r\n  }\r\n\r\n  .btn:hover{\r\n    background:#004ecc;\r\n  }\r\n\r\n  @media(max-width:900px){\r\n    .two-col{grid-template-columns:1fr}\r\n    h1{font-size:2.1rem}\r\n  }\r\n<\/style>\r\n\r\n<h1>FPGA-elinajan hallinta: EOL-suunnittelu, riskin v\u00e4hent\u00e4minen ja pitk\u00e4aikainen toimitus<\/h1>\r\n\r\n<div class=\"lead\">\r\n  <p>\r\n    Pitk\u00e4n elinkaaren teollisuuksissa, kuten teollisessa automaatiossa, l\u00e4\u00e4kinn\u00e4llisess\u00e4 elektroniikassa ja liikenneinfrastruktuurissa,\r\nFPGA:n saatavuus harvoin vastaa j\u00e4rjestelm\u00e4n palveluaikaa. Vaikka k\u00e4yt\u00f6ss\u00e4 olevat alustat saattavat vaatia tukea\r\n    <strong>10\u201320 vuotta tai enemm\u00e4n<\/strong>, FPGA-perheet voivat saavuttaa <strong>Elinkaaren loppu (EOL)<\/strong> tai tulla\r\n    <strong>vanhentuneiksi<\/strong> paljon aikaisemmin.\r\n  <\/p>\r\n  <p class=\"mini\">\r\n    Ilman proaktiivista suunnittelua keskeytetty FPGA-hankinta muuttuu reaktiiviseksi hankintakysymykseksi \u2014 usein pakottaen OEM-valmistajat suunnittelemattomiin uudelleenmuotoiluihin, validointity\u00f6h\u00f6n tai altistamaan itsens\u00e4 korkeariskiisille toissijaisille markkinoille.\r\n  <\/p>\r\n<\/div>\r\n\r\n<h2>EOL-suunnittelu vanhentuneille ja keskeytetyille FPGA-laitteille<\/h2>\r\n\r\n<p>\r\n  Tehokas FPGA-elinajan hallinta alkaa hyvin ennen virallista tuotteen keskeytystiedotetta (PDN).\r\nK\u00e4yt\u00e4nn\u00f6ss\u00e4, <strong>vanhentuneiden FPGA:iden hankinta<\/strong> haasteet usein ilmestyv\u00e4t v\u00e4hitellen allokointipaineen, toimitusaikavaihtelun ja supistuvan kanavasaavutettavuuden kautta.\r\n<\/p>\r\n\r\n<div class=\"two-col\">\r\n  <div class=\"card\">\r\n    <h3>Varhaiset riskisignaalit<\/h3>\r\n    <ul>\r\n      <li>PCN-ilmoitusten lis\u00e4\u00e4ntynyt tiheys<\/li>\r\n      <li>Pidemm\u00e4t tai ep\u00e4vakaat toimitusajat valtuutetuista kanavista<\/li>\r\n      <li>Valmistajan tiekartta siirtyy pois laiteperheest\u00e4<\/li>\r\n      <li>Kasvavat hintahaitarit itsen\u00e4isill\u00e4 markkinoilla<\/li>\r\n    <\/ul>\r\n  <\/div>\r\n\r\n  <div class=\"card soft\">\r\n    <h3>Miksi OEM-valmistajat viivytt\u00e4v\u00e4t \u2014 ja kustannukset<\/h3>\r\n    <ul>\r\n      <li>Uudelleenmuotoilun NRE ylitt\u00e4\u00e4 usein alkuper\u00e4iset komponenttis\u00e4\u00e4st\u00f6t<\/li>\r\n      <li>Laiteohjelmiston ja j\u00e4rjestelm\u00e4n validointi on toistettava<\/li>\r\n      <li>S\u00e4\u00e4ntelydokumentaatio saattaa vaatia p\u00e4ivityksi\u00e4 tai tarkistuksia<\/li>\r\n      <li>Tuotannon jatkuvuus muuttuu ep\u00e4vakaaksi<\/li>\r\n    <\/ul>\r\n  <\/div>\r\n<\/div>\r\n\r\n<h2>Elinkaarivaiheet ja hankintastrategia<\/h2>\r\n\r\n<p>\r\n  Hankintaprioriteettien tulisi kehitty\u00e4 elinkaarivaiheen mukana. Alla oleva taulukko esitt\u00e4\u00e4 suositellut toimenpiteet,\r\npainottaen erityisesti EOL- ja keskeytettyj\u00e4 FPGA-laitteita.\r\n<\/p>\r\n\r\n<div class=\"table-wrap\">\r\n  <table>\r\n    <thead>\r\n      <tr>\r\n        <th>Vaihe<\/th>\r\n        <th>Markkinatiedot<\/th>\r\n        <th>Hankintakeskittyminen<\/th>\r\n      <\/tr>\r\n    <\/thead>\r\n    <tbody>\r\n      <tr>\r\n        <td><strong>Aktiivinen<\/strong><\/td>\r\n        <td>Vakaa tuotanto, normaalit toimitusajat, t\u00e4ysi tehtaan tuki<\/td>\r\n        <td>Ennusteiden yhteensovittaminen, puskurisuunnittelu, varhaisten vaihtoehtojen arviointi<\/td>\r\n      <\/tr>\r\n      <tr>\r\n        <td><strong>Kyps\u00e4<\/strong><\/td>\r\n        <td>Uudet suunnitelmat estet\u00e4\u00e4n, aikaiset PCN-toimet<\/td>\r\n        <td>Riskin arviointi, seuranta tiekartalla, EOL-skenaarioiden valmistelu<\/td>\r\n      <\/tr>\r\n      <tr>\r\n        <td><strong>Laskeva<\/strong><\/td>\r\n        <td>PDN julkaistu, allokointi tiukkenee<\/td>\r\n        <td class=\"risk-mid\">Viimeinen osto (LTB) suunnittelu ja toteutus<\/td>\r\n      <\/tr>\r\n      <tr>\r\n        <td><strong>EOL \/ Vanhentunut<\/strong><\/td>\r\n        <td>Ei tehtaantuotantoa, kanavan tyhjentyminen<\/td>\r\n        <td class=\"risk-high\">Keskeytetty FPGA-hankinta j\u00e4ljitett\u00e4v\u00e4n itsen\u00e4isen toimituksen kautta<\/td>\r\n      <\/tr>\r\n    <\/tbody>\r\n  <\/table>\r\n<\/div>\r\n\r\n<h2>Hankintatoiminta vanhentuneiden FPGA:iden hankinnassa<\/h2>\r\n\r\n<p>\r\n  Kun laitteet saavuttavat EOL:n, hankintatoiminta \u2014 ei suunnitteluteoria \u2014 m\u00e4\u00e4ritt\u00e4\u00e4 onnistumisen.\r\nT\u00e4ss\u00e4 vaiheessa saatavuus, aitous ja toimituskurinalaisuus ovat t\u00e4rke\u00e4mpi\u00e4 kuin nimelliset hinnat.\r\n<\/p>\r\n\r\n<div class=\"steps\">\r\n  <div class=\"step\">\r\n    <div class=\"step-num\">1<\/div>\r\n    <strong>Manuaalinen PCN \/ PDN-seuranta<\/strong>\r\n    <p class=\"mini\">\r\n      Valmistajan ilmoitusten, julkisten ilmoitusten ja suorien yhteyksien seuraaminen keskeytysriskin varhaiseksi tunnistamiseksi.\r\n    <\/p>\r\n  <\/div>\r\n\r\n  <div class=\"step\">\r\n    <div class=\"step-num\">2<\/div>\r\n    <strong>LTB-suunnittelu ja koordinointi<\/strong>\r\n    <p class=\"mini\">\r\n      Tuetaan elinkaaren kysynn\u00e4n arvioimista ja ostoajan koordinointia ennen lopullisten tilausten sulkeutumista.\r\n    <\/p>\r\n  <\/div>\r\n\r\n  <div class=\"step\">\r\n    <div class=\"step-num\">3<\/div>\r\n    <strong>Keskeytetty FPGA-hankinta<\/strong>\r\n    <p class=\"mini\">\r\n      Globaalin varaston j\u00e4ljitt\u00e4minen l\u00e4p\u00e4istyjen itsen\u00e4isten kanavien kautta, kun valtuutettua tarjontaa ei en\u00e4\u00e4 ole saatavilla.\r\n    <\/p>\r\n  <\/div>\r\n\r\n  <div class=\"step\">\r\n    <div class=\"step-num\">4<\/div>\r\n    <strong>Kolmannen osapuolen v\u00e4\u00e4renn\u00f6ksenvastainen testaus<\/strong>\r\n    <p class=\"mini\">\r\n      Ty\u00f6skentely p\u00e4tevien ulkoisten laboratorioiden kanssa tarkastuksia, s\u00e4hk\u00f6testej\u00e4 ja varmennuksia varten tarpeen mukaan.\r\n    <\/p>\r\n  <\/div>\r\n\r\n  <div class=\"step\">\r\n    <div class=\"step-num\">5<\/div>\r\n    <strong>Lyhytaikainen varastointi ja toimitustuki<\/strong>\r\n    <p class=\"mini\">\r\n      Vaiheittaisen toimituksen ja lyhytaikaisen varastoinnin koordinointi tuotannon aikataulujen mukauttamiseksi.\r\n    <\/p>\r\n  <\/div>\r\n<\/div>\r\n\r\n<h2>EU:hun keskittyv\u00e4 toimitus pitk\u00e4n elinkaaren teollisuuksiin<\/h2>\r\n\r\n<p>\r\n  N\u00e4m\u00e4 haasteet ovat kaikkein akuutteimpia teollisuuksissa, joilla on tiukat jatkuvuusvaatimukset ja pitk\u00e4t kentt\u00e4palvelusvelvoitteet. Palvelumme ovat p\u00e4\u00e4asiassa Euroopan OEM-valmistajien mukaisia, laajempi hankintatuki yrityspolitiikan mukaan.\r\n<\/p>\r\n\r\n<div class=\"tags\">\r\n  <span class=\"tag\">Teollinen automaatio<\/span>\r\n  <span class=\"tag\">L\u00e4\u00e4ketieteellinen elektroniikka<\/span>\r\n  <span class=\"tag\">Liikennej\u00e4rjestelm\u00e4t<\/span>\r\n  <span class=\"tag\">Energia ja infrastruktuuri<\/span>\r\n<\/div>\r\n\r\n<p class=\"mini\">\r\n  Meid\u00e4n roolimme ei ole korvata insin\u00f6\u00f6rip\u00e4\u00e4t\u00f6ksi\u00e4, vaan toteuttaa kurinalaisia hankintastrategioita, jotka v\u00e4hent\u00e4v\u00e4t riski\u00e4, kun FPGA-laitteet tulevat vanhentuneiksi tai lopetetuiksi. <strong>HK EQGOO LIMITED<\/strong>, our role is not to replace engineering decisions, but to execute disciplined procurement\r\n  strategies that reduce risk when FPGA devices become obsolete or discontinued.\r\n<\/p>\r\n\r\n<div class=\"cta\">\r\n  <h2>Suunnittele vanhentuneiden FPGA-toimitusten hankinta ennen kuin markkinat pakottavat toimimaan<\/h2>\r\n  <p>\r\n    Jos kohtaat EOL-ilmoituksia, allokointipainetta tai lopetettujen FPGA-haasteita, voimme auttaa sinua arvioimaan riskej\u00e4 ja koordinoimaan luotettavia hankintoja, jotka on sopeutettu tuotantokarttaasi.\r\n  <\/p>\r\n  <a class=\"btn\" href=\"https:\/\/fpgasourcing.com\/fi\/contact\/\">Ota yhteytt\u00e4 tiimiimme<\/a>\r\n  <p class=\"mini\" style=\"margin-top:12px;\">\r\n    Suositteleeko s\u00e4hk\u00f6postia? <a href=\"mailto:support@fpgasourcing.com\">support@fpgasourcing.com<\/a>\r\n  <\/p>\r\n<\/div>\r\n\r\n<\/main>\r\n\t\t\t\t<\/div>\n\t\t\t\t\t<\/div>\n\t\t\t\t<\/div>\n\t\t\t\t<\/div>","protected":false},"excerpt":{"rendered":"<p>FPGA Lifecycle Management: EOL Planning, Risk Mitigation &#038; Long-Term Supply In long-lifecycle industries such as industrial automation, medical electronics, and transportation infrastructure, FPGA availability rarely aligns with system service life. While deployed platforms may require support for 10\u201320 years or more, FPGA families can reach End-of-Life (EOL) or become obsolete much earlier. Without proactive planning, [&hellip;]<\/p>\n","protected":false},"author":1,"featured_media":0,"parent":0,"menu_order":0,"comment_status":"closed","ping_status":"closed","template":"","meta":{"rank_math_title":"FPGA Lifecycle Management: EOL Planning &amp; Obsolete FPGA Sourcing","rank_math_description":"Manage FPGA EOL risk and obsolete FPGA sourcing with disciplined procurement execution. We support European OEMs with EOL planning, discontinued FPGA supply and risk mitigation.\n","footnotes":""},"class_list":["post-99","page","type-page","status-publish","hentry"],"_links":{"self":[{"href":"https:\/\/fpgasourcing.com\/fi\/wp-json\/wp\/v2\/pages\/99","targetHints":{"allow":["GET"]}}],"collection":[{"href":"https:\/\/fpgasourcing.com\/fi\/wp-json\/wp\/v2\/pages"}],"about":[{"href":"https:\/\/fpgasourcing.com\/fi\/wp-json\/wp\/v2\/types\/page"}],"author":[{"embeddable":true,"href":"https:\/\/fpgasourcing.com\/fi\/wp-json\/wp\/v2\/users\/1"}],"replies":[{"embeddable":true,"href":"https:\/\/fpgasourcing.com\/fi\/wp-json\/wp\/v2\/comments?post=99"}],"version-history":[{"count":5,"href":"https:\/\/fpgasourcing.com\/fi\/wp-json\/wp\/v2\/pages\/99\/revisions"}],"predecessor-version":[{"id":115,"href":"https:\/\/fpgasourcing.com\/fi\/wp-json\/wp\/v2\/pages\/99\/revisions\/115"}],"wp:attachment":[{"href":"https:\/\/fpgasourcing.com\/fi\/wp-json\/wp\/v2\/media?parent=99"}],"curies":[{"name":"wp","href":"https:\/\/api.w.org\/{rel}","templated":true}]}}