{"id":122,"date":"2026-01-31T16:00:21","date_gmt":"2026-01-31T16:00:21","guid":{"rendered":"https:\/\/fpgasourcing.com\/?page_id=122"},"modified":"2026-02-01T17:08:10","modified_gmt":"2026-02-01T17:08:10","slug":"request-a-quote","status":"publish","type":"page","link":"https:\/\/fpgasourcing.com\/es\/request-a-quote\/","title":{"rendered":"Solicitar un presupuesto"},"content":{"rendered":"<div data-elementor-type=\"wp-page\" data-elementor-id=\"122\" class=\"elementor elementor-122\" data-elementor-post-type=\"page\">\n\t\t\t\t<div class=\"elementor-element elementor-element-79fcfda e-flex e-con-boxed e-con e-parent\" data-id=\"79fcfda\" data-element_type=\"container\" data-e-type=\"container\">\n\t\t\t\t\t<div class=\"e-con-inner\">\n\t\t\t\t<div class=\"elementor-element elementor-element-ed9da7e elementor-widget elementor-widget-html\" data-id=\"ed9da7e\" data-element_type=\"widget\" data-e-type=\"widget\" data-widget_type=\"html.default\">\n\t\t\t\t\t<section class=\"bom-review-module\" data-role=\"bom-feasibility-review\">\r\n\r\n  <div class=\"bom-lead\">\r\n    <p>\r\n      Antes de solicitar precios o comprometerse a la producci\u00f3n, muchos OEM necesitan entender si su BOM se puede abastecer <strong>de manera segura, realista y a lo largo del ciclo de vida requerido<\/strong>. Esto es especialmente cr\u00edtico cuando se involucran dispositivos FPGA.\r\n    <\/p>\r\n    <p class=\"bom-note\">\r\n      Las restricciones de asignaci\u00f3n, los avisos de fin de vida (EOL) y los componentes descontinuados a menudo hacen que el abastecimiento a nivel de BOM sea m\u00e1s complejo que verificar la disponibilidad de partes individuales.\r\n    <\/p>\r\n    \r\n    <p>\r\n        \u00bfTiene otros componentes en su BOM (memoria, energ\u00eda, conectores)? <a href=\"https:\/\/fpgasourcing.com\/es\/non-fpga-components-support\/\" style=\"color:blue\">Ver soporte ampliado de BOM<\/a>.\r\n    <\/p>\r\n  <\/div>\r\n    \r\n  <div class=\"bom-section\">\r\n    <h2 class=\"bom-heading\">Por qu\u00e9 importa la viabilidad a nivel de BOM<\/h2>\r\n\r\n    <div class=\"bom-grid\">\r\n      <div class=\"bom-card\">\r\n        <h3>Riesgo de disponibilidad<\/h3>\r\n        <ul>\r\n          <li>Dispositivos FPGA que se acercan a EOL o ya descontinuados<\/li>\r\n          <li>Distribuci\u00f3n autorizada que ya no ofrece suministro estable<\/li>\r\n          <li>Dependencia del abastecimiento independiente para partes cr\u00edticas<\/li>\r\n        <\/ul>\r\n      <\/div>\r\n\r\n      <div class=\"bom-card soft\">\r\n        <h3>Implicaciones del ciclo de vida<\/h3>\r\n        <ul>\r\n          <li>Necesidad de planificaci\u00f3n para la \u00faltima compra (LTB)<\/li>\r\n          <li>Obligaciones de soporte a largo plazo para sistemas en campo<\/li>\r\n          <li>Riesgo de redise\u00f1o forzado durante la vida \u00fatil del producto<\/li>\r\n        <\/ul>\r\n      <\/div>\r\n    <\/div>\r\n  <\/div>\r\n\r\n  <div class=\"bom-section\">\r\n    <h2 class=\"bom-heading\">Qu\u00e9 se revisa<\/h2>\r\n\r\n    <div class=\"bom-grid\">\r\n      <div class=\"bom-card\">\r\n        <h3>Restricciones de abastecimiento<\/h3>\r\n        <ul>\r\n          <li>Disponibilidad realista del canal y trazabilidad de lotes<\/li>\r\n          <li>Limitaciones relacionadas con MOQ, embalaje y lotes<\/li>\r\n          <li>Consideraciones de cumplimiento regional (enfocadas en la UE)<\/li>\r\n        <\/ul>\r\n      <\/div>\r\n\r\n      <div class=\"bom-card\">\r\n        <h3>Riesgo de ejecuci\u00f3n<\/h3>\r\n        <ul>\r\n          <li>Incertidumbre en el tiempo de entrega y volatilidad en la entrega<\/li>\r\n          <li>Riesgo de calidad y autenticidad en el suministro de final de ciclo de vida<\/li>\r\n          <li>Impacto de las interrupciones en el suministro en los cronogramas de producci\u00f3n<\/li>\r\n        <\/ul>\r\n      <\/div>\r\n    <\/div>\r\n  <\/div>\r\n\r\n  <div class=\"bom-warning\">\r\n    <strong>Importante:<\/strong> Esto no es una cotizaci\u00f3n. La disponibilidad, los precios y los plazos de entrega no est\u00e1n garantizados. El prop\u00f3sito de esta revisi\u00f3n es evaluar la viabilidad de abastecimiento antes de un compromiso adicional.\r\n  <\/div>\r\n\r\n  <div class=\"bom-process\">\r\n    <h2 class=\"bom-heading\">C\u00f3mo funciona la revisi\u00f3n<\/h2>\r\n\r\n    <ol class=\"bom-steps\">\r\n      <li><strong>Subir BOM<\/strong> \u2014 Proporcione su BOM para revisi\u00f3n de viabilidad.<\/li>\r\n      <li><strong>Evaluaci\u00f3n<\/strong> \u2014 Se revisan la disponibilidad, las restricciones de abastecimiento y la exposici\u00f3n al ciclo de vida.<\/li>\r\n      <li><strong>Retroalimentaci\u00f3n<\/strong> \u2014 Se comparten riesgos y consideraciones sobre los pr\u00f3ximos pasos.<\/li>\r\n      <li><strong>Seguimiento<\/strong> \u2014 Discusi\u00f3n por correo electr\u00f3nico o tel\u00e9fono, si es necesario.<\/li>\r\n    <\/ol>\r\n  <\/div>\r\n\r\n  <div class=\"bom-audience\">\r\n    <h2 class=\"bom-heading\">Audiencia prevista<\/h2>\r\n    <p>\r\n      Esta revisi\u00f3n est\u00e1 dise\u00f1ada para equipos profesionales de adquisiciones e ingenier\u00eda que gestionan sistemas sensibles al ciclo de vida en plataformas industriales, m\u00e9dicas, telecomunicaciones y basadas en FPGA.\r\n    <\/p>\r\n    <p class=\"bom-note\">\r\n      Este servicio no est\u00e1 destinado a proyectos de hobby de peque\u00f1a cantidad o compras personales.\r\n    <\/p>\r\n  <\/div>\r\n\r\n  <div class=\"bom-cta\">\r\n    <a href=\"\/es\/contact\/\" class=\"bom-btn\">Subir BOM<\/a>\r\n  <\/div>\r\n\r\n<\/section>\r\n\t\t\t\t<\/div>\n\t\t\t\t\t<\/div>\n\t\t\t\t<\/div>\n\t\t\t\t<\/div>","protected":false},"excerpt":{"rendered":"<p>Before requesting pricing or committing to production, many OEMs need to understand whether their BOM can be sourced safely, realistically, and over the required lifecycle. This is especially critical when FPGA devices are involved. Allocation constraints, EOL notices, and discontinued components often make BOM-level sourcing more complex than checking individual part availability. Have other components [&hellip;]<\/p>\n","protected":false},"author":1,"featured_media":0,"parent":0,"menu_order":0,"comment_status":"closed","ping_status":"closed","template":"","meta":{"rank_math_title":"","rank_math_description":"","footnotes":""},"class_list":["post-122","page","type-page","status-publish","hentry"],"_links":{"self":[{"href":"https:\/\/fpgasourcing.com\/es\/wp-json\/wp\/v2\/pages\/122","targetHints":{"allow":["GET"]}}],"collection":[{"href":"https:\/\/fpgasourcing.com\/es\/wp-json\/wp\/v2\/pages"}],"about":[{"href":"https:\/\/fpgasourcing.com\/es\/wp-json\/wp\/v2\/types\/page"}],"author":[{"embeddable":true,"href":"https:\/\/fpgasourcing.com\/es\/wp-json\/wp\/v2\/users\/1"}],"replies":[{"embeddable":true,"href":"https:\/\/fpgasourcing.com\/es\/wp-json\/wp\/v2\/comments?post=122"}],"version-history":[{"count":5,"href":"https:\/\/fpgasourcing.com\/es\/wp-json\/wp\/v2\/pages\/122\/revisions"}],"predecessor-version":[{"id":253,"href":"https:\/\/fpgasourcing.com\/es\/wp-json\/wp\/v2\/pages\/122\/revisions\/253"}],"wp:attachment":[{"href":"https:\/\/fpgasourcing.com\/es\/wp-json\/wp\/v2\/media?parent=122"}],"curies":[{"name":"wp","href":"https:\/\/api.w.org\/{rel}","templated":true}]}}