{"id":600,"date":"2026-02-07T06:20:22","date_gmt":"2026-02-07T06:20:22","guid":{"rendered":"https:\/\/fpgasourcing.com\/?page_id=600"},"modified":"2026-02-07T06:22:44","modified_gmt":"2026-02-07T06:22:44","slug":"xc3s200-5vqg100c","status":"publish","type":"page","link":"https:\/\/fpgasourcing.com\/de\/part\/xc3s200-5vqg100c\/","title":{"rendered":"AMD XC3S400-4TQ144C"},"content":{"rendered":"<div data-elementor-type=\"wp-page\" data-elementor-id=\"600\" class=\"elementor elementor-600\" data-elementor-post-type=\"page\">\n\t\t\t\t<div class=\"elementor-element elementor-element-397cb5e e-flex e-con-boxed e-con e-parent\" data-id=\"397cb5e\" data-element_type=\"container\" data-e-type=\"container\">\n\t\t\t\t\t<div class=\"e-con-inner\">\n\t\t\t\t<div class=\"elementor-element elementor-element-706535f elementor-widget elementor-widget-html\" data-id=\"706535f\" data-element_type=\"widget\" data-e-type=\"widget\" data-widget_type=\"html.default\">\n\t\t\t\t\t<!-- WP Block XC3S400-4TQ144C | v1.5-static-template -->\r\n<script type=\"application\/ld+json\">{\n    \"@context\": \"https:\\\/\\\/schema.org\\\/\",\n    \"@type\": \"Product\",\n    \"name\": \"XC3S400-4TQ144C\",\n    \"brand\": {\n        \"@type\": \"Brand\",\n        \"name\": \"AMD\"\n    },\n    \"sku\": \"XC3S400-4TQ144C\",\n    \"offers\": {\n        \"@type\": \"Offer\",\n        \"availability\": \"https:\\\/\\\/schema.org\\\/LimitedAvailability\",\n        \"url\": \"https:\\\/\\\/fpgasourcing.com\\\/request-a-quote\\\/\",\n        \"priceCurrency\": \"USD\"\n    }\n}<\/script><div style=\"font-family: -apple-system, BlinkMacSystemFont, 'Segoe UI', Roboto, sans-serif; line-height: 1.6; color: #1f2937; max-width: 900px; margin: 0 auto; padding: 20px;\"><title>XC3S400-4TQ144C Procurement & Sourcing | AMD | B2B<\/title><meta name=\"description\" content=\"The XC3S400-4TQ144C has been deployed across mature system architectures that remain in active service within industrial and embedded environments. Given i...\"> <header style=\"margin-bottom: 24px; border-bottom: 2px solid #e5e7eb; padding-bottom: 20px;\"> <p style=\"color: #2563eb; font-size: 12px; font-weight: 600; text-transform: uppercase; letter-spacing: 0.05em; margin-bottom: 8px;\">AMD Spartan\u00ae-3 Beschaffungsreferenz<\/p> <h1 style=\"font-size: 32px; margin: 0 0 8px 0; color: #111827;\">XC3S400-4TQ144C<\/h1> <p style=\"font-size: 16px; color: #6b7280; margin: 0;\">Globale B2B-Komponentenbeschaffung &amp; Zuliefererdokumentation<\/p> <\/header> <div style=\"display: flex; gap: 8px; margin-bottom: 24px; flex-wrap: wrap;\"> <span style=\"background: #f8fafc; color: #475569; padding: 4px 12px; border-radius: 4px; font-size: 11px; font-weight: 600; border: 1px solid #e2e8f0; text-transform: uppercase;\">Beschaffungs\u00fcberpr\u00fcfung<\/span> <span style=\"background: #f8fafc; color: #475569; padding: 4px 12px; border-radius: 4px; font-size: 11px; font-weight: 600; border: 1px solid #e2e8f0; text-transform: uppercase;\">Qualit\u00e4t garantiert<\/span> <span style=\"background: #f8fafc; color: #475569; padding: 4px 12px; border-radius: 4px; font-size: 11px; font-weight: 600; border: 1px solid #e2e8f0; text-transform: uppercase;\">Einhaltung nachverfolgt<\/span> <\/div><div style=\"background: #fffbeb; border-left: 4px solid #f59e0b; padding: 16px; margin-bottom: 32px; border-radius: 0 8px 8px 0;\"><strong style=\"color: #92400e;\">Verifizierungsnotiz:<\/strong><p style=\"margin: 8px 0 0 0; color: #78350f; font-size: 14px;\">Angegebener Status: <strong>Reif\/Legacy (Verifizierung erforderlich)<\/strong>. <a href=\"https:\/\/fpgasourcing.com\/de\/request-a-quote\/\" style=\"color: #92400e; text-decoration: underline; font-weight: 600;\">RFQ-Einreichung<\/a> f\u00fcr die Echtzeitverifizierung erforderlich.<\/p><\/div> <div style=\"margin-bottom: 24px;\"> <a href=\"https:\/\/cdn.fpgasourcing.com\/PDF\/ds099.pdf\" target=\"_blank\" rel=\"noopener\" style=\"display: inline-flex; align-items: center; background: #dc2626; color: white; padding: 10px 20px; text-decoration: none; border-radius: 6px; font-weight: 600; font-size: 14px;\"> <svg style=\"width: 16px; height: 16px; margin-right: 8px; fill: currentColor;\" viewbox=\"0 0 20 20\"><path d=\"M9 2a1 1 0 000 2h2a1 1 0 100-2H9z\"\/><path fill-rule=\"evenodd\" d=\"M4 5a2 2 0 012-2 1 1 0 000 2H6a2 2 0 00-2 2v6a2 2 0 002 2h2a1 1 0 100-2H6V7h5a1 1 0 011 1v5h2V8a3 3 0 00-3-3H6z\" clip-rule=\"evenodd\"\/><\/svg> Datenblatt anzeigen (PDF) <\/a> <span style=\"color: #6b7280; font-size: 13px; margin-left: 12px;\">Technische Dokumentation f\u00fcr XC3S400-4TQ144C<\/span> <\/div><main><section style=\"margin-bottom: 32px;\"><h2 style=\"color: #1f2937; font-size: 20px; margin-bottom: 16px; border-bottom: 2px solid #e5e7eb; padding-bottom: 8px;\">Anwendungskontext<\/h2><div style=\"background: #f9fafb; border-left: 4px solid #6b7280; padding: 20px; border-radius: 0 8px 8px 0;\"><p style=\"color: #4b5563; line-height: 1.7; font-size: 15px; margin: 0;\">Der XC3S400-4TQ144C wurde in reifen Systemarchitekturen eingesetzt, die aktiv in industriellen und eingebetteten Umgebungen genutzt werden. Angesichts seines Lebenszyklusstatus wird dieser FPGA heute am h\u00e4ufigsten beschafft, um langfristige Wartungsprogramme, die Auff\u00fcllung von Ersatzbest\u00e4nden und den kontrollierten Austausch von im Feld eingesetzten Einheiten zu unterst\u00fctzen.\r\n\r\nBeschaffungsentscheidungen f\u00fcr dieses Ger\u00e4t priorisieren in der Regel Kontinuit\u00e4t, Nachverfolgbarkeit und Chargenverifizierung, um Konsistenz mit bestehenden Hardwaregrundlagen sicherzustellen.<\/p><\/div><\/section>\r\n <section style=\"margin-bottom: 32px;\"> <h2 style=\"color: #1f2937; font-size: 20px; margin-bottom: 16px; border-bottom: 2px solid #e5e7eb; padding-bottom: 8px;\">Technische Spezifikationen<\/h2> <div style=\"border: 1px solid #e5e7eb; border-radius: 8px; overflow: hidden;\"> <table style=\"width: 100%; border-collapse: collapse; font-size: 14px;\"><tbody> <tr style=\"border-bottom: 1px solid #f3f4f6;\"> <th style=\"padding: 12px 16px; text-align: left; width: 40%; color: #6b7280; font-weight: 500; background: #f9fafb; font-size: 14px;\">Hersteller<\/th> <td style=\"padding: 12px 16px; color: #1f2937; font-weight: 500; font-size: 14px;\">AMD<\/td> <\/tr> <tr style=\"border-bottom: 1px solid #f3f4f6;\"> <th style=\"padding: 12px 16px; text-align: left; width: 40%; color: #6b7280; font-weight: 500; background: #f9fafb; font-size: 14px;\">Teilenummer<\/th> <td style=\"padding: 12px 16px; color: #1f2937; font-weight: 500; font-size: 14px;\">XC3S400-4TQ144C<\/td> <\/tr> <tr style=\"border-bottom: 1px solid #f3f4f6;\"> <th style=\"padding: 12px 16px; text-align: left; width: 40%; color: #6b7280; font-weight: 500; background: #f9fafb; font-size: 14px;\">Serie<\/th> <td style=\"padding: 12px 16px; color: #1f2937; font-weight: 500; font-size: 14px;\">Spartan\u00ae-3<\/td> <\/tr> <tr style=\"border-bottom: 1px solid #f3f4f6;\"> <th style=\"padding: 12px 16px; text-align: left; width: 40%; color: #6b7280; font-weight: 500; background: #f9fafb; font-size: 14px;\">Angegebener Status<\/th> <td style=\"padding: 12px 16px; color: #1f2937; font-weight: 500; font-size: 14px;\">Reif\/Legacy (Verifizierung erforderlich)<\/td> <\/tr> <tr style=\"border-bottom: 1px solid #f3f4f6;\"> <th style=\"padding: 12px 16px; text-align: left; width: 40%; color: #6b7280; font-weight: 500; background: #f9fafb; font-size: 14px;\">Geh\u00e4use \/ H\u00fclle<\/th> <td style=\"padding: 12px 16px; color: #1f2937; font-weight: 500; font-size: 14px;\">144-LQFP<\/td> <\/tr> <tr style=\"border-bottom: 1px solid #f3f4f6;\"> <th style=\"padding: 12px 16px; text-align: left; width: 40%; color: #6b7280; font-weight: 500; background: #f9fafb; font-size: 14px;\">Temperaturbereich<\/th> <td style=\"padding: 12px 16px; color: #1f2937; font-weight: 500; font-size: 14px;\">0\u00b0C ~ 85\u00b0C (TJ)<\/td> <\/tr> <tr style=\"border-bottom: 1px solid #f3f4f6;\"> <th style=\"padding: 12px 16px; text-align: left; width: 40%; color: #6b7280; font-weight: 500; background: #f9fafb; font-size: 14px;\">Logik-Elemente<\/th> <td style=\"padding: 12px 16px; color: #1f2937; font-weight: 500; font-size: 14px;\">8064<\/td> <\/tr> <tr style=\"border-bottom: 1px solid #f3f4f6;\"> <th style=\"padding: 12px 16px; text-align: left; width: 40%; color: #6b7280; font-weight: 500; background: #f9fafb; font-size: 14px;\">LABs \/ CLBs<\/th> <td style=\"padding: 12px 16px; color: #1f2937; font-weight: 500; font-size: 14px;\">896<\/td> <\/tr> <tr style=\"border-bottom: 1px solid #f3f4f6;\"> <th style=\"padding: 12px 16px; text-align: left; width: 40%; color: #6b7280; font-weight: 500; background: #f9fafb; font-size: 14px;\">Gesamter RAM-Bits<\/th> <td style=\"padding: 12px 16px; color: #1f2937; font-weight: 500; font-size: 14px;\">294912<\/td> <\/tr> <tr style=\"border-bottom: 1px solid #f3f4f6;\"> <th style=\"padding: 12px 16px; text-align: left; width: 40%; color: #6b7280; font-weight: 500; background: #f9fafb; font-size: 14px;\">Anzahl der I\/O<\/th> <td style=\"padding: 12px 16px; color: #1f2937; font-weight: 500; font-size: 14px;\">97<\/td> <\/tr> <tr style=\"border-bottom: 1px solid #f3f4f6;\"> <th style=\"padding: 12px 16px; text-align: left; width: 40%; color: #6b7280; font-weight: 500; background: #f9fafb; font-size: 14px;\">Anzahl der Gatter<\/th> <td style=\"padding: 12px 16px; color: #1f2937; font-weight: 500; font-size: 14px;\">400000<\/td> <\/tr> <tr style=\"border-bottom: 1px solid #f3f4f6;\"> <th style=\"padding: 12px 16px; text-align: left; width: 40%; color: #6b7280; font-weight: 500; background: #f9fafb; font-size: 14px;\">Versorgungsspannung<\/th> <td style=\"padding: 12px 16px; color: #1f2937; font-weight: 500; font-size: 14px;\">1.14V ~ 1.26V<\/td> <\/tr><\/tbody><\/table> <\/div> <\/section>\r\n <section style=\"margin-bottom: 32px;\"> <div style=\"background: #f8fafc; border: 1px solid #e2e8f0; border-radius: 8px; padding: 20px;\"> <h3 style=\"margin-top: 0; color: #1e293b; font-size: 16px; display: flex; align-items: center;\"><span style=\"background: #3b82f6; color: white; padding: 4px 8px; border-radius: 4px; margin-right: 10px; font-size: 12px;\">RFQ<\/span>Schnellanfrage-Leitfaden<\/h3> <p style=\"margin: 0 0 12px 0; color: #475569; font-size: 14px; line-height: 1.6;\">Um ein Angebot f\u00fcr <strong>XC3S400-4TQ144C<\/strong>, einfach bereitstellen:<\/p> <ul style=\"margin: 0 0 12px 0; padding-left: 20px; color: #475569; font-size: 14px; line-height: 1.8;\"> <li><strong>Ben\u00f6tigte Menge<\/strong> (jede Menge akzeptiert)<\/li> <li><strong>Ziel-Lieferzeitplan<\/strong> (flexible Zeitrahmen willkommen)<\/li> <\/ul> <p style=\"margin:0; font-size:13px; color:#334155;\">Wir werden Verf\u00fcgbarkeit, Preise, CoC und Authentizit\u00e4tsdokumentation bereitstellen.<\/p> <\/div> <\/section>\r\n <section style=\"margin-bottom: 32px;\"> <h2 style=\"color: #1f2937; font-size: 20px; margin-bottom: 16px; border-bottom: 2px solid #e5e7eb; padding-bottom: 8px;\">Einhaltung &amp; Qualit\u00e4t<\/h2> <div style=\"display: grid; grid-template-columns: 1fr 1fr; gap: 16px; font-size: 13px; color: #4b5563;\"> <div style=\"padding: 16px; background: #f9fafb; border-radius: 6px; border: 1px solid #e5e7eb;\"> <strong style=\"color: #1f2937; display: block; margin-bottom: 6px; font-size: 14px;\">Grundlegende Dokumentation<\/strong>Konformit\u00e4tszertifikat und R\u00fcckverfolgbarkeitsunterlagen bereitgestellt. <\/div> <div style=\"padding: 16px; background: #f9fafb; border-radius: 6px; border: 1px solid #e5e7eb;\"> <strong style=\"color: #1f2937; display: block; margin-bottom: 6px; font-size: 14px;\">Anti-F\u00e4lschung<\/strong>SAE AS6081-Testprotokolle angewendet. Visuelle und R\u00f6ntgeninspektion verf\u00fcgbar. <\/div> <div style=\"padding: 16px; background: #f9fafb; border-radius: 6px; border: 1px solid #e5e7eb;\"> <strong style=\"color: #1f2937; display: block; margin-bottom: 6px; font-size: 14px;\">Umwelt<\/strong>RoHS\/REACH-Compliance-Informationen auf Anfrage verf\u00fcgbar. <\/div> <div style=\"padding: 16px; background: #f9fafb; border-radius: 6px; border: 1px solid #e5e7eb;\"> <strong style=\"color: #1f2937; display: block; margin-bottom: 6px; font-size: 14px;\">Zus\u00e4tzliche Anforderungen<\/strong>Spezielle Tests oder Dokumentationen w\u00e4hrend der Anfrage besprochen. <\/div> <\/div> <\/section>\r\n <section style=\"margin-bottom: 32px;\"> <h2 style=\"color: #1f2937; font-size: 20px; margin-bottom: 16px; border-bottom: 2px solid #e5e7eb; padding-bottom: 8px;\">Risikobewertung der Lieferkette<\/h2> <div style=\"overflow-x: auto; border: 1px solid #e5e7eb; border-radius: 8px; margin-bottom: 16px;\"> <table style=\"width: 100%; border-collapse: collapse; font-size: 14px;\"> <thead style=\"background: #f9fafb;\"><tr><th style=\"padding: 12px; text-align: left;\">Kategorie<\/th><th style=\"padding: 12px; text-align: left;\">Level<\/th><th style=\"padding: 12px; text-align: left;\">Risikofaktor<\/th><th style=\"padding: 12px; text-align: left;\">Minderung<\/th><\/tr><\/thead> <tbody> <tr style=\"border-bottom: 1px solid #e5e7eb;\"> <td style=\"padding: 12px; font-weight: 500; font-size: 14px;\">Lieferkontinuit\u00e4t<\/td> <td style=\"padding: 12px;\"><span style=\"display: inline-block; padding: 2px 8px; border-radius: 12px; font-size: 11px; font-weight: 600; background: #fee2e2; color: #991b1b;\">Zu bewerten<\/span><\/td> <td style=\"padding: 12px; color: #4b5563; font-size: 13px;\">Lebenszyklusstatus erfordert Verifizierung<\/td> <td style=\"padding: 12px; color: #4b5563; font-size: 13px;\">LTB-Bewertung, falls zutreffend<\/td> <\/tr><\/tbody> <\/table> <\/div> <\/section>\r\n<section style=\"margin-bottom: 32px;\"><h2 style=\"color: #1f2937; font-size: 20px; margin-bottom: 16px; border-bottom: 2px solid #e5e7eb; padding-bottom: 8px;\">Einkaufs-FAQs<\/h2><div>\r\n<div style=\"margin-bottom: 16px; border: 1px solid #e5e7eb; border-radius: 8px; overflow: hidden;\">\r\n<h3 style=\"margin: 0; padding: 16px; background: #f9fafb; font-size: 15px; color: #1f2937; font-weight: 600;\">Wie k\u00f6nnen wir die aktuelle Verf\u00fcgbarkeit des Bestands f\u00fcr den XC3S400-4TQ144C angesichts seines reifen Lebenszyklusstatus \u00fcberpr\u00fcfen?<\/h3>\r\n<div style=\"padding: 16px; background: white;\"><div style=\"color: #4b5563; font-size: 14px; line-height: 1.6;\">Aufgrund des Status 'Reif\/Legacy' des XC3S400-4TQ144C unterliegen die Echtzeit-Bestandsniveaus der \u00dcberpr\u00fcfung. Die Beschaffung erfordert die Best\u00e4tigung von Datencodes und verbleibenden Fabrikf\u00fchrungszeiten durch einen autorisierten Vertreter, um sicherzustellen, dass das 144-LQFP-Paket weiterhin f\u00fcr Neuanfragen verf\u00fcgbar ist.<\/div><\/div>\r\n<\/div>\r\n<div style=\"margin-bottom: 16px; border: 1px solid #e5e7eb; border-radius: 8px; overflow: hidden;\">\r\n<h3 style=\"margin: 0; padding: 16px; background: #f9fafb; font-size: 15px; color: #1f2937; font-weight: 600;\">Was ist der Prozess zur Identifizierung von Ersatzalternativen oder Querverweisen f\u00fcr diesen speziellen FPGA?<\/h3>\r\n<div style=\"padding: 16px; background: white;\"><div style=\"color: #4b5563; font-size: 14px; line-height: 1.6;\">Die Identifizierung einer Alternativl\u00f6sung im Klartext f\u00fcr den XC3S400-4TQ144C erfordert die Best\u00e4tigung der Pin-Kompatibilit\u00e4t und der Spannungsanforderungen. Jeder vorgeschlagene Querverweis unterliegt der \u00dcberpr\u00fcfung im Hinblick auf Ihr spezifisches Board-Layout und die zeitlichen Einschr\u00e4nkungen, um eine nahtlose Integration in das bestehende 144-LQFP-Footprint zu gew\u00e4hrleisten.<\/div><\/div>\r\n<\/div>\r\n<div style=\"margin-bottom: 16px; border: 1px solid #e5e7eb; border-radius: 8px; overflow: hidden;\">\r\n<h3 style=\"margin: 0; padding: 16px; background: #f9fafb; font-size: 15px; color: #1f2937; font-weight: 600;\">Kann f\u00fcr die legacy XC3S400-4TQ144C-Einheiten ein Konformit\u00e4tszertifikat (CoC) bereitgestellt werden?<\/h3>\r\n<div style=\"padding: 16px; background: white;\"><div style=\"color: #4b5563; font-size: 14px; line-height: 1.6;\">Die Verf\u00fcgbarkeit eines formalen Konformit\u00e4tszertifikats (CoC) f\u00fcr diese Legacy-Komponente erfordert eine Best\u00e4tigung zum Zeitpunkt der Anfrage. Die Nachverfolgbarkeitsdokumentation unterliegt der \u00dcberpr\u00fcfung basierend auf der spezifischen Chargennummer und dem Beschaffungskanal, der zur Beschaffung des 144-LQFP-Bestands verwendet wurde.<\/div><\/div>\r\n<\/div><\/div><\/section>\r\n        <section style=\"margin-bottom: 24px; padding: 16px; background: #f0fdf4; border-radius: 8px; border-left: 4px solid #16a34a;\">\r\n            <h3 style=\"margin-top: 0; color: #166534; font-size: 17px;\">Gleiche Architekturvarianten<\/h3>\r\n            <p>Identische Logikressourcen mit Unterschieden in Geschwindigkeitsgrad, Verpackung oder I\/O-Anzahl:<\/p>\r\n            <p><a href=\"https:\/\/fpgasourcing.com\/de\/part\/xc3s400-4fg320c\/\">XC3S400-4FG320C<\/a> | <a href=\"https:\/\/fpgasourcing.com\/de\/part\/xc3s400-4fg320i\/\">XC3S400-4FG320I<\/a><\/p>\r\n            <p><em>Die Pin-zu-Pin-Kompatibilit\u00e4t muss pro Datenblatt \u00fcberpr\u00fcft werden.<\/em><\/p>\r\n        <\/section>\r\n        \r\n\r\n        <section style=\"margin-bottom: 24px; padding: 16px; background: #fffbeb; border-radius: 8px; border-left: 4px solid #ca8a04;\">\r\n            <h3 style=\"margin-top: 0; color: #92400e; font-size: 17px;\">\u00dcberlegungen zur Designskalierung<\/h3>\r\n            <p>F\u00fcr Projekte, die zus\u00e4tzliche Logikressourcen innerhalb derselben Spartan-3-Familie erfordern:<\/p>\r\n            <p><a href=\"https:\/\/fpgasourcing.com\/de\/part\/xc3s200-5vqg100c\/\">XC3S200-5VQG100C<\/a><\/p>\r\n            <p><em>Bewertung des Ressourcenpuffers wird vor der architektonischen Migration empfohlen.<\/em><\/p>\r\n        <\/section>\r\n        <\/main><div style=\"background: #1e3a8a; color: white; padding: 32px; border-radius: 8px; text-align: center; margin: 32px 0;\"><h2 style=\"margin:0 0 8px 0; font-size: 22px;\">Holen Sie sich Ihre risikoorientierten Beschaffungsoptionen<\/h2><p style=\"opacity: 0.9; margin-bottom: 20px; font-size: 15px;\">Angebot f\u00fcr XC3S400-4TQ144C mit Machbarkeitsbewertung anfordern.<\/p><div style=\"margin-bottom: 16px;\"><a href=\"https:\/\/fpgasourcing.com\/de\/request-a-quote\/\" style=\"display: inline-block; background: #f59e0b; color: #1f2937; padding: 14px 32px; text-decoration: none; border-radius: 6px; font-weight: 600; margin-right: 12px;\">Angebot anfordern<\/a><a href=\"https:\/\/fpgasourcing.com\/de\/contact\/\" style=\"display: inline-block; color: white; padding: 14px 32px; text-decoration: none; border-radius: 6px; border: 1px solid rgba(255,255,255,0.3);\">Frage stellen<\/a><\/div><\/div><\/div>\t\t\t\t<\/div>\n\t\t\t\t\t<\/div>\n\t\t\t\t<\/div>\n\t\t\t\t<\/div>","protected":false},"excerpt":{"rendered":"<p>XC3S400-4TQ144C Procurement &#038; Sourcing | AMD | B2B AMD Spartan\u00ae-3 Procurement Reference XC3S400-4TQ144C Global B2B Component Sourcing &#038; Supply Chain Documentation Sourcing Verified Quality Assured Compliance Tracked Verification Note:Indicated status: Mature\/Legacy (verification required). RFQ submission required for real-time verification. View Datasheet (PDF) Technical documentation for XC3S400-4TQ144C Application ContextThe XC3S400-4TQ144C has been deployed across mature system [&hellip;]<\/p>\n","protected":false},"author":1,"featured_media":0,"parent":13,"menu_order":0,"comment_status":"closed","ping_status":"closed","template":"","meta":{"rank_math_title":"XC3S400-4TQ144C FPGA Sourcing | Request B2B Quote","rank_math_description":"Source AMD XC3S400-4TQ144C FPGAs for industrial maintenance. 8064 LE, 144-LQFP. Verified lot traceability for legacy system continuity and spare replenishment.","footnotes":""},"class_list":["post-600","page","type-page","status-publish","hentry"],"_links":{"self":[{"href":"https:\/\/fpgasourcing.com\/de\/wp-json\/wp\/v2\/pages\/600","targetHints":{"allow":["GET"]}}],"collection":[{"href":"https:\/\/fpgasourcing.com\/de\/wp-json\/wp\/v2\/pages"}],"about":[{"href":"https:\/\/fpgasourcing.com\/de\/wp-json\/wp\/v2\/types\/page"}],"author":[{"embeddable":true,"href":"https:\/\/fpgasourcing.com\/de\/wp-json\/wp\/v2\/users\/1"}],"replies":[{"embeddable":true,"href":"https:\/\/fpgasourcing.com\/de\/wp-json\/wp\/v2\/comments?post=600"}],"version-history":[{"count":4,"href":"https:\/\/fpgasourcing.com\/de\/wp-json\/wp\/v2\/pages\/600\/revisions"}],"predecessor-version":[{"id":604,"href":"https:\/\/fpgasourcing.com\/de\/wp-json\/wp\/v2\/pages\/600\/revisions\/604"}],"up":[{"embeddable":true,"href":"https:\/\/fpgasourcing.com\/de\/wp-json\/wp\/v2\/pages\/13"}],"wp:attachment":[{"href":"https:\/\/fpgasourcing.com\/de\/wp-json\/wp\/v2\/media?parent=600"}],"curies":[{"name":"wp","href":"https:\/\/api.w.org\/{rel}","templated":true}]}}