{"id":462,"date":"2026-02-07T03:36:02","date_gmt":"2026-02-07T03:36:02","guid":{"rendered":"https:\/\/fpgasourcing.com\/?page_id=462"},"modified":"2026-02-07T03:37:38","modified_gmt":"2026-02-07T03:37:38","slug":"xc3s200-4ft256c","status":"publish","type":"page","link":"https:\/\/fpgasourcing.com\/de\/part\/xc3s200-4ft256c\/","title":{"rendered":"AMD XC3S200-4FT256C"},"content":{"rendered":"<div data-elementor-type=\"wp-page\" data-elementor-id=\"462\" class=\"elementor elementor-462\" data-elementor-post-type=\"page\">\n\t\t\t\t<div class=\"elementor-element elementor-element-ddbf360 e-flex e-con-boxed e-con e-parent\" data-id=\"ddbf360\" data-element_type=\"container\" data-e-type=\"container\">\n\t\t\t\t\t<div class=\"e-con-inner\">\n\t\t\t\t<div class=\"elementor-element elementor-element-383cd14 elementor-widget elementor-widget-html\" data-id=\"383cd14\" data-element_type=\"widget\" data-e-type=\"widget\" data-widget_type=\"html.default\">\n\t\t\t\t\t<!-- WP Block XC3S200-4FT256C | v1.5-static-template -->\r\n<script type=\"application\/ld+json\">{\n    \"@context\": \"https:\\\/\\\/schema.org\\\/\",\n    \"@type\": \"Product\",\n    \"name\": \"XC3S200-4FT256C\",\n    \"brand\": {\n        \"@type\": \"Brand\",\n        \"name\": \"AMD\"\n    },\n    \"sku\": \"XC3S200-4FT256C\",\n    \"offers\": {\n        \"@type\": \"Offer\",\n        \"availability\": \"https:\\\/\\\/schema.org\\\/LimitedAvailability\",\n        \"url\": \"https:\\\/\\\/fpgasourcing.com\\\/request-a-quote\\\/\",\n        \"priceCurrency\": \"USD\"\n    }\n}<\/script><div style=\"font-family: -apple-system, BlinkMacSystemFont, 'Segoe UI', Roboto, sans-serif; line-height: 1.6; color: #1f2937; max-width: 900px; margin: 0 auto; padding: 20px;\"><title>XC3S200-4FT256C Procurement & Sourcing | AMD | B2B<\/title><meta name=\"description\" content=\"The XC3S200-4FT256C has been deployed across mature system architectures that remain in active service within industrial and embedded environments. Given i...\"> <header style=\"margin-bottom: 24px; border-bottom: 2px solid #e5e7eb; padding-bottom: 20px;\"> <p style=\"color: #2563eb; font-size: 12px; font-weight: 600; text-transform: uppercase; letter-spacing: 0.05em; margin-bottom: 8px;\">AMD Spartan\u00ae-3 Beschaffungsreferenz<\/p> <h1 style=\"font-size: 32px; margin: 0 0 8px 0; color: #111827;\">XC3S200-4FT256C<\/h1> <p style=\"font-size: 16px; color: #6b7280; margin: 0;\">Globale B2B-Komponentenbeschaffung &amp; Zuliefererdokumentation<\/p> <\/header> <div style=\"display: flex; gap: 8px; margin-bottom: 24px; flex-wrap: wrap;\"> <span style=\"background: #f8fafc; color: #475569; padding: 4px 12px; border-radius: 4px; font-size: 11px; font-weight: 600; border: 1px solid #e2e8f0; text-transform: uppercase;\">Beschaffungs\u00fcberpr\u00fcfung<\/span> <span style=\"background: #f8fafc; color: #475569; padding: 4px 12px; border-radius: 4px; font-size: 11px; font-weight: 600; border: 1px solid #e2e8f0; text-transform: uppercase;\">Qualit\u00e4t garantiert<\/span> <span style=\"background: #f8fafc; color: #475569; padding: 4px 12px; border-radius: 4px; font-size: 11px; font-weight: 600; border: 1px solid #e2e8f0; text-transform: uppercase;\">Einhaltung nachverfolgt<\/span> <\/div><div style=\"background: #fffbeb; border-left: 4px solid #f59e0b; padding: 16px; margin-bottom: 32px; border-radius: 0 8px 8px 0;\"><strong style=\"color: #92400e;\">Verifizierungsnotiz:<\/strong><p style=\"margin: 8px 0 0 0; color: #78350f; font-size: 14px;\">Angegebener Status: <strong>Reif\/Legacy (Verifizierung erforderlich)<\/strong>. <a href=\"https:\/\/fpgasourcing.com\/de\/request-a-quote\/\" style=\"color: #92400e; text-decoration: underline; font-weight: 600;\">RFQ-Einreichung<\/a> f\u00fcr die Echtzeitverifizierung erforderlich.<\/p><\/div> <div style=\"margin-bottom: 24px;\"> <a href=\"https:\/\/cdn.fpgasourcing.com\/PDF\/ds099.pdf\" target=\"_blank\" rel=\"noopener\" style=\"display: inline-flex; align-items: center; background: #dc2626; color: white; padding: 10px 20px; text-decoration: none; border-radius: 6px; font-weight: 600; font-size: 14px;\"> <svg style=\"width: 16px; height: 16px; margin-right: 8px; fill: currentColor;\" viewbox=\"0 0 20 20\"><path d=\"M9 2a1 1 0 000 2h2a1 1 0 100-2H9z\"\/><path fill-rule=\"evenodd\" d=\"M4 5a2 2 0 012-2 1 1 0 000 2H6a2 2 0 00-2 2v6a2 2 0 002 2h2a1 1 0 100-2H6V7h5a1 1 0 011 1v5h2V8a3 3 0 00-3-3H6z\" clip-rule=\"evenodd\"\/><\/svg> Datenblatt anzeigen (PDF) <\/a> <span style=\"color: #6b7280; font-size: 13px; margin-left: 12px;\">Technische Dokumentation f\u00fcr XC3S200-4FT256C<\/span> <\/div><main><section style=\"margin-bottom: 32px;\"><h2 style=\"color: #1f2937; font-size: 20px; margin-bottom: 16px; border-bottom: 2px solid #e5e7eb; padding-bottom: 8px;\">Anwendungskontext<\/h2><div style=\"background: #f9fafb; border-left: 4px solid #6b7280; padding: 20px; border-radius: 0 8px 8px 0;\"><p style=\"color: #4b5563; line-height: 1.7; font-size: 15px; margin: 0;\">Das XC3S200-4FT256C wurde in ausgereiften Systemarchitekturen eingesetzt, die in industriellen und eingebetteten Umgebungen weiterhin aktiv sind. Angesichts seiner Lebenszyklusphase wird dieses FPGA heute am h\u00e4ufigsten zur Unterst\u00fctzung langfristiger Wartungsprogramme, zur Auff\u00fcllung von Ersatzbest\u00e4nden und zum kontrollierten Austausch von im Feld eingesetzten Einheiten beschafft.\r\n\r\nBeschaffungsentscheidungen f\u00fcr dieses Ger\u00e4t priorisieren typischerweise Kontinuit\u00e4t, R\u00fcckverfolgbarkeit und Los\u00fcberpr\u00fcfung, um die Konsistenz mit bestehenden Hardware-Baselines sicherzustellen.<\/p><\/div><\/section>\r\n <section style=\"margin-bottom: 32px;\"> <h2 style=\"color: #1f2937; font-size: 20px; margin-bottom: 16px; border-bottom: 2px solid #e5e7eb; padding-bottom: 8px;\">Technische Spezifikationen<\/h2> <div style=\"border: 1px solid #e5e7eb; border-radius: 8px; overflow: hidden;\"> <table style=\"width: 100%; border-collapse: collapse; font-size: 14px;\"><tbody> <tr style=\"border-bottom: 1px solid #f3f4f6;\"> <th style=\"padding: 12px 16px; text-align: left; width: 40%; color: #6b7280; font-weight: 500; background: #f9fafb; font-size: 14px;\">Hersteller<\/th> <td style=\"padding: 12px 16px; color: #1f2937; font-weight: 500; font-size: 14px;\">AMD<\/td> <\/tr> <tr style=\"border-bottom: 1px solid #f3f4f6;\"> <th style=\"padding: 12px 16px; text-align: left; width: 40%; color: #6b7280; font-weight: 500; background: #f9fafb; font-size: 14px;\">Teilenummer<\/th> <td style=\"padding: 12px 16px; color: #1f2937; font-weight: 500; font-size: 14px;\">XC3S200-4FT256C<\/td> <\/tr> <tr style=\"border-bottom: 1px solid #f3f4f6;\"> <th style=\"padding: 12px 16px; text-align: left; width: 40%; color: #6b7280; font-weight: 500; background: #f9fafb; font-size: 14px;\">Serie<\/th> <td style=\"padding: 12px 16px; color: #1f2937; font-weight: 500; font-size: 14px;\">Spartan\u00ae-3<\/td> <\/tr> <tr style=\"border-bottom: 1px solid #f3f4f6;\"> <th style=\"padding: 12px 16px; text-align: left; width: 40%; color: #6b7280; font-weight: 500; background: #f9fafb; font-size: 14px;\">Angegebener Status<\/th> <td style=\"padding: 12px 16px; color: #1f2937; font-weight: 500; font-size: 14px;\">Reif\/Legacy (Verifizierung erforderlich)<\/td> <\/tr> <tr style=\"border-bottom: 1px solid #f3f4f6;\"> <th style=\"padding: 12px 16px; text-align: left; width: 40%; color: #6b7280; font-weight: 500; background: #f9fafb; font-size: 14px;\">Geh\u00e4use \/ H\u00fclle<\/th> <td style=\"padding: 12px 16px; color: #1f2937; font-weight: 500; font-size: 14px;\">256-LBGA<\/td> <\/tr> <tr style=\"border-bottom: 1px solid #f3f4f6;\"> <th style=\"padding: 12px 16px; text-align: left; width: 40%; color: #6b7280; font-weight: 500; background: #f9fafb; font-size: 14px;\">Temperaturbereich<\/th> <td style=\"padding: 12px 16px; color: #1f2937; font-weight: 500; font-size: 14px;\">0\u00b0C ~ 85\u00b0C (TJ)<\/td> <\/tr> <tr style=\"border-bottom: 1px solid #f3f4f6;\"> <th style=\"padding: 12px 16px; text-align: left; width: 40%; color: #6b7280; font-weight: 500; background: #f9fafb; font-size: 14px;\">Logik-Elemente<\/th> <td style=\"padding: 12px 16px; color: #1f2937; font-weight: 500; font-size: 14px;\">4320<\/td> <\/tr> <tr style=\"border-bottom: 1px solid #f3f4f6;\"> <th style=\"padding: 12px 16px; text-align: left; width: 40%; color: #6b7280; font-weight: 500; background: #f9fafb; font-size: 14px;\">LABs \/ CLBs<\/th> <td style=\"padding: 12px 16px; color: #1f2937; font-weight: 500; font-size: 14px;\">480<\/td> <\/tr> <tr style=\"border-bottom: 1px solid #f3f4f6;\"> <th style=\"padding: 12px 16px; text-align: left; width: 40%; color: #6b7280; font-weight: 500; background: #f9fafb; font-size: 14px;\">Gesamter RAM-Bits<\/th> <td style=\"padding: 12px 16px; color: #1f2937; font-weight: 500; font-size: 14px;\">221184<\/td> <\/tr> <tr style=\"border-bottom: 1px solid #f3f4f6;\"> <th style=\"padding: 12px 16px; text-align: left; width: 40%; color: #6b7280; font-weight: 500; background: #f9fafb; font-size: 14px;\">Anzahl der I\/O<\/th> <td style=\"padding: 12px 16px; color: #1f2937; font-weight: 500; font-size: 14px;\">173<\/td> <\/tr> <tr style=\"border-bottom: 1px solid #f3f4f6;\"> <th style=\"padding: 12px 16px; text-align: left; width: 40%; color: #6b7280; font-weight: 500; background: #f9fafb; font-size: 14px;\">Anzahl der Gatter<\/th> <td style=\"padding: 12px 16px; color: #1f2937; font-weight: 500; font-size: 14px;\">200000<\/td> <\/tr> <tr style=\"border-bottom: 1px solid #f3f4f6;\"> <th style=\"padding: 12px 16px; text-align: left; width: 40%; color: #6b7280; font-weight: 500; background: #f9fafb; font-size: 14px;\">Versorgungsspannung<\/th> <td style=\"padding: 12px 16px; color: #1f2937; font-weight: 500; font-size: 14px;\">1.14V ~ 1.26V<\/td> <\/tr><\/tbody><\/table> <\/div> <\/section>\r\n <section style=\"margin-bottom: 32px;\"> <div style=\"background: #f8fafc; border: 1px solid #e2e8f0; border-radius: 8px; padding: 20px;\"> <h3 style=\"margin-top: 0; color: #1e293b; font-size: 16px; display: flex; align-items: center;\"><span style=\"background: #3b82f6; color: white; padding: 4px 8px; border-radius: 4px; margin-right: 10px; font-size: 12px;\">RFQ<\/span>Schnellanfrage-Leitfaden<\/h3> <p style=\"margin: 0 0 12px 0; color: #475569; font-size: 14px; line-height: 1.6;\">Um ein Angebot f\u00fcr <strong>XC3S200-4FT256C<\/strong>, einfach bereitstellen:<\/p> <ul style=\"margin: 0 0 12px 0; padding-left: 20px; color: #475569; font-size: 14px; line-height: 1.8;\"> <li><strong>Ben\u00f6tigte Menge<\/strong> (jede Menge akzeptiert)<\/li> <li><strong>Ziel-Lieferzeitplan<\/strong> (flexible Zeitrahmen willkommen)<\/li> <\/ul> <p style=\"margin:0; font-size:13px; color:#334155;\">Wir werden Verf\u00fcgbarkeit, Preise, CoC und Authentizit\u00e4tsdokumentation bereitstellen.<\/p> <\/div> <\/section>\r\n <section style=\"margin-bottom: 32px;\"> <h2 style=\"color: #1f2937; font-size: 20px; margin-bottom: 16px; border-bottom: 2px solid #e5e7eb; padding-bottom: 8px;\">Einhaltung &amp; Qualit\u00e4t<\/h2> <div style=\"display: grid; grid-template-columns: 1fr 1fr; gap: 16px; font-size: 13px; color: #4b5563;\"> <div style=\"padding: 16px; background: #f9fafb; border-radius: 6px; border: 1px solid #e5e7eb;\"> <strong style=\"color: #1f2937; display: block; margin-bottom: 6px; font-size: 14px;\">Grundlegende Dokumentation<\/strong>Konformit\u00e4tszertifikat und R\u00fcckverfolgbarkeitsunterlagen bereitgestellt. <\/div> <div style=\"padding: 16px; background: #f9fafb; border-radius: 6px; border: 1px solid #e5e7eb;\"> <strong style=\"color: #1f2937; display: block; margin-bottom: 6px; font-size: 14px;\">Anti-F\u00e4lschung<\/strong>SAE AS6081-Testprotokolle angewendet. Visuelle und R\u00f6ntgeninspektion verf\u00fcgbar. <\/div> <div style=\"padding: 16px; background: #f9fafb; border-radius: 6px; border: 1px solid #e5e7eb;\"> <strong style=\"color: #1f2937; display: block; margin-bottom: 6px; font-size: 14px;\">Umwelt<\/strong>RoHS\/REACH-Compliance-Informationen auf Anfrage verf\u00fcgbar. <\/div> <div style=\"padding: 16px; background: #f9fafb; border-radius: 6px; border: 1px solid #e5e7eb;\"> <strong style=\"color: #1f2937; display: block; margin-bottom: 6px; font-size: 14px;\">Zus\u00e4tzliche Anforderungen<\/strong>Spezielle Tests oder Dokumentationen w\u00e4hrend der Anfrage besprochen. <\/div> <\/div> <\/section>\r\n <section style=\"margin-bottom: 32px;\"> <h2 style=\"color: #1f2937; font-size: 20px; margin-bottom: 16px; border-bottom: 2px solid #e5e7eb; padding-bottom: 8px;\">Risikobewertung der Lieferkette<\/h2> <div style=\"overflow-x: auto; border: 1px solid #e5e7eb; border-radius: 8px; margin-bottom: 16px;\"> <table style=\"width: 100%; border-collapse: collapse; font-size: 14px;\"> <thead style=\"background: #f9fafb;\"><tr><th style=\"padding: 12px; text-align: left;\">Kategorie<\/th><th style=\"padding: 12px; text-align: left;\">Level<\/th><th style=\"padding: 12px; text-align: left;\">Risikofaktor<\/th><th style=\"padding: 12px; text-align: left;\">Minderung<\/th><\/tr><\/thead> <tbody> <tr style=\"border-bottom: 1px solid #e5e7eb;\"> <td style=\"padding: 12px; font-weight: 500; font-size: 14px;\">Lieferkontinuit\u00e4t<\/td> <td style=\"padding: 12px;\"><span style=\"display: inline-block; padding: 2px 8px; border-radius: 12px; font-size: 11px; font-weight: 600; background: #fee2e2; color: #991b1b;\">Zu bewerten<\/span><\/td> <td style=\"padding: 12px; color: #4b5563; font-size: 13px;\">Lebenszyklusstatus erfordert Verifizierung<\/td> <td style=\"padding: 12px; color: #4b5563; font-size: 13px;\">LTB-Bewertung, falls zutreffend<\/td> <\/tr> <tr style=\"border-bottom: 1px solid #e5e7eb;\"> <td style=\"padding: 12px; font-weight: 500; font-size: 14px;\">Montage\u00fcberpr\u00fcfung<\/td> <td style=\"padding: 12px;\"><span style=\"display: inline-block; padding: 2px 8px; border-radius: 12px; font-size: 11px; font-weight: 600; background: #dbeafe; color: #1e40af;\">Mittel<\/span><\/td> <td style=\"padding: 12px; color: #4b5563; font-size: 13px;\">BGA-Paket k\u00f6nnte eine R\u00f6ntgeninspektion erfordern<\/td> <td style=\"padding: 12px; color: #4b5563; font-size: 13px;\">Eingangsinspektionsprotokoll<\/td> <\/tr><\/tbody> <\/table> <\/div> <\/section>\r\n<section style=\"margin-bottom: 32px;\"><h2 style=\"color: #1f2937; font-size: 20px; margin-bottom: 16px; border-bottom: 2px solid #e5e7eb; padding-bottom: 8px;\">Einkaufs-FAQs<\/h2><div>\r\n<div style=\"margin-bottom: 16px; border: 1px solid #e5e7eb; border-radius: 8px; overflow: hidden;\">\r\n<h3 style=\"margin: 0; padding: 16px; background: #f9fafb; font-size: 15px; color: #1f2937; font-weight: 600;\">Was ist das aktuelle Beschaffungsprotokoll zur \u00dcberpr\u00fcfung der Verf\u00fcgbarkeit des XC3S200-4FT256C angesichts seines reifen Status?<\/h3>\r\n<div style=\"padding: 16px; background: white;\"><div style=\"color: #4b5563; font-size: 14px; line-height: 1.6;\">Aufgrund des 'Reifen\/Alten' Status des XC3S200-4FT256C werden die Best\u00e4nde in Echtzeit nicht \u00fcberwacht. Die Beschaffung erfordert eine Best\u00e4tigung der aktuellen Fabriklieferzeiten oder bestehenden Pufferbest\u00e4nde durch eine formelle Anfrage f\u00fcr ein Angebot (RFQ), da die Verf\u00fcgbarkeit einer \u00dcberpr\u00fcfung gegen den verbleibenden globalen Bestand unterliegt.<\/div><\/div>\r\n<\/div>\r\n<div style=\"margin-bottom: 16px; border: 1px solid #e5e7eb; border-radius: 8px; overflow: hidden;\">\r\n<h3 style=\"margin: 0; padding: 16px; background: #f9fafb; font-size: 15px; color: #1f2937; font-weight: 600;\">Gibt es empfohlene Klartextalternativen oder Querverweise f\u00fcr das 256-LBGA-Paket, wenn das Hauptteil nicht verf\u00fcgbar ist?<\/h3>\r\n<div style=\"padding: 16px; background: white;\"><div style=\"color: #4b5563; font-size: 14px; line-height: 1.6;\">W\u00e4hrend potenzielle Querverweise innerhalb der Spartan-3-Familie oder neueren Spartan-6\/7-Serie existieren k\u00f6nnen, erfordert jede funktionale Alternative eine Best\u00e4tigung durch die Technik, um die elektrische und Pin-Kompatibilit\u00e4t mit der 256-LBGA-Fl\u00e4che sicherzustellen. Alle vorgeschlagenen Ersatzteile unterliegen der \u00dcberpr\u00fcfung der zeitlichen Spezifikationen und Spannungsanforderungen.<\/div><\/div>\r\n<\/div>\r\n<div style=\"margin-bottom: 16px; border: 1px solid #e5e7eb; border-radius: 8px; overflow: hidden;\">\r\n<h3 style=\"margin: 0; padding: 16px; background: #f9fafb; font-size: 15px; color: #1f2937; font-weight: 600;\">Was ist der Prozess zur Erlangung eines Konformit\u00e4tszertifikats (CoC) f\u00fcr alte FPGA-Module?<\/h3>\r\n<div style=\"padding: 16px; background: white;\"><div style=\"color: #4b5563; font-size: 14px; line-height: 1.6;\">Die Bereitstellung eines Konformit\u00e4tszertifikats (CoC) f\u00fcr das XC3S200-4FT256C unterliegt der \u00dcberpr\u00fcfung des spezifischen Produktionscodes und der R\u00fcckverfolgbarkeitsdokumentation des Lieferanten. Die Best\u00e4tigung der Verf\u00fcgbarkeit des CoC muss zum Zeitpunkt der Anfrage angefordert werden, um sicherzustellen, dass das Bauteil den Standards des urspr\u00fcnglichen Herstellers f\u00fcr alte Hardware entspricht.<\/div><\/div>\r\n<\/div><\/div><\/section>\r\n        <section style=\"margin-bottom: 24px; padding: 16px; background: #f0fdf4; border-radius: 8px; border-left: 4px solid #16a34a;\">\r\n            <h3 style=\"margin-top: 0; color: #166534; font-size: 17px;\">Gleiche Architekturvarianten<\/h3>\r\n            <p>Identische Logikressourcen mit Unterschieden in Geschwindigkeitsgrad, Verpackung oder I\/O-Anzahl:<\/p>\r\n            <p><a href=\"https:\/\/fpgasourcing.com\/de\/part\/xc3s200-4ft256i\/\">XC3S200-4FT256I<\/a> | <a href=\"https:\/\/fpgasourcing.com\/de\/part\/xc3s200-4ftg256c\/\">XC3S200-4FTG256C<\/a><\/p>\r\n            <p><em>Die Pin-zu-Pin-Kompatibilit\u00e4t muss pro Datenblatt \u00fcberpr\u00fcft werden.<\/em><\/p>\r\n        <\/section>\r\n        \r\n\r\n        <section style=\"margin-bottom: 24px; padding: 16px; background: #fffbeb; border-radius: 8px; border-left: 4px solid #ca8a04;\">\r\n            <h3 style=\"margin-top: 0; color: #92400e; font-size: 17px;\">\u00dcberlegungen zur Designskalierung<\/h3>\r\n            <p>F\u00fcr Projekte, die zus\u00e4tzliche Logikressourcen innerhalb derselben Spartan-3-Familie erfordern:<\/p>\r\n            <p><a href=\"https:\/\/fpgasourcing.com\/de\/part\/xc3s400-5ftg256c\/\">XC3S400-5FTG256C<\/a><\/p>\r\n            <p><em>Bewertung des Ressourcenpuffers wird vor der architektonischen Migration empfohlen.<\/em><\/p>\r\n        <\/section>\r\n        <\/main><div style=\"background: #1e3a8a; color: white; padding: 32px; border-radius: 8px; text-align: center; margin: 32px 0;\"><h2 style=\"margin:0 0 8px 0; font-size: 22px;\">Holen Sie sich Ihre risikoorientierten Beschaffungsoptionen<\/h2><p style=\"opacity: 0.9; margin-bottom: 20px; font-size: 15px;\">Fordern Sie ein Angebot f\u00fcr XC3S200-4FT256C mit Machbarkeitsbewertung an.<\/p><div style=\"margin-bottom: 16px;\"><a href=\"https:\/\/fpgasourcing.com\/de\/request-a-quote\/\" style=\"display: inline-block; background: #f59e0b; color: #1f2937; padding: 14px 32px; text-decoration: none; border-radius: 6px; font-weight: 600; margin-right: 12px;\">Angebot anfordern<\/a><a href=\"https:\/\/fpgasourcing.com\/de\/contact\/\" style=\"display: inline-block; color: white; padding: 14px 32px; text-decoration: none; border-radius: 6px; border: 1px solid rgba(255,255,255,0.3);\">Frage stellen<\/a><\/div><\/div><\/div>\t\t\t\t<\/div>\n\t\t\t\t\t<\/div>\n\t\t\t\t<\/div>\n\t\t\t\t<\/div>","protected":false},"excerpt":{"rendered":"<p>XC3S200-4FT256C Procurement &#038; Sourcing | AMD | B2B AMD Spartan\u00ae-3 Procurement Reference XC3S200-4FT256C Global B2B Component Sourcing &#038; Supply Chain Documentation Sourcing Verified Quality Assured Compliance Tracked Verification Note:Indicated status: Mature\/Legacy (verification required). RFQ submission required for real-time verification. View Datasheet (PDF) Technical documentation for XC3S200-4FT256C Application ContextThe XC3S200-4FT256C has been deployed across mature system [&hellip;]<\/p>\n","protected":false},"author":1,"featured_media":0,"parent":13,"menu_order":0,"comment_status":"closed","ping_status":"closed","template":"","meta":{"rank_math_title":"XC3S200-4FT256C AMD FPGA | B2B Sourcing &amp; RFQ","rank_math_description":"Source XC3S200-4FT256C 256-LBGA FPGAs for industrial maintenance. Traceable units for legacy system support and spare inventory. Request a B2B quote today.","footnotes":""},"class_list":["post-462","page","type-page","status-publish","hentry"],"_links":{"self":[{"href":"https:\/\/fpgasourcing.com\/de\/wp-json\/wp\/v2\/pages\/462","targetHints":{"allow":["GET"]}}],"collection":[{"href":"https:\/\/fpgasourcing.com\/de\/wp-json\/wp\/v2\/pages"}],"about":[{"href":"https:\/\/fpgasourcing.com\/de\/wp-json\/wp\/v2\/types\/page"}],"author":[{"embeddable":true,"href":"https:\/\/fpgasourcing.com\/de\/wp-json\/wp\/v2\/users\/1"}],"replies":[{"embeddable":true,"href":"https:\/\/fpgasourcing.com\/de\/wp-json\/wp\/v2\/comments?post=462"}],"version-history":[{"count":4,"href":"https:\/\/fpgasourcing.com\/de\/wp-json\/wp\/v2\/pages\/462\/revisions"}],"predecessor-version":[{"id":466,"href":"https:\/\/fpgasourcing.com\/de\/wp-json\/wp\/v2\/pages\/462\/revisions\/466"}],"up":[{"embeddable":true,"href":"https:\/\/fpgasourcing.com\/de\/wp-json\/wp\/v2\/pages\/13"}],"wp:attachment":[{"href":"https:\/\/fpgasourcing.com\/de\/wp-json\/wp\/v2\/media?parent=462"}],"curies":[{"name":"wp","href":"https:\/\/api.w.org\/{rel}","templated":true}]}}