{"id":122,"date":"2026-01-31T16:00:21","date_gmt":"2026-01-31T16:00:21","guid":{"rendered":"https:\/\/fpgasourcing.com\/?page_id=122"},"modified":"2026-02-01T17:08:10","modified_gmt":"2026-02-01T17:08:10","slug":"request-a-quote","status":"publish","type":"page","link":"https:\/\/fpgasourcing.com\/de\/request-a-quote\/","title":{"rendered":"Angebot anfordern"},"content":{"rendered":"<div data-elementor-type=\"wp-page\" data-elementor-id=\"122\" class=\"elementor elementor-122\" data-elementor-post-type=\"page\">\n\t\t\t\t<div class=\"elementor-element elementor-element-79fcfda e-flex e-con-boxed e-con e-parent\" data-id=\"79fcfda\" data-element_type=\"container\" data-e-type=\"container\">\n\t\t\t\t\t<div class=\"e-con-inner\">\n\t\t\t\t<div class=\"elementor-element elementor-element-ed9da7e elementor-widget elementor-widget-html\" data-id=\"ed9da7e\" data-element_type=\"widget\" data-e-type=\"widget\" data-widget_type=\"html.default\">\n\t\t\t\t\t<section class=\"bom-review-module\" data-role=\"bom-feasibility-review\">\r\n\r\n  <div class=\"bom-lead\">\r\n    <p>\r\n      Bevor Preise angefragt oder mit der Produktion begonnen wird, m\u00fcssen viele OEMs verstehen, ob ihre St\u00fcckliste (BOM) beschafft werden kann <strong>sicher, realistisch und \u00fcber den erforderlichen Lebenszyklus<\/strong>. Dies ist besonders kritisch, wenn FPGA-Ger\u00e4te beteiligt sind.\r\n    <\/p>\r\n    <p class=\"bom-note\">\r\n      Beschr\u00e4nkungen bei der Zuteilung, EOL-Benachrichtigungen und nicht mehr produzierte Komponenten machen die Beschaffung auf BOM-Ebene oft komplexer als die \u00dcberpr\u00fcfung der Verf\u00fcgbarkeit einzelner Teile.\r\n    <\/p>\r\n    \r\n    <p>\r\n        Haben Sie andere Komponenten in Ihrer St\u00fcckliste (Speicher, Stromversorgung, Stecker)? <a href=\"https:\/\/fpgasourcing.com\/de\/non-fpga-components-support\/\" style=\"color:blue\">Siehe erweiterte BOM-Unterst\u00fctzung<\/a>.\r\n    <\/p>\r\n  <\/div>\r\n    \r\n  <div class=\"bom-section\">\r\n    <h2 class=\"bom-heading\">Warum die Durchf\u00fchrbarkeit auf BOM-Ebene wichtig ist<\/h2>\r\n\r\n    <div class=\"bom-grid\">\r\n      <div class=\"bom-card\">\r\n        <h3>Verf\u00fcgbarkeitsrisiko<\/h3>\r\n        <ul>\r\n          <li>FPGA-Ger\u00e4te, die sich dem EOL n\u00e4hern oder bereits eingestellt sind<\/li>\r\n          <li>Autorisierte Distribution bietet keine stabile Versorgung mehr<\/li>\r\n          <li>Abh\u00e4ngigkeit von unabh\u00e4ngiger Beschaffung f\u00fcr kritische Teile<\/li>\r\n        <\/ul>\r\n      <\/div>\r\n\r\n      <div class=\"bom-card soft\">\r\n        <h3>Lebenszyklusimplikationen<\/h3>\r\n        <ul>\r\n          <li>Bedarf an Last Time Buy (LTB) Planung<\/li>\r\n          <li>Langfristige Unterst\u00fctzungsverpflichtungen f\u00fcr im Feld befindliche Systeme<\/li>\r\n          <li>Risiko einer erzwungenen Neugestaltung w\u00e4hrend der Produktlebensdauer<\/li>\r\n        <\/ul>\r\n      <\/div>\r\n    <\/div>\r\n  <\/div>\r\n\r\n  <div class=\"bom-section\">\r\n    <h2 class=\"bom-heading\">Was \u00fcberpr\u00fcft wird<\/h2>\r\n\r\n    <div class=\"bom-grid\">\r\n      <div class=\"bom-card\">\r\n        <h3>Beschaffungsbeschr\u00e4nkungen<\/h3>\r\n        <ul>\r\n          <li>Realistische Verf\u00fcgbarkeit der Kan\u00e4le und R\u00fcckverfolgbarkeit von Chargen<\/li>\r\n          <li>MOQ, Verpackungs- und chargenabh\u00e4ngige Einschr\u00e4nkungen<\/li>\r\n          <li>Regionale Compliance-Anforderungen (EU-fokussiert)<\/li>\r\n        <\/ul>\r\n      <\/div>\r\n\r\n      <div class=\"bom-card\">\r\n        <h3>Ausf\u00fchrungsrisiko<\/h3>\r\n        <ul>\r\n          <li>Unsicherheit in der Vorlaufzeit und Volatilit\u00e4t der Lieferung<\/li>\r\n          <li>Qualit\u00e4ts- und Authentizit\u00e4tsrisiko in der sp\u00e4ten Lebenszyklusversorgung<\/li>\r\n          <li>Auswirkungen von Lieferunterbrechungen auf Produktionspl\u00e4ne<\/li>\r\n        <\/ul>\r\n      <\/div>\r\n    <\/div>\r\n  <\/div>\r\n\r\n  <div class=\"bom-warning\">\r\n    <strong>Wichtig:<\/strong> Das ist kein Angebot. Verf\u00fcgbarkeit, Preise und Lieferzeiten sind nicht garantiert. Der Zweck dieser \u00dcberpr\u00fcfung ist es, die Beschaffungsdurchf\u00fchrbarkeit vor einer weiteren Verpflichtung zu bewerten.\r\n  <\/div>\r\n\r\n  <div class=\"bom-process\">\r\n    <h2 class=\"bom-heading\">Wie die \u00dcberpr\u00fcfung funktioniert<\/h2>\r\n\r\n    <ol class=\"bom-steps\">\r\n      <li><strong>BOM hochladen<\/strong> \u2014 Stellen Sie Ihre St\u00fcckliste zur \u00dcberpr\u00fcfung der Durchf\u00fchrbarkeit bereit.<\/li>\r\n      <li><strong>Bewertung<\/strong> \u2014 Verf\u00fcgbarkeit, Beschaffungsbeschr\u00e4nkungen und Lebenszyklusbelastung werden \u00fcberpr\u00fcft.<\/li>\r\n      <li><strong>Feedback<\/strong> \u2014 Risiken und \u00dcberlegungen zum n\u00e4chsten Schritt werden geteilt.<\/li>\r\n      <li><strong>Nachverfolgung<\/strong> \u2014 Diskussion per E-Mail oder Telefon, falls erforderlich.<\/li>\r\n    <\/ol>\r\n  <\/div>\r\n\r\n  <div class=\"bom-audience\">\r\n    <h2 class=\"bom-heading\">Zielgruppe<\/h2>\r\n    <p>\r\n      Diese \u00dcberpr\u00fcfung richtet sich an Fachteams f\u00fcr Beschaffung und Engineering, die lebenszyklussensible Systeme in Industrie-, Medizin-, Telekommunikations- und FPGA-basierten Plattformen verwalten.\r\n    <\/p>\r\n    <p class=\"bom-note\">\r\n      Dieser Service ist nicht f\u00fcr Kleinmengen-Hobbyprojekte oder pers\u00f6nliche Eink\u00e4ufe gedacht.\r\n    <\/p>\r\n  <\/div>\r\n\r\n  <div class=\"bom-cta\">\r\n    <a href=\"\/de\/contact\/\" class=\"bom-btn\">BOM hochladen<\/a>\r\n  <\/div>\r\n\r\n<\/section>\r\n\t\t\t\t<\/div>\n\t\t\t\t\t<\/div>\n\t\t\t\t<\/div>\n\t\t\t\t<\/div>","protected":false},"excerpt":{"rendered":"<p>Before requesting pricing or committing to production, many OEMs need to understand whether their BOM can be sourced safely, realistically, and over the required lifecycle. This is especially critical when FPGA devices are involved. Allocation constraints, EOL notices, and discontinued components often make BOM-level sourcing more complex than checking individual part availability. Have other components [&hellip;]<\/p>\n","protected":false},"author":1,"featured_media":0,"parent":0,"menu_order":0,"comment_status":"closed","ping_status":"closed","template":"","meta":{"rank_math_title":"","rank_math_description":"","footnotes":""},"class_list":["post-122","page","type-page","status-publish","hentry"],"_links":{"self":[{"href":"https:\/\/fpgasourcing.com\/de\/wp-json\/wp\/v2\/pages\/122","targetHints":{"allow":["GET"]}}],"collection":[{"href":"https:\/\/fpgasourcing.com\/de\/wp-json\/wp\/v2\/pages"}],"about":[{"href":"https:\/\/fpgasourcing.com\/de\/wp-json\/wp\/v2\/types\/page"}],"author":[{"embeddable":true,"href":"https:\/\/fpgasourcing.com\/de\/wp-json\/wp\/v2\/users\/1"}],"replies":[{"embeddable":true,"href":"https:\/\/fpgasourcing.com\/de\/wp-json\/wp\/v2\/comments?post=122"}],"version-history":[{"count":5,"href":"https:\/\/fpgasourcing.com\/de\/wp-json\/wp\/v2\/pages\/122\/revisions"}],"predecessor-version":[{"id":253,"href":"https:\/\/fpgasourcing.com\/de\/wp-json\/wp\/v2\/pages\/122\/revisions\/253"}],"wp:attachment":[{"href":"https:\/\/fpgasourcing.com\/de\/wp-json\/wp\/v2\/media?parent=122"}],"curies":[{"name":"wp","href":"https:\/\/api.w.org\/{rel}","templated":true}]}}