{"id":119,"date":"2026-01-31T14:39:02","date_gmt":"2026-01-31T14:39:02","guid":{"rendered":"https:\/\/fpgasourcing.com\/?page_id=119"},"modified":"2026-01-31T16:25:03","modified_gmt":"2026-01-31T16:25:03","slug":"independent-sourcing-support-for-legacy-obsolete-fpga-components","status":"publish","type":"page","link":"https:\/\/fpgasourcing.com\/de\/independent-sourcing-support-for-legacy-obsolete-fpga-components\/","title":{"rendered":"Unabh\u00e4ngige Beschaffungsunterst\u00fctzung f\u00fcr \u00e4ltere und veraltete FPGA-Komponenten"},"content":{"rendered":"<div data-elementor-type=\"wp-page\" data-elementor-id=\"119\" class=\"elementor elementor-119\" data-elementor-post-type=\"page\">\n\t\t\t\t<div class=\"elementor-element elementor-element-978f72c e-flex e-con-boxed e-con e-parent\" data-id=\"978f72c\" data-element_type=\"container\" data-e-type=\"container\">\n\t\t\t\t\t<div class=\"e-con-inner\">\n\t\t\t\t<div class=\"elementor-element elementor-element-f25f8a4 elementor-widget elementor-widget-html\" data-id=\"f25f8a4\" data-element_type=\"widget\" data-e-type=\"widget\" data-widget_type=\"html.default\">\n\t\t\t\t\t<div style=\"margin:0 auto;font-family:Arial,Helvetica,sans-serif;line-height:1.7;color:#444;font-size:16px;\">\r\n\r\n  <h1 style=\"font-size:34px;line-height:1.25;color:#2c3e50;border-left:5px solid #d93025;padding-left:14px;margin:32px 0 18px;\">\r\n    Unabh\u00e4ngige Beschaffungsunterst\u00fctzung f\u00fcr \u00e4ltere und veraltete FPGA-Komponenten\r\n  <\/h1>\r\n\r\n  <p style=\"margin:0 0 14px;\">\r\n    Wenn FPGA-Ger\u00e4te das Lebensende (EOL) erreichen oder in Phasen eingeschr\u00e4nkter Zuteilung eintreten, bieten traditionelle autorisierte Vertriebskan\u00e4le m\u00f6glicherweise nicht mehr eine konsistente oder vorhersehbare Verf\u00fcgbarkeit. In solchen F\u00e4llen ben\u00f6tigen Beschaffungsteams oft unabh\u00e4ngige Beschaffungsunterst\u00fctzung, um die Produktionskontinuit\u00e4t, Serviceverpflichtungen und die Stabilit\u00e4t langfristiger Programme aufrechtzuerhalten.\r\n  <\/p>\r\n\r\n  <p style=\"margin:0 0 18px;\">\r\n    Unabh\u00e4ngige Beschaffung konzentriert sich nicht auf transaktionale Eink\u00e4ufe. Stattdessen betont sie die Validierung der Verf\u00fcgbarkeit, die Risikobewertung der Anbieter und die Anpassung an den Lebenszyklus \u2013 insbesondere f\u00fcr \u00e4ltere und eingestellte FPGA-Komponenten, bei denen die Lieferbedingungen fragmentiert und Ver\u00e4nderungen unterworfen sind.\r\n  <\/p>\r\n\r\n  <h2 style=\"font-size:22px;line-height:1.3;color:#2c3e50;border-left:5px solid #d93025;padding-left:12px;margin:26px 0 12px;\">\r\n    Qualit\u00e4tssicherung und Bek\u00e4mpfung von F\u00e4lschungen\r\n  <\/h2>\r\n\r\n  <p style=\"margin:0 0 14px;\">\r\n    Unabh\u00e4ngige Beschaffung bringt zus\u00e4tzliche Qualit\u00e4ts- und Authentifizierungsrisiken mit sich, insbesondere f\u00fcr wertvolle oder veraltete FPGA-Ger\u00e4te. Um diese Risiken zu mindern, werden Beschaffungsaktivit\u00e4ten um risikobasierte \u00dcberpr\u00fcfungen strukturiert und nicht um pauschale Zusicherungen.\r\n  <\/p>\r\n\r\n  <p style=\"margin:0 0 14px;\">\r\n    Die Standard\u00fcberpr\u00fcfung umfasst in der Regel eine externe visuelle Inspektion, eine \u00dcberpr\u00fcfung der Verpackung und eine Bewertung der verf\u00fcgbaren Dokumentation. Die Anbieterbewertung basiert auf der Transaktionshistorie, der Vertrautheit mit dem Anbieter und der Vollst\u00e4ndigkeit der Dokumentation, wobei besonderes Augenmerk auf die Identifizierung von Hinweisen auf \u00dcberholung oder Falschangaben gelegt wird.\r\n  <\/p>\r\n\r\n  <p style=\"margin:0 0 18px;\">\r\n    F\u00fcr Anwendungen mit h\u00f6herem Risiko oder auf Kundenanfrage k\u00f6nnen zus\u00e4tzliche Analysen wie R\u00f6ntgeninspektionen, elektrische oder funktionale Tests und der Umgang mit feuchtigkeitsempfindlichen Ger\u00e4ten durchgef\u00fchrt werden. Diese Aktivit\u00e4ten werden nicht standardm\u00e4\u00dfig angewendet und werden in Abstimmung mit qualifizierten Drittlabors basierend auf Anwendungsanforderungen und Risikoprofil koordiniert.\r\n  <\/p>\r\n\r\n  <h2 style=\"font-size:22px;line-height:1.3;color:#2c3e50;border-left:5px solid #d93025;padding-left:12px;margin:26px 0 12px;\">\r\n    Erfahrung \u00fcber \u00e4ltere FPGA-Familien\r\n  <\/h2>\r\n\r\n  <p style=\"margin:0 0 14px;\">\r\n    Die Unterst\u00fctzung durch unabh\u00e4ngige Beschaffung gilt h\u00e4ufig f\u00fcr \u00e4ltere und NRND FPGA-Familien, die in Langzeit-Lebenszyklus-Systemen eingesetzt werden. Diese Ger\u00e4te werden h\u00e4ufig in der industriellen Steuerung, Kommunikationsinfrastruktur, Medizintechnik und angrenzenden Anwendungen in der Luft- und Raumfahrt gefunden, wo die Neukonstruktionszyklen verl\u00e4ngert sind.\r\n  <\/p>\r\n\r\n  <p style=\"margin:0 0 18px;\">\r\n    H\u00e4ufig anzutreffende Familien sind \u00e4ltere Spartan- und Virtex-Serien, fr\u00fche Cyclone-Plattformen sowie Antifuse- oder flashbasierte Architekturen, die in Langzeitdesigns verwendet werden. Die Beschaffungs\u00fcberlegungen variieren erheblich je nach Ger\u00e4tefamilie, Verpackungstyp und historischen Lagerbedingungen und m\u00fcssen von Fall zu Fall bewertet werden.\r\n  <\/p>\r\n\r\n  <h2 style=\"font-size:22px;line-height:1.3;color:#2c3e50;border-left:5px solid #d93025;padding-left:12px;margin:26px 0 12px;\">\r\n    Wertsch\u00f6pfende Handhabung und technische \u00dcberlegungen\r\n  <\/h2>\r\n\r\n  <p style=\"margin:0 0 14px;\">\r\n    Neben der Best\u00e4tigung der Verf\u00fcgbarkeit kann unabh\u00e4ngige Beschaffung zus\u00e4tzliche Handhabung erfordern, um die Herstellbarkeit und den Produktionsstart zu unterst\u00fctzen. F\u00fcr lang gelagerte feuchtigkeitsempfindliche Ger\u00e4te k\u00f6nnen Backen und Vakuumverpackung angewendet werden, um das Montage-Risiko zu reduzieren. Eine \u00dcberpr\u00fcfung der L\u00f6tf\u00e4higkeit kann auch f\u00fcr gealterte Komponenten in Betracht gezogen werden, bei denen der Zustand der Pins besorgniserregend ist.\r\n  <\/p>\r\n\r\n  <p style=\"margin:0 0 18px;\">\r\n    Solche Ma\u00dfnahmen werden normalerweise in Abstimmung mit den Produktions- und Qualit\u00e4tsteams des Kunden bewertet und selektiv angewendet, anstatt als Standardpraxis.\r\n  <\/p>\r\n\r\n  <h2 style=\"font-size:22px;line-height:1.3;color:#2c3e50;border-left:5px solid #d93025;padding-left:12px;margin:26px 0 12px;\">\r\n    Marktintelligenz und Anbieter-Netzwerk\r\n  <\/h2>\r\n\r\n  <p style=\"margin:0 0 14px;\">\r\n    Die Verf\u00fcgbarkeit von veralteten FPGA-Komponenten ist selten durch \u00f6ffentliche Bestandslisten sichtbar. Die unabh\u00e4ngige Beschaffung st\u00fctzt sich stattdessen auf Marktintelligenz und gepr\u00fcfte Anbieter-Netzwerke, einschlie\u00dflich der Bewertung von \u00fcbersch\u00fcssigem Inventar aus OEM- und EMS-Kan\u00e4len, wenn dies sinnvoll ist.\r\n  <\/p>\r\n\r\n  <p style=\"margin:0 0 18px;\">\r\n    Der Zugriff auf Anbieter wird von internen Screening-Kriterien und nicht durch die Aggregation des offenen Marktes gesteuert, wobei die Beschaffungsentscheidungen durch Machbarkeit, Verf\u00fcgbarkeit von Dokumentationen und Risikopassung und nicht nur durch kurzfristige Verf\u00fcgbarkeit geleitet werden.\r\n  <\/p>\r\n\r\n  <h2 style=\"font-size:22px;line-height:1.3;color:#2c3e50;border-left:5px solid #d93025;padding-left:12px;margin:26px 0 12px;\">\r\n    Lebenszyklus- und Risikomanagement-Perspektive\r\n  <\/h2>\r\n\r\n  <p style=\"margin:0 0 14px;\">\r\n    Unabh\u00e4ngige Beschaffung sollte als ein Element innerhalb einer umfassenderen Strategie f\u00fcr Lebenszyklus- und Veraltung-Management betrachtet werden. W\u00e4hrend sie die kurzfristige bis mittelfristige Kontinuit\u00e4t unterst\u00fctzen kann, kann die langfristige Planung die Bewertung von Last-Time-Buy-Szenarien, Alternativen in Form, Passform und Funktion oder Umgestaltungswegen erfordern.\r\n  <\/p>\r\n\r\n  <p style=\"margin:0 0 18px;\">\r\n    F\u00fcr strukturierte Ans\u00e4tze zur langfristigen Verf\u00fcgbarkeit und Risikominderung verweisen Sie bitte auf unsere\r\n    <a href=\"https:\/\/fpgasourcing.com\/de\/fpga-lifecycle-management\/\" style=\"color:#1a73e8;text-decoration:underline;\">\r\n      FPGA-Lebenszyklusmanagement\r\n    <\/a>\r\n    Ressourcen.\r\n  <\/p>\r\n\r\n  <h2 style=\"font-size:22px;line-height:1.3;color:#2c3e50;border-left:5px solid #d93025;padding-left:12px;margin:26px 0 12px;\">\r\n    Compliance-\u00dcberlegungen\r\n  <\/h2>\r\n\r\n  <p style=\"margin:0 0 18px;\">\r\n    F\u00fcr regulierte Branchen ist die \u00dcberpr\u00fcfung der Compliance Teil der Beschaffungsbewertung, wo dies anwendbar ist. Der RoHS- und REACH-Status kann \u00fcberpr\u00fcft werden, wenn unterst\u00fctzende Dokumentationen verf\u00fcgbar sind, insbesondere f\u00fcr industrielle Anwendungen und Infrastruktur. Das Bewusstsein f\u00fcr Konfliktmineralien und die Sorgfaltspflicht der Anbieter werden ebenfalls als Teil des gesamten Risikobewertungsprozesses ber\u00fccksichtigt.\r\n  <\/p>\r\n\r\n  <h2 style=\"font-size:22px;line-height:1.3;color:#2c3e50;border-left:5px solid #d93025;padding-left:12px;margin:26px 0 12px;\">\r\n    N\u00e4chste Schritte\r\n  <\/h2>\r\n\r\n  <p style=\"margin:0 0 14px;\">\r\n    Wenn Sie Herausforderungen bei der Verf\u00fcgbarkeit \u00e4lterer FPGA-Ger\u00e4te verwalten, kann die Machbarkeit der unabh\u00e4ngigen Beschaffung basierend auf Ihrer spezifischen Ger\u00e4te-Liste und Anwendungsbeschr\u00e4nkungen bewertet werden.\r\n  <\/p>\r\n\r\n  <p style=\"margin:0 0 0;\">\r\n    <a href=\"https:\/\/fpgasourcing.com\/de\/request-a-quote\/\" style=\"color:#1a73e8;text-decoration:underline;font-weight:600;\">\r\n      Reichen Sie eine St\u00fcckliste zur \u00dcberpr\u00fcfung der Beschaffungsfeasibilit\u00e4t ein\r\n    <\/a>\r\n    <span style=\"display:block;margin-top:8px;color:#666;font-size:14px;line-height:1.6;\">\r\n      Diese \u00dcberpr\u00fcfung konzentriert sich auf Verf\u00fcgbarkeitsrisiken, Beschaffungsbeschr\u00e4nkungen und Auswirkungen auf den Lebenszyklus und nicht auf transaktionale Preise.\r\n    <\/span>\r\n  <\/p>\r\n\r\n<\/div>\r\n\t\t\t\t<\/div>\n\t\t\t\t\t<\/div>\n\t\t\t\t<\/div>\n\t\t\t\t<\/div>","protected":false},"excerpt":{"rendered":"<p>Independent Sourcing Support for Legacy &amp; Obsolete FPGA Components As FPGA devices reach end-of-life (EOL) or enter restricted allocation phases, traditional authorized distribution channels may no longer provide consistent or predictable availability. In such cases, procurement teams often require independent sourcing support to maintain production continuity, service obligations, and long-term program stability. Independent sourcing is [&hellip;]<\/p>\n","protected":false},"author":1,"featured_media":0,"parent":0,"menu_order":0,"comment_status":"closed","ping_status":"closed","template":"","meta":{"rank_math_title":"","rank_math_description":"","footnotes":""},"class_list":["post-119","page","type-page","status-publish","hentry"],"_links":{"self":[{"href":"https:\/\/fpgasourcing.com\/de\/wp-json\/wp\/v2\/pages\/119","targetHints":{"allow":["GET"]}}],"collection":[{"href":"https:\/\/fpgasourcing.com\/de\/wp-json\/wp\/v2\/pages"}],"about":[{"href":"https:\/\/fpgasourcing.com\/de\/wp-json\/wp\/v2\/types\/page"}],"author":[{"embeddable":true,"href":"https:\/\/fpgasourcing.com\/de\/wp-json\/wp\/v2\/users\/1"}],"replies":[{"embeddable":true,"href":"https:\/\/fpgasourcing.com\/de\/wp-json\/wp\/v2\/comments?post=119"}],"version-history":[{"count":4,"href":"https:\/\/fpgasourcing.com\/de\/wp-json\/wp\/v2\/pages\/119\/revisions"}],"predecessor-version":[{"id":128,"href":"https:\/\/fpgasourcing.com\/de\/wp-json\/wp\/v2\/pages\/119\/revisions\/128"}],"wp:attachment":[{"href":"https:\/\/fpgasourcing.com\/de\/wp-json\/wp\/v2\/media?parent=119"}],"curies":[{"name":"wp","href":"https:\/\/api.w.org\/{rel}","templated":true}]}}