{"id":99,"date":"2026-01-31T13:40:52","date_gmt":"2026-01-31T13:40:52","guid":{"rendered":"https:\/\/fpgasourcing.com\/?page_id=99"},"modified":"2026-01-31T14:30:51","modified_gmt":"2026-01-31T14:30:51","slug":"fpga-lifecycle-management","status":"publish","type":"page","link":"https:\/\/fpgasourcing.com\/cs\/fpga-lifecycle-management\/","title":{"rendered":"FPGA Lifecycle Management: EOL Planning, Risk Mitigation &amp; Long-Term Supply"},"content":{"rendered":"<div data-elementor-type=\"wp-page\" data-elementor-id=\"99\" class=\"elementor elementor-99\" data-elementor-post-type=\"page\">\n\t\t\t\t<div class=\"elementor-element elementor-element-3765592 e-flex e-con-boxed e-con e-parent\" data-id=\"3765592\" data-element_type=\"container\" data-e-type=\"container\">\n\t\t\t\t\t<div class=\"e-con-inner\">\n\t\t\t\t<div class=\"elementor-element elementor-element-3c12484 elementor-widget elementor-widget-html\" data-id=\"3c12484\" data-element_type=\"widget\" data-e-type=\"widget\" data-widget_type=\"html.default\">\n\t\t\t\t\t<main class=\"fpga-lifecycle-page\">\r\n\r\n<style>\r\n  :root{\r\n    --ink:#0a2540;\r\n    --blue:#0061ff;\r\n    --text:#425466;\r\n    --muted:#6b7c93;\r\n    --bg:#ffffff;\r\n    --soft:#f6f9fc;\r\n    --soft2:#f0f7ff;\r\n    --border:#e6ebf1;\r\n    --warn:#b45309;\r\n    --bad:#b91c1c;\r\n    --shadow:0 10px 28px rgba(10,37,64,.08);\r\n  }\r\n\r\n  .fpga-lifecycle-page{\r\n    font-family: \"Segoe UI\", Roboto, Helvetica, Arial, sans-serif;\r\n    line-height:1.7;\r\n    color:var(--text);\r\n    background:var(--bg);\r\n    width: 100%;\r\n    margin:0 auto;\r\n    padding:40px 20px 80px;\r\n  }\r\n\r\n  h1{\r\n    font-size:2.5rem;\r\n    color:var(--ink);\r\n    letter-spacing:-0.02em;\r\n    margin-bottom:14px;\r\n  }\r\n\r\n  h2{\r\n    margin-top:56px;\r\n    margin-bottom:18px;\r\n    font-size:1.9rem;\r\n    color:var(--ink);\r\n    border-left:4px solid var(--blue);\r\n    padding-left:14px;\r\n  }\r\n\r\n  h3{\r\n    margin-top:28px;\r\n    font-size:1.25rem;\r\n    color:var(--ink);\r\n  }\r\n\r\n  p{\r\n    font-size:1.08rem;\r\n    margin-bottom:16px;\r\n  }\r\n\r\n  .lead{\r\n    background:var(--soft);\r\n    border:1px solid var(--border);\r\n    border-radius:16px;\r\n    padding:22px;\r\n    box-shadow:var(--shadow);\r\n  }\r\n\r\n  .lead strong{color:var(--ink)}\r\n\r\n  .two-col{\r\n    display:grid;\r\n    grid-template-columns:1fr 1fr;\r\n    gap:18px;\r\n  }\r\n\r\n  .card{\r\n    border:1px solid var(--border);\r\n    border-radius:14px;\r\n    padding:18px;\r\n    background:#fff;\r\n    box-shadow:0 8px 24px rgba(10,37,64,.06);\r\n  }\r\n\r\n  .card.soft{\r\n    background:var(--soft2);\r\n    border-color:#cce3ff;\r\n  }\r\n\r\n  .mini{\r\n    color:var(--muted);\r\n    font-size:.98rem;\r\n  }\r\n\r\n  .table-wrap{\r\n    margin-top:20px;\r\n    border:1px solid var(--border);\r\n    border-radius:14px;\r\n    overflow:hidden;\r\n  }\r\n\r\n  table{\r\n    width:100%;\r\n    border-collapse:collapse;\r\n  }\r\n\r\n  th{\r\n    background:var(--ink);\r\n    color:#fff;\r\n    text-align:left;\r\n    padding:14px;\r\n    font-size:1rem;\r\n  }\r\n\r\n  td{\r\n    padding:14px;\r\n    border-bottom:1px solid var(--border);\r\n    vertical-align:top;\r\n    background:#fff;\r\n  }\r\n\r\n  tr:nth-child(even) td{\r\n    background:#f9fbff;\r\n  }\r\n\r\n  .risk-high{color:var(--bad); font-weight:700;}\r\n  .risk-mid{color:var(--warn); font-weight:700;}\r\n\r\n  .steps{\r\n    display:grid;\r\n    grid-template-columns:repeat(auto-fit,minmax(240px,1fr));\r\n    gap:16px;\r\n  }\r\n\r\n  .step{\r\n    border:1px solid var(--border);\r\n    border-radius:14px;\r\n    padding:18px;\r\n    background:#fff;\r\n  }\r\n\r\n  .step-num{\r\n    width:36px;\r\n    height:36px;\r\n    border-radius:10px;\r\n    background:rgba(0,97,255,.12);\r\n    color:var(--blue);\r\n    font-weight:800;\r\n    display:flex;\r\n    align-items:center;\r\n    justify-content:center;\r\n    margin-bottom:10px;\r\n  }\r\n\r\n  .tags{\r\n    display:flex;\r\n    flex-wrap:wrap;\r\n    gap:10px;\r\n    margin-top:14px;\r\n  }\r\n\r\n  .tag{\r\n    background:#e9eef6;\r\n    border:1px solid var(--border);\r\n    padding:6px 12px;\r\n    border-radius:8px;\r\n    font-size:.95rem;\r\n    font-weight:700;\r\n    color:var(--ink);\r\n  }\r\n\r\n  .cta{\r\n    margin-top:64px;\r\n    padding:28px;\r\n    background:linear-gradient(180deg,#f6f9fc,#ffffff);\r\n    border:1px solid var(--border);\r\n    border-radius:18px;\r\n    text-align:center;\r\n    box-shadow:var(--shadow);\r\n  }\r\n\r\n  .cta h2{\r\n    border:none;\r\n    padding:0;\r\n    margin-top:0;\r\n    font-size:1.8rem;\r\n  }\r\n\r\n  .cta p{\r\n    max-width:900px;\r\n    margin:0 auto 18px;\r\n    color:var(--muted);\r\n  }\r\n\r\n  .btn{\r\n    display:inline-block;\r\n    padding:14px 26px;\r\n    background:var(--blue);\r\n    color:#fff;\r\n    border-radius:10px;\r\n    font-weight:800;\r\n    text-decoration:none;\r\n  }\r\n\r\n  .btn:hover{\r\n    background:#004ecc;\r\n  }\r\n\r\n  @media(max-width:900px){\r\n    .two-col{grid-template-columns:1fr}\r\n    h1{font-size:2.1rem}\r\n  }\r\n<\/style>\r\n\r\n<h1>Spr\u00e1va \u017eivotn\u00edho cyklu FPGA: Pl\u00e1nov\u00e1n\u00ed EOL, zm\u00edrn\u011bn\u00ed rizik a dlouhodob\u00e9 dod\u00e1vky<\/h1>\r\n\r\n<div class=\"lead\">\r\n  <p>\r\n    V odv\u011btv\u00edch s dlouh\u00fdmi cykly, jako je pr\u016fmyslov\u00e1 automatizace, l\u00e9ka\u0159sk\u00e1 elektronika a infrastruktura dopravy, dostupnost FPGA z\u0159\u00eddka odpov\u00edd\u00e1 \u017eivotnosti syst\u00e9mu. Zat\u00edmco nasazen\u00e9 platformy mohou vy\u017eadovat podporu pro\r\n    <strong>10\u201320 let nebo d\u00e9le<\/strong>, rodiny FPGA mohou dos\u00e1hnout <strong>konce \u017eivotnosti (EOL)<\/strong> nebo se st\u00e1t\r\n    <strong>zastaral\u00fdmi<\/strong> podstatn\u011b d\u0159\u00edve.\r\n  <\/p>\r\n  <p class=\"mini\">\r\n    Bez proaktivn\u00edho pl\u00e1nov\u00e1n\u00ed se dod\u00e1vky zastaral\u00fdch FPGA st\u00e1vaj\u00ed reaktivn\u00edm probl\u00e9mem p\u0159i zaji\u0161\u0165ov\u00e1n\u00ed \u2014 \u010dasto nut\u00ed OEM k nepl\u00e1novan\u00fdm redesign\u016fm, p\u0159epracov\u00e1n\u00ed validace nebo vystaven\u00ed vysokorizikov\u00fdm sekund\u00e1rn\u00edm trh\u016fm.\r\n  <\/p>\r\n<\/div>\r\n\r\n<h2>Pl\u00e1nov\u00e1n\u00ed EOL pro zastaral\u00e1 a zru\u0161en\u00e1 za\u0159\u00edzen\u00ed FPGA<\/h2>\r\n\r\n<p>\r\n  Efektivn\u00ed spr\u00e1va \u017eivotn\u00edho cyklu FPGA za\u010d\u00edn\u00e1 podstatn\u011b d\u0159\u00edve ne\u017e form\u00e1ln\u00ed ozn\u00e1men\u00ed o zru\u0161en\u00ed produktu (PDN). V praxi, <strong>zdroje zastaral\u00fdch FPGA<\/strong> se probl\u00e9my \u010dasto objevuj\u00ed postupn\u011b v d\u016fsledku tlak\u016f na alokaci, volatility dodac\u00edch lh\u016ft a zmen\u0161uj\u00edc\u00ed se dostupnosti kan\u00e1lu.\r\n<\/p>\r\n\r\n<div class=\"two-col\">\r\n  <div class=\"card\">\r\n    <h3>Ran\u00e9 sign\u00e1ly rizik<\/h3>\r\n    <ul>\r\n      <li>Zv\u00fd\u0161en\u00e1 frekvence ozn\u00e1men\u00ed PCN<\/li>\r\n      <li>Del\u0161\u00ed nebo nestabiln\u00ed dodac\u00ed lh\u016fty z autorizovan\u00fdch kan\u00e1l\u016f<\/li>\r\n      <li>Posuny v pl\u00e1nu v\u00fdrobce od rodiny za\u0159\u00edzen\u00ed<\/li>\r\n      <li>Rostouc\u00ed cenov\u00e9 rozd\u00edly na nez\u00e1visl\u00e9m trhu<\/li>\r\n    <\/ul>\r\n  <\/div>\r\n\r\n  <div class=\"card soft\">\r\n    <h3>Pro\u010d OEMy zpo\u017e\u010fuj\u00ed \u2014 a n\u00e1klady<\/h3>\r\n    <ul>\r\n      <li>N\u00e1klady na redesign NRE \u010dasto p\u0159evy\u0161uj\u00ed po\u010d\u00e1te\u010dn\u00ed \u00faspory na komponentech<\/li>\r\n      <li>Firmware a validaci syst\u00e9mu je t\u0159eba opakovat<\/li>\r\n      <li>Regula\u010dn\u00ed dokumentace m\u016f\u017ee vy\u017eadovat aktualizace nebo p\u0159ehodnocen\u00ed<\/li>\r\n      <li>Kontinuita v\u00fdroby se st\u00e1v\u00e1 nejistou<\/li>\r\n    <\/ul>\r\n  <\/div>\r\n<\/div>\r\n\r\n<h2>F\u00e1ze \u017eivotn\u00edho cyklu a strategie n\u00e1kupu<\/h2>\r\n\r\n<p>\r\n  Priority n\u00e1kupu by se m\u011bly rozv\u00edjet s f\u00e1z\u00ed \u017eivotn\u00edho cyklu. Tabulka n\u00ed\u017ee uv\u00e1d\u00ed doporu\u010den\u00e9 akce, se zvl\u00e1\u0161tn\u00edm d\u016frazem na za\u0159\u00edzen\u00ed FPGA na konci \u017eivotnosti a zru\u0161en\u00e1 za\u0159\u00edzen\u00ed.\r\n<\/p>\r\n\r\n<div class=\"table-wrap\">\r\n  <table>\r\n    <thead>\r\n      <tr>\r\n        <th>F\u00e1ze<\/th>\r\n        <th>Charakteristiky trhu<\/th>\r\n        <th>Zam\u011b\u0159en\u00ed na n\u00e1kup<\/th>\r\n      <\/tr>\r\n    <\/thead>\r\n    <tbody>\r\n      <tr>\r\n        <td><strong>Aktivn\u00ed<\/strong><\/td>\r\n        <td>Stabiln\u00ed v\u00fdroba, norm\u00e1ln\u00ed dodac\u00ed lh\u016fty, pln\u00e1 podpora v\u00fdrobny<\/td>\r\n        <td>Souhlas s p\u0159edpov\u011bd\u00ed, pl\u00e1nov\u00e1n\u00ed rezerv, v\u010dasn\u00e9 hodnocen\u00ed alternativ<\/td>\r\n      <\/tr>\r\n      <tr>\r\n        <td><strong>Zral\u00e1<\/strong><\/td>\r\n        <td>Nov\u00e9 n\u00e1vrhy jsou odrazov\u00e1ny, ran\u00e1 aktivita PCN<\/td>\r\n        <td>Hodnocen\u00ed rizik, sledov\u00e1n\u00ed pl\u00e1nu, p\u0159\u00edprava sc\u00e9n\u00e1\u0159\u016f EOL<\/td>\r\n      <\/tr>\r\n      <tr>\r\n        <td><strong>Klesaj\u00edc\u00ed<\/strong><\/td>\r\n        <td>PDN vyd\u00e1no, uta\u017een\u00ed alokace<\/td>\r\n        <td class=\"risk-mid\">Pl\u00e1nov\u00e1n\u00ed a prov\u00e1d\u011bn\u00ed Last Time Buy (LTB)<\/td>\r\n      <\/tr>\r\n      <tr>\r\n        <td><strong>EOL \/ Zastaral\u00e9<\/strong><\/td>\r\n        <td>\u017d\u00e1dn\u00e1 v\u00fdroba ve fabrice, vy\u010derp\u00e1n\u00ed kan\u00e1lu<\/td>\r\n        <td class=\"risk-high\">Zdroje zastaral\u00fdch FPGA prost\u0159ednictv\u00edm sledovan\u00e9ho nez\u00e1visl\u00e9ho z\u00e1sobov\u00e1n\u00ed<\/td>\r\n      <\/tr>\r\n    <\/tbody>\r\n  <\/table>\r\n<\/div>\r\n\r\n<h2>Prov\u00e1d\u011bn\u00ed n\u00e1kupu pro zdroje zastaral\u00fdch FPGA<\/h2>\r\n\r\n<p>\r\n  Kdy\u017e za\u0159\u00edzen\u00ed dos\u00e1hnou EOL, \u00fasp\u011bch ur\u010duje prov\u00e1d\u011bn\u00ed zaji\u0161t\u011bn\u00ed \u2014 nikoli teorie designu. V t\u00e9to f\u00e1zi maj\u00ed d\u016fle\u017eit\u011bj\u0161\u00ed hodnotu dostupnost, autenticita a discipl\u00edna dod\u00e1vky ne\u017e nomin\u00e1ln\u00ed ceny.\r\n<\/p>\r\n\r\n<div class=\"steps\">\r\n  <div class=\"step\">\r\n    <div class=\"step-num\">1<\/div>\r\n    <strong>Manu\u00e1ln\u00ed sledov\u00e1n\u00ed PCN \/ PDN<\/strong>\r\n    <p class=\"mini\">\r\n      Sledov\u00e1n\u00ed ozn\u00e1men\u00ed v\u00fdrobc\u016f, ve\u0159ejn\u00fdch ozn\u00e1men\u00ed a p\u0159\u00edm\u00e9 komunikace pro v\u010dasn\u00e9 zji\u0161t\u011bn\u00ed rizika zru\u0161en\u00ed.\r\n    <\/p>\r\n  <\/div>\r\n\r\n  <div class=\"step\">\r\n    <div class=\"step-num\">2<\/div>\r\n    <strong>Pl\u00e1nov\u00e1n\u00ed a koordinace LTB<\/strong>\r\n    <p class=\"mini\">\r\n      Podpora odhadov\u00e1n\u00ed popt\u00e1vky po celou dobu \u017eivotnosti a koordinace na\u010dasov\u00e1n\u00ed n\u00e1kupu p\u0159ed uzav\u0159en\u00edm posledn\u00edch objednac\u00edch oken.\r\n    <\/p>\r\n  <\/div>\r\n\r\n  <div class=\"step\">\r\n    <div class=\"step-num\">3<\/div>\r\n    <strong>Zdroje zastaral\u00fdch FPGA<\/strong>\r\n    <p class=\"mini\">\r\n      Identifikace zb\u00fdvaj\u00edc\u00ed glob\u00e1ln\u00ed invent\u00e1\u0159e prost\u0159ednictv\u00edm ov\u011b\u0159en\u00fdch nez\u00e1visl\u00fdch kan\u00e1l\u016f, kdy\u017e ji\u017e nen\u00ed dostupn\u00e1 autorizovan\u00e1 dod\u00e1vka.\r\n    <\/p>\r\n  <\/div>\r\n\r\n  <div class=\"step\">\r\n    <div class=\"step-num\">4<\/div>\r\n    <strong>Testov\u00e1n\u00ed proti pad\u011bl\u00e1n\u00ed t\u0159et\u00edmi stranami<\/strong>\r\n    <p class=\"mini\">\r\n      Spolupr\u00e1ce s kvalifikovan\u00fdmi extern\u00edmi laborato\u0159emi na prov\u00e1d\u011bn\u00ed inspekc\u00ed, elektrick\u00fdch test\u016f a ov\u011b\u0159ov\u00e1n\u00ed podle pot\u0159eby.\r\n    <\/p>\r\n  <\/div>\r\n\r\n  <div class=\"step\">\r\n    <div class=\"step-num\">5<\/div>\r\n    <strong>Podpora kr\u00e1tkodob\u00e9ho skladov\u00e1n\u00ed a dod\u00e1n\u00ed<\/strong>\r\n    <p class=\"mini\">\r\n      Koordinace postupn\u00e9ho dod\u00e1n\u00ed a kr\u00e1tkodob\u00e9ho skladov\u00e1n\u00ed, aby byla dod\u00e1vka slad\u011bna s v\u00fdrobn\u00edmi pl\u00e1ny.\r\n    <\/p>\r\n  <\/div>\r\n<\/div>\r\n\r\n<h2>Dodatky zam\u011b\u0159en\u00e9 na EU pro odv\u011btv\u00ed s dlouhou \u017eivotnost\u00ed<\/h2>\r\n\r\n<p>\r\n  Tyto v\u00fdzvy jsou nejv\u011bt\u0161\u00ed v pr\u016fmyslech s p\u0159\u00edsn\u00fdmi po\u017eadavky na kontinuitu a dlouh\u00fdmi povinnostmi v oblasti podpory.\r\n  Na\u0161e slu\u017eby jsou p\u0159ev\u00e1\u017en\u011b zam\u011b\u0159eny na evropsk\u00e9 OEM, s \u0161ir\u0161\u00ed podporou n\u00e1kupu podle firemn\u00ed politiky.\r\n<\/p>\r\n\r\n<div class=\"tags\">\r\n  <span class=\"tag\">Pr\u016fmyslov\u00e1 automatizace<\/span>\r\n  <span class=\"tag\">L\u00e9ka\u0159sk\u00e1 elektronika<\/span>\r\n  <span class=\"tag\">Dopravn\u00ed syst\u00e9my<\/span>\r\n  <span class=\"tag\">Energie a infrastruktura<\/span>\r\n<\/div>\r\n\r\n<p class=\"mini\">\r\n  V <strong>HK EQGOO LIMITED<\/strong>, na\u0161\u00edm \u00fakolem nen\u00ed nahrazovat in\u017een\u00fdrsk\u00e1 rozhodnut\u00ed, ale vykon\u00e1vat disciplinovan\u00e9 n\u00e1kupn\u00ed\r\n  strategie, kter\u00e9 sni\u017euj\u00ed riziko, kdy\u017e se za\u0159\u00edzen\u00ed FPGA stanou zastaral\u00fdmi nebo jsou ukon\u010dena.\r\n<\/p>\r\n\r\n<div class=\"cta\">\r\n  <h2>Pl\u00e1nujte dod\u00e1vku zastaral\u00fdch FPGA d\u0159\u00edve, ne\u017e v\u00e1s trh donut\u00ed jednat<\/h2>\r\n  <p>\r\n    Pokud \u010del\u00edte ozn\u00e1men\u00edm o ukon\u010den\u00ed \u017eivotnosti, tlak\u016fm na alokaci nebo v\u00fdzv\u00e1m s ukon\u010den\u00fdmi FPGA,\r\n    m\u016f\u017eeme v\u00e1m pomoci posoudit riziko a koordinovat spolehliv\u00fd n\u00e1kup v souladu s va\u0161\u00edm v\u00fdrobn\u00edm pl\u00e1nem.\r\n  <\/p>\r\n  <a class=\"btn\" href=\"https:\/\/fpgasourcing.com\/cs\/contact\/\">Kontaktujte n\u00e1\u0161 t\u00fdm<\/a>\r\n  <p class=\"mini\" style=\"margin-top:12px;\">\r\n    Preferujete e-mail? <a href=\"mailto:support@fpgasourcing.com\">support@fpgasourcing.com<\/a>\r\n  <\/p>\r\n<\/div>\r\n\r\n<\/main>\r\n\t\t\t\t<\/div>\n\t\t\t\t\t<\/div>\n\t\t\t\t<\/div>\n\t\t\t\t<\/div>","protected":false},"excerpt":{"rendered":"<p>FPGA Lifecycle Management: EOL Planning, Risk Mitigation &#038; Long-Term Supply In long-lifecycle industries such as industrial automation, medical electronics, and transportation infrastructure, FPGA availability rarely aligns with system service life. While deployed platforms may require support for 10\u201320 years or more, FPGA families can reach End-of-Life (EOL) or become obsolete much earlier. Without proactive planning, [&hellip;]<\/p>\n","protected":false},"author":1,"featured_media":0,"parent":0,"menu_order":0,"comment_status":"closed","ping_status":"closed","template":"","meta":{"rank_math_title":"FPGA Lifecycle Management: EOL Planning &amp; Obsolete FPGA Sourcing","rank_math_description":"Manage FPGA EOL risk and obsolete FPGA sourcing with disciplined procurement execution. We support European OEMs with EOL planning, discontinued FPGA supply and risk mitigation.\n","footnotes":""},"class_list":["post-99","page","type-page","status-publish","hentry"],"_links":{"self":[{"href":"https:\/\/fpgasourcing.com\/cs\/wp-json\/wp\/v2\/pages\/99","targetHints":{"allow":["GET"]}}],"collection":[{"href":"https:\/\/fpgasourcing.com\/cs\/wp-json\/wp\/v2\/pages"}],"about":[{"href":"https:\/\/fpgasourcing.com\/cs\/wp-json\/wp\/v2\/types\/page"}],"author":[{"embeddable":true,"href":"https:\/\/fpgasourcing.com\/cs\/wp-json\/wp\/v2\/users\/1"}],"replies":[{"embeddable":true,"href":"https:\/\/fpgasourcing.com\/cs\/wp-json\/wp\/v2\/comments?post=99"}],"version-history":[{"count":5,"href":"https:\/\/fpgasourcing.com\/cs\/wp-json\/wp\/v2\/pages\/99\/revisions"}],"predecessor-version":[{"id":115,"href":"https:\/\/fpgasourcing.com\/cs\/wp-json\/wp\/v2\/pages\/99\/revisions\/115"}],"wp:attachment":[{"href":"https:\/\/fpgasourcing.com\/cs\/wp-json\/wp\/v2\/media?parent=99"}],"curies":[{"name":"wp","href":"https:\/\/api.w.org\/{rel}","templated":true}]}}