{"id":78,"date":"2026-01-31T13:18:22","date_gmt":"2026-01-31T13:18:22","guid":{"rendered":"https:\/\/fpgasourcing.com\/?page_id=78"},"modified":"2026-01-31T18:35:13","modified_gmt":"2026-01-31T18:35:13","slug":"alternatives","status":"publish","type":"page","link":"https:\/\/fpgasourcing.com\/cs\/alternatives\/","title":{"rendered":"Alternativy"},"content":{"rendered":"<div data-elementor-type=\"wp-page\" data-elementor-id=\"78\" class=\"elementor elementor-78\" data-elementor-post-type=\"page\">\n\t\t\t\t<div class=\"elementor-element elementor-element-2472bf4 e-flex e-con-boxed e-con e-parent\" data-id=\"2472bf4\" data-element_type=\"container\" data-e-type=\"container\">\n\t\t\t\t\t<div class=\"e-con-inner\">\n\t\t\t\t<div class=\"elementor-element elementor-element-7e1284b elementor-widget elementor-widget-html\" data-id=\"7e1284b\" data-element_type=\"widget\" data-e-type=\"widget\" data-widget_type=\"html.default\">\n\t\t\t\t\t<section class=\"fpga-alternatives-page\">\r\n\r\n<style>\r\n:root{\r\n  --ink:#0a2540;\r\n  --blue:#0061ff;\r\n  --text:#425466;\r\n  --muted:#6b7c93;\r\n  --bg:#ffffff;\r\n  --soft:#f6f9fc;\r\n  --soft2:#f0f7ff;\r\n  --border:#e6ebf1;\r\n  --warn:#fff6ec;\r\n  --warn-border:#f3d7b6;\r\n}\r\n\r\n.fpga-alternatives-page{\r\n\r\n  margin:0 auto;\r\n  padding:48px 20px 88px;\r\n  font-family:\"Segoe UI\", Roboto, Helvetica, Arial, sans-serif;\r\n  line-height:1.7;\r\n  color:var(--text);\r\n  background:var(--bg);\r\n}\r\n\r\nh1{\r\n  font-size:2.5rem;\r\n  color:var(--ink);\r\n  letter-spacing:-0.02em;\r\n  margin-bottom:22px;\r\n}\r\n\r\nh2{\r\n  margin-top:56px;\r\n  margin-bottom:18px;\r\n  font-size:1.85rem;\r\n  color:var(--ink);\r\n  border-left:4px solid var(--blue);\r\n  padding-left:14px;\r\n}\r\n\r\nh3{\r\n  margin-top:26px;\r\n  font-size:1.25rem;\r\n  color:var(--ink);\r\n}\r\n\r\np{\r\n  font-size:1.08rem;\r\n  margin-bottom:16px;\r\n}\r\n\r\n.lead{\r\n  background:var(--soft);\r\n  border:1px solid var(--border);\r\n  border-radius:14px;\r\n  padding:24px;\r\n  margin-bottom:34px;\r\n}\r\n\r\n.grid{\r\n  display:grid;\r\n  grid-template-columns:1fr 1fr;\r\n  gap:20px;\r\n}\r\n\r\n.card{\r\n  background:#fff;\r\n  border:1px solid var(--border);\r\n  border-radius:14px;\r\n  padding:20px;\r\n}\r\n\r\n.card.soft{\r\n  background:var(--soft2);\r\n  border-color:#cce3ff;\r\n}\r\n\r\nul{\r\n  margin:12px 0 0 18px;\r\n}\r\n\r\nli{\r\n  margin-bottom:8px;\r\n}\r\n\r\ntable{\r\n  width:100%;\r\n  border-collapse:collapse;\r\n  margin-top:26px;\r\n  font-size:1rem;\r\n}\r\n\r\nth{\r\n  background:var(--ink);\r\n  color:#fff;\r\n  padding:14px;\r\n  text-align:left;\r\n}\r\n\r\ntd{\r\n  padding:14px;\r\n  border-bottom:1px solid var(--border);\r\n  vertical-align:top;\r\n}\r\n\r\ntr:nth-child(even){\r\n  background:#f9fbff;\r\n}\r\n\r\n.notice{\r\n  margin-top:34px;\r\n  background:var(--warn);\r\n  border:1px solid var(--warn-border);\r\n  border-radius:14px;\r\n  padding:18px;\r\n  color:#8a4b1c;\r\n}\r\n\r\n.cta{\r\n  margin-top:64px;\r\n  padding:34px;\r\n  background:linear-gradient(180deg,#f6f9fc,#ffffff);\r\n  border:1px solid var(--border);\r\n  border-radius:18px;\r\n  text-align:center;\r\n}\r\n\r\n.cta p{\r\n  max-width:860px;\r\n  margin:0 auto 16px;\r\n  color:var(--muted);\r\n}\r\n\r\n.cta a{\r\n  display:inline-block;\r\n  margin-top:12px;\r\n  padding:14px 30px;\r\n  background:var(--blue);\r\n  color:#fff;\r\n  text-decoration:none;\r\n  border-radius:10px;\r\n  font-weight:800;\r\n}\r\n\r\n.cta a.secondary{\r\n  background:#e9eef6;\r\n  color:var(--ink);\r\n  margin-left:10px;\r\n}\r\n\r\n.cta a.secondary:hover{\r\n  background:#dbe3ee;\r\n}\r\n\r\n@media(max-width:900px){\r\n  .grid{grid-template-columns:1fr}\r\n  h1{font-size:2.05rem}\r\n}\r\n<\/style>\r\n\r\n<h1>Pr\u016fvodce alternativn\u00edm sourcingem FPGA: Hodnocen\u00ed n\u00e1hrady a rizika kompatibility<\/h1>\r\n\r\n<div class=\"lead\">\r\n  <p>\r\n    Pokud jste sem p\u0159i\u0161li z str\u00e1nky za\u0159\u00edzen\u00ed po v\u00fdb\u011bru <strong>\u201e\u017d\u00e1dat o alternativy\u201c<\/strong>,\r\n    tento pr\u016fvodce je ur\u010den k objasn\u011bn\u00ed toho, co hodnocen\u00ed alternativ FPGA vlastn\u011b zahrnuje.\r\n  <\/p>\r\n  <p>\r\n    <strong>Hodnocen\u00ed alternativ nen\u00ed nab\u00eddka n\u00e1hrady.<\/strong>\r\n    Je to proces hodnocen\u00ed rizik, kter\u00fd ur\u010duje, zda je substituce technicky,\r\n    provozn\u011b a obchodn\u011b \u017eivotaschopn\u00e1.\r\n  <\/p>\r\n<\/div>\r\n\r\n<h2>Pro\u010d je nahrazen\u00ed FPGA \u010dasto rizikov\u011bj\u0161\u00ed, ne\u017e se o\u010dek\u00e1v\u00e1<\/h2>\r\n\r\n<p>\r\n  Na rozd\u00edl od standardn\u00edch integrovan\u00fdch obvod\u016f jsou FPGA hluboce integrov\u00e1ny do syst\u00e9mov\u00e9 architektury.\r\n  Nahrazen\u00ed FPGA m\u016f\u017ee ovlivnit \u010dasov\u00e9 chov\u00e1n\u00ed, stabilitu firmwaru,\r\n  rozsah validace a dlouhodob\u00e9 z\u00e1vazky \u00fadr\u017eby.\r\n<\/p>\r\n\r\n<p>\r\n  V mnoha pr\u016fmyslov\u00fdch a l\u00e9ka\u0159sk\u00fdch syst\u00e9mech se tyto dopady st\u00e1vaj\u00ed viditeln\u00fdmi\r\n  a\u017e b\u011bhem z\u00e1v\u011bre\u010dn\u00e9 validace nebo po nasazen\u00ed \u2014 kdy je mitigace n\u00e1kladn\u00e1.\r\n<\/p>\r\n\r\n<h2>Kdy jsou alternativy FPGA b\u011b\u017en\u011b zva\u017eov\u00e1ny<\/h2>\r\n\r\n<ul>\r\n  <li>P\u016fvodn\u00ed za\u0159\u00edzen\u00ed dos\u00e1hlo konce \u017eivotnosti (EOL) nebo je vy\u0159azeno<\/li>\r\n  <li>Autorizovan\u00e1 distribuce ji\u017e nenab\u00edz\u00ed spolehlivou alokaci<\/li>\r\n  <li>Dodac\u00ed lh\u016fty p\u0159ekra\u010duj\u00ed p\u0159ijateln\u00e1 v\u00fdrobn\u00ed nebo \u00fadr\u017ebov\u00e1 okna<\/li>\r\n  <li>Z\u00e1vazky podpory jsou del\u0161\u00ed ne\u017e \u017eivotnost p\u016fvodn\u00edho za\u0159\u00edzen\u00ed<\/li>\r\n<\/ul>\r\n\r\n<p>\r\n  Nicm\u00e9n\u011b, <strong>zva\u017eov\u00e1n\u00ed alternativy automaticky neznamen\u00e1, \u017ee n\u00e1hrada je nejbezpe\u010dn\u011bj\u0161\u00ed rozhodnut\u00ed<\/strong>.\r\n<\/p>\r\n\r\n<h2>Kl\u00ed\u010dov\u00e9 dimenze hodnocen\u00ed alternativ FPGA<\/h2>\r\n\r\n<table>\r\n  <thead>\r\n    <tr>\r\n      <th>Dimenze hodnocen\u00ed<\/th>\r\n      <th>Typick\u00e9 riziko<\/th>\r\n      <th>Dopad na n\u00e1kup<\/th>\r\n    <\/tr>\r\n  <\/thead>\r\n  <tbody>\r\n    <tr>\r\n      <td>Form\u00e1t-Perfektn\u00ed-Funkce (FFF)<\/td>\r\n      <td>Mechanick\u00e1 podobnost bez \u010dasov\u00e9 ekvivalence<\/td>\r\n      <td>Fale\u0161n\u00e9 p\u0159edpoklady kompatibility<\/td>\r\n    <\/tr>\r\n    <tr>\r\n      <td>Elektrick\u00e9 a \u010dasov\u00e1n\u00ed<\/td>\r\n      <td>Hodiny, I\/O banky a rozd\u00edly v mar\u017ei<\/td>\r\n      <td>Roz\u0161\u00ed\u0159en\u00e1 valida\u010dn\u00ed n\u00e1maha<\/td>\r\n    <\/tr>\r\n    <tr>\r\n      <td>Firmware \/ HDL<\/td>\r\n      <td>P\u0159enositelnost k\u00f3du a z\u00e1vislosti na IP<\/td>\r\n      <td>Dopad na in\u017een\u00fdrsk\u00e9 zdroje<\/td>\r\n    <\/tr>\r\n    <tr>\r\n      <td>N\u00e1strojov\u00fd \u0159et\u011bzec a IP<\/td>\r\n      <td>N\u00e1stroje a licen\u010dn\u00ed cykly specifick\u00e9 pro dodavatele<\/td>\r\n      <td>Skryt\u00e9 riziko dlouhodob\u00e9 podpory<\/td>\r\n    <\/tr>\r\n    <tr>\r\n      <td>Horizont \u017eivotn\u00edho cyklu<\/td>\r\n      <td>\u017divotn\u00ed cyklus alternativn\u00edho za\u0159\u00edzen\u00ed je krat\u0161\u00ed, ne\u017e se o\u010dek\u00e1valo<\/td>\r\n      <td>Expozice budouc\u00ed zastaralosti<\/td>\r\n    <\/tr>\r\n  <\/tbody>\r\n<\/table>\r\n\r\n<h2>Sourcing alternativ vs. pokra\u010duj\u00edc\u00ed sourcing zastaral\u00fdch FPGA<\/h2>\r\n\r\n<p>\r\n  Z pohledu \u017eivotn\u00edho cyklu nen\u00ed nahrazen\u00ed FPGA v\u017edy nejni\u017e\u0161\u00edm rizikem.\r\n  V mnoha syst\u00e9mem s dlouhou \u017eivotnost\u00ed, <strong>pokra\u010duj\u00edc\u00ed sourcing zastaral\u00fdch za\u0159\u00edzen\u00ed,\r\n  podporovan\u00fdch strukturovan\u00fdm pl\u00e1nov\u00e1n\u00edm \u017eivotn\u00edho cyklu<\/strong>, poskytuje v\u011bt\u0161\u00ed stabilitu\r\n  ne\u017e migrace platformy.\r\n<\/p>\r\n\r\n<p>\r\n  Strategie \u017eivotn\u00edho cyklu by m\u011bla b\u00fdt hodnocena p\u0159ed t\u00edm, ne\u017e se zav\u00e1\u017eete k n\u00e1hrad\u011b.\r\n  M\u016f\u017eete se o tom dozv\u011bd\u011bt v\u00edce zde:\r\n  <a href=\"https:\/\/fpgasourcing.com\/cs\/fpga-lifecycle-management\/\" target=\"_blank\">\r\n    Spr\u00e1va \u017eivotn\u00edho cyklu FPGA\r\n  <\/a>\r\n<\/p>\r\n\r\n<div class=\"notice\">\r\n  <strong>D\u016fle\u017eit\u00e9:<\/strong>\r\n  Rozhodnut\u00ed o nahrazen\u00ed FPGA by nem\u011bla b\u00fdt \u0159\u00edzena pouze dostupnost\u00ed.\r\n  N\u00e1klady na validaci, dopad certifikace a riziko dlouhodob\u00e9 podpory mus\u00ed b\u00fdt hodnoceny spole\u010dn\u011b.\r\n<\/div>\r\n\r\n<h2>Hodnotit p\u0159ed t\u00edm, ne\u017e nahrad\u00edte<\/h2>\r\n\r\n<p>\r\n  P\u0159ed zav\u00e1z\u00e1n\u00edm se k n\u00e1hrad\u011b FPGA se doporu\u010duje posoudit proveditelnost sourcingu,\r\n  expozici \u017eivotn\u00edho cyklu a riziko proveden\u00ed na \u00farovni BOM.\r\n<\/p>\r\n\r\n<div class=\"cta\">\r\n  <p>\r\n    Tento strukturovan\u00fd p\u0159\u00edstup pom\u00e1h\u00e1 ur\u010dit, zda je n\u00e1hrada,\r\n    pokra\u010duj\u00edc\u00ed sourcing nebo mitigace \u017eivotn\u00edho cyklu nejvhodn\u011bj\u0161\u00ed cestou.\r\n  <\/p>\r\n  <a href=\"https:\/\/fpgasourcing.com\/cs\/request-a-quote\/\">Kontrola proveditelnosti sourcingu BOM<\/a>\r\n  <a href=\"\/cs\/contact\/\" class=\"secondary\">Kontaktujte n\u00e1\u0161 t\u00fdm<\/a>\r\n<\/div>\r\n\r\n<\/section>\r\n\t\t\t\t<\/div>\n\t\t\t\t\t<\/div>\n\t\t\t\t<\/div>\n\t\t\t\t<\/div>","protected":false},"excerpt":{"rendered":"<p>FPGA Alternative Sourcing Guide: Replacement Evaluation &#038; Compatibility Risks If you arrived here from a device page after selecting \u201cAsk for Alternatives\u201d, this guide is intended to clarify what FPGA alternative evaluation actually involves. Alternative evaluation is not a replacement offer. It is a risk assessment process that determines whether substitution is technically, operationally, and [&hellip;]<\/p>\n","protected":false},"author":1,"featured_media":0,"parent":0,"menu_order":0,"comment_status":"closed","ping_status":"closed","template":"","meta":{"rank_math_title":"","rank_math_description":"","footnotes":""},"class_list":["post-78","page","type-page","status-publish","hentry"],"_links":{"self":[{"href":"https:\/\/fpgasourcing.com\/cs\/wp-json\/wp\/v2\/pages\/78","targetHints":{"allow":["GET"]}}],"collection":[{"href":"https:\/\/fpgasourcing.com\/cs\/wp-json\/wp\/v2\/pages"}],"about":[{"href":"https:\/\/fpgasourcing.com\/cs\/wp-json\/wp\/v2\/types\/page"}],"author":[{"embeddable":true,"href":"https:\/\/fpgasourcing.com\/cs\/wp-json\/wp\/v2\/users\/1"}],"replies":[{"embeddable":true,"href":"https:\/\/fpgasourcing.com\/cs\/wp-json\/wp\/v2\/comments?post=78"}],"version-history":[{"count":5,"href":"https:\/\/fpgasourcing.com\/cs\/wp-json\/wp\/v2\/pages\/78\/revisions"}],"predecessor-version":[{"id":158,"href":"https:\/\/fpgasourcing.com\/cs\/wp-json\/wp\/v2\/pages\/78\/revisions\/158"}],"wp:attachment":[{"href":"https:\/\/fpgasourcing.com\/cs\/wp-json\/wp\/v2\/media?parent=78"}],"curies":[{"name":"wp","href":"https:\/\/api.w.org\/{rel}","templated":true}]}}