{"id":508,"date":"2026-02-07T04:14:55","date_gmt":"2026-02-07T04:14:55","guid":{"rendered":"https:\/\/fpgasourcing.com\/?page_id=508"},"modified":"2026-02-07T04:15:10","modified_gmt":"2026-02-07T04:15:10","slug":"xc3s400-4fg320c","status":"publish","type":"page","link":"https:\/\/fpgasourcing.com\/cs\/part\/xc3s400-4fg320c\/","title":{"rendered":"AMD XC3S400-4FG320C"},"content":{"rendered":"<div data-elementor-type=\"wp-page\" data-elementor-id=\"508\" class=\"elementor elementor-508\" data-elementor-post-type=\"page\">\n\t\t\t\t<div class=\"elementor-element elementor-element-3676800 e-flex e-con-boxed e-con e-parent\" data-id=\"3676800\" data-element_type=\"container\" data-e-type=\"container\">\n\t\t\t\t\t<div class=\"e-con-inner\">\n\t\t\t\t<div class=\"elementor-element elementor-element-4bf5b69 elementor-widget elementor-widget-html\" data-id=\"4bf5b69\" data-element_type=\"widget\" data-e-type=\"widget\" data-widget_type=\"html.default\">\n\t\t\t\t\t<!-- WP Block XC3S400-4FG320C | v1.5-static-template -->\r\n<script type=\"application\/ld+json\">{\n    \"@context\": \"https:\\\/\\\/schema.org\\\/\",\n    \"@type\": \"Product\",\n    \"name\": \"XC3S400-4FG320C\",\n    \"brand\": {\n        \"@type\": \"Brand\",\n        \"name\": \"AMD\"\n    },\n    \"sku\": \"XC3S400-4FG320C\",\n    \"offers\": {\n        \"@type\": \"Offer\",\n        \"availability\": \"https:\\\/\\\/schema.org\\\/LimitedAvailability\",\n        \"url\": \"https:\\\/\\\/fpgasourcing.com\\\/request-a-quote\\\/\",\n        \"priceCurrency\": \"USD\"\n    }\n}<\/script><div style=\"font-family: -apple-system, BlinkMacSystemFont, 'Segoe UI', Roboto, sans-serif; line-height: 1.6; color: #1f2937; max-width: 900px; margin: 0 auto; padding: 20px;\"><title>XC3S400-4FG320C Procurement & Sourcing | AMD | B2B<\/title><meta name=\"description\" content=\"The XC3S400-4FG320C has been deployed across mature system architectures that remain in active service within industrial and embedded environments. Given i...\"> <header style=\"margin-bottom: 24px; border-bottom: 2px solid #e5e7eb; padding-bottom: 20px;\"> <p style=\"color: #2563eb; font-size: 12px; font-weight: 600; text-transform: uppercase; letter-spacing: 0.05em; margin-bottom: 8px;\">Referen\u010dn\u00ed dokumentace pro n\u00e1kup AMD Spartan\u00ae-3<\/p> <h1 style=\"font-size: 32px; margin: 0 0 8px 0; color: #111827;\">XC3S400-4FG320C<\/h1> <p style=\"font-size: 16px; color: #6b7280; margin: 0;\">Dokumentace pro glob\u00e1ln\u00ed B2B sourcing komponent\u016f a dodavatelsk\u00fd \u0159et\u011bzec<\/p> <\/header> <div style=\"display: flex; gap: 8px; margin-bottom: 24px; flex-wrap: wrap;\"> <span style=\"background: #f8fafc; color: #475569; padding: 4px 12px; border-radius: 4px; font-size: 11px; font-weight: 600; border: 1px solid #e2e8f0; text-transform: uppercase;\">Sourcing ov\u011b\u0159eno<\/span> <span style=\"background: #f8fafc; color: #475569; padding: 4px 12px; border-radius: 4px; font-size: 11px; font-weight: 600; border: 1px solid #e2e8f0; text-transform: uppercase;\">Kvalita zaji\u0161t\u011bna<\/span> <span style=\"background: #f8fafc; color: #475569; padding: 4px 12px; border-radius: 4px; font-size: 11px; font-weight: 600; border: 1px solid #e2e8f0; text-transform: uppercase;\">Sledov\u00e1n\u00ed shody<\/span> <\/div><div style=\"background: #fffbeb; border-left: 4px solid #f59e0b; padding: 16px; margin-bottom: 32px; border-radius: 0 8px 8px 0;\"><strong style=\"color: #92400e;\">Pozn\u00e1mka k ov\u011b\u0159en\u00ed:<\/strong><p style=\"margin: 8px 0 0 0; color: #78350f; font-size: 14px;\">Uveden\u00fd stav: <strong>Zral\u00fd \/ D\u011bdictv\u00ed (vy\u017eaduje ov\u011b\u0159en\u00ed)<\/strong>. <a href=\"https:\/\/fpgasourcing.com\/cs\/request-a-quote\/\" style=\"color: #92400e; text-decoration: underline; font-weight: 600;\">Odesl\u00e1n\u00ed RFQ<\/a> po\u017eadov\u00e1no pro ov\u011b\u0159ov\u00e1n\u00ed v re\u00e1ln\u00e9m \u010dase.<\/p><\/div> <div style=\"margin-bottom: 24px;\"> <a href=\"https:\/\/cdn.fpgasourcing.com\/PDF\/ds099.pdf\" target=\"_blank\" rel=\"noopener\" style=\"display: inline-flex; align-items: center; background: #dc2626; color: white; padding: 10px 20px; text-decoration: none; border-radius: 6px; font-weight: 600; font-size: 14px;\"> <svg style=\"width: 16px; height: 16px; margin-right: 8px; fill: currentColor;\" viewbox=\"0 0 20 20\"><path d=\"M9 2a1 1 0 000 2h2a1 1 0 100-2H9z\"\/><path fill-rule=\"evenodd\" d=\"M4 5a2 2 0 012-2 1 1 0 000 2H6a2 2 0 00-2 2v6a2 2 0 002 2h2a1 1 0 100-2H6V7h5a1 1 0 011 1v5h2V8a3 3 0 00-3-3H6z\" clip-rule=\"evenodd\"\/><\/svg> Zobrazit datasheet (PDF) <\/a> <span style=\"color: #6b7280; font-size: 13px; margin-left: 12px;\">Technick\u00e1 dokumentace pro XC3S400-4FG320C<\/span> <\/div><main><section style=\"margin-bottom: 32px;\"><h2 style=\"color: #1f2937; font-size: 20px; margin-bottom: 16px; border-bottom: 2px solid #e5e7eb; padding-bottom: 8px;\">Aplika\u010dn\u00ed kontext<\/h2><div style=\"background: #f9fafb; border-left: 4px solid #6b7280; padding: 20px; border-radius: 0 8px 8px 0;\"><p style=\"color: #4b5563; line-height: 1.7; font-size: 15px; margin: 0;\">XC3S400-4FG320C byl nasazen v zral\u00fdch syst\u00e9mov\u00fdch architektur\u00e1ch, kter\u00e9 z\u016fst\u00e1vaj\u00ed v aktivn\u00ed slu\u017eb\u011b v pr\u016fmyslov\u00fdch a vestav\u011bn\u00fdch prost\u0159ed\u00edch. Vzhledem ke sv\u00e9 \u00farovni \u017eivotn\u00edho cyklu je tento FPGA dnes nej\u010dast\u011bji zakoupen, aby podpo\u0159il dlouhodob\u00e9 \u00fadr\u017ebov\u00e9 programy, dopl\u0148ov\u00e1n\u00ed z\u00e1sob n\u00e1hradn\u00edch d\u00edl\u016f a kontrolovanou v\u00fdm\u011bnu jednotek nasazen\u00fdch v ter\u00e9nu.\r\n\r\nRozhodnut\u00ed o n\u00e1kupu tohoto za\u0159\u00edzen\u00ed obvykle up\u0159ednost\u0148uj\u00ed kontinuitu, sledovatelnost a ov\u011b\u0159ov\u00e1n\u00ed na \u00farovni \u0161ar\u017ee, aby zajistily konzistenci s existuj\u00edc\u00edmi hardwarov\u00fdmi standardy.<\/p><\/div><\/section>\r\n <section style=\"margin-bottom: 32px;\"> <h2 style=\"color: #1f2937; font-size: 20px; margin-bottom: 16px; border-bottom: 2px solid #e5e7eb; padding-bottom: 8px;\">Technick\u00e9 specifikace<\/h2> <div style=\"border: 1px solid #e5e7eb; border-radius: 8px; overflow: hidden;\"> <table style=\"width: 100%; border-collapse: collapse; font-size: 14px;\"><tbody> <tr style=\"border-bottom: 1px solid #f3f4f6;\"> <th style=\"padding: 12px 16px; text-align: left; width: 40%; color: #6b7280; font-weight: 500; background: #f9fafb; font-size: 14px;\">V\u00fdrobce<\/th> <td style=\"padding: 12px 16px; color: #1f2937; font-weight: 500; font-size: 14px;\">AMD<\/td> <\/tr> <tr style=\"border-bottom: 1px solid #f3f4f6;\"> <th style=\"padding: 12px 16px; text-align: left; width: 40%; color: #6b7280; font-weight: 500; background: #f9fafb; font-size: 14px;\">\u010c\u00edslo sou\u010d\u00e1stky<\/th> <td style=\"padding: 12px 16px; color: #1f2937; font-weight: 500; font-size: 14px;\">XC3S400-4FG320C<\/td> <\/tr> <tr style=\"border-bottom: 1px solid #f3f4f6;\"> <th style=\"padding: 12px 16px; text-align: left; width: 40%; color: #6b7280; font-weight: 500; background: #f9fafb; font-size: 14px;\">\u0158ada<\/th> <td style=\"padding: 12px 16px; color: #1f2937; font-weight: 500; font-size: 14px;\">Spartan\u00ae-3<\/td> <\/tr> <tr style=\"border-bottom: 1px solid #f3f4f6;\"> <th style=\"padding: 12px 16px; text-align: left; width: 40%; color: #6b7280; font-weight: 500; background: #f9fafb; font-size: 14px;\">Uveden\u00fd stav<\/th> <td style=\"padding: 12px 16px; color: #1f2937; font-weight: 500; font-size: 14px;\">Zral\u00fd \/ D\u011bdictv\u00ed (vy\u017eaduje ov\u011b\u0159en\u00ed)<\/td> <\/tr> <tr style=\"border-bottom: 1px solid #f3f4f6;\"> <th style=\"padding: 12px 16px; text-align: left; width: 40%; color: #6b7280; font-weight: 500; background: #f9fafb; font-size: 14px;\">Balen\u00ed \/ P\u0159\u00edpad<\/th> <td style=\"padding: 12px 16px; color: #1f2937; font-weight: 500; font-size: 14px;\">320-BGA<\/td> <\/tr> <tr style=\"border-bottom: 1px solid #f3f4f6;\"> <th style=\"padding: 12px 16px; text-align: left; width: 40%; color: #6b7280; font-weight: 500; background: #f9fafb; font-size: 14px;\">Teplotn\u00ed rozsah<\/th> <td style=\"padding: 12px 16px; color: #1f2937; font-weight: 500; font-size: 14px;\">0\u00b0C ~ 85\u00b0C (TJ)<\/td> <\/tr> <tr style=\"border-bottom: 1px solid #f3f4f6;\"> <th style=\"padding: 12px 16px; text-align: left; width: 40%; color: #6b7280; font-weight: 500; background: #f9fafb; font-size: 14px;\">Logick\u00e9 prvky<\/th> <td style=\"padding: 12px 16px; color: #1f2937; font-weight: 500; font-size: 14px;\">8064<\/td> <\/tr> <tr style=\"border-bottom: 1px solid #f3f4f6;\"> <th style=\"padding: 12px 16px; text-align: left; width: 40%; color: #6b7280; font-weight: 500; background: #f9fafb; font-size: 14px;\">LABs \/ CLBs<\/th> <td style=\"padding: 12px 16px; color: #1f2937; font-weight: 500; font-size: 14px;\">896<\/td> <\/tr> <tr style=\"border-bottom: 1px solid #f3f4f6;\"> <th style=\"padding: 12px 16px; text-align: left; width: 40%; color: #6b7280; font-weight: 500; background: #f9fafb; font-size: 14px;\">Celkov\u00e9 RAM bity<\/th> <td style=\"padding: 12px 16px; color: #1f2937; font-weight: 500; font-size: 14px;\">294912<\/td> <\/tr> <tr style=\"border-bottom: 1px solid #f3f4f6;\"> <th style=\"padding: 12px 16px; text-align: left; width: 40%; color: #6b7280; font-weight: 500; background: #f9fafb; font-size: 14px;\">Po\u010det I\/O<\/th> <td style=\"padding: 12px 16px; color: #1f2937; font-weight: 500; font-size: 14px;\">221<\/td> <\/tr> <tr style=\"border-bottom: 1px solid #f3f4f6;\"> <th style=\"padding: 12px 16px; text-align: left; width: 40%; color: #6b7280; font-weight: 500; background: #f9fafb; font-size: 14px;\">Po\u010det logick\u00fdch br\u00e1n<\/th> <td style=\"padding: 12px 16px; color: #1f2937; font-weight: 500; font-size: 14px;\">400000<\/td> <\/tr> <tr style=\"border-bottom: 1px solid #f3f4f6;\"> <th style=\"padding: 12px 16px; text-align: left; width: 40%; color: #6b7280; font-weight: 500; background: #f9fafb; font-size: 14px;\">Nap\u00e1jec\u00ed nap\u011bt\u00ed<\/th> <td style=\"padding: 12px 16px; color: #1f2937; font-weight: 500; font-size: 14px;\">1,14V ~ 1,26V<\/td> <\/tr><\/tbody><\/table> <\/div> <\/section>\r\n <section style=\"margin-bottom: 32px;\"> <h2 style=\"color: #1f2937; font-size: 20px; margin-bottom: 16px; border-bottom: 2px solid #e5e7eb; padding-bottom: 8px;\">Shoda a kvalita<\/h2> <div style=\"display: grid; grid-template-columns: 1fr 1fr; gap: 16px; font-size: 13px; color: #4b5563;\"> <div style=\"padding: 16px; background: #f9fafb; border-radius: 6px; border: 1px solid #e5e7eb;\"> <strong style=\"color: #1f2937; display: block; margin-bottom: 6px; font-size: 14px;\">Z\u00e1kladn\u00ed dokumentace<\/strong>Poskytov\u00e1ny certifik\u00e1ty shody a z\u00e1znamy o sledovatelnosti. <\/div> <div style=\"padding: 16px; background: #f9fafb; border-radius: 6px; border: 1px solid #e5e7eb;\"> <strong style=\"color: #1f2937; display: block; margin-bottom: 6px; font-size: 14px;\">Prevence pad\u011blk\u016f<\/strong>Aplikov\u00e1ny testovac\u00ed protokoly SAE AS6081. K dispozici vizu\u00e1ln\u00ed a rentgenov\u00e1 inspekce. <\/div> <div style=\"padding: 16px; background: #f9fafb; border-radius: 6px; border: 1px solid #e5e7eb;\"> <strong style=\"color: #1f2937; display: block; margin-bottom: 6px; font-size: 14px;\">\u017divotn\u00ed prost\u0159ed\u00ed<\/strong>Informace o shod\u011b RoHS\/REACH jsou k dispozici na vy\u017e\u00e1d\u00e1n\u00ed. <\/div> <div style=\"padding: 16px; background: #f9fafb; border-radius: 6px; border: 1px solid #e5e7eb;\"> <strong style=\"color: #1f2937; display: block; margin-bottom: 6px; font-size: 14px;\">Dodate\u010dn\u00e9 pot\u0159eby<\/strong>Speci\u00e1ln\u00ed testov\u00e1n\u00ed nebo dokumentace diskutovan\u00e1 p\u0159i dotazu. <\/div> <\/div> <\/section>\r\n <section style=\"margin-bottom: 32px;\"> <h2 style=\"color: #1f2937; font-size: 20px; margin-bottom: 16px; border-bottom: 2px solid #e5e7eb; padding-bottom: 8px;\">Hodnocen\u00ed rizik dodavatelsk\u00e9ho \u0159et\u011bzce<\/h2> <div style=\"overflow-x: auto; border: 1px solid #e5e7eb; border-radius: 8px; margin-bottom: 16px;\"> <table style=\"width: 100%; border-collapse: collapse; font-size: 14px;\"> <thead style=\"background: #f9fafb;\"><tr><th style=\"padding: 12px; text-align: left;\">Kategorie<\/th><th style=\"padding: 12px; text-align: left;\">\u00darove\u0148<\/th><th style=\"padding: 12px; text-align: left;\">Faktor rizika<\/th><th style=\"padding: 12px; text-align: left;\">Zm\u00edrn\u011bn\u00ed<\/th><\/tr><\/thead> <tbody> <tr style=\"border-bottom: 1px solid #e5e7eb;\"> <td style=\"padding: 12px; font-weight: 500; font-size: 14px;\">Pokra\u010dov\u00e1n\u00ed dod\u00e1vky<\/td> <td style=\"padding: 12px;\"><span style=\"display: inline-block; padding: 2px 8px; border-radius: 12px; font-size: 11px; font-weight: 600; background: #fee2e2; color: #991b1b;\">Bude posouzeno<\/span><\/td> <td style=\"padding: 12px; color: #4b5563; font-size: 13px;\">Stav \u017eivotn\u00edho cyklu vy\u017eaduje ov\u011b\u0159en\u00ed<\/td> <td style=\"padding: 12px; color: #4b5563; font-size: 13px;\">Hodnocen\u00ed LTB, pokud je to relevantn\u00ed<\/td> <\/tr> <tr style=\"border-bottom: 1px solid #e5e7eb;\"> <td style=\"padding: 12px; font-weight: 500; font-size: 14px;\">Ov\u011b\u0159en\u00ed sestaven\u00ed<\/td> <td style=\"padding: 12px;\"><span style=\"display: inline-block; padding: 2px 8px; border-radius: 12px; font-size: 11px; font-weight: 600; background: #dbeafe; color: #1e40af;\">St\u0159edn\u00ed<\/span><\/td> <td style=\"padding: 12px; color: #4b5563; font-size: 13px;\">BGA balen\u00ed m\u016f\u017ee vy\u017eadovat rentgenovou inspekci<\/td> <td style=\"padding: 12px; color: #4b5563; font-size: 13px;\">Protokol o p\u0159\u00edchodn\u00ed inspekci<\/td> <\/tr><\/tbody> <\/table> <\/div> <\/section>\r\n <section style=\"margin-bottom: 32px;\"> <div style=\"background: #f8fafc; border: 1px solid #e2e8f0; border-radius: 8px; padding: 20px;\"> <h3 style=\"margin-top: 0; color: #1e293b; font-size: 16px; display: flex; align-items: center;\"><span style=\"background: #3b82f6; color: white; padding: 4px 8px; border-radius: 4px; margin-right: 10px; font-size: 12px;\">RFQ<\/span>Rychl\u00fd pr\u016fvodce dotazem<\/h3> <p style=\"margin: 0 0 12px 0; color: #475569; font-size: 14px; line-height: 1.6;\">Pro po\u017e\u00e1d\u00e1n\u00ed o nab\u00eddku na <strong>XC3S400-4FG320C<\/strong>, jednodu\u0161e poskytn\u011bte:<\/p> <ul style=\"margin: 0 0 12px 0; padding-left: 20px; color: #475569; font-size: 14px; line-height: 1.8;\"> <li><strong>Po\u017eadovan\u00e9 mno\u017estv\u00ed<\/strong> (jak\u00e9koli mno\u017estv\u00ed akceptov\u00e1no)<\/li> <li><strong>C\u00edlov\u00fd harmonogram dod\u00e1n\u00ed<\/strong> (flexibiln\u00ed term\u00edny jsou v\u00edt\u00e1ny)<\/li> <\/ul> <p style=\"margin:0; font-size:13px; color:#334155;\">Poskytneme dostupnost, cenovou nab\u00eddku, CoC a dokumentaci o pravosti.<\/p> <\/div> <\/section>\r\n<section style=\"margin-bottom: 32px;\"><h2 style=\"color: #1f2937; font-size: 20px; margin-bottom: 16px; border-bottom: 2px solid #e5e7eb; padding-bottom: 8px;\">\u010casto kladen\u00e9 dotazy k n\u00e1kupu<\/h2><div>\r\n<div style=\"margin-bottom: 16px; border: 1px solid #e5e7eb; border-radius: 8px; overflow: hidden;\">\r\n<h3 style=\"margin: 0; padding: 16px; background: #f9fafb; font-size: 15px; color: #1f2937; font-weight: 600;\">Jak m\u016f\u017eeme ov\u011b\u0159it aktu\u00e1ln\u00ed dostupnost z\u00e1sob pro XC3S400-4FG320C vzhledem k jeho stavu zastaralosti?<\/h3>\r\n<div style=\"padding: 16px; background: white;\"><div style=\"color: #4b5563; font-size: 14px; line-height: 1.6;\">Vzhledem k \u017eivotn\u00edmu cyklu 'Zral\u00fd\/Zastaral\u00fd' XC3S400-4FG320C jsou \u00farovn\u011b z\u00e1sob a dodac\u00ed lh\u016fty podl\u00e9haj\u00edc\u00ed ov\u011b\u0159en\u00ed. N\u00e1kup vy\u017eaduje potvrzen\u00ed aktu\u00e1ln\u00edho invent\u00e1\u0159e z autorizovan\u00fdch kan\u00e1l\u016f nebo specializovan\u00fdch distributor\u016f zastaral\u00fdch d\u00edl\u016f, aby bylo zaji\u0161t\u011bno, \u017ee je balen\u00ed 320-BGA fyzicky dostupn\u00e9 pro nov\u00e9 objedn\u00e1vky.<\/div><\/div>\r\n<\/div>\r\n<div style=\"margin-bottom: 16px; border: 1px solid #e5e7eb; border-radius: 8px; overflow: hidden;\">\r\n<h3 style=\"margin: 0; padding: 16px; background: #f9fafb; font-size: 15px; color: #1f2937; font-weight: 600;\">Existuj\u00ed doporu\u010den\u00e9 alternativy nebo k\u0159\u00ed\u017eov\u00e9 reference pro tento konkr\u00e9tn\u00ed FPGA, pokud nen\u00ed k dispozici p\u016fvodn\u00ed d\u00edl?<\/h3>\r\n<div style=\"padding: 16px; background: white;\"><div style=\"color: #4b5563; font-size: 14px; line-height: 1.6;\">Identifikace funk\u010dn\u00edch alternativ nebo k\u0159\u00ed\u017eov\u00fdch referenc\u00ed kompatibiln\u00edch s piny pro XC3S400-4FG320C vy\u017eaduje potvrzen\u00ed od na\u0161eho technick\u00e9ho in\u017een\u00fdrsk\u00e9ho t\u00fdmu. Jak\u00fdkoli navrhovan\u00fd substitut mus\u00ed proj\u00edt p\u0159\u00edsn\u00fdm ov\u011b\u0159en\u00edm, aby splnil specifick\u00e9 \u010dasov\u00e9 a elektrick\u00e9 parametry p\u016fvodn\u00ed architektury Spartan-3.<\/div><\/div>\r\n<\/div>\r\n<div style=\"margin-bottom: 16px; border: 1px solid #e5e7eb; border-radius: 8px; overflow: hidden;\">\r\n<h3 style=\"margin: 0; padding: 16px; background: #f9fafb; font-size: 15px; color: #1f2937; font-weight: 600;\">Jak\u00fd je proces pro z\u00edsk\u00e1n\u00ed osv\u011bd\u010den\u00ed o shod\u011b (CoC) pro tuto d\u011bdictv\u00ed komponentu?<\/h3>\r\n<div style=\"padding: 16px; background: white;\"><div style=\"color: #4b5563; font-size: 14px; line-height: 1.6;\">Dostupnost osv\u011bd\u010den\u00ed o shod\u011b (CoC) pro XC3S400-4FG320C je podm\u00edn\u011bna ov\u011b\u0159en\u00edm na z\u00e1klad\u011b konkr\u00e9tn\u00edho data k\u00f3du a sledovatelnosti \u0161ar\u017e\u00ed zb\u00fdvaj\u00edc\u00edch z\u00e1sob. Form\u00e1ln\u00ed dokumentace potvrzuj\u00edc\u00ed autentizaci a shodu s p\u016fvodn\u00edmi specifikacemi v\u00fdrobce vy\u017eaduje potvrzen\u00ed v dob\u011b form\u00e1ln\u00ed nab\u00eddky.<\/div><\/div>\r\n<\/div><\/div><\/section>\r\n        <section style=\"margin-bottom: 24px; padding: 16px; background: #f0fdf4; border-radius: 8px; border-left: 4px solid #16a34a;\">\r\n            <h3 style=\"margin-top: 0; color: #166534; font-size: 17px;\">Alice Varianta architektury<\/h3>\r\n            <p>Identick\u00e9 logick\u00e9 zdroje s rozd\u00edly ve stupni rychlosti, balen\u00ed nebo po\u010dtu I\/O:<\/p>\r\n            <p><a href=\"https:\/\/fpgasourcing.com\/cs\/part\/xc3s400-4fg320i\/\">XC3S400-4FG320I<\/a> | <a href=\"https:\/\/fpgasourcing.com\/cs\/part\/xc3s400-4fg456c\/\">XC3S400-4FG456C<\/a><\/p>\r\n            <p><em>Kompatibilita pin-to-pin mus\u00ed b\u00fdt ov\u011b\u0159ena podle datov\u00e9ho listu.<\/em><\/p>\r\n        <\/section>\r\n        \r\n\r\n        <section style=\"margin-bottom: 24px; padding: 16px; background: #fffbeb; border-radius: 8px; border-left: 4px solid #ca8a04;\">\r\n            <h3 style=\"margin-top: 0; color: #92400e; font-size: 17px;\">Zv\u00e1\u017een\u00ed \u0161k\u00e1lov\u00e1n\u00ed n\u00e1vrhu<\/h3>\r\n            <p>Pro projekty vy\u017eaduj\u00edc\u00ed dodate\u010dn\u00e9 logick\u00e9 zdroje v r\u00e1mci stejn\u00e9 rodiny Spartan-3:<\/p>\r\n            <p><a href=\"https:\/\/fpgasourcing.com\/cs\/part\/xc3s200-5ftg256c\/\">XC3S200-5FTG256C<\/a><\/p>\r\n            <p><em>Doporu\u010duje se vyhodnocen\u00ed rezervy zdroj\u016f p\u0159ed architektonickou migrac\u00ed.<\/em><\/p>\r\n        <\/section>\r\n        <\/main><div style=\"background: #1e3a8a; color: white; padding: 32px; border-radius: 8px; text-align: center; margin: 32px 0;\"><h2 style=\"margin:0 0 8px 0; font-size: 22px;\">Z\u00edskejte mo\u017enosti sourcingu v souladu s rizikem<\/h2><p style=\"opacity: 0.9; margin-bottom: 20px; font-size: 15px;\">Po\u017e\u00e1dat o nab\u00eddku na XC3S400-4FG320C s hodnocen\u00edm proveditelnosti.<\/p><div style=\"margin-bottom: 16px;\"><a href=\"https:\/\/fpgasourcing.com\/cs\/request-a-quote\/\" style=\"display: inline-block; background: #f59e0b; color: #1f2937; padding: 14px 32px; text-decoration: none; border-radius: 6px; font-weight: 600; margin-right: 12px;\">\u017d\u00e1dost o nab\u00eddku<\/a><a href=\"https:\/\/fpgasourcing.com\/cs\/contact\/\" style=\"display: inline-block; color: white; padding: 14px 32px; text-decoration: none; border-radius: 6px; border: 1px solid rgba(255,255,255,0.3);\">Polo\u017ete ot\u00e1zku<\/a><\/div><\/div><\/div>\t\t\t\t<\/div>\n\t\t\t\t\t<\/div>\n\t\t\t\t<\/div>\n\t\t\t\t<\/div>","protected":false},"excerpt":{"rendered":"<p>XC3S400-4FG320C Procurement &#038; Sourcing | AMD | B2B AMD Spartan\u00ae-3 Procurement Reference XC3S400-4FG320C Global B2B Component Sourcing &#038; Supply Chain Documentation Sourcing Verified Quality Assured Compliance Tracked Verification Note:Indicated status: Mature\/Legacy (verification required). RFQ submission required for real-time verification. View Datasheet (PDF) Technical documentation for XC3S400-4FG320C Application ContextThe XC3S400-4FG320C has been deployed across mature system [&hellip;]<\/p>\n","protected":false},"author":1,"featured_media":0,"parent":13,"menu_order":0,"comment_status":"closed","ping_status":"closed","template":"","meta":{"rank_math_title":"XC3S400-4FG320C B2B Sourcing | Request Quote | AMD FPGA","rank_math_description":"Source XC3S400-4FG320C FPGAs for industrial maintenance. 8064 LE, 320-BGA. Verified lot traceability for legacy system continuity and spare replenishment.","footnotes":""},"class_list":["post-508","page","type-page","status-publish","hentry"],"_links":{"self":[{"href":"https:\/\/fpgasourcing.com\/cs\/wp-json\/wp\/v2\/pages\/508","targetHints":{"allow":["GET"]}}],"collection":[{"href":"https:\/\/fpgasourcing.com\/cs\/wp-json\/wp\/v2\/pages"}],"about":[{"href":"https:\/\/fpgasourcing.com\/cs\/wp-json\/wp\/v2\/types\/page"}],"author":[{"embeddable":true,"href":"https:\/\/fpgasourcing.com\/cs\/wp-json\/wp\/v2\/users\/1"}],"replies":[{"embeddable":true,"href":"https:\/\/fpgasourcing.com\/cs\/wp-json\/wp\/v2\/comments?post=508"}],"version-history":[{"count":4,"href":"https:\/\/fpgasourcing.com\/cs\/wp-json\/wp\/v2\/pages\/508\/revisions"}],"predecessor-version":[{"id":512,"href":"https:\/\/fpgasourcing.com\/cs\/wp-json\/wp\/v2\/pages\/508\/revisions\/512"}],"up":[{"embeddable":true,"href":"https:\/\/fpgasourcing.com\/cs\/wp-json\/wp\/v2\/pages\/13"}],"wp:attachment":[{"href":"https:\/\/fpgasourcing.com\/cs\/wp-json\/wp\/v2\/media?parent=508"}],"curies":[{"name":"wp","href":"https:\/\/api.w.org\/{rel}","templated":true}]}}