{"id":122,"date":"2026-01-31T16:00:21","date_gmt":"2026-01-31T16:00:21","guid":{"rendered":"https:\/\/fpgasourcing.com\/?page_id=122"},"modified":"2026-02-01T17:08:10","modified_gmt":"2026-02-01T17:08:10","slug":"request-a-quote","status":"publish","type":"page","link":"https:\/\/fpgasourcing.com\/cs\/request-a-quote\/","title":{"rendered":"Po\u017e\u00e1dejte o nab\u00eddku"},"content":{"rendered":"<div data-elementor-type=\"wp-page\" data-elementor-id=\"122\" class=\"elementor elementor-122\" data-elementor-post-type=\"page\">\n\t\t\t\t<div class=\"elementor-element elementor-element-79fcfda e-flex e-con-boxed e-con e-parent\" data-id=\"79fcfda\" data-element_type=\"container\" data-e-type=\"container\">\n\t\t\t\t\t<div class=\"e-con-inner\">\n\t\t\t\t<div class=\"elementor-element elementor-element-ed9da7e elementor-widget elementor-widget-html\" data-id=\"ed9da7e\" data-element_type=\"widget\" data-e-type=\"widget\" data-widget_type=\"html.default\">\n\t\t\t\t\t<section class=\"bom-review-module\" data-role=\"bom-feasibility-review\">\r\n\r\n  <div class=\"bom-lead\">\r\n    <p>\r\n      P\u0159ed po\u017e\u00e1d\u00e1n\u00edm o cenovou nab\u00eddku nebo z\u00e1vazkem k v\u00fdrob\u011b mus\u00ed mnoho OEM pochopit, zda lze jejich BOM z\u00edskat <strong>bezpe\u010dn\u011b, realisticky a v po\u017eadovan\u00e9m \u017eivotn\u00edm cyklu.<\/strong>To je zvl\u00e1\u0161t\u011b kritick\u00e9, kdy\u017e jsou zapojeny FPGA za\u0159\u00edzen\u00ed.\r\n    <\/p>\r\n    <p class=\"bom-note\">\r\n      Omezen\u00ed alokace, ozn\u00e1men\u00ed o EOL a vy\u0159azen\u00e9 komponenty \u010dasto \u010din\u00ed sourcing na \u00farovni BOM slo\u017eit\u011bj\u0161\u00edm ne\u017e pouze kontrola dostupnosti jednotliv\u00fdch d\u00edl\u016f.\r\n    <\/p>\r\n    \r\n    <p>\r\n        M\u00e1te na sv\u00e9m BOM dal\u0161\u00ed komponenty (pam\u011b\u0165, nap\u00e1jen\u00ed, konektory)? <a href=\"https:\/\/fpgasourcing.com\/cs\/non-fpga-components-support\/\" style=\"color:blue\">Zobrazit roz\u0161\u00ed\u0159enou podporu BOM<\/a>.\r\n    <\/p>\r\n  <\/div>\r\n    \r\n  <div class=\"bom-section\">\r\n    <h2 class=\"bom-heading\">Pro\u010d z\u00e1le\u017e\u00ed na proveditelnosti na \u00farovni BOM<\/h2>\r\n\r\n    <div class=\"bom-grid\">\r\n      <div class=\"bom-card\">\r\n        <h3>Riziko dostupnosti<\/h3>\r\n        <ul>\r\n          <li>FPGA za\u0159\u00edzen\u00ed bl\u00ed\u017e\u00edc\u00ed se EOL nebo ji\u017e vy\u0159azen\u00e1<\/li>\r\n          <li>Opr\u00e1vn\u011bn\u00e1 distribuce ji\u017e nenab\u00edz\u00ed stabiln\u00ed dod\u00e1vky<\/li>\r\n          <li>Z\u00e1vislost na nez\u00e1visl\u00e9m sourcingu kritick\u00fdch d\u00edl\u016f<\/li>\r\n        <\/ul>\r\n      <\/div>\r\n\r\n      <div class=\"bom-card soft\">\r\n        <h3>Implikace \u017eivotn\u00edho cyklu<\/h3>\r\n        <ul>\r\n          <li>Pot\u0159eba pl\u00e1nov\u00e1n\u00ed posledn\u00edho n\u00e1kupu (LTB)<\/li>\r\n          <li>Dlouhodob\u00e9 z\u00e1vazky podpory pro nasazen\u00e9 syst\u00e9my<\/li>\r\n          <li>Riziko nucen\u00e9ho redesignu b\u011bhem \u017eivotnosti produktu<\/li>\r\n        <\/ul>\r\n      <\/div>\r\n    <\/div>\r\n  <\/div>\r\n\r\n  <div class=\"bom-section\">\r\n    <h2 class=\"bom-heading\">Co je p\u0159ezkoum\u00e1no<\/h2>\r\n\r\n    <div class=\"bom-grid\">\r\n      <div class=\"bom-card\">\r\n        <h3>Omezen\u00ed sourcingu<\/h3>\r\n        <ul>\r\n          <li>Realistick\u00e1 dostupnost kan\u00e1l\u016f a sledovatelnost \u0161ar\u017e\u00ed<\/li>\r\n          <li>Omezen\u00ed MOQ, balen\u00ed a souvisej\u00edc\u00edch \u0161ar\u017e\u00ed<\/li>\r\n          <li>Region\u00e1ln\u00ed po\u017eadavky na shodu (zam\u011b\u0159en\u00ed na EU)<\/li>\r\n        <\/ul>\r\n      <\/div>\r\n\r\n      <div class=\"bom-card\">\r\n        <h3>Riziko proveden\u00ed<\/h3>\r\n        <ul>\r\n          <li>Nejistota dodac\u00ed lh\u016fty a volatilita dod\u00e1n\u00ed<\/li>\r\n          <li>Riziko kvality a autenticity v dod\u00e1vk\u00e1ch pozdn\u00edho \u017eivotn\u00edho cyklu<\/li>\r\n          <li>Dopad p\u0159eru\u0161en\u00ed dod\u00e1vek na v\u00fdrobn\u00ed pl\u00e1ny<\/li>\r\n        <\/ul>\r\n      <\/div>\r\n    <\/div>\r\n  <\/div>\r\n\r\n  <div class=\"bom-warning\">\r\n    <strong>D\u016fle\u017eit\u00e9:<\/strong> To nen\u00ed cenov\u00e1 nab\u00eddka. Dostupnost, ceny a \u010dasov\u00e9 harmonogramy dod\u00e1n\u00ed nejsou zaru\u010deny. \u00da\u010delem t\u00e9to revize je posoudit proveditelnost sourcingu p\u0159ed dal\u0161\u00edm z\u00e1vazkem.\r\n  <\/div>\r\n\r\n  <div class=\"bom-process\">\r\n    <h2 class=\"bom-heading\">Jak funguje revize<\/h2>\r\n\r\n    <ol class=\"bom-steps\">\r\n      <li><strong>Nahr\u00e1t BOM<\/strong> \u2014 Poskytn\u011bte sv\u016fj BOM k posouzen\u00ed proveditelnosti.<\/li>\r\n      <li><strong>Hodnocen\u00ed<\/strong> \u2014 Dostupnost, omezen\u00ed sourcingu a exponovanost \u017eivotn\u00edho cyklu jsou p\u0159ezkoum\u00e1ny.<\/li>\r\n      <li><strong>Zp\u011btn\u00e1 vazba<\/strong> \u2014 Rizika a \u00favahy o dal\u0161\u00edch kroc\u00edch jsou sd\u00edleny.<\/li>\r\n      <li><strong>N\u00e1sledn\u00e1 akce<\/strong> \u2014 Diskuse prost\u0159ednictv\u00edm e-mailu nebo telefonu, pokud je to nutn\u00e9.<\/li>\r\n    <\/ol>\r\n  <\/div>\r\n\r\n  <div class=\"bom-audience\">\r\n    <h2 class=\"bom-heading\">C\u00edlov\u00e1 skupina<\/h2>\r\n    <p>\r\n      Tato revize je ur\u010dena profesion\u00e1ln\u00edm t\u00fdm\u016fm pro n\u00e1kup a in\u017een\u00fdring, kter\u00e9 spravuj\u00ed syst\u00e9my citliv\u00e9 na \u017eivotn\u00ed cyklus v pr\u016fmyslov\u00fdch, l\u00e9ka\u0159sk\u00fdch, telekomunika\u010dn\u00edch a na FPGA zalo\u017een\u00fdch platform\u00e1ch.\r\n    <\/p>\r\n    <p class=\"bom-note\">\r\n      Tato slu\u017eba nen\u00ed ur\u010dena pro projekty dom\u00e1c\u00ed v\u00fdroby v mal\u00e9m mno\u017estv\u00ed nebo osobn\u00ed n\u00e1kupy.\r\n    <\/p>\r\n  <\/div>\r\n\r\n  <div class=\"bom-cta\">\r\n    <a href=\"\/cs\/contact\/\" class=\"bom-btn\">Nahr\u00e1t BOM<\/a>\r\n  <\/div>\r\n\r\n<\/section>\r\n\t\t\t\t<\/div>\n\t\t\t\t\t<\/div>\n\t\t\t\t<\/div>\n\t\t\t\t<\/div>","protected":false},"excerpt":{"rendered":"<p>Before requesting pricing or committing to production, many OEMs need to understand whether their BOM can be sourced safely, realistically, and over the required lifecycle. This is especially critical when FPGA devices are involved. Allocation constraints, EOL notices, and discontinued components often make BOM-level sourcing more complex than checking individual part availability. Have other components [&hellip;]<\/p>\n","protected":false},"author":1,"featured_media":0,"parent":0,"menu_order":0,"comment_status":"closed","ping_status":"closed","template":"","meta":{"rank_math_title":"","rank_math_description":"","footnotes":""},"class_list":["post-122","page","type-page","status-publish","hentry"],"_links":{"self":[{"href":"https:\/\/fpgasourcing.com\/cs\/wp-json\/wp\/v2\/pages\/122","targetHints":{"allow":["GET"]}}],"collection":[{"href":"https:\/\/fpgasourcing.com\/cs\/wp-json\/wp\/v2\/pages"}],"about":[{"href":"https:\/\/fpgasourcing.com\/cs\/wp-json\/wp\/v2\/types\/page"}],"author":[{"embeddable":true,"href":"https:\/\/fpgasourcing.com\/cs\/wp-json\/wp\/v2\/users\/1"}],"replies":[{"embeddable":true,"href":"https:\/\/fpgasourcing.com\/cs\/wp-json\/wp\/v2\/comments?post=122"}],"version-history":[{"count":5,"href":"https:\/\/fpgasourcing.com\/cs\/wp-json\/wp\/v2\/pages\/122\/revisions"}],"predecessor-version":[{"id":253,"href":"https:\/\/fpgasourcing.com\/cs\/wp-json\/wp\/v2\/pages\/122\/revisions\/253"}],"wp:attachment":[{"href":"https:\/\/fpgasourcing.com\/cs\/wp-json\/wp\/v2\/media?parent=122"}],"curies":[{"name":"wp","href":"https:\/\/api.w.org\/{rel}","templated":true}]}}