{"id":119,"date":"2026-01-31T14:39:02","date_gmt":"2026-01-31T14:39:02","guid":{"rendered":"https:\/\/fpgasourcing.com\/?page_id=119"},"modified":"2026-01-31T16:25:03","modified_gmt":"2026-01-31T16:25:03","slug":"independent-sourcing-support-for-legacy-obsolete-fpga-components","status":"publish","type":"page","link":"https:\/\/fpgasourcing.com\/cs\/independent-sourcing-support-for-legacy-obsolete-fpga-components\/","title":{"rendered":"Nez\u00e1visl\u00e1 podpora n\u00e1kupu pro zastaral\u00e9 a neaktu\u00e1ln\u00ed FPGA komponenty"},"content":{"rendered":"<div data-elementor-type=\"wp-page\" data-elementor-id=\"119\" class=\"elementor elementor-119\" data-elementor-post-type=\"page\">\n\t\t\t\t<div class=\"elementor-element elementor-element-978f72c e-flex e-con-boxed e-con e-parent\" data-id=\"978f72c\" data-element_type=\"container\" data-e-type=\"container\">\n\t\t\t\t\t<div class=\"e-con-inner\">\n\t\t\t\t<div class=\"elementor-element elementor-element-f25f8a4 elementor-widget elementor-widget-html\" data-id=\"f25f8a4\" data-element_type=\"widget\" data-e-type=\"widget\" data-widget_type=\"html.default\">\n\t\t\t\t\t<div style=\"margin:0 auto;font-family:Arial,Helvetica,sans-serif;line-height:1.7;color:#444;font-size:16px;\">\r\n\r\n  <h1 style=\"font-size:34px;line-height:1.25;color:#2c3e50;border-left:5px solid #d93025;padding-left:14px;margin:32px 0 18px;\">\r\n    Nez\u00e1visl\u00e1 podpora n\u00e1kupu pro zastaral\u00e9 a neaktu\u00e1ln\u00ed FPGA komponenty\r\n  <\/h1>\r\n\r\n  <p style=\"margin:0 0 14px;\">\r\n    Jak se za\u0159\u00edzen\u00ed FPGA dost\u00e1vaj\u00ed na konec \u017eivotnosti (EOL) nebo vstupuj\u00ed do f\u00e1z\u00ed omezen\u00e9 alokace, tradi\u010dn\u00ed autorizovan\u00e9 distribu\u010dn\u00ed kan\u00e1ly nemus\u00ed nad\u00e1le zaji\u0161\u0165ovat konzistentn\u00ed nebo p\u0159edv\u00eddatelnou dostupnost. V takov\u00fdch p\u0159\u00edpadech \u010dasto t\u00fdmy pro n\u00e1kup pot\u0159ebuj\u00ed nez\u00e1vislou podporu pro n\u00e1kup, aby udr\u017eely kontinuitu v\u00fdroby, servisn\u00ed z\u00e1vazky a dlouhodobou stabilitu program\u016f.\r\n  <\/p>\r\n\r\n  <p style=\"margin:0 0 18px;\">\r\n    Nez\u00e1visl\u00fd n\u00e1kup se nezam\u011b\u0159uje na transak\u010dn\u00ed n\u00e1kup. M\u00edsto toho klade d\u016fraz na validaci dostupnosti, hodnocen\u00ed rizik dodavatel\u016f a slad\u011bn\u00ed \u017eivotn\u00edho cyklu - zvl\u00e1\u0161t\u011b pro zastaral\u00e9 a p\u0159eru\u0161ovan\u00e9 FPGA komponenty, kde jsou podm\u00ednky dod\u00e1vky fragmentov\u00e1ny a podl\u00e9haj\u00ed zm\u011bn\u00e1m.\r\n  <\/p>\r\n\r\n  <h2 style=\"font-size:22px;line-height:1.3;color:#2c3e50;border-left:5px solid #d93025;padding-left:12px;margin:26px 0 12px;\">\r\n    Zaji\u0161t\u011bn\u00ed kvality a opat\u0159en\u00ed proti pad\u011blk\u016fm\r\n  <\/h2>\r\n\r\n  <p style=\"margin:0 0 14px;\">\r\n    Nez\u00e1visl\u00fd n\u00e1kup zav\u00e1d\u00ed dal\u0161\u00ed rizika kvality a autenti\u010dnosti, zejm\u00e9na u vysoce hodnotn\u00fdch nebo zastaral\u00fdch za\u0159\u00edzen\u00ed FPGA. Aby se tato rizika zm\u00edrnila, jsou aktivity n\u00e1kupu strukturov\u00e1ny na z\u00e1klad\u011b ov\u011b\u0159ov\u00e1n\u00ed rizik, nikoli obecn\u00fdch z\u00e1ruk.\r\n  <\/p>\r\n\r\n  <p style=\"margin:0 0 14px;\">\r\n    Standardn\u00ed ov\u011b\u0159en\u00ed obvykle zahrnuje extern\u00ed vizu\u00e1ln\u00ed inspekci, p\u0159ezkum balen\u00ed a hodnocen\u00ed dostupn\u00e9 dokumentace. Screening dodavatel\u016f je zalo\u017een na transak\u010dn\u00ed historii, znalosti dodavatele a \u00faplnosti dokumentace, p\u0159i\u010dem\u017e se v\u011bnuje zvl\u00e1\u0161tn\u00ed pozornost identifikaci indik\u00e1tor\u016f repasov\u00e1n\u00ed nebo nespr\u00e1vn\u00e9ho zastoupen\u00ed.\r\n  <\/p>\r\n\r\n  <p style=\"margin:0 0 18px;\">\r\n    Pro aplikace s vy\u0161\u0161\u00edm rizikem nebo na \u017e\u00e1dost z\u00e1kazn\u00edka lze prov\u00e9st dal\u0161\u00ed anal\u00fdzy, jako je rentgenov\u00e1 inspekce, elektrick\u00e9 nebo funk\u010dn\u00ed testov\u00e1n\u00ed a manipulace s MSD. Tyto aktivity se obvykle neuplat\u0148uj\u00ed automaticky a koordinuj\u00ed se prost\u0159ednictv\u00edm kvalifikovan\u00fdch t\u0159et\u00edch stran na z\u00e1klad\u011b po\u017eadavk\u016f aplikace a profilu rizika.\r\n  <\/p>\r\n\r\n  <h2 style=\"font-size:22px;line-height:1.3;color:#2c3e50;border-left:5px solid #d93025;padding-left:12px;margin:26px 0 12px;\">\r\n    Zku\u0161enosti v oblasti rodin zastaral\u00fdch FPGA\r\n  <\/h2>\r\n\r\n  <p style=\"margin:0 0 14px;\">\r\n    Podpora nez\u00e1visl\u00e9ho n\u00e1kupu se b\u011b\u017en\u011b vztahuje na rodiny zastaral\u00fdch a NRND FPGA, kter\u00e9 z\u016fst\u00e1vaj\u00ed nasazeny v syst\u00e9mech s dlouh\u00fdm \u017eivotn\u00edm cyklem. Tato za\u0159\u00edzen\u00ed se \u010dasto vyskytuj\u00ed v pr\u016fmyslov\u00e9 kontrole, infrastruktu\u0159e komunikac\u00ed, l\u00e9ka\u0159sk\u00e9m vybaven\u00ed a aplikac\u00edch bl\u00edzk\u00fdch letectv\u00ed, kde jsou cykly p\u0159epracov\u00e1n\u00ed prodlou\u017een\u00e9.\r\n  <\/p>\r\n\r\n  <p style=\"margin:0 0 18px;\">\r\n    B\u011b\u017en\u011b se vyskytuj\u00edc\u00ed rodiny zahrnuj\u00ed star\u0161\u00ed s\u00e9rie Spartan a Virtex, ran\u00e9 platformy Cyclone a architektury zalo\u017een\u00e9 na antifuse nebo flash, kter\u00e9 se pou\u017e\u00edvaj\u00ed ve dlouhodob\u00fdch konstrukc\u00edch. \u00davahy o n\u00e1kupu se zna\u010dn\u011b li\u0161\u00ed podle rodiny za\u0159\u00edzen\u00ed, typu balen\u00ed a historick\u00fdch podm\u00ednek skladov\u00e1n\u00ed a mus\u00ed b\u00fdt hodnoceny p\u0159\u00edpad od p\u0159\u00edpadu.\r\n  <\/p>\r\n\r\n  <h2 style=\"font-size:22px;line-height:1.3;color:#2c3e50;border-left:5px solid #d93025;padding-left:12px;margin:26px 0 12px;\">\r\n    P\u0159idan\u00e1 hodnota zpracov\u00e1n\u00ed a technick\u00e9 \u00favahy\r\n  <\/h2>\r\n\r\n  <p style=\"margin:0 0 14px;\">\r\n    Krom\u011b potvrzen\u00ed dostupnosti m\u016f\u017ee nez\u00e1visl\u00fd n\u00e1kup vy\u017eadovat dal\u0161\u00ed zpracov\u00e1n\u00ed na podporu vyr\u00e1b\u011bn\u00ed a uveden\u00ed do v\u00fdroby. Pro dlouho skladovan\u00e1 za\u0159\u00edzen\u00ed citliv\u00e1 na vlhkost lze aplikovat pe\u010den\u00ed a vakuov\u00e9 p\u0159ebalov\u00e1n\u00ed, aby se sn\u00ed\u017eilo riziko mont\u00e1\u017ee. Testov\u00e1n\u00ed p\u00e1jitelnosti lze rovn\u011b\u017e zv\u00e1\u017eit pro star\u0161\u00ed komponenty, kde je stav vodi\u010d\u016f probl\u00e9mem.\r\n  <\/p>\r\n\r\n  <p style=\"margin:0 0 18px;\">\r\n    Takov\u00e1 opat\u0159en\u00ed se obvykle hodnot\u00ed ve spolupr\u00e1ci s v\u00fdrobn\u00edmi a kvalitn\u00edmi t\u00fdmy z\u00e1kazn\u00edka a uplat\u0148uj\u00ed se selektivn\u011b, nikoli jako standardn\u00ed postup.\r\n  <\/p>\r\n\r\n  <h2 style=\"font-size:22px;line-height:1.3;color:#2c3e50;border-left:5px solid #d93025;padding-left:12px;margin:26px 0 12px;\">\r\n    Tr\u017en\u00ed inteligence a s\u00ed\u0165 dodavatel\u016f\r\n  <\/h2>\r\n\r\n  <p style=\"margin:0 0 14px;\">\r\n    Dostupnost pro zastaral\u00e9 komponenty FPGA je z\u0159\u00eddka viditeln\u00e1 prost\u0159ednictv\u00edm ve\u0159ejn\u00fdch invent\u00e1rn\u00edch seznam\u016f. Nez\u00e1visl\u00fd n\u00e1kup se m\u00edsto toho spol\u00e9h\u00e1 na tr\u017en\u00ed inteligenci a prov\u011b\u0159en\u00e9 s\u00edt\u011b dodavatel\u016f, v\u010detn\u011b hodnocen\u00ed nadbyte\u010dn\u00fdch z\u00e1sob od OEM a EMS kan\u00e1l\u016f, kdy\u017e je to vhodn\u00e9.\r\n  <\/p>\r\n\r\n  <p style=\"margin:0 0 18px;\">\r\n    P\u0159\u00edstup dodavatel\u016f je \u0159\u00edzen vnit\u0159n\u00edmi screeningov\u00fdmi krit\u00e9rii, nikoli agregac\u00ed otev\u0159en\u00e9ho trhu, p\u0159i\u010dem\u017e rozhodnut\u00ed o n\u00e1kupu se \u0159\u00edd\u00ed proveditelnost\u00ed, dostupnost\u00ed dokumentace a slad\u011bn\u00edm rizik sp\u00ed\u0161e ne\u017e pouze kr\u00e1tkodobou dostupnost\u00ed.\r\n  <\/p>\r\n\r\n  <h2 style=\"font-size:22px;line-height:1.3;color:#2c3e50;border-left:5px solid #d93025;padding-left:12px;margin:26px 0 12px;\">\r\n    Perspektiva \u0159\u00edzen\u00ed \u017eivotn\u00edho cyklu a rizik\r\n  <\/h2>\r\n\r\n  <p style=\"margin:0 0 14px;\">\r\n    Nez\u00e1visl\u00fd n\u00e1kup by m\u011bl b\u00fdt pova\u017eov\u00e1n za jeden prvek v r\u00e1mci \u0161ir\u0161\u00ed strategie \u0159\u00edzen\u00ed \u017eivotn\u00edho cyklu a zastar\u00e1v\u00e1n\u00ed. Zat\u00edmco m\u016f\u017ee podporovat kr\u00e1tkodobou a\u017e st\u0159edn\u011bdobou kontinuitu, dlouhodob\u00e9 pl\u00e1nov\u00e1n\u00ed m\u016f\u017ee vy\u017eadovat hodnocen\u00ed sc\u00e9n\u00e1\u0159\u016f posledn\u00edho n\u00e1kupu, alternativ form-fit-function nebo cest p\u0159epracov\u00e1n\u00ed.\r\n  <\/p>\r\n\r\n  <p style=\"margin:0 0 18px;\">\r\n    Pro strukturovan\u00e9 p\u0159\u00edstupy k dlouhodob\u00e9 dostupnosti a zm\u00edrn\u011bn\u00ed rizik se obra\u0165te na na\u0161e\r\n    <a href=\"https:\/\/fpgasourcing.com\/cs\/fpga-lifecycle-management\/\" style=\"color:#1a73e8;text-decoration:underline;\">\r\n      Spr\u00e1va \u017eivotn\u00edho cyklu FPGA\r\n    <\/a>\r\n    zdroje.\r\n  <\/p>\r\n\r\n  <h2 style=\"font-size:22px;line-height:1.3;color:#2c3e50;border-left:5px solid #d93025;padding-left:12px;margin:26px 0 12px;\">\r\n    \u00davahy o shod\u011b\r\n  <\/h2>\r\n\r\n  <p style=\"margin:0 0 18px;\">\r\n    Pro regulovan\u00e9 odv\u011btv\u00ed tvo\u0159\u00ed posouzen\u00ed shody sou\u010d\u00e1st hodnocen\u00ed n\u00e1kupu, pokud je to aplikovateln\u00e9. Stav RoHS a REACH m\u016f\u017ee b\u00fdt posouzen, kdy\u017e je dostupn\u00e1 podp\u016frn\u00e1 dokumentace, zejm\u00e9na pro aplikace v pr\u016fmyslu a infrastruktu\u0159e. Pov Awareness o konfliktn\u00edch miner\u00e1lech a d\u016fsledn\u00e1 p\u00e9\u010de o dodavatele jsou rovn\u011b\u017e zohled\u0148ov\u00e1ny jako sou\u010d\u00e1st celkov\u00e9ho procesu hodnocen\u00ed rizika.\r\n  <\/p>\r\n\r\n  <h2 style=\"font-size:22px;line-height:1.3;color:#2c3e50;border-left:5px solid #d93025;padding-left:12px;margin:26px 0 12px;\">\r\n    Dal\u0161\u00ed kroky\r\n  <\/h2>\r\n\r\n  <p style=\"margin:0 0 14px;\">\r\n    Pokud \u0159e\u0161\u00edte probl\u00e9my s dostupnost\u00ed zastaral\u00fdch FPGA, je mo\u017en\u00e9 vyhodnotit proveditelnost nez\u00e1visl\u00e9ho n\u00e1kupu na z\u00e1klad\u011b va\u0161eho specifick\u00e9ho seznamu za\u0159\u00edzen\u00ed a omezen\u00ed aplikac\u00ed.\r\n  <\/p>\r\n\r\n  <p style=\"margin:0 0 0;\">\r\n    <a href=\"https:\/\/fpgasourcing.com\/cs\/request-a-quote\/\" style=\"color:#1a73e8;text-decoration:underline;font-weight:600;\">\r\n      P\u0159edlo\u017ete BOM pro p\u0159ezkum proveditelnosti n\u00e1kupu\r\n    <\/a>\r\n    <span style=\"display:block;margin-top:8px;color:#666;font-size:14px;line-height:1.6;\">\r\n      Tento p\u0159ezkum se zam\u011b\u0159uje na riziko dostupnosti, omezen\u00ed n\u00e1kupu a d\u016fsledky \u017eivotn\u00edho cyklu, nikoli na transak\u010dn\u00ed ceny.\r\n    <\/span>\r\n  <\/p>\r\n\r\n<\/div>\r\n\t\t\t\t<\/div>\n\t\t\t\t\t<\/div>\n\t\t\t\t<\/div>\n\t\t\t\t<\/div>","protected":false},"excerpt":{"rendered":"<p>Independent Sourcing Support for Legacy &amp; Obsolete FPGA Components As FPGA devices reach end-of-life (EOL) or enter restricted allocation phases, traditional authorized distribution channels may no longer provide consistent or predictable availability. In such cases, procurement teams often require independent sourcing support to maintain production continuity, service obligations, and long-term program stability. Independent sourcing is [&hellip;]<\/p>\n","protected":false},"author":1,"featured_media":0,"parent":0,"menu_order":0,"comment_status":"closed","ping_status":"closed","template":"","meta":{"rank_math_title":"","rank_math_description":"","footnotes":""},"class_list":["post-119","page","type-page","status-publish","hentry"],"_links":{"self":[{"href":"https:\/\/fpgasourcing.com\/cs\/wp-json\/wp\/v2\/pages\/119","targetHints":{"allow":["GET"]}}],"collection":[{"href":"https:\/\/fpgasourcing.com\/cs\/wp-json\/wp\/v2\/pages"}],"about":[{"href":"https:\/\/fpgasourcing.com\/cs\/wp-json\/wp\/v2\/types\/page"}],"author":[{"embeddable":true,"href":"https:\/\/fpgasourcing.com\/cs\/wp-json\/wp\/v2\/users\/1"}],"replies":[{"embeddable":true,"href":"https:\/\/fpgasourcing.com\/cs\/wp-json\/wp\/v2\/comments?post=119"}],"version-history":[{"count":4,"href":"https:\/\/fpgasourcing.com\/cs\/wp-json\/wp\/v2\/pages\/119\/revisions"}],"predecessor-version":[{"id":128,"href":"https:\/\/fpgasourcing.com\/cs\/wp-json\/wp\/v2\/pages\/119\/revisions\/128"}],"wp:attachment":[{"href":"https:\/\/fpgasourcing.com\/cs\/wp-json\/wp\/v2\/media?parent=119"}],"curies":[{"name":"wp","href":"https:\/\/api.w.org\/{rel}","templated":true}]}}